{"id":2165,"date":"2026-04-18T12:22:32","date_gmt":"2026-04-18T10:22:32","guid":{"rendered":"https:\/\/topsmart.store\/product\/konka-3-in-1-1000pa-household-smart-sweeping-and-mopping-vacuum-cleaner-with-400ml-dustbin-capacity-automatic-charging-for-home-office\/"},"modified":"2026-04-18T12:30:34","modified_gmt":"2026-04-18T10:30:34","slug":"konka-3-in-1-1000pa-household-smart-sweeping-and-mopping-vacuum-cleaner-with-400ml-dustbin-capacity-automatic-charging-for-home-office","status":"publish","type":"product","link":"https:\/\/topsmart.store\/en\/product\/konka-3-in-1-1000pa-household-smart-sweeping-and-mopping-vacuum-cleaner-with-400ml-dustbin-capacity-automatic-charging-for-home-office\/","title":{"rendered":"KONKA 3 In 1 1000pa Household Smart Sweeping And Mopping Vacuum Cleaner With 400ml Dustbin Capacity Automatic Charging for Home Office"},"content":{"rendered":"<p>Techniniai duomenys:Gamintojas: KONKAPavadinimas: \u0160luojantis robotasModelis: KC-C21Spalva: Balta<\/p>\n<p>Ki\u0161tukas: CN ki\u0161tukas, jums atsi\u0173sime j\u016bs\u0173 \u0161aliai tinkam\u0105 adapter\u012f Veikimo re\u017eimas: Mechaninis Maitinimas: Kintamosios srov\u0117s maitinimas Laikma\u010dio funkcija: N\u0117ra Nominali \u012ftampa: 7,4 V Nominali galia: 10 W Nominali da\u017enis: 50 Hz Jungiklio tipas: Nuotolinio valdymo pultas Tinkama plotas: 70\u201390 kvadratini\u0173 metr\u0173 Talpa: 400 ml LCD ekranas: N\u0117ra Rezervavimo funkcija: N\u0117ra Automatinis \u012fkrovimas: Taip Variklio tipas: Be\u0161epetis variklis Siurbimo galia: 1000 Pa Akumuliatoriaus veikimo laikas: 70\u2013120 minu\u010di\u0173 Savyb\u0117s: &#8211; I\u0161pl\u0117stin\u0117 automatinio \u012fkrovimo sistema: \u201eKONKA\u201c grind\u0173 valymo robotas savaranki\u0161kai gr\u012f\u017eta \u012f \u012fkrovimo stotel\u0119, u\u017etikrindamas, kad jis visada bus pasireng\u0119s kitam valymo ciklui be jokio rankinio \u012fsiki\u0161imo.- Suderinamumas su \u012fvairiomis grind\u0173 dangomis: Sukurtas valyti \u012fvairias pavir\u0161ius, \u0161is robotas puikiai tinka medin\u0117ms grindims, lygiam cementui, plytel\u0117ms ir trumpaplaukiams kilimams, tod\u0117l yra universalus valymo pagalbininkas visam j\u016bs\u0173 namui. &#8211; \u201eTris viename\u201c valymo efektyvumas: Derindamas \u0161lavim\u0105, siurbim\u0105 ir \u0161luostym\u0105 viename \u012frenginyje, KC-C21 efektyviai pa\u0161alina ne\u0161varumus, dulkes ir i\u0161siliejusius skys\u010dius per vien\u0105 pra\u0117jim\u0105, taupydamas laik\u0105 ir u\u017etikrindamas didesn\u012f \u0161varum\u0105.- Ilga baterijos veikimo trukm\u0117: \u012erengtas galinga 1500 mAh li\u010dio baterija, robotas veikia nepertraukiamai daugiau nei 70 minu\u010di\u0173, nuvalydamas apie 70 kvadratini\u0173 metr\u0173 plot\u0105 ir u\u017etikrindamas kruop\u0161t\u0173 j\u016bs\u0173 gyvenamosios erdv\u0117s valym\u0105. Komplektacija: 1 x \u0160lavimo robotas 1 x Nuotolinio valdymo pultas 1 x \u012ekrovimo stovas 1 x Maitinimo adapteris 1 x Naudotojo vadovas 2 x \u0160onin\u0117s \u0161epet\u0117l\u0117s 1 x \u0160luost\u0117s audinys <\/p>","protected":false},"excerpt":{"rendered":"<p>Techniniai duomenys:Gamintojas: KONKAPavadinimas: \u0160luojantis robotasModelis: KC-C21Spalva: Balta Ki\u0161tukas: CN ki\u0161tukas, jums atsi\u0173sime j\u016bs\u0173 \u0161aliai tinkam\u0105 adapter\u012f Veikimo re\u017eimas: Mechaninis Maitinimas: Kintamosios srov\u0117s maitinimas Laikma\u010dio funkcija: N\u0117ra Nominali \u012ftampa: 7,4 V Nominali galia: 10 W Nominali da\u017enis: 50 Hz Jungiklio tipas: Nuotolinio valdymo pultas Tinkama plotas: 70\u201390 kvadratini\u0173 metr\u0173 Talpa: 400 ml LCD ekranas: N\u0117ra Rezervavimo [&hellip;]<\/p>\n","protected":false},"featured_media":2163,"comment_status":"open","ping_status":"closed","template":"","meta":[],"product_brand":[],"product_cat":[24,23],"product_tag":[138,171],"class_list":{"0":"post-2165","1":"product","2":"type-product","3":"status-publish","4":"has-post-thumbnail","6":"product_cat-namu-apyvoka","7":"product_cat-ismanieji-prietaisai","8":"product_tag-cleaning-appliances-2","9":"product_tag-robot-vacuum-cleaners","11":"first","12":"instock","13":"shipping-taxable","14":"purchasable","15":"product-type-variable"},"_links":{"self":[{"href":"https:\/\/topsmart.store\/en\/wp-json\/wp\/v2\/product\/2165","targetHints":{"allow":["GET"]}}],"collection":[{"href":"https:\/\/topsmart.store\/en\/wp-json\/wp\/v2\/product"}],"about":[{"href":"https:\/\/topsmart.store\/en\/wp-json\/wp\/v2\/types\/product"}],"replies":[{"embeddable":true,"href":"https:\/\/topsmart.store\/en\/wp-json\/wp\/v2\/comments?post=2165"}],"wp:featuredmedia":[{"embeddable":true,"href":"https:\/\/topsmart.store\/en\/wp-json\/wp\/v2\/media\/2163"}],"wp:attachment":[{"href":"https:\/\/topsmart.store\/en\/wp-json\/wp\/v2\/media?parent=2165"}],"wp:term":[{"taxonomy":"product_brand","embeddable":true,"href":"https:\/\/topsmart.store\/en\/wp-json\/wp\/v2\/product_brand?post=2165"},{"taxonomy":"product_cat","embeddable":true,"href":"https:\/\/topsmart.store\/en\/wp-json\/wp\/v2\/product_cat?post=2165"},{"taxonomy":"product_tag","embeddable":true,"href":"https:\/\/topsmart.store\/en\/wp-json\/wp\/v2\/product_tag?post=2165"}],"curies":[{"name":"wp","href":"https:\/\/api.w.org\/{rel}","templated":true}]}}