{"id":2180,"date":"2026-04-18T12:22:40","date_gmt":"2026-04-18T10:22:40","guid":{"rendered":"https:\/\/topsmart.store\/product\/ptc-fast-heating-electric-heater-winter-desktop-heater-home-3-speed-hot-air-blower-1200w-small-sun-heater-smart-temperature-regulation-for-home-office\/"},"modified":"2026-04-18T12:31:29","modified_gmt":"2026-04-18T10:31:29","slug":"ptc-fast-heating-electric-heater-winter-desktop-heater-home-3-speed-hot-air-blower-1200w-small-sun-heater-smart-temperature-regulation-for-home-office","status":"publish","type":"product","link":"https:\/\/topsmart.store\/en\/product\/ptc-fast-heating-electric-heater-winter-desktop-heater-home-3-speed-hot-air-blower-1200w-small-sun-heater-smart-temperature-regulation-for-home-office\/","title":{"rendered":"PTC Fast Heating Electric Heater Winter Desktop Heater Home 3-Speed Hot Air Blower 1200w Small Sun Heater Smart Temperature Regulation for Home Office"},"content":{"rendered":"<p>Techniniai duomenys: Produkto pavadinimas: Stalo \u0161ildytuvas \u0160ildymo b\u016bdas: PTC Galingumas: 1200 W \u012etampa: 100\u2013220 V Tinkamas plotas: 15\u201320 kv. m Svoris: 1,2 kg Matmenys: 16 x 16 x 28 cm Triuk\u0161mo lygis: 36\u201345 dB Funkcij\u0173 skai\u010dius: 3 nustatymai Savyb\u0117s: &#8211; Platus \u0161ildymo plotas: \u012erengtas 70 laipsni\u0173 kampu pasisukantis galvut\u0117, \u0161is \u0161ildytuvas efektyviai paskirsto \u0161ilum\u0105, u\u017etikrindamas patogi\u0105 aplink\u0105 visoje j\u016bs\u0173 erdv\u0117je. Patirkite jauki\u0105 \u0161ilum\u0105, kuri pasiekia kiekvien\u0105 kambario kampel\u012f. &#8211; Vartotojui patog\u016bs valdikliai:Intuityvus valdymo ranken\u0117l\u0117 leid\u017eia lengvai reguliuoti tris \u0161ildymo lygius. Tiesiog pasukite j\u0105, kad nustatytum\u0117te norim\u0105 \u0161ilum\u0105 \u2013 tai ypa\u010d patogu vartotojams bet kokio am\u017eiaus. &#8211; PTC technologija: Naudodamas pa\u017eangi\u0105 PTC \u0161ildymo technologij\u0105, \u0161is \u0161ildytuvas greitai \u012fkaista, beveik akimirksniu tiekiant \u0161ilum\u0105 ir i\u0161laikydamas efektyvum\u0105, suteikdamas jums reikiam\u0105 \u0161ilum\u0105 per kelias akimirkas. &#8211; I\u0161manus temperat\u016bros reguliavimas: \u0160ildytuvas turi i\u0161man\u0173 temperat\u016bros valdym\u0105, kuris automati\u0161kai palaiko pastovi\u0105 \u0161ilum\u0105 pagal j\u016bs\u0173 pageidavimus. Pasiekus tam tikr\u0105 temperat\u016br\u0105, jis pats reguliuojasi, kad u\u017etikrint\u0173 komfort\u0105 be perkaitimo. &#8211; \u012evairios saugos funkcijos: Jo pa\u017eang\u016bs saugos mechanizmai apima apvirtimo jungikl\u012f, kuris i\u0161jungia maitinim\u0105, kai prietaisas apvirsta, taip pat apsaugos nuo perkaitimo sistem\u0105, suteikian\u010di\u0105 ramyb\u0119, kol j\u016bs m\u0117gaujat\u0117s jaukia aplinka. Komplektacija: 1 x stalinis \u0161ildytuvas 1 x vartotojo vadovas<\/p><\/p>","protected":false},"excerpt":{"rendered":"<p>Techniniai duomenys: Produkto pavadinimas: Stalo \u0161ildytuvas \u0160ildymo b\u016bdas: PTC Galingumas: 1200 W \u012etampa: 100\u2013220 V Tinkamas plotas: 15\u201320 kv. m Svoris: 1,2 kg Matmenys: 16 x 16 x 28 cm Triuk\u0161mo lygis: 36\u201345 dB Funkcij\u0173 skai\u010dius: 3 nustatymai Savyb\u0117s: &#8211; Platus \u0161ildymo plotas: \u012erengtas 70 laipsni\u0173 kampu pasisukantis galvut\u0117, \u0161is \u0161ildytuvas efektyviai paskirsto \u0161ilum\u0105, u\u017etikrindamas [&hellip;]<\/p>\n","protected":false},"featured_media":2178,"comment_status":"open","ping_status":"closed","template":"","meta":[],"product_brand":[],"product_cat":[24],"product_tag":[147,148],"class_list":{"0":"post-2180","1":"product","2":"type-product","3":"status-publish","4":"has-post-thumbnail","6":"product_cat-namu-apyvoka","7":"product_tag-household-appliances","8":"product_tag-electric-heaters","10":"first","11":"instock","12":"shipping-taxable","13":"purchasable","14":"product-type-variable"},"_links":{"self":[{"href":"https:\/\/topsmart.store\/en\/wp-json\/wp\/v2\/product\/2180","targetHints":{"allow":["GET"]}}],"collection":[{"href":"https:\/\/topsmart.store\/en\/wp-json\/wp\/v2\/product"}],"about":[{"href":"https:\/\/topsmart.store\/en\/wp-json\/wp\/v2\/types\/product"}],"replies":[{"embeddable":true,"href":"https:\/\/topsmart.store\/en\/wp-json\/wp\/v2\/comments?post=2180"}],"wp:featuredmedia":[{"embeddable":true,"href":"https:\/\/topsmart.store\/en\/wp-json\/wp\/v2\/media\/2178"}],"wp:attachment":[{"href":"https:\/\/topsmart.store\/en\/wp-json\/wp\/v2\/media?parent=2180"}],"wp:term":[{"taxonomy":"product_brand","embeddable":true,"href":"https:\/\/topsmart.store\/en\/wp-json\/wp\/v2\/product_brand?post=2180"},{"taxonomy":"product_cat","embeddable":true,"href":"https:\/\/topsmart.store\/en\/wp-json\/wp\/v2\/product_cat?post=2180"},{"taxonomy":"product_tag","embeddable":true,"href":"https:\/\/topsmart.store\/en\/wp-json\/wp\/v2\/product_tag?post=2180"}],"curies":[{"name":"wp","href":"https:\/\/api.w.org\/{rel}","templated":true}]}}