{"id":2194,"date":"2026-04-18T12:23:06","date_gmt":"2026-04-18T10:23:06","guid":{"rendered":"https:\/\/topsmart.store\/product\/orveboan-cordless-household-ultraviolet-lightvacuum-cleaner-10000pa-large-suction-efficient-sterilization-and-removal-of-mites-artifact\/"},"modified":"2026-04-18T12:31:22","modified_gmt":"2026-04-18T10:31:22","slug":"orveboan-cordless-household-ultraviolet-lightvacuum-cleaner-10000pa-large-suction-efficient-sterilization-and-removal-of-mites-artifact","status":"publish","type":"product","link":"https:\/\/topsmart.store\/en\/product\/orveboan-cordless-household-ultraviolet-lightvacuum-cleaner-10000pa-large-suction-efficient-sterilization-and-removal-of-mites-artifact\/","title":{"rendered":"ORVEBOAN Cordless Household Ultraviolet Light Vacuum Cleaner 10000Pa Large Suction Efficient Sterilization And Removal Of Mites Artifact"},"content":{"rendered":"<p>Techniniai duomenys:Gamintojas: ORVEBOANPrek\u0117s tipas: Erki\u0173 \u0161alinimo aparatasModelis: HK-518Siurbimo galia: 10 000 PaPlakimo da\u017enis: 80 000 sm\u016bgi\u0173\/min.Dulk\u0117s surinkimo talpa: 210 ml Darbin\u0117 \u012ftampa: 12 V \u012ekrovimo \u012f\u0117jimas: 5 V = 2 A Nominali galia: 100 W Produkto matmenys: 24 cm x 23 cm x 12,5 cm Galimos spalvos: balta \/ \u017ealia \/ ro\u017ein\u0117 Savyb\u0117s: &#8211; Auk\u0161to da\u017enio vibracija:Erki\u0173 \u0161alinimo aparatas HK-518 turi pa\u017eangi\u0105 auk\u0161to da\u017enio vibracijos sistem\u0105, veikian\u010di\u0105 80 000 sm\u016bgi\u0173 per minut\u0119 da\u017eniu. \u0160i intensyvi vibracija veiksmingai i\u0161kratuoja erkes ir dulki\u0173 daleles, u\u017etikrindama gilumin\u012f j\u016bs\u0173 \u010diu\u017eini\u0173, patalyn\u0117s ir bald\u0173 apmu\u0161al\u0173 valym\u0105. &#8211; Galingas siurbimas: D\u0117l stiprios 10 000 Pa siurbimo galios \u0161is prietaisas veiksmingai surenka dulkes, erkes ir kitus alergenus. Tvirtas variklis sukuria didel\u012f oro sraut\u0105, tod\u0117l lengvai pa\u0161alinamos net ma\u017eiausios audiniuose \u012fstrigusios dalel\u0117s. &#8211; UV sterilizacija: \u012erengtas UV \u0161viesos funkcija, HK-518 gali veiksmingai pa\u0161alinti 99,9 % bakterij\u0173 ir erki\u0173. Ilgabang\u0117 UV \u0161viesa \u012fsiskverbia giliai \u012f audinio sluoksnius, suardydama kenksming\u0173 mikroorganizm\u0173 DNR strukt\u016bras ir u\u017etikrindama papildom\u0105 \u0161varos lyg\u012f.- Tylus ir belaidis veikimas: Sukurtas patogumui, \u0161is erki\u0173 \u0161alinimo prietaisas yra tylus ir belaidis. Jis turi patobulint\u0105 triuk\u0161mo ma\u017einimo dizain\u0105, u\u017etikrinant\u012f, kad veikimas netrukdyt\u0173 kitiems. Belaid\u017eio veikimo funkcija leid\u017eia laisvai jud\u0117ti ir valyti sunkiai pasiekiamas vietas, nesusiejant su elektros lizdu. &#8211; Didel\u0117s talpos baterija: \u012emontuota 1800 mAh baterija u\u017etikrina iki 20 minu\u010di\u0173 nepertraukiamo veikimo esant visi\u0161kai \u012fkrautai. D\u0117l greito \u012fkrovimo funkcijos prietais\u0105 galima visi\u0161kai \u012fkrauti per vos 3 valandas, tod\u0117l jis visada paruo\u0161tas greitam ir efektyviam valymui, kai tik to prireikia. Komplektacija: 1 x erki\u0173 \u0161alinimo aparatas, 1 x \u012fkrovimo adapteris, 1 x vartotojo vadovas, 1 x valymo \u0161epet\u0117lis<\/p><\/p>","protected":false},"excerpt":{"rendered":"<p>Techniniai duomenys:Gamintojas: ORVEBOANPrek\u0117s tipas: Erki\u0173 \u0161alinimo aparatasModelis: HK-518Siurbimo galia: 10 000 PaPlakimo da\u017enis: 80 000 sm\u016bgi\u0173\/min.Dulk\u0117s surinkimo talpa: 210 ml Darbin\u0117 \u012ftampa: 12 V \u012ekrovimo \u012f\u0117jimas: 5 V = 2 A Nominali galia: 100 W Produkto matmenys: 24 cm x 23 cm x 12,5 cm Galimos spalvos: balta \/ \u017ealia \/ ro\u017ein\u0117 Savyb\u0117s: &#8211; Auk\u0161to [&hellip;]<\/p>\n","protected":false},"featured_media":2193,"comment_status":"open","ping_status":"closed","template":"","meta":[],"product_brand":[],"product_cat":[24],"product_tag":[138,172],"class_list":{"0":"post-2194","1":"product","2":"type-product","3":"status-publish","4":"has-post-thumbnail","6":"product_cat-namu-apyvoka","7":"product_tag-cleaning-appliances-2","8":"product_tag-mattress-vacuum-cleaners","10":"first","11":"instock","12":"shipping-taxable","13":"purchasable","14":"product-type-variable"},"_links":{"self":[{"href":"https:\/\/topsmart.store\/en\/wp-json\/wp\/v2\/product\/2194","targetHints":{"allow":["GET"]}}],"collection":[{"href":"https:\/\/topsmart.store\/en\/wp-json\/wp\/v2\/product"}],"about":[{"href":"https:\/\/topsmart.store\/en\/wp-json\/wp\/v2\/types\/product"}],"replies":[{"embeddable":true,"href":"https:\/\/topsmart.store\/en\/wp-json\/wp\/v2\/comments?post=2194"}],"wp:featuredmedia":[{"embeddable":true,"href":"https:\/\/topsmart.store\/en\/wp-json\/wp\/v2\/media\/2193"}],"wp:attachment":[{"href":"https:\/\/topsmart.store\/en\/wp-json\/wp\/v2\/media?parent=2194"}],"wp:term":[{"taxonomy":"product_brand","embeddable":true,"href":"https:\/\/topsmart.store\/en\/wp-json\/wp\/v2\/product_brand?post=2194"},{"taxonomy":"product_cat","embeddable":true,"href":"https:\/\/topsmart.store\/en\/wp-json\/wp\/v2\/product_cat?post=2194"},{"taxonomy":"product_tag","embeddable":true,"href":"https:\/\/topsmart.store\/en\/wp-json\/wp\/v2\/product_tag?post=2194"}],"curies":[{"name":"wp","href":"https:\/\/api.w.org\/{rel}","templated":true}]}}