{"id":2237,"date":"2026-04-18T12:24:13","date_gmt":"2026-04-18T10:24:13","guid":{"rendered":"https:\/\/topsmart.store\/product\/eu-direct-inse-yoma-s11pro-cordless-vacuum-cleaner-350w-brushless-motor-28kpa-suction-lightweight-design-for-pet-hair-50-min-runtime-led-crevice-tool\/"},"modified":"2026-04-18T12:28:59","modified_gmt":"2026-04-18T10:28:59","slug":"eu-direct-inse-yoma-s11pro-cordless-vacuum-cleaner-350w-brushless-motor-28kpa-suction-lightweight-design-for-pet-hair-50-min-runtime-led-crevice-tool","status":"publish","type":"product","link":"https:\/\/topsmart.store\/en\/product\/eu-direct-inse-yoma-s11pro-cordless-vacuum-cleaner-350w-brushless-motor-28kpa-suction-lightweight-design-for-pet-hair-50-min-runtime-led-crevice-tool\/","title":{"rendered":"[EU Direct] INSE YOMA S11PRO Cordless Vacuum Cleaner 350W Brushless Motor 28KPA Suction Lightweight Design for Pet Hair 50 Min Runtime LED Crevice Tool"},"content":{"rendered":"<p>Techniniai duomenys:<\/p>\n<p>Gamintojas: YOMA<\/p>\n<p>Modelis: S11PRO<\/p>\n<p>Variklio galia: 350 W be\u0161epetis variklis<\/p>\n<p>Siurbimo galia: 28 kPa<\/p>\n<p>Akumuliatoriaus talpa: 2500 mAh*7 elementai<\/p>\n<p>Veikimo laikas: 12 kPa \u2013 50 min., 20 kPa \u2013 30 min., 28 kPa \u2013 20 min.<\/p>\n<p>Filtravimo sistema: daugiafunkcin\u0117 dviguba filtravimo sistema<\/p>\n<p>Priedai: LED ritinin\u0117 \u0161epet\u0117l\u0117, siauras antgalis, dulki\u0173 \u0161epet\u0117lis<\/p>\n<p>Svoris: lengvas dizainas<\/p>\n<p>Veikimo b\u016bdai: Laikant nuspaust\u0105 gaiduk\u0105 arba vienu paspaudimu u\u017efiksuojant<\/p>\n<p>Pasirenkama spalva: m\u0117lyna \/ violetin\u0117<\/p>\n<\/p>\n<p>Savyb\u0117s:<\/p>\n<p>&#8211; Galingas siurbimo na\u0161umas: \u0160is dulki\u0173 siurblys, kuriame \u012fmontuotas 350 W be\u0161epetis variklis, pasi\u017eymi galingu 28 kPa siurbimo galingumu, tod\u0117l idealiai tinka ne\u0161varumams, dulk\u0117ms ir gyv\u016bn\u0173 plaukams valyti nuo \u012fvairi\u0173 pavir\u0161i\u0173.\u00a0<\/p>\n<p>&#8211; Ilgesnis akumuliatoriaus veikimo laikas: su 2500 mAh*7 element\u0173 akumuliatoriumi galite m\u0117gautis iki 50 minu\u010di\u0173 nepertraukiamo valymo. Pasirinkite vien\u0105 i\u0161 trij\u0173 siurbimo re\u017eim\u0173, kad gal\u0117tum\u0117te efektyviai atlikti \u012fvairias u\u017eduotis.<\/p>\n<p>&#8211; Universalus ir lengvas dizainas: savaranki\u0161kai stovintis, belaidis vertikalusis dulki\u0173 siurblys yra lengvas ir turi LED siaur\u0105 antgal\u012f bei 2-in-1 dulki\u0173 \u0161epet\u0117l\u012f, skirt\u0105 valyti siauras vietas ir \u012fvairius pavir\u0161ius.<\/p>\n<p>&#8211; Pritaikomi veikimo re\u017eimai: \u012frengtas atminties funkcija ir fiksavimo mygtukas, leid\u017eiantis arba laikyti nuspaudus mygtuk\u0105 nepertraukiamam naudojimui, arba patogumo d\u0117lei j\u012f u\u017efiksuoti vienu paspaudimu.<\/p>\n<p>&#8211; Efektyvus valymas po gyv\u016bn\u0173: Sukurtas gyv\u016bn\u0173 savininkams, \u0161is dulki\u0173 siurblys pasi\u017eymi didele siurbimo galia ir pa\u017eangia filtravimo sistema, kuri surenka smulkias daleles ir alergenus, efektyviai pa\u0161alindama gyv\u016bn\u0173 plaukus i\u0161 j\u016bs\u0173 nam\u0173.<\/p>\n<p>\u00a0<\/p>\n<p>Komplektacijoje:<\/p>\n<p>1 x LED ritininis \u0161epetys, spalva pagal j\u016bs\u0173 pasirinkim\u0105<\/p>\n<p>1 x belaidis dulki\u0173 siurblys<\/p>\n<p>1 x i\u0161traukiamas metalinis vamzdis<\/p>\n<p>1 x sieninis laikiklis<\/p>\n<p>1 x valymo \u012frankis<\/p>\n<p>2 x kempin\u0117s filtras<\/p>\n<p>1 x adapteris<\/p>\n<p>1 x Dulki\u0173 \u0161epet\u0117lis<\/p>\n<p>1 x LED \u0161viesos vamzdelis Tarp\u0173 valymo \u012frankis<\/p>","protected":false},"excerpt":{"rendered":"<p>\ufeffTechniniai duomenys: Gamintojas: YOMA Modelis: S11PRO Variklio galia: 350 W be\u0161epetis variklis Siurbimo galia: 28 kPa Akumuliatoriaus talpa: 2500 mAh*7 elementai Veikimo laikas: 12 kPa \u2013 50 min., 20 kPa \u2013 30 min., 28 kPa \u2013 20 min. Filtravimo sistema: daugiafunkcin\u0117 dviguba filtravimo sistema Priedai: LED ritinin\u0117 \u0161epet\u0117l\u0117, siauras antgalis, dulki\u0173 \u0161epet\u0117lis Svoris: lengvas dizainas [&hellip;]<\/p>\n","protected":false},"featured_media":2235,"comment_status":"open","ping_status":"closed","template":"","meta":[],"product_brand":[],"product_cat":[24],"product_tag":[138,154],"class_list":{"0":"post-2237","1":"product","2":"type-product","3":"status-publish","4":"has-post-thumbnail","6":"product_cat-namu-apyvoka","7":"product_tag-cleaning-appliances-2","8":"product_tag-handheld-vacuum-cleaners-2","10":"first","11":"instock","12":"shipping-taxable","13":"purchasable","14":"product-type-variable"},"_links":{"self":[{"href":"https:\/\/topsmart.store\/en\/wp-json\/wp\/v2\/product\/2237","targetHints":{"allow":["GET"]}}],"collection":[{"href":"https:\/\/topsmart.store\/en\/wp-json\/wp\/v2\/product"}],"about":[{"href":"https:\/\/topsmart.store\/en\/wp-json\/wp\/v2\/types\/product"}],"replies":[{"embeddable":true,"href":"https:\/\/topsmart.store\/en\/wp-json\/wp\/v2\/comments?post=2237"}],"wp:featuredmedia":[{"embeddable":true,"href":"https:\/\/topsmart.store\/en\/wp-json\/wp\/v2\/media\/2235"}],"wp:attachment":[{"href":"https:\/\/topsmart.store\/en\/wp-json\/wp\/v2\/media?parent=2237"}],"wp:term":[{"taxonomy":"product_brand","embeddable":true,"href":"https:\/\/topsmart.store\/en\/wp-json\/wp\/v2\/product_brand?post=2237"},{"taxonomy":"product_cat","embeddable":true,"href":"https:\/\/topsmart.store\/en\/wp-json\/wp\/v2\/product_cat?post=2237"},{"taxonomy":"product_tag","embeddable":true,"href":"https:\/\/topsmart.store\/en\/wp-json\/wp\/v2\/product_tag?post=2237"}],"curies":[{"name":"wp","href":"https:\/\/api.w.org\/{rel}","templated":true}]}}