{"id":2282,"date":"2026-04-18T12:25:07","date_gmt":"2026-04-18T10:25:07","guid":{"rendered":"https:\/\/topsmart.store\/product\/eu-directliectroux-n7s-u-robot-vacuum-cleaner-and-wet-mop-combosmart-mappingwifi-app-and-remote-control4000pa-suctionbrushless-motorworks-with-alexa-and-google-assistantideal-for-pet-haircarp\/"},"modified":"2026-04-18T12:29:01","modified_gmt":"2026-04-18T10:29:01","slug":"eu-directliectroux-n7s-u-robot-vacuum-cleaner-and-wet-mop-combosmart-mappingwifi-app-and-remote-control4000pa-suctionbrushless-motorworks-with-alexa-and-google-assistantideal-for-pet-haircarp","status":"publish","type":"product","link":"https:\/\/topsmart.store\/en\/product\/eu-directliectroux-n7s-u-robot-vacuum-cleaner-and-wet-mop-combosmart-mappingwifi-app-and-remote-control4000pa-suctionbrushless-motorworks-with-alexa-and-google-assistantideal-for-pet-haircarp\/","title":{"rendered":"[EU Direct]LIECTROUX N7S-U Robot Vacuum Cleaner and Wet Mop Combo,Smart Mapping,WiFi App And Remote Control,4000Pa Suction,Brushless Motor,Works With Alexa and Google Assistant,Ideal for Pet Hair,Carpet,Hard Floor"},"content":{"rendered":"<p>Techniniai duomenys:Gamintojas: LIECTROUXModelis: N7S-UPavadinimas: Robotas-dulki\u0173 siurblysWi-Fi: Valdymas per \u201eTuya\u201c \/ \u201eSmart Life\u201c program\u0117l\u0119Skersmuo: 30,5 cmAuk\u0161tis: 7,5 cm\u012e\u0117jimo \u012ftampa: 100\u2013240 V kintamosios srov\u0117sBaterija: Li-ion 5200 mAhI\u0161\u0117jimo galia: DC 12 V \u00b1 1 A Dulki\u0173 surinkimo talpa: 400 ml Vandens rezervuaro talpa: 250 ml \u012ekrovimo tipas: Automatinis \/ Rankinis \u012ekrovimo trukm\u0117: Apie 280 minu\u010di\u0173 Valymo trukm\u0117: Apie 120\u2013150 minu\u010di\u0173 Valymo re\u017eimai: Planavimas \/ Ta\u0161kinis \/ Palei sien\u0105 \/ Tvarkara\u0161tis \/ Grind\u0173 \u0161luostymas Sertifikatai: CE \/ ERP \/ REACH \/ ROHS \/ CB \/ FCC \/ GS Savyb\u0117s: 1. 2D \u017eem\u0117lapio navigacija: \u201eTuya WiFi\u201c programa \u0160luojantis robotas gali aptikti vis\u0105 aplink\u0105 ir tada sukurti \u017eem\u0117lap\u012f procesoriaus viduje, kad gal\u0117t\u0173 valyti i\u0161 vieno kambario \u012f kit\u0105 pagal plan\u0105. 2. Pa\u017eangi atmintis: \u017dinodamas, kur valyti ir kur ne, vieno nuskaitymo apr\u0117ptis siekia daugiau nei 98 %. Valymo mar\u0161ruto pasikartojimo da\u017enis yra apie 1 %. Labai ma\u017eas praleidimo da\u017enis ir didel\u0117 apr\u0117ptis. Lengvas valdymas per \u201eTUYA\u201c program\u0117l\u0119, valymo procesas yra vizualizuotas: nereikia sud\u0117ting\u0173 veiksm\u0173, tiesiog bakstel\u0117kite pir\u0161tais, kad nurodytum\u0117te valymo re\u017eim\u0105. 3. Vizualus valymo procesas: nereikia atlikti sud\u0117ting\u0173 veiksm\u0173, tiesiog palieskite pir\u0161tais, kad nurodytum\u0117te valymo re\u017eim\u0105. Keli valymo re\u017eimai: automatinis valymas, valymas nustatytuose ta\u0161kuose; kra\u0161t\u0173 valymas; \u0161luostymas. 4. \u0160lapias ir sausas \u0161luostymas: \u0161luost\u0117s sugerianti medviln\u0117 gerai apsaugo grindis ir veiksmingai nu\u0161luoja dulkes bei d\u0117mes. 250 ml talpos dr\u0117gnos \u0161luotos vandens rezervuaras u\u017etikrina kruop\u0161t\u0173 valym\u0105. 5. Elektroniniu b\u016bdu valdomas vandens rezervuaras, tolygus vandens i\u0161siskyrimas. Robotas nustoja veikti, o vandens i\u0161siskyrimas automati\u0161kai sustabdomas. 6. Reguliuojama siurbimo galia, ma\u017eesnis triuk\u0161mas: Stipri siurbimo galia: \u201eMax.\u201c re\u017eimu siurbimo galia siekia 6000 Pa (duomenys i\u0161 Vokietijos \u201eLylex\u201c laboratorijos bandym\u0173 rezultat\u0173).<\/p>\n<p>7. Balso valdymas per \u201eAlexa\u201c ir \u201eGoogle Home\u201c. 8. Pa\u017eangiai atpa\u017e\u012fsta skirtingas grind\u0173 dangas ir per 10 ms pakoreguoja krypt\u012f. 9. Tinka skirtingoms grindims: \u017eemiems\/kietiems kilimams, medin\u0117ms grindims, plytel\u0117ms iki 1 cm auk\u0161\u010dio namuose, vie\u0161bu\u010di\u0173 kambariuose ir biuruose. 10. Apsaugos nuo kritimo sistema aptinka laiptus, kad i\u0161vengt\u0173 kritimo. 11. Nam\u0173, kuri\u0173 plotas vir\u0161ija 220 kvadratini\u0173 metr\u0173, valymas trunka daugiau nei 120 minu\u010di\u0173. 12. Dulki\u0173 surinkimo d\u0117\u017e\u0117 ir vandens bakas yra integruoti. Komplektacijoje: 1 x pagrindinis \u012frenginys, 1 x dulki\u0173 surinkimo d\u0117\u017e\u0117s ir vandens bako komplektas, 1 x \u0161luota ir \u0161luotos laikiklis, 1 x \u012fkrovimo stotel\u0117, 1 x HEPA filtras, 4 x \u0161oniniai \u0161epet\u0117liai, 1 x nuotolinio valdymo pultas, 1 x adapteris, 1 x valymo \u0161epet\u0117lis<\/p><\/p>","protected":false},"excerpt":{"rendered":"<p>Techniniai duomenys:Gamintojas: LIECTROUXModelis: N7S-UPavadinimas: Robotas-dulki\u0173 siurblysWi-Fi: Valdymas per \u201eTuya\u201c \/ \u201eSmart Life\u201c program\u0117l\u0119Skersmuo: 30,5 cmAuk\u0161tis: 7,5 cm\u012e\u0117jimo \u012ftampa: 100\u2013240 V kintamosios srov\u0117sBaterija: Li-ion 5200 mAhI\u0161\u0117jimo galia: DC 12 V \u00b1 1 A Dulki\u0173 surinkimo talpa: 400 ml Vandens rezervuaro talpa: 250 ml \u012ekrovimo tipas: Automatinis \/ Rankinis \u012ekrovimo trukm\u0117: Apie 280 minu\u010di\u0173 Valymo trukm\u0117: Apie [&hellip;]<\/p>\n","protected":false},"featured_media":2281,"comment_status":"open","ping_status":"closed","template":"","meta":[],"product_brand":[],"product_cat":[24,23],"product_tag":[138,171],"class_list":{"0":"post-2282","1":"product","2":"type-product","3":"status-publish","4":"has-post-thumbnail","6":"product_cat-namu-apyvoka","7":"product_cat-ismanieji-prietaisai","8":"product_tag-cleaning-appliances-2","9":"product_tag-robot-vacuum-cleaners","11":"first","12":"instock","13":"shipping-taxable","14":"purchasable","15":"product-type-variable"},"_links":{"self":[{"href":"https:\/\/topsmart.store\/en\/wp-json\/wp\/v2\/product\/2282","targetHints":{"allow":["GET"]}}],"collection":[{"href":"https:\/\/topsmart.store\/en\/wp-json\/wp\/v2\/product"}],"about":[{"href":"https:\/\/topsmart.store\/en\/wp-json\/wp\/v2\/types\/product"}],"replies":[{"embeddable":true,"href":"https:\/\/topsmart.store\/en\/wp-json\/wp\/v2\/comments?post=2282"}],"wp:featuredmedia":[{"embeddable":true,"href":"https:\/\/topsmart.store\/en\/wp-json\/wp\/v2\/media\/2281"}],"wp:attachment":[{"href":"https:\/\/topsmart.store\/en\/wp-json\/wp\/v2\/media?parent=2282"}],"wp:term":[{"taxonomy":"product_brand","embeddable":true,"href":"https:\/\/topsmart.store\/en\/wp-json\/wp\/v2\/product_brand?post=2282"},{"taxonomy":"product_cat","embeddable":true,"href":"https:\/\/topsmart.store\/en\/wp-json\/wp\/v2\/product_cat?post=2282"},{"taxonomy":"product_tag","embeddable":true,"href":"https:\/\/topsmart.store\/en\/wp-json\/wp\/v2\/product_tag?post=2282"}],"curies":[{"name":"wp","href":"https:\/\/api.w.org\/{rel}","templated":true}]}}