{"id":2295,"date":"2026-04-18T12:25:20","date_gmt":"2026-04-18T10:25:20","guid":{"rendered":"https:\/\/topsmart.store\/product\/comfook-mini-portable-hand-powered-espresso-coffee-machine-portable-hand-press-espresso-coffee-machine-for-home-office-travel-outdoor\/"},"modified":"2026-04-18T12:29:37","modified_gmt":"2026-04-18T10:29:37","slug":"comfook-mini-portable-hand-powered-espresso-coffee-machine-portable-hand-press-espresso-coffee-machine-for-home-office-travel-outdoor","status":"publish","type":"product","link":"https:\/\/topsmart.store\/en\/product\/comfook-mini-portable-hand-powered-espresso-coffee-machine-portable-hand-press-espresso-coffee-machine-for-home-office-travel-outdoor\/","title":{"rendered":"Comfook Mini Portable Hand-Powered Espresso Coffee Machine Portable Hand Press Espresso Coffee Machine for Home Office Travel Outdoor"},"content":{"rendered":"<p>Specifikacija:Spalva: JuodaMed\u017eiaga: Maistui tinkamas plastikasKavos milteli\u0173 talpa: 10 gVandens talpa: 140 mlSl\u0117gis: 8 baraiMatmenys: Vir\u0161utinis skersmuo 55 mm, apatinis skersmuo 58 mm, auk\u0161tis 196 mm. Grynasis svoris: 190 g. Bruto svoris: 340 g. Savyb\u0117s: &#8211; Paruo\u0161kite gana ger\u0105 espreso per palyginti trump\u0105 laik\u0105, jei tik turite sumalt\u0173 kavos pupeli\u0173 ir kar\u0161to vandens. &#8211; Ne\u0161iojamas dizainas, paprasta ir greita naudoti, rankin\u0117 kavos virimo ma\u0161ina, su kuria galite paruo\u0161ti nuostab\u0173 espreso bet kur.- Espreso gaminimo metu veikia tyliai, tod\u0117l galite i\u0161gerti kapu\u010dino pakeliui \u012f darb\u0105. &#8211; Novatori\u0161kas, naudojantis ger\u0105 siurblio sl\u0117g\u012f, kad kar\u0161tas vanduo greitai, smagiai ir lengvai pratek\u0117t\u0173 per malt\u0105 kav\u0105. &#8211; Rankinis espreso aparatas be elektros ar baterij\u0173, ekologi\u0161kas. &#8211; Puikiai tinka pasiimti su savimi bet kur ir paruo\u0161ti ger\u0105 kav\u0105. &#8211; Nuostabus prietaisas \u0161vie\u017eiai kavai paruo\u0161ti, kad gal\u0117tum\u0117te m\u0117gautis skaniais espreso puodeliais.<\/p>\n<p><\/p>\n<p>Komplektacijoje: 1 x rankinis kavos aparatas, 1 x naudojimo instrukcija<\/p><\/p>","protected":false},"excerpt":{"rendered":"<p>Specifikacija:Spalva: JuodaMed\u017eiaga: Maistui tinkamas plastikasKavos milteli\u0173 talpa: 10 gVandens talpa: 140 mlSl\u0117gis: 8 baraiMatmenys: Vir\u0161utinis skersmuo 55 mm, apatinis skersmuo 58 mm, auk\u0161tis 196 mm. Grynasis svoris: 190 g. Bruto svoris: 340 g. Savyb\u0117s: &#8211; Paruo\u0161kite gana ger\u0105 espreso per palyginti trump\u0105 laik\u0105, jei tik turite sumalt\u0173 kavos pupeli\u0173 ir kar\u0161to vandens. &#8211; Ne\u0161iojamas dizainas, [&hellip;]<\/p>\n","protected":false},"featured_media":2294,"comment_status":"open","ping_status":"closed","template":"","meta":[],"product_brand":[],"product_cat":[24],"product_tag":[145,144,179,143],"class_list":{"0":"post-2295","1":"product","2":"type-product","3":"status-publish","4":"has-post-thumbnail","6":"product_cat-namu-apyvoka","7":"product_tag-tea-espresso","8":"product_tag-coffee","9":"product_tag-coffee-maker","10":"product_tag-kitchen-appliances","12":"first","13":"instock","14":"shipping-taxable","15":"purchasable","16":"product-type-variable"},"_links":{"self":[{"href":"https:\/\/topsmart.store\/en\/wp-json\/wp\/v2\/product\/2295","targetHints":{"allow":["GET"]}}],"collection":[{"href":"https:\/\/topsmart.store\/en\/wp-json\/wp\/v2\/product"}],"about":[{"href":"https:\/\/topsmart.store\/en\/wp-json\/wp\/v2\/types\/product"}],"replies":[{"embeddable":true,"href":"https:\/\/topsmart.store\/en\/wp-json\/wp\/v2\/comments?post=2295"}],"wp:featuredmedia":[{"embeddable":true,"href":"https:\/\/topsmart.store\/en\/wp-json\/wp\/v2\/media\/2294"}],"wp:attachment":[{"href":"https:\/\/topsmart.store\/en\/wp-json\/wp\/v2\/media?parent=2295"}],"wp:term":[{"taxonomy":"product_brand","embeddable":true,"href":"https:\/\/topsmart.store\/en\/wp-json\/wp\/v2\/product_brand?post=2295"},{"taxonomy":"product_cat","embeddable":true,"href":"https:\/\/topsmart.store\/en\/wp-json\/wp\/v2\/product_cat?post=2295"},{"taxonomy":"product_tag","embeddable":true,"href":"https:\/\/topsmart.store\/en\/wp-json\/wp\/v2\/product_tag?post=2295"}],"curies":[{"name":"wp","href":"https:\/\/api.w.org\/{rel}","templated":true}]}}