{"id":2326,"date":"2026-04-18T12:25:55","date_gmt":"2026-04-18T10:25:55","guid":{"rendered":"https:\/\/topsmart.store\/product\/liectroux-m7s-pro-robot-vacuum-cleaner-smart-dynamic-navigation-wifi-app-alexa-with-200ml-water-tank-wet-mopping\/"},"modified":"2026-04-18T12:30:58","modified_gmt":"2026-04-18T10:30:58","slug":"liectroux-m7s-pro-robot-vacuum-cleaner-smart-dynamic-navigation-wifi-app-alexa-with-200ml-water-tank-wet-mopping","status":"publish","type":"product","link":"https:\/\/topsmart.store\/en\/product\/liectroux-m7s-pro-robot-vacuum-cleaner-smart-dynamic-navigation-wifi-app-alexa-with-200ml-water-tank-wet-mopping\/","title":{"rendered":"Liectroux M7S PRO Robot Vacuum Cleaner Smart Dynamic Navigation WiFi App Alexa with 200ML Water Tank Wet Mopping"},"content":{"rendered":"<\/p>\n<p>Techniniai duomenys: Bevielis ry\u0161ys: balso valdymas, valdymas per \u201eWi-Fi\u201c program\u0117l\u0119, nuotolinis valdymas \u201eWi-Fi\u201c: valdymas per program\u0117l\u0119 Da\u017enis: 50\/60 Med\u017eiaga: ABS Matmenys: D330*H74MM Grynasis svoris: 2,7 kg \u012etampa: 14,4 V Li\u010dio baterija: 2500 mAh Galingumas: 28 W Dulki\u0173 surinkimo talpa: 600 ml Vandens rezervuaro talpa: 350 ml \u012ekrovimo tipas: automatinis \/ rankinis \u012ekrovimo re\u017eimas: automatinis \/ pagal tvarkara\u0161t\u012f \/ viename kambaryje \/ fiksuotas ta\u0161kas \/ kra\u0161t\u0173 valymas \/ grind\u0173 plovimas \u012ekrovimo laikas: Apie 300 minu\u010di\u0173  Valymo trukm\u0117: Apie 100 minu\u010di\u0173 Savyb\u0117s:<\/p>\n<\/p>\n<\/p>\n<\/p>\n<\/p>\n<\/p>\n<\/p>\n<p>Komplektacija: 1 x robotas dulki\u0173 siurblys, 1 x \u0161iuk\u0161li\u0173 d\u0117\u017e\u0117, 1 x vandens bakelis ir \u0161luost\u0117, 1 x \u012fkrovimo stotel\u0117, 1 x HEPA filtras, 1 x \u0161onin\u0117 \u0161epet\u0117l\u0117, 1 x nuotolinio valdymo pultas, 1 x adapteris, 1 x valymo \u0161epet\u0117lis<\/p>","protected":false},"excerpt":{"rendered":"<p>Techniniai duomenys: Bevielis ry\u0161ys: balso valdymas, valdymas per \u201eWi-Fi\u201c program\u0117l\u0119, nuotolinis valdymas \u201eWi-Fi\u201c: valdymas per program\u0117l\u0119 Da\u017enis: 50\/60 Med\u017eiaga: ABS Matmenys: D330*H74MM Grynasis svoris: 2,7 kg \u012etampa: 14,4 V Li\u010dio baterija: 2500 mAh Galingumas: 28 W Dulki\u0173 surinkimo talpa: 600 ml Vandens rezervuaro talpa: 350 ml \u012ekrovimo tipas: automatinis \/ rankinis \u012ekrovimo re\u017eimas: automatinis \/ [&hellip;]<\/p>\n","protected":false},"featured_media":2324,"comment_status":"open","ping_status":"closed","template":"","meta":[],"product_brand":[],"product_cat":[24,23],"product_tag":[138,171],"class_list":{"0":"post-2326","1":"product","2":"type-product","3":"status-publish","4":"has-post-thumbnail","6":"product_cat-namu-apyvoka","7":"product_cat-ismanieji-prietaisai","8":"product_tag-cleaning-appliances-2","9":"product_tag-robot-vacuum-cleaners","11":"first","12":"instock","13":"shipping-taxable","14":"purchasable","15":"product-type-simple"},"_links":{"self":[{"href":"https:\/\/topsmart.store\/en\/wp-json\/wp\/v2\/product\/2326","targetHints":{"allow":["GET"]}}],"collection":[{"href":"https:\/\/topsmart.store\/en\/wp-json\/wp\/v2\/product"}],"about":[{"href":"https:\/\/topsmart.store\/en\/wp-json\/wp\/v2\/types\/product"}],"replies":[{"embeddable":true,"href":"https:\/\/topsmart.store\/en\/wp-json\/wp\/v2\/comments?post=2326"}],"wp:featuredmedia":[{"embeddable":true,"href":"https:\/\/topsmart.store\/en\/wp-json\/wp\/v2\/media\/2324"}],"wp:attachment":[{"href":"https:\/\/topsmart.store\/en\/wp-json\/wp\/v2\/media?parent=2326"}],"wp:term":[{"taxonomy":"product_brand","embeddable":true,"href":"https:\/\/topsmart.store\/en\/wp-json\/wp\/v2\/product_brand?post=2326"},{"taxonomy":"product_cat","embeddable":true,"href":"https:\/\/topsmart.store\/en\/wp-json\/wp\/v2\/product_cat?post=2326"},{"taxonomy":"product_tag","embeddable":true,"href":"https:\/\/topsmart.store\/en\/wp-json\/wp\/v2\/product_tag?post=2326"}],"curies":[{"name":"wp","href":"https:\/\/api.w.org\/{rel}","templated":true}]}}