{"id":2331,"date":"2026-04-18T12:26:05","date_gmt":"2026-04-18T10:26:05","guid":{"rendered":"https:\/\/topsmart.store\/product\/xiaomi-mijia-smart-electric-oven-40l-intelligent-pld-temperature-control-6-roasting-tubes-double-glass-door-220v\/"},"modified":"2026-04-18T12:33:07","modified_gmt":"2026-04-18T10:33:07","slug":"xiaomi-mijia-smart-electric-oven-40l-intelligent-pld-temperature-control-6-roasting-tubes-double-glass-door-220v","status":"publish","type":"product","link":"https:\/\/topsmart.store\/en\/product\/xiaomi-mijia-smart-electric-oven-40l-intelligent-pld-temperature-control-6-roasting-tubes-double-glass-door-220v\/","title":{"rendered":"XIAOMI Mijia Smart Electric Oven 40L Intelligent PlD Temperature Control 6 Roasting Tubes Double Glass Door 220V"},"content":{"rendered":"<p>Specifikacija: Gamintojas: Xiaomi<\/p>\n<p>Modelis: MKX05MMed\u017eiaga: Ner\u016bdijantis plienasGalia: 2000 W<\/p>\n<p>\u012etampa: 220 V<\/p>\n<p>Temperat\u016bros diapazonas: 30\u2013230 \u2103 Talpa: 40 l<\/p>\n<p>Belaidis ry\u0161ys: Wi-Fi IEEE 802.11b\/g\/n 2,4 GHz<\/p>\n<p>Palaiko garsiakalb\u012f: Xiaoai Dydis: 425*453*403 mm \ufeffKinijos versija, reikia nustatyti program\u0117l\u0117s server\u012f \u012f Kinijos \u017eemynin\u0119 dal\u012f.<\/p>\n<p>Savyb\u0117s:- I\u0161manus valdymas: lengvai valdykite ir steb\u0117kite orkait\u0119 nuotoliniu b\u016bdu naudodami i\u0161man\u0173j\u012f telefon\u0105 arba balso komandas.- 40 l didel\u0117 talpa: puikiai tinka dideliems patiekalams ruo\u0161ti arba keliems patiekalams kepti vienu metu.- Vienodas kaitinimas: u\u017etikrina nuoseklius ir vienodus vis\u0173 patiekal\u0173 kepimo rezultatus.- \u012evairios funkcijos: rinkit\u0117s i\u0161 \u012fvairi\u0173 kepimo re\u017eim\u0173, pvz., kepimo, skrudinimo, griliavimo ir kt.- Energijos taupymas: D\u0117l pa\u017eangios izoliacijos ir kaitinimo technologijos \u0161i orkait\u0117 taupo energij\u0105 ir suma\u017eina elektros s\u0105skaitas.\ufeffKomplektacija: 1 x elektrin\u0117 orkait\u0117, 1 x kepimo skarda, 1 x kepimo tinklelis, 1 x pelen\u0173 surinkimo d\u0117klas, 1 x kepimo skardos spaustukas<\/p><\/p>","protected":false},"excerpt":{"rendered":"<p>Specifikacija: Gamintojas: Xiaomi Modelis: MKX05MMed\u017eiaga: Ner\u016bdijantis plienasGalia: 2000 W \u012etampa: 220 V Temperat\u016bros diapazonas: 30\u2013230 \u2103 Talpa: 40 l Belaidis ry\u0161ys: Wi-Fi IEEE 802.11b\/g\/n 2,4 GHz \ufeffPalaiko garsiakalb\u012f: Xiaoai Dydis: 425*453*403 mm \ufeffKinijos versija, reikia nustatyti program\u0117l\u0117s server\u012f \u012f Kinijos \u017eemynin\u0119 dal\u012f. \ufeffSavyb\u0117s:- I\u0161manus valdymas: lengvai valdykite ir steb\u0117kite orkait\u0119 nuotoliniu b\u016bdu naudodami i\u0161man\u0173j\u012f telefon\u0105 [&hellip;]<\/p>\n","protected":false},"featured_media":2329,"comment_status":"open","ping_status":"closed","template":"","meta":[],"product_brand":[],"product_cat":[24],"product_tag":[180,143],"class_list":{"0":"post-2331","1":"product","2":"type-product","3":"status-publish","4":"has-post-thumbnail","6":"product_cat-namu-apyvoka","7":"product_tag-ovens","8":"product_tag-kitchen-appliances","10":"first","11":"instock","12":"shipping-taxable","13":"purchasable","14":"product-type-simple"},"_links":{"self":[{"href":"https:\/\/topsmart.store\/en\/wp-json\/wp\/v2\/product\/2331","targetHints":{"allow":["GET"]}}],"collection":[{"href":"https:\/\/topsmart.store\/en\/wp-json\/wp\/v2\/product"}],"about":[{"href":"https:\/\/topsmart.store\/en\/wp-json\/wp\/v2\/types\/product"}],"replies":[{"embeddable":true,"href":"https:\/\/topsmart.store\/en\/wp-json\/wp\/v2\/comments?post=2331"}],"wp:featuredmedia":[{"embeddable":true,"href":"https:\/\/topsmart.store\/en\/wp-json\/wp\/v2\/media\/2329"}],"wp:attachment":[{"href":"https:\/\/topsmart.store\/en\/wp-json\/wp\/v2\/media?parent=2331"}],"wp:term":[{"taxonomy":"product_brand","embeddable":true,"href":"https:\/\/topsmart.store\/en\/wp-json\/wp\/v2\/product_brand?post=2331"},{"taxonomy":"product_cat","embeddable":true,"href":"https:\/\/topsmart.store\/en\/wp-json\/wp\/v2\/product_cat?post=2331"},{"taxonomy":"product_tag","embeddable":true,"href":"https:\/\/topsmart.store\/en\/wp-json\/wp\/v2\/product_tag?post=2331"}],"curies":[{"name":"wp","href":"https:\/\/api.w.org\/{rel}","templated":true}]}}