{"id":2350,"date":"2026-04-18T12:26:26","date_gmt":"2026-04-18T10:26:26","guid":{"rendered":"https:\/\/topsmart.store\/product\/liectroux-l200-auto-charging-robot-vacuum-cleaner-wet-mop4000pa-suction-power-with-wifi-app-control-for-pet-hair-cleaning\/"},"modified":"2026-04-18T12:30:54","modified_gmt":"2026-04-18T10:30:54","slug":"liectroux-l200-auto-charging-robot-vacuum-cleaner-wet-mop4000pa-suction-power-with-wifi-app-control-for-pet-hair-cleaning","status":"publish","type":"product","link":"https:\/\/topsmart.store\/en\/product\/liectroux-l200-auto-charging-robot-vacuum-cleaner-wet-mop4000pa-suction-power-with-wifi-app-control-for-pet-hair-cleaning\/","title":{"rendered":"Liectroux L200 Auto Charging Robot Vacuum Cleaner &amp; Wet Mop4000PA Suction Power with WIFI APP Control for Pet Hair Cleaning"},"content":{"rendered":"<p>\u201eLIECTROUX L200\u201c robotas-dulki\u0173 siurblys su \u0161lapio valymo funkcija \u2013 tai puikus valymo sprendimas bet kuriam namui. Jis pasi\u017eymi automatinio \u012fkrovimo funkcija, 4000 Pa siurbimo galia ir valdymu per \u201eWi-Fi\u201c program\u0117l\u0119, tod\u0117l puikiai tinka gyv\u016bn\u0173 plauk\u0173 valymui.<\/p>\n<p>Savyb\u0117s:<\/p>\n<\/p>\n<\/p>\n<\/p>\n<\/p>\n<p>Techniniai duomenys: Modelis: L200 Sertifikatai: CE\/RoHS\/CB\/CCC Wi-Fi: valdymas per program\u0117l\u0119 Skersmuo: 30 cm \u012etampa: 14,4 V Baterija: 2600 mAh li\u010dio jon\u0173 Galingumas: 28 W Darbin\u0117 temperat\u016bra: -10 \u2103\u201345 \u2103,\u012e\u0117jimo \u012ftampa\/srov\u0117: 24 V\/0,6 A, Dulki\u0173 surinkimo talpa: 250 ml Vandens rezervuaro talpa: 230 ml \u012ekrovimo tipas: Automatinis\/Rankinis \u012ekrovimo trukm\u0117: ~280 minu\u010di\u0173 Valymo trukm\u0117: ~100\u2013120 min. Valymo re\u017eimai: planavimas \/ ta\u0161kinis \/ palei sien\u0105 \/ tvarkara\u0161tis \/ grind\u0173 \u0161luostymas Matmenys: G 30 cm * A 7,0 cm, Vieneto svoris: 2 kg,<\/p>\n<p> baterija: 2600 mAh li\u010dio jon\u0173 baterija.<\/p>\n<\/p>\n<p>Komplektacijoje: 1 vnt. L200 robotas-dulki\u0173 siurblys (pagrindinis \u012frenginys), 1 vnt. \u0161iuk\u0161li\u0173 d\u0117\u017e\u0117 ir vandens bakelis, 1 vnt. \u0161luost\u0117 ir \u0161luost\u0117s laikiklis, 1 vnt. \u012fkrovimo stotel\u0117, 1 vnt. HEPA filtras, 1 vnt. \u0161onin\u0117s \u0161epet\u0117l\u0117s, 1 vnt. nuotolinio valdymo pultas, 1 vnt. adapteris, 1 vnt. valymo \u0161epet\u0117lis<\/p>","protected":false},"excerpt":{"rendered":"<p>\u201eLIECTROUX L200\u201c robotas-dulki\u0173 siurblys su \u0161lapio valymo funkcija \u2013 tai puikus valymo sprendimas bet kuriam namui. Jis pasi\u017eymi automatinio \u012fkrovimo funkcija, 4000 Pa siurbimo galia ir valdymu per \u201eWi-Fi\u201c program\u0117l\u0119, tod\u0117l puikiai tinka gyv\u016bn\u0173 plauk\u0173 valymui. Savyb\u0117s: Techniniai duomenys: Modelis: L200 Sertifikatai: CE\/RoHS\/CB\/CCC Wi-Fi: valdymas per program\u0117l\u0119 Skersmuo: 30 cm \u012etampa: 14,4 V Baterija: 2600 [&hellip;]<\/p>\n","protected":false},"featured_media":2349,"comment_status":"open","ping_status":"closed","template":"","meta":[],"product_brand":[],"product_cat":[24,23],"product_tag":[138,171],"class_list":{"0":"post-2350","1":"product","2":"type-product","3":"status-publish","4":"has-post-thumbnail","6":"product_cat-namu-apyvoka","7":"product_cat-ismanieji-prietaisai","8":"product_tag-cleaning-appliances-2","9":"product_tag-robot-vacuum-cleaners","11":"first","12":"instock","13":"shipping-taxable","14":"purchasable","15":"product-type-simple"},"_links":{"self":[{"href":"https:\/\/topsmart.store\/en\/wp-json\/wp\/v2\/product\/2350","targetHints":{"allow":["GET"]}}],"collection":[{"href":"https:\/\/topsmart.store\/en\/wp-json\/wp\/v2\/product"}],"about":[{"href":"https:\/\/topsmart.store\/en\/wp-json\/wp\/v2\/types\/product"}],"replies":[{"embeddable":true,"href":"https:\/\/topsmart.store\/en\/wp-json\/wp\/v2\/comments?post=2350"}],"wp:featuredmedia":[{"embeddable":true,"href":"https:\/\/topsmart.store\/en\/wp-json\/wp\/v2\/media\/2349"}],"wp:attachment":[{"href":"https:\/\/topsmart.store\/en\/wp-json\/wp\/v2\/media?parent=2350"}],"wp:term":[{"taxonomy":"product_brand","embeddable":true,"href":"https:\/\/topsmart.store\/en\/wp-json\/wp\/v2\/product_brand?post=2350"},{"taxonomy":"product_cat","embeddable":true,"href":"https:\/\/topsmart.store\/en\/wp-json\/wp\/v2\/product_cat?post=2350"},{"taxonomy":"product_tag","embeddable":true,"href":"https:\/\/topsmart.store\/en\/wp-json\/wp\/v2\/product_tag?post=2350"}],"curies":[{"name":"wp","href":"https:\/\/api.w.org\/{rel}","templated":true}]}}