{"id":2361,"date":"2026-04-18T12:26:39","date_gmt":"2026-04-18T10:26:39","guid":{"rendered":"https:\/\/topsmart.store\/product\/garment-steamers-portable-1500w-electric-handheld-garment-steamers-household-cleaner-steam-iron-travelling-clothes-steamer\/"},"modified":"2026-04-18T12:29:58","modified_gmt":"2026-04-18T10:29:58","slug":"garment-steamers-portable-1500w-electric-handheld-garment-steamers-household-cleaner-steam-iron-travelling-clothes-steamer","status":"publish","type":"product","link":"https:\/\/topsmart.store\/en\/product\/garment-steamers-portable-1500w-electric-handheld-garment-steamers-household-cleaner-steam-iron-travelling-clothes-steamer\/","title":{"rendered":"Garment Steamers Portable 1500W Electric Handheld Garment Steamers Household Cleaner Steam Iron Travelling Clothes Steamer"},"content":{"rendered":"<p>Techniniai duomenys: Pagrindin\u0117 med\u017eiaga: ABS, PP, PC Nominali \u012ftampa: 220 V, 50\u201360 Hz Vandens rezervuaro talpa: 300 ml Nominali galia: 1500 W Spalva: Balta Dydis: 28*14 cm Svoris: 0,9 kg Ki\u0161tukas: ES ki\u0161tukas \/ JAV ki\u0161tukas \/ JK ki\u0161tukas Savyb\u0117s: &#8211; Rankinis garintuvas, gaminantis daugiau gar\u0173 nei geriausiai pasaulyje vertinam\u0173 rankini\u0173 garintuv\u0173 pardav\u0117jai, puikiai i\u0161lygina rauk\u0161les, pa\u0161alina kvapus, dezinfekuoja patalyn\u0119, \u010diu\u017einius, u\u017euolaidas ir pliu\u0161inius \u017eaislus. Asmeninis kelioninis garintuvas Lengvai naudojamas ir puikiai tinka kelion\u0117ms ar kruizams, nes tai geriausias kelioninis garintuvas. &#8211; Gar\u0173 mygtukas su daugiafunkciniu gar\u0173 blokavimo dizainu, skirtas kelioniniam garinimui. Galite naudoti mygtuk\u0105, kad rankiniu b\u016bdu reguliuotum\u0117te gar\u0173 sraut\u0105, arba \u012fjungti gar\u0173 fiksavimo mygtuk\u0105, kad garai b\u016bt\u0173 generuojami nuolat ir nepertraukiamai. Komplekt\u0105 sudaro: 1 x drabu\u017ei\u0173 garintuvas 1 x naudojimo instrukcija<\/p>\n<p>\u00a0\u00a0<\/p>\n<p>Pastaba:<\/p>\n<p>-Naudokite i\u0161grynint\u0105 arba distiliuot\u0105 vanden\u012f, kad suma\u017eintum\u0117te mineralini\u0173 nuos\u0117d\u0173 susidarym\u0105 gar\u0173 purk\u0161tukuose ir audinio spalvos pakitimus. -Naudodami valymo \u0161epet\u0117l\u012f, visada pritvirtinkite j\u012f prie\u0161 prijungdami garintuv\u0105 prie elektros tinklo.<\/p>","protected":false},"excerpt":{"rendered":"<p>Techniniai duomenys: Pagrindin\u0117 med\u017eiaga: ABS, PP, PC Nominali \u012ftampa: 220 V, 50\u201360 Hz Vandens rezervuaro talpa: 300 ml Nominali galia: 1500 W Spalva: Balta Dydis: 28*14 cm Svoris: 0,9 kg Ki\u0161tukas: ES ki\u0161tukas \/ JAV ki\u0161tukas \/ JK ki\u0161tukas Savyb\u0117s: &#8211; Rankinis garintuvas, gaminantis daugiau gar\u0173 nei geriausiai pasaulyje vertinam\u0173 rankini\u0173 garintuv\u0173 pardav\u0117jai, puikiai i\u0161lygina [&hellip;]<\/p>\n","protected":false},"featured_media":2360,"comment_status":"open","ping_status":"closed","template":"","meta":[],"product_brand":[],"product_cat":[24],"product_tag":[147,181,162],"class_list":{"0":"post-2361","1":"product","2":"type-product","3":"status-publish","4":"has-post-thumbnail","6":"product_cat-namu-apyvoka","7":"product_tag-household-appliances","8":"product_tag-irons-garment-steamers","9":"product_tag-laundry-appliances","11":"first","12":"instock","13":"shipping-taxable","14":"purchasable","15":"product-type-variable"},"_links":{"self":[{"href":"https:\/\/topsmart.store\/en\/wp-json\/wp\/v2\/product\/2361","targetHints":{"allow":["GET"]}}],"collection":[{"href":"https:\/\/topsmart.store\/en\/wp-json\/wp\/v2\/product"}],"about":[{"href":"https:\/\/topsmart.store\/en\/wp-json\/wp\/v2\/types\/product"}],"replies":[{"embeddable":true,"href":"https:\/\/topsmart.store\/en\/wp-json\/wp\/v2\/comments?post=2361"}],"wp:featuredmedia":[{"embeddable":true,"href":"https:\/\/topsmart.store\/en\/wp-json\/wp\/v2\/media\/2360"}],"wp:attachment":[{"href":"https:\/\/topsmart.store\/en\/wp-json\/wp\/v2\/media?parent=2361"}],"wp:term":[{"taxonomy":"product_brand","embeddable":true,"href":"https:\/\/topsmart.store\/en\/wp-json\/wp\/v2\/product_brand?post=2361"},{"taxonomy":"product_cat","embeddable":true,"href":"https:\/\/topsmart.store\/en\/wp-json\/wp\/v2\/product_cat?post=2361"},{"taxonomy":"product_tag","embeddable":true,"href":"https:\/\/topsmart.store\/en\/wp-json\/wp\/v2\/product_tag?post=2361"}],"curies":[{"name":"wp","href":"https:\/\/api.w.org\/{rel}","templated":true}]}}