{"id":2409,"date":"2026-04-18T12:27:41","date_gmt":"2026-04-18T10:27:41","guid":{"rendered":"https:\/\/topsmart.store\/product\/xiaomi-s100-electric-shaver-2-rotary-shaving-head-portable-waterproof-wet-dry-use-usb-rechargeable-steel-for-men\/"},"modified":"2026-04-18T12:33:19","modified_gmt":"2026-04-18T10:33:19","slug":"xiaomi-s100-electric-shaver-2-rotary-shaving-head-portable-waterproof-wet-dry-use-usb-rechargeable-steel-for-men","status":"publish","type":"product","link":"https:\/\/topsmart.store\/en\/product\/xiaomi-s100-electric-shaver-2-rotary-shaving-head-portable-waterproof-wet-dry-use-usb-rechargeable-steel-for-men\/","title":{"rendered":"XIAOMI S100 Electric Shaver 2 Rotary Shaving Head Portable Waterproof Wet &amp; Dry Use USB Rechargeable Steel for Men"},"content":{"rendered":"<p>Specifikacija:Gamintojas: XIAOMIProdukto modelis: S100Atsparumas vandeniui: IPX7\u012ekrovimo b\u016bdas: \u012ekrovimas per Type-C jungt\u012f\u012e\u0117jimo \u012ftampa: 5 V, 1 A\u012ekrovimo trukm\u0117: Apie 2 val.Vardin\u0117 galia: 2 WVeikimo trukm\u0117: Apie 90 minu\u010di\u0173Produkto matmenys: 56 \u00d7 30 \u00d7 87 mm\ufeffSavyb\u0117s:- 2 peiliai, 360 laipsni\u0173 plaukiojantis skutimas &#8211; Dviej\u0173 cikl\u0173 tinklelis ir dviej\u0173 cikl\u0173 peilis &#8211; Pagreitinimo mechanizmas, gilus valymas &#8211; 7200 m\/min. pjovimo greitis &#8211; IPX7 atsparumas vandeniui &#8211; \u012emontuota li\u010dio baterija, \u012fkraunama per 2 valandas ir veikia 90 minu\u010di\u0173\ufeffKomplektacija: 1 x skustuvas 1 x C tipo kabelis 1 x vartotojo vadovas<\/p><\/p>","protected":false},"excerpt":{"rendered":"<p>Specifikacija:Gamintojas: XIAOMIProdukto modelis: S100Atsparumas vandeniui: IPX7\u012ekrovimo b\u016bdas: \u012ekrovimas per Type-C jungt\u012f\u012e\u0117jimo \u012ftampa: 5 V, 1 A\u012ekrovimo trukm\u0117: Apie 2 val.Vardin\u0117 galia: 2 WVeikimo trukm\u0117: Apie 90 minu\u010di\u0173Produkto matmenys: 56 \u00d7 30 \u00d7 87 mm\ufeffSavyb\u0117s:- 2 peiliai, 360 laipsni\u0173 plaukiojantis skutimas &#8211; Dviej\u0173 cikl\u0173 tinklelis ir dviej\u0173 cikl\u0173 peilis &#8211; Pagreitinimo mechanizmas, gilus valymas &#8211; 7200 [&hellip;]<\/p>\n","protected":false},"featured_media":2407,"comment_status":"open","ping_status":"closed","template":"","meta":[],"product_brand":[],"product_cat":[25],"product_tag":[176,166,174,173,165],"class_list":{"0":"post-2409","1":"product","2":"type-product","3":"status-publish","4":"has-post-thumbnail","6":"product_cat-grozis-ir-sveikata","7":"product_tag-electric-shaver","8":"product_tag-beauty-hair","9":"product_tag-razors-shaving-accessories","10":"product_tag-shavers-and-hair-removal","11":"product_tag-health","13":"first","14":"instock","15":"shipping-taxable","16":"purchasable","17":"product-type-variable"},"_links":{"self":[{"href":"https:\/\/topsmart.store\/en\/wp-json\/wp\/v2\/product\/2409","targetHints":{"allow":["GET"]}}],"collection":[{"href":"https:\/\/topsmart.store\/en\/wp-json\/wp\/v2\/product"}],"about":[{"href":"https:\/\/topsmart.store\/en\/wp-json\/wp\/v2\/types\/product"}],"replies":[{"embeddable":true,"href":"https:\/\/topsmart.store\/en\/wp-json\/wp\/v2\/comments?post=2409"}],"wp:featuredmedia":[{"embeddable":true,"href":"https:\/\/topsmart.store\/en\/wp-json\/wp\/v2\/media\/2407"}],"wp:attachment":[{"href":"https:\/\/topsmart.store\/en\/wp-json\/wp\/v2\/media?parent=2409"}],"wp:term":[{"taxonomy":"product_brand","embeddable":true,"href":"https:\/\/topsmart.store\/en\/wp-json\/wp\/v2\/product_brand?post=2409"},{"taxonomy":"product_cat","embeddable":true,"href":"https:\/\/topsmart.store\/en\/wp-json\/wp\/v2\/product_cat?post=2409"},{"taxonomy":"product_tag","embeddable":true,"href":"https:\/\/topsmart.store\/en\/wp-json\/wp\/v2\/product_tag?post=2409"}],"curies":[{"name":"wp","href":"https:\/\/api.w.org\/{rel}","templated":true}]}}