{"id":2416,"date":"2026-04-18T12:27:54","date_gmt":"2026-04-18T10:27:54","guid":{"rendered":"https:\/\/topsmart.store\/product\/xiaomi-mijia-dc-frequency-conversion-air-circulation-fan-high-air-volume-3d-circulation-swing-head-works-with-mi-home-app\/"},"modified":"2026-04-18T12:32:48","modified_gmt":"2026-04-18T10:32:48","slug":"xiaomi-mijia-dc-frequency-conversion-air-circulation-fan-high-air-volume-3d-circulation-swing-head-works-with-mi-home-app","status":"publish","type":"product","link":"https:\/\/topsmart.store\/en\/product\/xiaomi-mijia-dc-frequency-conversion-air-circulation-fan-high-air-volume-3d-circulation-swing-head-works-with-mi-home-app\/","title":{"rendered":"Xiaomi Mijia DC Frequency Conversion Air Circulation Fan High Air Volume 3D Circulation Swing Head Works With Mi Home App"},"content":{"rendered":"<p>Techniniai duomenys:Gamintojas: XiaomiPrek\u0117s pavadinimas: \u201eMijia\u201c nuolatin\u0117s srov\u0117s da\u017enio keitimo cirkuliacinis stalinis ventiliatoriusTinkama patalpa: \u226420 m\u00b2Cirkuliacinio ventiliatoriaus vardin\u0117 \u012ftampa: 12 VCirkuliacinio ventiliatoriaus vardin\u0117 galia: 24 WMaksimalus oro srautas: \u226518 m\u00b3\/minMaitinimo adapterio vardin\u0117 \u012ftampa: 100\u2013240 V, 50\/60 Hz, 0,6 A Triuk\u0161mas: \u226460 dBA Bevielis \u201eWi-Fi\u201c: \u201eWi-Fi\u201c IEEE 802.11b\/g\/n, 2,4 GHz Darbin\u0117 temperat\u016bra: \u201310 \u00b0C\u201340 \u00b0C Grynasis svoris: 2,3 kg Produkto matmenys: 322 \u00d7 333 \u00d7 225 mm<\/p>\n<p>Ki\u0161tukas: CN ki\u0161tukas Komplektacijoje: 1 x ventiliatorius  1 x naudojimo instrukcija 1 x \u012fkroviklis<\/p><\/p>","protected":false},"excerpt":{"rendered":"<p>Techniniai duomenys:Gamintojas: XiaomiPrek\u0117s pavadinimas: \u201eMijia\u201c nuolatin\u0117s srov\u0117s da\u017enio keitimo cirkuliacinis stalinis ventiliatoriusTinkama patalpa: \u226420 m\u00b2Cirkuliacinio ventiliatoriaus vardin\u0117 \u012ftampa: 12 VCirkuliacinio ventiliatoriaus vardin\u0117 galia: 24 WMaksimalus oro srautas: \u226518 m\u00b3\/minMaitinimo adapterio vardin\u0117 \u012ftampa: 100\u2013240 V, 50\/60 Hz, 0,6 A Triuk\u0161mas: \u226460 dBA Bevielis \u201eWi-Fi\u201c: \u201eWi-Fi\u201c IEEE 802.11b\/g\/n, 2,4 GHz Darbin\u0117 temperat\u016bra: \u201310 \u00b0C\u201340 \u00b0C Grynasis svoris: [&hellip;]<\/p>\n","protected":false},"featured_media":2415,"comment_status":"open","ping_status":"closed","template":"","meta":[],"product_brand":[],"product_cat":[24],"product_tag":[160,151,161],"class_list":{"0":"post-2416","1":"product","2":"type-product","3":"status-publish","4":"has-post-thumbnail","6":"product_cat-namu-apyvoka","7":"product_tag-fans","8":"product_tag-air-conditioning-appliances","9":"product_tag-table-usb-fans","11":"first","12":"instock","13":"shipping-taxable","14":"purchasable","15":"product-type-simple"},"_links":{"self":[{"href":"https:\/\/topsmart.store\/en\/wp-json\/wp\/v2\/product\/2416","targetHints":{"allow":["GET"]}}],"collection":[{"href":"https:\/\/topsmart.store\/en\/wp-json\/wp\/v2\/product"}],"about":[{"href":"https:\/\/topsmart.store\/en\/wp-json\/wp\/v2\/types\/product"}],"replies":[{"embeddable":true,"href":"https:\/\/topsmart.store\/en\/wp-json\/wp\/v2\/comments?post=2416"}],"wp:featuredmedia":[{"embeddable":true,"href":"https:\/\/topsmart.store\/en\/wp-json\/wp\/v2\/media\/2415"}],"wp:attachment":[{"href":"https:\/\/topsmart.store\/en\/wp-json\/wp\/v2\/media?parent=2416"}],"wp:term":[{"taxonomy":"product_brand","embeddable":true,"href":"https:\/\/topsmart.store\/en\/wp-json\/wp\/v2\/product_brand?post=2416"},{"taxonomy":"product_cat","embeddable":true,"href":"https:\/\/topsmart.store\/en\/wp-json\/wp\/v2\/product_cat?post=2416"},{"taxonomy":"product_tag","embeddable":true,"href":"https:\/\/topsmart.store\/en\/wp-json\/wp\/v2\/product_tag?post=2416"}],"curies":[{"name":"wp","href":"https:\/\/api.w.org\/{rel}","templated":true}]}}