{"id":2425,"date":"2026-04-18T12:28:10","date_gmt":"2026-04-18T10:28:10","guid":{"rendered":"https:\/\/topsmart.store\/product\/eu-directliectroux-i5-handheld-vacuum-cordless-car-home-vacuum-cleaner-12000pa-powerful-suction-portable-rechargeable-mini-vacuum\/"},"modified":"2026-04-18T12:28:59","modified_gmt":"2026-04-18T10:28:59","slug":"eu-directliectroux-i5-handheld-vacuum-cordless-car-home-vacuum-cleaner-12000pa-powerful-suction-portable-rechargeable-mini-vacuum","status":"publish","type":"product","link":"https:\/\/topsmart.store\/en\/product\/eu-directliectroux-i5-handheld-vacuum-cordless-car-home-vacuum-cleaner-12000pa-powerful-suction-portable-rechargeable-mini-vacuum\/","title":{"rendered":"[EU Direct]LIECTROUX I5 Handheld Vacuum Cordless Car Home Vacuum Cleaner 12000Pa Powerful Suction Portable Rechargeable Mini Vacuum"},"content":{"rendered":"<\/p>\n<p>-Galinga siurbimo galia: \u0161is dulki\u0173 siurblys, kuriame \u012fmontuotas ypa\u010d galingas 12 000 Pa variklis, u\u017etikrina auk\u0161t\u0105 valymo efektyvum\u0105 ir ilgesn\u012f veikimo laik\u0105, tuo pa\u010diu i\u0161laikydamas \u017eem\u0105 triuk\u0161mo lyg\u012f, kad j\u016bs\u0173 aplinka i\u0161likt\u0173 rami.<\/p>\n<p>&#8211; Dvigubi siurbimo re\u017eimai: pritaikykite valym\u0105 pagal savo poreikius naudodami du siurbimo re\u017eimus. Standartinis re\u017eimas puikiai tinka kasdieniam valymui, o galingas re\u017eimas u\u017etikrina intensyvi\u0105 siurbimo gali\u0105 gilesniam valymui.<\/p>\n<p>-Belaidis ir ergonomi\u0161kas dizainas: Belaid\u0117 konstrukcija u\u017etikrina nevar\u017eom\u0105 jud\u0117jim\u0105. Ergonomi\u0161kai suprojektuota aliuminio lydinio rankena atspari auk\u0161tai temperat\u016brai ir sen\u0117jimui, u\u017etikrina patog\u0173 laikym\u0105 ilgam naudojimui.<\/p>\n<p>&#8211; Pa\u017eang\u016bs AI lustai ir saugos funkcijos: integruoti dviej\u0173 da\u017eni\u0173 konversijos AI lustai u\u017etikrina pa\u017eangi\u0105 da\u017eni\u0173 konversij\u0105, padidindami variklio greit\u012f ir efektyvum\u0105. \u0160i sistema apima apsaug\u0105 nuo vir\u0161\u012ftampio, vir\u0161srov\u0117s, perkaitimo, perkrovos ir trumpojo jungimo.<\/p>","protected":false},"excerpt":{"rendered":"<p>-Galinga siurbimo galia: \u0161is dulki\u0173 siurblys, kuriame \u012fmontuotas ypa\u010d galingas 12 000 Pa variklis, u\u017etikrina auk\u0161t\u0105 valymo efektyvum\u0105 ir ilgesn\u012f veikimo laik\u0105, tuo pa\u010diu i\u0161laikydamas \u017eem\u0105 triuk\u0161mo lyg\u012f, kad j\u016bs\u0173 aplinka i\u0161likt\u0173 rami. &#8211; Dvigubi siurbimo re\u017eimai: pritaikykite valym\u0105 pagal savo poreikius naudodami du siurbimo re\u017eimus. Standartinis re\u017eimas puikiai tinka kasdieniam valymui, o galingas re\u017eimas [&hellip;]<\/p>\n","protected":false},"featured_media":2424,"comment_status":"open","ping_status":"closed","template":"","meta":[],"product_brand":[],"product_cat":[24],"product_tag":[138,154],"class_list":{"0":"post-2425","1":"product","2":"type-product","3":"status-publish","4":"has-post-thumbnail","6":"product_cat-namu-apyvoka","7":"product_tag-cleaning-appliances-2","8":"product_tag-handheld-vacuum-cleaners-2","10":"first","11":"instock","12":"shipping-taxable","13":"purchasable","14":"product-type-variable"},"_links":{"self":[{"href":"https:\/\/topsmart.store\/en\/wp-json\/wp\/v2\/product\/2425","targetHints":{"allow":["GET"]}}],"collection":[{"href":"https:\/\/topsmart.store\/en\/wp-json\/wp\/v2\/product"}],"about":[{"href":"https:\/\/topsmart.store\/en\/wp-json\/wp\/v2\/types\/product"}],"replies":[{"embeddable":true,"href":"https:\/\/topsmart.store\/en\/wp-json\/wp\/v2\/comments?post=2425"}],"wp:featuredmedia":[{"embeddable":true,"href":"https:\/\/topsmart.store\/en\/wp-json\/wp\/v2\/media\/2424"}],"wp:attachment":[{"href":"https:\/\/topsmart.store\/en\/wp-json\/wp\/v2\/media?parent=2425"}],"wp:term":[{"taxonomy":"product_brand","embeddable":true,"href":"https:\/\/topsmart.store\/en\/wp-json\/wp\/v2\/product_brand?post=2425"},{"taxonomy":"product_cat","embeddable":true,"href":"https:\/\/topsmart.store\/en\/wp-json\/wp\/v2\/product_cat?post=2425"},{"taxonomy":"product_tag","embeddable":true,"href":"https:\/\/topsmart.store\/en\/wp-json\/wp\/v2\/product_tag?post=2425"}],"curies":[{"name":"wp","href":"https:\/\/api.w.org\/{rel}","templated":true}]}}