{"id":2458,"date":"2026-04-18T12:37:39","date_gmt":"2026-04-18T10:37:39","guid":{"rendered":"https:\/\/topsmart.store\/product\/lietiniai-akumuliatoriai-skirti-sodo-genejimo-zirklems-licio-akumuliatorius-genejimui-sode-soduose-ir-vynmedziuose-akumuliatorines-genejimo-zirkles\/"},"modified":"2026-04-18T12:47:51","modified_gmt":"2026-04-18T10:47:51","slug":"lietiniai-akumuliatoriai-skirti-sodo-genejimo-zirklems-licio-akumuliatorius-genejimui-sode-soduose-ir-vynmedziuose-akumuliatorines-genejimo-zirkles","status":"publish","type":"product","link":"https:\/\/topsmart.store\/en\/product\/lietiniai-akumuliatoriai-skirti-sodo-genejimo-zirklems-licio-akumuliatorius-genejimui-sode-soduose-ir-vynmedziuose-akumuliatorines-genejimo-zirkles\/","title":{"rendered":"Lietiniai akumuliatoriai, skirti sodo gen\u0117jimo \u017eirkl\u0117ms - li\u010dio akumuliatorius gen\u0117jimui sode, soduose ir vynmed\u017eiuose (akumuliatorin\u0117s gen\u0117jimo \u017eirkl\u0117s)"},"content":{"rendered":"<p><img decoding=\"async\" src=\"https:\/\/img-eu.kwcdn.com\/local-goods-img\/21a488e658\/63da4729-1d4f-4a2f-b880-4234e15d7b6b_1000x1000.jpeg.format.jpg\" alt=\"Lietiniai akumuliatoriai, skirti sodo gen\u0117jimo \u017eirkl\u0117ms - li\u010dio akumuliatorius gen\u0117jimui sode, soduose ir vynmed\u017eiuose (akumuliatorin\u0117s gen\u0117jimo \u017eirkl\u0117s)\" \/><img decoding=\"async\" src=\"https:\/\/img-eu.kwcdn.com\/local-goods-img\/20195057b88\/49c1c7ef-0c25-4e2b-ba2b-c55b2764328e_1000x1000.png.format.jpg\" alt=\"Lietiniai akumuliatoriai, skirti sodo gen\u0117jimo \u017eirkl\u0117ms - li\u010dio akumuliatorius gen\u0117jimui sode, soduose ir vynmed\u017eiuose (akumuliatorin\u0117s gen\u0117jimo \u017eirkl\u0117s)\" \/><img decoding=\"async\" src=\"https:\/\/img-eu.kwcdn.com\/local-goods-img\/20195057b88\/e9dc38ee-72eb-4baa-ab63-76f74655346e_1000x1000.jpeg.format.jpg\" alt=\"Lietiniai akumuliatoriai, skirti sodo gen\u0117jimo \u017eirkl\u0117ms - li\u010dio akumuliatorius gen\u0117jimui sode, soduose ir vynmed\u017eiuose (akumuliatorin\u0117s gen\u0117jimo \u017eirkl\u0117s)\" \/><img decoding=\"async\" src=\"https:\/\/img-eu.kwcdn.com\/local-goods-img\/20195057b88\/e7617218-ce2e-4b42-ae65-3a0e6c324244_1000x1000.jpeg.format.jpg\" alt=\"Lietiniai akumuliatoriai, skirti sodo gen\u0117jimo \u017eirkl\u0117ms - li\u010dio akumuliatorius gen\u0117jimui sode, soduose ir vynmed\u017eiuose (akumuliatorin\u0117s gen\u0117jimo \u017eirkl\u0117s)\" \/><img decoding=\"async\" src=\"https:\/\/img-eu.kwcdn.com\/local-goods-img\/20195057b88\/c593079d-3953-4135-a1c5-e2418c632912_1000x1000.jpeg.format.jpg\" alt=\"Lietiniai akumuliatoriai, skirti sodo gen\u0117jimo \u017eirkl\u0117ms - li\u010dio akumuliatorius gen\u0117jimui sode, soduose ir vynmed\u017eiuose (akumuliatorin\u0117s gen\u0117jimo \u017eirkl\u0117s)\" \/><img decoding=\"async\" src=\"https:\/\/img-eu.kwcdn.com\/local-goods-img\/20195057b88\/238574a9-b355-4380-83bb-1ce88175bf7d_1000x1000.jpeg.format.jpg\" alt=\"Lietiniai akumuliatoriai, skirti sodo gen\u0117jimo \u017eirkl\u0117ms - li\u010dio akumuliatorius gen\u0117jimui sode, soduose ir vynmed\u017eiuose (akumuliatorin\u0117s gen\u0117jimo \u017eirkl\u0117s)\" \/><img decoding=\"async\" src=\"https:\/\/img-eu.kwcdn.com\/local-goods-img\/20195057b88\/8352a2cc-047b-42b0-a141-aa0a3901f86c_1000x1000.jpeg.format.jpg\" alt=\"Lietiniai akumuliatoriai, skirti sodo gen\u0117jimo \u017eirkl\u0117ms - li\u010dio akumuliatorius gen\u0117jimui sode, soduose ir vynmed\u017eiuose (akumuliatorin\u0117s gen\u0117jimo \u017eirkl\u0117s)\" \/><img decoding=\"async\" src=\"https:\/\/img-eu.kwcdn.com\/local-goods-img\/20195057b88\/8496ff9e-55ee-464b-8920-4b7a161e911a_1000x1000.jpeg.format.jpg\" alt=\"Lietiniai akumuliatoriai, skirti sodo gen\u0117jimo \u017eirkl\u0117ms - li\u010dio akumuliatorius gen\u0117jimui sode, soduose ir vynmed\u017eiuose (akumuliatorin\u0117s gen\u0117jimo \u017eirkl\u0117s)\" \/><img decoding=\"async\" src=\"https:\/\/img-eu.kwcdn.com\/local-goods-img\/20195057b88\/fa303049-95c0-4b74-aa42-fb600ea62ec5_1000x1000.png.format.jpg\" alt=\"Lietiniai akumuliatoriai, skirti sodo gen\u0117jimo \u017eirkl\u0117ms - li\u010dio akumuliatorius gen\u0117jimui sode, soduose ir vynmed\u017eiuose (akumuliatorin\u0117s gen\u0117jimo \u017eirkl\u0117s)\" \/><\/p>","protected":false},"excerpt":{"rendered":"","protected":false},"featured_media":2459,"comment_status":"open","ping_status":"closed","template":"","meta":[],"product_brand":[],"product_cat":[24],"product_tag":[],"class_list":{"0":"post-2458","1":"product","2":"type-product","3":"status-publish","4":"has-post-thumbnail","6":"product_cat-namu-apyvoka","8":"first","9":"instock","10":"sale","11":"shipping-taxable","12":"purchasable","13":"product-type-simple"},"_links":{"self":[{"href":"https:\/\/topsmart.store\/en\/wp-json\/wp\/v2\/product\/2458","targetHints":{"allow":["GET"]}}],"collection":[{"href":"https:\/\/topsmart.store\/en\/wp-json\/wp\/v2\/product"}],"about":[{"href":"https:\/\/topsmart.store\/en\/wp-json\/wp\/v2\/types\/product"}],"replies":[{"embeddable":true,"href":"https:\/\/topsmart.store\/en\/wp-json\/wp\/v2\/comments?post=2458"}],"wp:featuredmedia":[{"embeddable":true,"href":"https:\/\/topsmart.store\/en\/wp-json\/wp\/v2\/media\/2459"}],"wp:attachment":[{"href":"https:\/\/topsmart.store\/en\/wp-json\/wp\/v2\/media?parent=2458"}],"wp:term":[{"taxonomy":"product_brand","embeddable":true,"href":"https:\/\/topsmart.store\/en\/wp-json\/wp\/v2\/product_brand?post=2458"},{"taxonomy":"product_cat","embeddable":true,"href":"https:\/\/topsmart.store\/en\/wp-json\/wp\/v2\/product_cat?post=2458"},{"taxonomy":"product_tag","embeddable":true,"href":"https:\/\/topsmart.store\/en\/wp-json\/wp\/v2\/product_tag?post=2458"}],"curies":[{"name":"wp","href":"https:\/\/api.w.org\/{rel}","templated":true}]}}