{"id":2482,"date":"2026-04-18T12:39:05","date_gmt":"2026-04-18T10:39:05","guid":{"rendered":"https:\/\/topsmart.store\/product\/8-coliu-besepetelis-aukstu-saku-pjuklas-ir-genejimo-zirkles-rinkinys-3-in-1-nesiojamas-belaidis-teleskopinis-aukstu-saku-grandininis-pjuklas-ir-elektrines-genejimo-zirkles-tinkamas-sodo-saku-genejim\/"},"modified":"2026-04-18T12:48:07","modified_gmt":"2026-04-18T10:48:07","slug":"8-coliu-besepetelis-aukstu-saku-pjuklas-ir-genejimo-zirkles-rinkinys-3-in-1-nesiojamas-belaidis-teleskopinis-aukstu-saku-grandininis-pjuklas-ir-elektrines-genejimo-zirkles-tinkamas-sodo-saku-genejim","status":"publish","type":"product","link":"https:\/\/topsmart.store\/en\/product\/8-coliu-besepetelis-aukstu-saku-pjuklas-ir-genejimo-zirkles-rinkinys-3-in-1-nesiojamas-belaidis-teleskopinis-aukstu-saku-grandininis-pjuklas-ir-elektrines-genejimo-zirkles-tinkamas-sodo-saku-genejim\/","title":{"rendered":"8 Inch Brushless High Branch Saw and Pruning Shears Set, 3-in-1 Portable Cordless Telescopic High Branch Chainsaw and Electric Pruning Shears, Suitable for Garden Branch Pruning, Compatible with OENVAN Cordless Outdoor Tools"},"content":{"rendered":"<p>\u012ekrovimo instrukcijos1. Akumuliatoriui \u012fkrauti nenaudokite neoriginali\u0173 \u012fkrovikli\u01732. Prie\u0161 pradedant \u012fkrauti, akumuliatorius turi b\u016bti atv\u0117sintas iki ma\u017eiau nei 40 \u00b0C.Atsargumo priemon\u0117s:1. \u0160alia \u012fkroviklio nelaikykite degi\u0173 ar sprogstam\u0173 med\u017eiag\u01732. Ilgalaikiam laikymui akumuliatoriaus \u012fkrovimas tur\u0117t\u0173 b\u016bti palaikomas tarp 50 % ir 70 %<\/p>\n<p>Saugaus naudojimo patarimai: 1. Jei baterija ne\u012fprastai \u012fkaista, nedelsdami nutraukite \u012fkrovim\u0105. 2. Po nuolatinio intensyvaus naudojimo leiskite baterijai atv\u0117sti 20 minu\u010di\u0173 prie\u0161 \u012fkrovim\u0105. Pastaba: 1. Naudokite m\u016bs\u0173 oficial\u0173 \u012fkrovikl\u012f. D\u0117l saugaus naudojimo kreipkit\u0117s \u012f naudojimo instrukcij\u0105. 2. \u012ekrovimo aplinkos temperat\u016bra: 10 \u00b0C\u201340 \u00b0C. 3. Kai \u012fkroviklio indikatoriaus lemput\u0117 pasikei\u010dia i\u0161 raudonos \u012f \u017eali\u0105, reikia nedelsiant atjungti \u012fkrovikl\u012f, kad i\u0161vengtum\u0117te akumuliatoriaus pa\u017eeidimo d\u0117l per didelio \u012fkrovimo<\/p>\n<p><img decoding=\"async\" src=\"https:\/\/img.kwcdn.com\/product\/fancy\/317e31dd-db80-4902-a10d-215d8d574091.jpg\" alt=\"8 coli\u0173 be\u0161epet\u0117lis auk\u0161t\u0173 \u0161ak\u0173 pj\u016bklas ir gen\u0117jimo \u017eirkl\u0117s rinkinys, 3-in-1 ne\u0161iojamas belaidis teleskopinis auk\u0161t\u0173 \u0161ak\u0173 grandininis pj\u016bklas ir elektrin\u0117s gen\u0117jimo \u017eirkl\u0117s, tinkamas sodo \u0161ak\u0173 gen\u0117jimui, suderinamas su OENVAN akumuliatoriniais lauko \u012frankiais\"><img decoding=\"async\" src=\"https:\/\/img.kwcdn.com\/product\/fancy\/b120a838-1f5e-4ef6-b6fb-14e265c0317d.jpg\" alt=\"8 coli\u0173 be\u0161epet\u0117lis auk\u0161t\u0173 \u0161ak\u0173 pj\u016bklas ir gen\u0117jimo \u017eirkl\u0117s rinkinys, 3-in-1 ne\u0161iojamas belaidis teleskopinis auk\u0161t\u0173 \u0161ak\u0173 grandininis pj\u016bklas ir elektrin\u0117s gen\u0117jimo \u017eirkl\u0117s, tinkamas sodo \u0161ak\u0173 gen\u0117jimui, suderinamas su OENVAN akumuliatoriniais lauko \u012frankiais\"><img decoding=\"async\" src=\"https:\/\/img.kwcdn.com\/product\/fancy\/94b50982-eecb-4342-8ae5-dd67844e9d53.jpg\" alt=\"8 coli\u0173 be\u0161epet\u0117lis auk\u0161t\u0173 \u0161ak\u0173 pj\u016bklas ir gen\u0117jimo \u017eirkl\u0117s rinkinys, 3-in-1 ne\u0161iojamas belaidis teleskopinis auk\u0161t\u0173 \u0161ak\u0173 grandininis pj\u016bklas ir elektrin\u0117s gen\u0117jimo \u017eirkl\u0117s, tinkamas sodo \u0161ak\u0173 gen\u0117jimui, suderinamas su OENVAN akumuliatoriniais lauko \u012frankiais\"><img decoding=\"async\" src=\"https:\/\/img.kwcdn.com\/product\/fancy\/ebccc05b-cdc9-480f-82fc-dcc7ea01089f.jpg\" alt=\"8 coli\u0173 be\u0161epet\u0117lis auk\u0161t\u0173 \u0161ak\u0173 pj\u016bklas ir gen\u0117jimo \u017eirkl\u0117s rinkinys, 3-in-1 ne\u0161iojamas belaidis teleskopinis auk\u0161t\u0173 \u0161ak\u0173 grandininis pj\u016bklas ir elektrin\u0117s gen\u0117jimo \u017eirkl\u0117s, tinkamas sodo \u0161ak\u0173 gen\u0117jimui, suderinamas su OENVAN akumuliatoriniais lauko \u012frankiais\"><img decoding=\"async\" src=\"https:\/\/img.kwcdn.com\/product\/fancy\/6ceadaca-b164-4be1-8892-546a341a1cb8.jpg\" alt=\"8 coli\u0173 be\u0161epet\u0117lis auk\u0161t\u0173 \u0161ak\u0173 pj\u016bklas ir gen\u0117jimo \u017eirkl\u0117s rinkinys, 3-in-1 ne\u0161iojamas belaidis teleskopinis auk\u0161t\u0173 \u0161ak\u0173 grandininis pj\u016bklas ir elektrin\u0117s gen\u0117jimo \u017eirkl\u0117s, tinkamas sodo \u0161ak\u0173 gen\u0117jimui, suderinamas su OENVAN akumuliatoriniais lauko \u012frankiais\"><img decoding=\"async\" src=\"https:\/\/img.kwcdn.com\/product\/fancy\/827b3f4a-8339-460b-8f85-308192502795.jpg\" alt=\"8 coli\u0173 be\u0161epet\u0117lis auk\u0161t\u0173 \u0161ak\u0173 pj\u016bklas ir gen\u0117jimo \u017eirkl\u0117s rinkinys, 3-in-1 ne\u0161iojamas belaidis teleskopinis auk\u0161t\u0173 \u0161ak\u0173 grandininis pj\u016bklas ir elektrin\u0117s gen\u0117jimo \u017eirkl\u0117s, tinkamas sodo \u0161ak\u0173 gen\u0117jimui, suderinamas su OENVAN akumuliatoriniais lauko \u012frankiais\"><img decoding=\"async\" src=\"https:\/\/img.kwcdn.com\/product\/fancy\/66b7e306-e389-4351-9e47-b86b304d3c08.jpg\" alt=\"8 coli\u0173 be\u0161epet\u0117lis auk\u0161t\u0173 \u0161ak\u0173 pj\u016bklas ir gen\u0117jimo \u017eirkl\u0117s rinkinys, 3-in-1 ne\u0161iojamas belaidis teleskopinis auk\u0161t\u0173 \u0161ak\u0173 grandininis pj\u016bklas ir elektrin\u0117s gen\u0117jimo \u017eirkl\u0117s, tinkamas sodo \u0161ak\u0173 gen\u0117jimui, suderinamas su OENVAN akumuliatoriniais lauko \u012frankiais\"><\/p>","protected":false},"excerpt":{"rendered":"<p>\u012ekrovimo instrukcijos1. Akumuliatoriui \u012fkrauti nenaudokite neoriginali\u0173 \u012fkrovikli\u01732. Prie\u0161 pradedant \u012fkrauti, akumuliatorius turi b\u016bti atv\u0117sintas iki ma\u017eiau nei 40 \u00b0C.Atsargumo priemon\u0117s:1. \u0160alia \u012fkroviklio nelaikykite degi\u0173 ar sprogstam\u0173 med\u017eiag\u01732. Ilgalaikiam laikymui akumuliatoriaus \u012fkrovimas tur\u0117t\u0173 b\u016bti palaikomas tarp 50 % ir 70 % Saugaus naudojimo patarimai: 1. Jei baterija ne\u012fprastai \u012fkaista, nedelsdami nutraukite \u012fkrovim\u0105. 2. Po nuolatinio intensyvaus [&hellip;]<\/p>\n","protected":false},"featured_media":2483,"comment_status":"open","ping_status":"closed","template":"","meta":[],"product_brand":[],"product_cat":[24],"product_tag":[],"class_list":{"0":"post-2482","1":"product","2":"type-product","3":"status-publish","4":"has-post-thumbnail","6":"product_cat-namu-apyvoka","8":"first","9":"instock","10":"sale","11":"shipping-taxable","12":"purchasable","13":"product-type-variable"},"_links":{"self":[{"href":"https:\/\/topsmart.store\/en\/wp-json\/wp\/v2\/product\/2482","targetHints":{"allow":["GET"]}}],"collection":[{"href":"https:\/\/topsmart.store\/en\/wp-json\/wp\/v2\/product"}],"about":[{"href":"https:\/\/topsmart.store\/en\/wp-json\/wp\/v2\/types\/product"}],"replies":[{"embeddable":true,"href":"https:\/\/topsmart.store\/en\/wp-json\/wp\/v2\/comments?post=2482"}],"wp:featuredmedia":[{"embeddable":true,"href":"https:\/\/topsmart.store\/en\/wp-json\/wp\/v2\/media\/2483"}],"wp:attachment":[{"href":"https:\/\/topsmart.store\/en\/wp-json\/wp\/v2\/media?parent=2482"}],"wp:term":[{"taxonomy":"product_brand","embeddable":true,"href":"https:\/\/topsmart.store\/en\/wp-json\/wp\/v2\/product_brand?post=2482"},{"taxonomy":"product_cat","embeddable":true,"href":"https:\/\/topsmart.store\/en\/wp-json\/wp\/v2\/product_cat?post=2482"},{"taxonomy":"product_tag","embeddable":true,"href":"https:\/\/topsmart.store\/en\/wp-json\/wp\/v2\/product_tag?post=2482"}],"curies":[{"name":"wp","href":"https:\/\/api.w.org\/{rel}","templated":true}]}}