{"id":2500,"date":"2026-04-18T12:39:33","date_gmt":"2026-04-18T10:39:33","guid":{"rendered":"https:\/\/topsmart.store\/product\/suvirinimo-suktuvas-be-sepeteliu-skirtas-makita-18v-tik-irankis-380n-m-maksimalus-sukimo-momentas-reguliuojamas-greitis-ir-led-lempute-profesionaliam-naudojimui-ir-namu-remontui-statyboms\/"},"modified":"2026-04-18T12:47:18","modified_gmt":"2026-04-18T10:47:18","slug":"suvirinimo-suktuvas-be-sepeteliu-skirtas-makita-18v-tik-irankis-380n-m-maksimalus-sukimo-momentas-reguliuojamas-greitis-ir-led-lempute-profesionaliam-naudojimui-ir-namu-remontui-statyboms","status":"publish","type":"product","link":"https:\/\/topsmart.store\/en\/product\/suvirinimo-suktuvas-be-sepeteliu-skirtas-makita-18v-tik-irankis-380n-m-maksimalus-sukimo-momentas-reguliuojamas-greitis-ir-led-lempute-profesionaliam-naudojimui-ir-namu-remontui-statyboms\/","title":{"rendered":"Brushless Welding Screwdriver for Makita 18V (Tool Only) | 380N.M Max Torque, Adjustable Speed and LED Light | For Professional Use and Home Repair, Construction"},"content":{"rendered":"<p><img decoding=\"async\" src=\"https:\/\/img.kwcdn.com\/product\/open\/a9dbf95c4daf415ba2786dcfa2017778-goods.jpeg\" alt=\"Suvirinimo suktuvas be \u0161epet\u0117li\u0173, skirtas Makita 18V (tik \u012frankis) | 380N.M maksimalus sukimo momentas, reguliuojamas greitis ir LED lemput\u0117 | Profesionaliam naudojimui ir nam\u0173 remontui, statyboms\"><img decoding=\"async\" src=\"https:\/\/img.kwcdn.com\/product\/open\/105d85028ba14cbeb4c1bbb2627b9f9c-goods.jpeg\" alt=\"Suvirinimo suktuvas be \u0161epet\u0117li\u0173, skirtas Makita 18V (tik \u012frankis) | 380N.M maksimalus sukimo momentas, reguliuojamas greitis ir LED lemput\u0117 | Profesionaliam naudojimui ir nam\u0173 remontui, statyboms\"><img decoding=\"async\" src=\"https:\/\/img.kwcdn.com\/product\/open\/83997b8f81b149bf807e7e5e02976653-goods.jpeg\" alt=\"Suvirinimo suktuvas be \u0161epet\u0117li\u0173, skirtas Makita 18V (tik \u012frankis) | 380N.M maksimalus sukimo momentas, reguliuojamas greitis ir LED lemput\u0117 | Profesionaliam naudojimui ir nam\u0173 remontui, statyboms\"><img decoding=\"async\" src=\"https:\/\/img.kwcdn.com\/product\/open\/a847a53424ff4a95bbb1b287d89f3206-goods.jpeg\" alt=\"Suvirinimo suktuvas be \u0161epet\u0117li\u0173, skirtas Makita 18V (tik \u012frankis) | 380N.M maksimalus sukimo momentas, reguliuojamas greitis ir LED lemput\u0117 | Profesionaliam naudojimui ir nam\u0173 remontui, statyboms\"><img decoding=\"async\" src=\"https:\/\/img.kwcdn.com\/product\/open\/9390e93095aa412ab2ada9bdace41367-goods.jpeg\" alt=\"Suvirinimo suktuvas be \u0161epet\u0117li\u0173, skirtas Makita 18V (tik \u012frankis) | 380N.M maksimalus sukimo momentas, reguliuojamas greitis ir LED lemput\u0117 | Profesionaliam naudojimui ir nam\u0173 remontui, statyboms\"><img decoding=\"async\" src=\"https:\/\/img.kwcdn.com\/product\/open\/0bb183c386434a689fe995ee297e9d45-goods.jpeg\" alt=\"Suvirinimo suktuvas be \u0161epet\u0117li\u0173, skirtas Makita 18V (tik \u012frankis) | 380N.M maksimalus sukimo momentas, reguliuojamas greitis ir LED lemput\u0117 | Profesionaliam naudojimui ir nam\u0173 remontui, statyboms\"><img decoding=\"async\" src=\"https:\/\/img.kwcdn.com\/product\/open\/77c3ba494c624deda25100d59d144472-goods.jpeg\" alt=\"Suvirinimo suktuvas be \u0161epet\u0117li\u0173, skirtas Makita 18V (tik \u012frankis) | 380N.M maksimalus sukimo momentas, reguliuojamas greitis ir LED lemput\u0117 | Profesionaliam naudojimui ir nam\u0173 remontui, statyboms\"><img decoding=\"async\" src=\"https:\/\/img.kwcdn.com\/product\/open\/57f724f653ca4e82b018c0afdf0b1de4-goods.jpeg\" alt=\"Suvirinimo suktuvas be \u0161epet\u0117li\u0173, skirtas Makita 18V (tik \u012frankis) | 380N.M maksimalus sukimo momentas, reguliuojamas greitis ir LED lemput\u0117 | Profesionaliam naudojimui ir nam\u0173 remontui, statyboms\"><\/p>","protected":false},"excerpt":{"rendered":"","protected":false},"featured_media":2501,"comment_status":"open","ping_status":"closed","template":"","meta":[],"product_brand":[],"product_cat":[24],"product_tag":[],"class_list":{"0":"post-2500","1":"product","2":"type-product","3":"status-publish","4":"has-post-thumbnail","6":"product_cat-namu-apyvoka","8":"first","9":"instock","10":"sale","11":"shipping-taxable","12":"purchasable","13":"product-type-simple"},"_links":{"self":[{"href":"https:\/\/topsmart.store\/en\/wp-json\/wp\/v2\/product\/2500","targetHints":{"allow":["GET"]}}],"collection":[{"href":"https:\/\/topsmart.store\/en\/wp-json\/wp\/v2\/product"}],"about":[{"href":"https:\/\/topsmart.store\/en\/wp-json\/wp\/v2\/types\/product"}],"replies":[{"embeddable":true,"href":"https:\/\/topsmart.store\/en\/wp-json\/wp\/v2\/comments?post=2500"}],"wp:featuredmedia":[{"embeddable":true,"href":"https:\/\/topsmart.store\/en\/wp-json\/wp\/v2\/media\/2501"}],"wp:attachment":[{"href":"https:\/\/topsmart.store\/en\/wp-json\/wp\/v2\/media?parent=2500"}],"wp:term":[{"taxonomy":"product_brand","embeddable":true,"href":"https:\/\/topsmart.store\/en\/wp-json\/wp\/v2\/product_brand?post=2500"},{"taxonomy":"product_cat","embeddable":true,"href":"https:\/\/topsmart.store\/en\/wp-json\/wp\/v2\/product_cat?post=2500"},{"taxonomy":"product_tag","embeddable":true,"href":"https:\/\/topsmart.store\/en\/wp-json\/wp\/v2\/product_tag?post=2500"}],"curies":[{"name":"wp","href":"https:\/\/api.w.org\/{rel}","templated":true}]}}