{"id":2537,"date":"2026-04-18T12:41:01","date_gmt":"2026-04-18T10:41:01","guid":{"rendered":"https:\/\/topsmart.store\/product\/belaidis-elektrinis-traktorius-taskstar-turi-is-viso-4000mah-ikraunama-ir-keiciama-akumuliatori-su-pazangiu-varikliu-kad-veikimas-butu-sklandus\/"},"modified":"2026-04-18T12:48:06","modified_gmt":"2026-04-18T10:48:06","slug":"belaidis-elektrinis-traktorius-taskstar-turi-is-viso-4000mah-ikraunama-ir-keiciama-akumuliatori-su-pazangiu-varikliu-kad-veikimas-butu-sklandus","status":"publish","type":"product","link":"https:\/\/topsmart.store\/en\/product\/belaidis-elektrinis-traktorius-taskstar-turi-is-viso-4000mah-ikraunama-ir-keiciama-akumuliatori-su-pazangiu-varikliu-kad-veikimas-butu-sklandus\/","title":{"rendered":"Cordless Electric Tractor - Taskstar has a total of 4000Mah rechargeable and replaceable battery, with an advanced motor for smooth operation"},"content":{"rendered":"<p>Produkto apra\u0161ymas<\/p>\n<p><img decoding=\"async\" src=\"https:\/\/img.kwcdn.com\/product\/open\/9ec91a754b074f0c9239df528ba6d883-goods.jpeg\" alt=\"Belaidis elektrinis traktorius - Taskstar turi i\u0161 viso 4000Mah \u012fkraunam\u0105 ir kei\u010diam\u0105 akumuliatori, su pa\u017eangiu varikliu, kad veikimas b\u016bt\u0173 sklandus\"><img decoding=\"async\" src=\"https:\/\/img.kwcdn.com\/product\/open\/be9ae2ea384942a38ffc53c52e31096c-goods.jpeg\" alt=\"Belaidis elektrinis traktorius - Taskstar turi i\u0161 viso 4000Mah \u012fkraunam\u0105 ir kei\u010diam\u0105 akumuliatori, su pa\u017eangiu varikliu, kad veikimas b\u016bt\u0173 sklandus\"><img decoding=\"async\" src=\"https:\/\/img.kwcdn.com\/product\/open\/c9b35c95e29748439cb15ba4d76cb7c9-goods.jpeg\" alt=\"Belaidis elektrinis traktorius - Taskstar turi i\u0161 viso 4000Mah \u012fkraunam\u0105 ir kei\u010diam\u0105 akumuliatori, su pa\u017eangiu varikliu, kad veikimas b\u016bt\u0173 sklandus\"><img decoding=\"async\" src=\"https:\/\/img.kwcdn.com\/product\/open\/c3d9a63d3de142bd9a5176c9cf2662bc-goods.jpeg\" alt=\"Belaidis elektrinis traktorius - Taskstar turi i\u0161 viso 4000Mah \u012fkraunam\u0105 ir kei\u010diam\u0105 akumuliatori, su pa\u017eangiu varikliu, kad veikimas b\u016bt\u0173 sklandus\"><img decoding=\"async\" src=\"https:\/\/img.kwcdn.com\/product\/open\/e59c4eafc6f3455fb8bcd6644d15e705-goods.jpeg\" alt=\"Belaidis elektrinis traktorius - Taskstar turi i\u0161 viso 4000Mah \u012fkraunam\u0105 ir kei\u010diam\u0105 akumuliatori, su pa\u017eangiu varikliu, kad veikimas b\u016bt\u0173 sklandus\"><img decoding=\"async\" src=\"https:\/\/img.kwcdn.com\/product\/open\/c37593fa6a4340b9acf4ad346814b119-goods.jpeg\" alt=\"Belaidis elektrinis traktorius - Taskstar turi i\u0161 viso 4000Mah \u012fkraunam\u0105 ir kei\u010diam\u0105 akumuliatori, su pa\u017eangiu varikliu, kad veikimas b\u016bt\u0173 sklandus\"><img decoding=\"async\" src=\"https:\/\/img.kwcdn.com\/product\/open\/acdef59f4f2c4996a076d3defbf2a5f8-goods.jpeg\" alt=\"Belaidis elektrinis traktorius - Taskstar turi i\u0161 viso 4000Mah \u012fkraunam\u0105 ir kei\u010diam\u0105 akumuliatori, su pa\u017eangiu varikliu, kad veikimas b\u016bt\u0173 sklandus\"><img decoding=\"async\" src=\"https:\/\/img.kwcdn.com\/product\/open\/1cf48ce191b0404e93fa067e47fe5f68-goods.jpeg\" alt=\"Belaidis elektrinis traktorius - Taskstar turi i\u0161 viso 4000Mah \u012fkraunam\u0105 ir kei\u010diam\u0105 akumuliatori, su pa\u017eangiu varikliu, kad veikimas b\u016bt\u0173 sklandus\"><img decoding=\"async\" src=\"https:\/\/img.kwcdn.com\/product\/open\/c2528d13dbfc4b9d8d13f74d914d9191-goods.jpeg\" alt=\"Belaidis elektrinis traktorius - Taskstar turi i\u0161 viso 4000Mah \u012fkraunam\u0105 ir kei\u010diam\u0105 akumuliatori, su pa\u017eangiu varikliu, kad veikimas b\u016bt\u0173 sklandus\"><img decoding=\"async\" src=\"https:\/\/img.kwcdn.com\/product\/open\/c163f2207dc74bdaa3f42a61f3b212c8-goods.jpeg\" alt=\"Belaidis elektrinis traktorius - Taskstar turi i\u0161 viso 4000Mah \u012fkraunam\u0105 ir kei\u010diam\u0105 akumuliatori, su pa\u017eangiu varikliu, kad veikimas b\u016bt\u0173 sklandus\"><img decoding=\"async\" src=\"https:\/\/img.kwcdn.com\/product\/open\/1dde9b9d0c704ee2ac507c9c0113657a-goods.jpeg\" alt=\"Belaidis elektrinis traktorius - Taskstar turi i\u0161 viso 4000Mah \u012fkraunam\u0105 ir kei\u010diam\u0105 akumuliatori, su pa\u017eangiu varikliu, kad veikimas b\u016bt\u0173 sklandus\"><img decoding=\"async\" src=\"https:\/\/img.kwcdn.com\/product\/open\/a3fb1b5966534dd3a5d9d650bbd7492f-goods.jpeg\" alt=\"Belaidis elektrinis traktorius - Taskstar turi i\u0161 viso 4000Mah \u012fkraunam\u0105 ir kei\u010diam\u0105 akumuliatori, su pa\u017eangiu varikliu, kad veikimas b\u016bt\u0173 sklandus\"><\/p>","protected":false},"excerpt":{"rendered":"<p>Produkto apra\u0161ymas<\/p>","protected":false},"featured_media":2538,"comment_status":"open","ping_status":"closed","template":"","meta":[],"product_brand":[],"product_cat":[24],"product_tag":[],"class_list":{"0":"post-2537","1":"product","2":"type-product","3":"status-publish","4":"has-post-thumbnail","6":"product_cat-namu-apyvoka","8":"first","9":"instock","10":"sale","11":"shipping-taxable","12":"purchasable","13":"product-type-simple"},"_links":{"self":[{"href":"https:\/\/topsmart.store\/en\/wp-json\/wp\/v2\/product\/2537","targetHints":{"allow":["GET"]}}],"collection":[{"href":"https:\/\/topsmart.store\/en\/wp-json\/wp\/v2\/product"}],"about":[{"href":"https:\/\/topsmart.store\/en\/wp-json\/wp\/v2\/types\/product"}],"replies":[{"embeddable":true,"href":"https:\/\/topsmart.store\/en\/wp-json\/wp\/v2\/comments?post=2537"}],"wp:featuredmedia":[{"embeddable":true,"href":"https:\/\/topsmart.store\/en\/wp-json\/wp\/v2\/media\/2538"}],"wp:attachment":[{"href":"https:\/\/topsmart.store\/en\/wp-json\/wp\/v2\/media?parent=2537"}],"wp:term":[{"taxonomy":"product_brand","embeddable":true,"href":"https:\/\/topsmart.store\/en\/wp-json\/wp\/v2\/product_brand?post=2537"},{"taxonomy":"product_cat","embeddable":true,"href":"https:\/\/topsmart.store\/en\/wp-json\/wp\/v2\/product_cat?post=2537"},{"taxonomy":"product_tag","embeddable":true,"href":"https:\/\/topsmart.store\/en\/wp-json\/wp\/v2\/product_tag?post=2537"}],"curies":[{"name":"wp","href":"https:\/\/api.w.org\/{rel}","templated":true}]}}