{"id":2551,"date":"2026-04-18T12:41:29","date_gmt":"2026-04-18T10:41:29","guid":{"rendered":"https:\/\/topsmart.store\/product\/akumuliatorinis-elektrinis-greztuvas-10-mm-elektrinis-atsuktuvas-elektriniu-irankiu-rinkinys-skirtas-pramoniniam-grezimui-namu-renovacijai-ir-baldu-surinkimui\/"},"modified":"2026-04-18T12:48:06","modified_gmt":"2026-04-18T10:48:06","slug":"akumuliatorinis-elektrinis-greztuvas-10-mm-elektrinis-atsuktuvas-elektriniu-irankiu-rinkinys-skirtas-pramoniniam-grezimui-namu-renovacijai-ir-baldu-surinkimui","status":"publish","type":"product","link":"https:\/\/topsmart.store\/en\/product\/akumuliatorinis-elektrinis-greztuvas-10-mm-elektrinis-atsuktuvas-elektriniu-irankiu-rinkinys-skirtas-pramoniniam-grezimui-namu-renovacijai-ir-baldu-surinkimui\/","title":{"rendered":"Cordless electric drill, 10mm electric screwdriver, power tool set - for industrial drilling, home renovation and furniture assembly"},"content":{"rendered":"<p><img decoding=\"async\" src=\"https:\/\/img.kwcdn.com\/product\/fancy\/44e0af54-ef6b-4225-9b4a-629247c12a39.jpg\" alt=\"Akumuliatorinis elektrinis gr\u0119\u017etuvas, 10 mm elektrinis atsuktuvas, elektrini\u0173 \u012franki\u0173 rinkinys - skirtas pramoniniam gr\u0119\u017eimui, nam\u0173 renovacijai ir bald\u0173 surinkimui\"><img decoding=\"async\" src=\"https:\/\/img.kwcdn.com\/product\/fancy\/73513cc7-6bc0-4341-9575-dc4034ae3a0d.jpg\" alt=\"Akumuliatorinis elektrinis gr\u0119\u017etuvas, 10 mm elektrinis atsuktuvas, elektrini\u0173 \u012franki\u0173 rinkinys - skirtas pramoniniam gr\u0119\u017eimui, nam\u0173 renovacijai ir bald\u0173 surinkimui\"><img decoding=\"async\" src=\"https:\/\/img.kwcdn.com\/product\/fancy\/9f8959e9-ecbc-4dfc-92f5-2f3cd7056a09.jpg\" alt=\"Akumuliatorinis elektrinis gr\u0119\u017etuvas, 10 mm elektrinis atsuktuvas, elektrini\u0173 \u012franki\u0173 rinkinys - skirtas pramoniniam gr\u0119\u017eimui, nam\u0173 renovacijai ir bald\u0173 surinkimui\"><img decoding=\"async\" src=\"https:\/\/img.kwcdn.com\/product\/fancy\/40547781-5e8d-4d4b-9fc9-96a58cfa8781.jpg\" alt=\"Akumuliatorinis elektrinis gr\u0119\u017etuvas, 10 mm elektrinis atsuktuvas, elektrini\u0173 \u012franki\u0173 rinkinys - skirtas pramoniniam gr\u0119\u017eimui, nam\u0173 renovacijai ir bald\u0173 surinkimui\"><img decoding=\"async\" src=\"https:\/\/img.kwcdn.com\/product\/fancy\/d93a419c-598d-488b-9c60-bf9a0e9d5dfd.jpg\" alt=\"Akumuliatorinis elektrinis gr\u0119\u017etuvas, 10 mm elektrinis atsuktuvas, elektrini\u0173 \u012franki\u0173 rinkinys - skirtas pramoniniam gr\u0119\u017eimui, nam\u0173 renovacijai ir bald\u0173 surinkimui\"><img decoding=\"async\" src=\"https:\/\/img.kwcdn.com\/product\/fancy\/de4de63e-45e6-4caf-85da-45d8b58c559d.jpg\" alt=\"Akumuliatorinis elektrinis gr\u0119\u017etuvas, 10 mm elektrinis atsuktuvas, elektrini\u0173 \u012franki\u0173 rinkinys - skirtas pramoniniam gr\u0119\u017eimui, nam\u0173 renovacijai ir bald\u0173 surinkimui\"><img decoding=\"async\" src=\"https:\/\/img.kwcdn.com\/product\/fancy\/d5335f2e-ce1a-4347-9ec8-39c88490617d.jpg\" alt=\"Akumuliatorinis elektrinis gr\u0119\u017etuvas, 10 mm elektrinis atsuktuvas, elektrini\u0173 \u012franki\u0173 rinkinys - skirtas pramoniniam gr\u0119\u017eimui, nam\u0173 renovacijai ir bald\u0173 surinkimui\"><\/p>","protected":false},"excerpt":{"rendered":"","protected":false},"featured_media":2552,"comment_status":"open","ping_status":"closed","template":"","meta":[],"product_brand":[],"product_cat":[24],"product_tag":[],"class_list":{"0":"post-2551","1":"product","2":"type-product","3":"status-publish","4":"has-post-thumbnail","6":"product_cat-namu-apyvoka","8":"first","9":"instock","10":"sale","11":"shipping-taxable","12":"purchasable","13":"product-type-variable"},"_links":{"self":[{"href":"https:\/\/topsmart.store\/en\/wp-json\/wp\/v2\/product\/2551","targetHints":{"allow":["GET"]}}],"collection":[{"href":"https:\/\/topsmart.store\/en\/wp-json\/wp\/v2\/product"}],"about":[{"href":"https:\/\/topsmart.store\/en\/wp-json\/wp\/v2\/types\/product"}],"replies":[{"embeddable":true,"href":"https:\/\/topsmart.store\/en\/wp-json\/wp\/v2\/comments?post=2551"}],"wp:featuredmedia":[{"embeddable":true,"href":"https:\/\/topsmart.store\/en\/wp-json\/wp\/v2\/media\/2552"}],"wp:attachment":[{"href":"https:\/\/topsmart.store\/en\/wp-json\/wp\/v2\/media?parent=2551"}],"wp:term":[{"taxonomy":"product_brand","embeddable":true,"href":"https:\/\/topsmart.store\/en\/wp-json\/wp\/v2\/product_brand?post=2551"},{"taxonomy":"product_cat","embeddable":true,"href":"https:\/\/topsmart.store\/en\/wp-json\/wp\/v2\/product_cat?post=2551"},{"taxonomy":"product_tag","embeddable":true,"href":"https:\/\/topsmart.store\/en\/wp-json\/wp\/v2\/product_tag?post=2551"}],"curies":[{"name":"wp","href":"https:\/\/api.w.org\/{rel}","templated":true}]}}