{"id":2559,"date":"2026-04-18T12:41:40","date_gmt":"2026-04-18T10:41:40","guid":{"rendered":"https:\/\/topsmart.store\/product\/ukliss-1000w-5-in-1-karsto-oro-sepetys-ir-stiliaus-sukos-isjungiamas-garbanotuvas-ir-plokstintuvas-su-apvaliu-sepeteliu-tinkamas-slapiam-sausam-plaukams-tinkamas-salonu-stiliui-modelis-5\/"},"modified":"2026-04-18T12:47:45","modified_gmt":"2026-04-18T10:47:45","slug":"ukliss-1000w-5-in-1-karsto-oro-sepetys-ir-stiliaus-sukos-isjungiamas-garbanotuvas-ir-plokstintuvas-su-apvaliu-sepeteliu-tinkamas-slapiam-sausam-plaukams-tinkamas-salonu-stiliui-modelis-5","status":"publish","type":"product","link":"https:\/\/topsmart.store\/en\/product\/ukliss-1000w-5-in-1-karsto-oro-sepetys-ir-stiliaus-sukos-isjungiamas-garbanotuvas-ir-plokstintuvas-su-apvaliu-sepeteliu-tinkamas-slapiam-sausam-plaukams-tinkamas-salonu-stiliui-modelis-5\/","title":{"rendered":"UKLISS 1000W 5-in-1 Hot Air Brush and Styling Comb \u2013 Switchable Curling Iron and Flat Iron with Round Brush, Suitable for Wet\/Dry Hair, Suitable for Salon Styling (Model: 5-in-1 Multifunctional Hair Styler)"},"content":{"rendered":"<p><img decoding=\"async\" src=\"https:\/\/img.kwcdn.com\/product\/fancy\/582be850-ceea-4baf-9ec5-0b93fbeab774.jpg\" alt=\"UKLISS 1000W 5-in-1 Kar\u0161to Oro \u0160epetys ir Stiliaus \u0160ukos \u2013 I\u0161jungiamas Garbanotuvas ir Plok\u0161tintuvas su Apvaliu \u0160epet\u0117liu, Tinkamas \u0160lapiam\/Sausam Plaukams, Tinkamas Salon\u0173 Stiliui (Modelis: 5-in-1 Daugiafunkcis Plauk\u0173 Stilius)\"><img decoding=\"async\" src=\"https:\/\/img.kwcdn.com\/product\/fancy\/636d02d8-e656-45f7-a616-e9eb10cb7852.jpg\" alt=\"UKLISS 1000W 5-in-1 Kar\u0161to Oro \u0160epetys ir Stiliaus \u0160ukos \u2013 I\u0161jungiamas Garbanotuvas ir Plok\u0161tintuvas su Apvaliu \u0160epet\u0117liu, Tinkamas \u0160lapiam\/Sausam Plaukams, Tinkamas Salon\u0173 Stiliui (Modelis: 5-in-1 Daugiafunkcis Plauk\u0173 Stilius)\"><img decoding=\"async\" src=\"https:\/\/img.kwcdn.com\/product\/fancy\/e24b0c2b-362c-4487-8650-b270dfeb8d81.jpg\" alt=\"UKLISS 1000W 5-in-1 Kar\u0161to Oro \u0160epetys ir Stiliaus \u0160ukos \u2013 I\u0161jungiamas Garbanotuvas ir Plok\u0161tintuvas su Apvaliu \u0160epet\u0117liu, Tinkamas \u0160lapiam\/Sausam Plaukams, Tinkamas Salon\u0173 Stiliui (Modelis: 5-in-1 Daugiafunkcis Plauk\u0173 Stilius)\"><img decoding=\"async\" src=\"https:\/\/img.kwcdn.com\/product\/fancy\/99784148-e34e-47a9-8ce4-6745657b8673.jpg\" alt=\"UKLISS 1000W 5-in-1 Kar\u0161to Oro \u0160epetys ir Stiliaus \u0160ukos \u2013 I\u0161jungiamas Garbanotuvas ir Plok\u0161tintuvas su Apvaliu \u0160epet\u0117liu, Tinkamas \u0160lapiam\/Sausam Plaukams, Tinkamas Salon\u0173 Stiliui (Modelis: 5-in-1 Daugiafunkcis Plauk\u0173 Stilius)\"><img decoding=\"async\" src=\"https:\/\/img.kwcdn.com\/product\/fancy\/e26c09af-87e2-4e5a-aaf9-717dbd2a36db.jpg\" alt=\"UKLISS 1000W 5-in-1 Kar\u0161to Oro \u0160epetys ir Stiliaus \u0160ukos \u2013 I\u0161jungiamas Garbanotuvas ir Plok\u0161tintuvas su Apvaliu \u0160epet\u0117liu, Tinkamas \u0160lapiam\/Sausam Plaukams, Tinkamas Salon\u0173 Stiliui (Modelis: 5-in-1 Daugiafunkcis Plauk\u0173 Stilius)\"><img decoding=\"async\" src=\"https:\/\/img.kwcdn.com\/product\/fancy\/24a190b1-17ed-4cd6-ad3a-89ff280b9604.jpg\" alt=\"UKLISS 1000W 5-in-1 Kar\u0161to Oro \u0160epetys ir Stiliaus \u0160ukos \u2013 I\u0161jungiamas Garbanotuvas ir Plok\u0161tintuvas su Apvaliu \u0160epet\u0117liu, Tinkamas \u0160lapiam\/Sausam Plaukams, Tinkamas Salon\u0173 Stiliui (Modelis: 5-in-1 Daugiafunkcis Plauk\u0173 Stilius)\"><img decoding=\"async\" src=\"https:\/\/img.kwcdn.com\/product\/fancy\/3b26fc21-1d09-4fe8-8041-909cb3c23354.jpg\" alt=\"UKLISS 1000W 5-in-1 Kar\u0161to Oro \u0160epetys ir Stiliaus \u0160ukos \u2013 I\u0161jungiamas Garbanotuvas ir Plok\u0161tintuvas su Apvaliu \u0160epet\u0117liu, Tinkamas \u0160lapiam\/Sausam Plaukams, Tinkamas Salon\u0173 Stiliui (Modelis: 5-in-1 Daugiafunkcis Plauk\u0173 Stilius)\"><img decoding=\"async\" src=\"https:\/\/img.kwcdn.com\/product\/fancy\/39ddada9-06d4-46e6-812b-f125d5f175bf.jpg\" alt=\"UKLISS 1000W 5-in-1 Kar\u0161to Oro \u0160epetys ir Stiliaus \u0160ukos \u2013 I\u0161jungiamas Garbanotuvas ir Plok\u0161tintuvas su Apvaliu \u0160epet\u0117liu, Tinkamas \u0160lapiam\/Sausam Plaukams, Tinkamas Salon\u0173 Stiliui (Modelis: 5-in-1 Daugiafunkcis Plauk\u0173 Stilius)\"><\/p>","protected":false},"excerpt":{"rendered":"","protected":false},"featured_media":2560,"comment_status":"open","ping_status":"closed","template":"","meta":[],"product_brand":[],"product_cat":[25],"product_tag":[],"class_list":{"0":"post-2559","1":"product","2":"type-product","3":"status-publish","4":"has-post-thumbnail","6":"product_cat-grozis-ir-sveikata","8":"first","9":"instock","10":"sale","11":"shipping-taxable","12":"purchasable","13":"product-type-simple"},"_links":{"self":[{"href":"https:\/\/topsmart.store\/en\/wp-json\/wp\/v2\/product\/2559","targetHints":{"allow":["GET"]}}],"collection":[{"href":"https:\/\/topsmart.store\/en\/wp-json\/wp\/v2\/product"}],"about":[{"href":"https:\/\/topsmart.store\/en\/wp-json\/wp\/v2\/types\/product"}],"replies":[{"embeddable":true,"href":"https:\/\/topsmart.store\/en\/wp-json\/wp\/v2\/comments?post=2559"}],"wp:featuredmedia":[{"embeddable":true,"href":"https:\/\/topsmart.store\/en\/wp-json\/wp\/v2\/media\/2560"}],"wp:attachment":[{"href":"https:\/\/topsmart.store\/en\/wp-json\/wp\/v2\/media?parent=2559"}],"wp:term":[{"taxonomy":"product_brand","embeddable":true,"href":"https:\/\/topsmart.store\/en\/wp-json\/wp\/v2\/product_brand?post=2559"},{"taxonomy":"product_cat","embeddable":true,"href":"https:\/\/topsmart.store\/en\/wp-json\/wp\/v2\/product_cat?post=2559"},{"taxonomy":"product_tag","embeddable":true,"href":"https:\/\/topsmart.store\/en\/wp-json\/wp\/v2\/product_tag?post=2559"}],"curies":[{"name":"wp","href":"https:\/\/api.w.org\/{rel}","templated":true}]}}