{"id":2578,"date":"2026-04-18T12:42:50","date_gmt":"2026-04-18T10:42:50","guid":{"rendered":"https:\/\/topsmart.store\/product\/2000w-besepete-elektrine-kampine-slifuokle-125mm-auksine-metalo-ir-medzio-slifavimo-bei-poliravimo-irankiu-rinkinys-tinka-baldu-dekoravimui-pramoninems-kiemu-erdvems-belaide-elektrine-kampine-slif\/"},"modified":"2026-04-18T12:48:11","modified_gmt":"2026-04-18T10:48:11","slug":"2000w-besepete-elektrine-kampine-slifuokle-125mm-auksine-metalo-ir-medzio-slifavimo-bei-poliravimo-irankiu-rinkinys-tinka-baldu-dekoravimui-pramoninems-kiemu-erdvems-belaide-elektrine-kampine-slif","status":"publish","type":"product","link":"https:\/\/topsmart.store\/en\/product\/2000w-besepete-elektrine-kampine-slifuokle-125mm-auksine-metalo-ir-medzio-slifavimo-bei-poliravimo-irankiu-rinkinys-tinka-baldu-dekoravimui-pramoninems-kiemu-erdvems-belaide-elektrine-kampine-slif\/","title":{"rendered":"2000W Brushless Electric Angle Grinder, 125mm Gold Metal and Wood Sanding and Polishing Tool Set, Suitable for Furniture Decoration, Industrial Yard Spaces, Cordless Electric Angle Grinder Polisher, Compatible with YOFIDRA Batteries"},"content":{"rendered":"<p>Savyb\u0117s: &#8211; \u0160epet\u0117lio variklis, didel\u0117 galia, apsauga nuo perkrovos, u\u017ekerta keli\u0105 perdegimui &#8211; Pa\u017eangus ekranas, realiuoju laiku rodomi gedim\u0173 prane\u0161imai &#8211; Kompakti\u0161ka rankena, nedidelis svoris, patogus darbas lauke- Nuimamas dang\u010dio tinklelis, kad b\u016bt\u0173 i\u0161vengta \u0161iuk\u0161li\u0173 patekimo ir pailgintas tarnavimo laikas- Puikus \u0161ilumos i\u0161sklaidymas, trimatis \u0161ilumos i\u0161sklaidymas, apsaugo varikl\u012f<\/p>\n<p><img decoding=\"async\" src=\"https:\/\/img.kwcdn.com\/product\/fancy\/1ce376c2-1b93-4cf1-b94c-9655a304a04c.jpg\" alt=\"2000W Be\u0161epet\u0117 Elektrin\u0117 Kampin\u0117 \u0160lifuokl\u0117, 125mm Auksin\u0117 Metalo ir Med\u017eio \u0160lifavimo bei Poliravimo \u012eranki\u0173 Rinkinys, Tinka Bald\u0173 Dekoravimui, Pramonin\u0117ms Kiem\u0173 Erdv\u0117ms, Belaid\u0117 Elektrin\u0117 Kampin\u0117 \u0160lifuokl\u0117 Poliruokl\u0117, Suderinama su YOFIDRA Baterijomis\"><img decoding=\"async\" src=\"https:\/\/img.kwcdn.com\/product\/fancy\/a5a9181b-14d7-4a2e-9af7-66afc4a7d809.jpg\" alt=\"2000W Be\u0161epet\u0117 Elektrin\u0117 Kampin\u0117 \u0160lifuokl\u0117, 125mm Auksin\u0117 Metalo ir Med\u017eio \u0160lifavimo bei Poliravimo \u012eranki\u0173 Rinkinys, Tinka Bald\u0173 Dekoravimui, Pramonin\u0117ms Kiem\u0173 Erdv\u0117ms, Belaid\u0117 Elektrin\u0117 Kampin\u0117 \u0160lifuokl\u0117 Poliruokl\u0117, Suderinama su YOFIDRA Baterijomis\"><img decoding=\"async\" src=\"https:\/\/img.kwcdn.com\/product\/fancy\/5113153c-2bbc-4eac-868a-cdc9ef6aebe3.jpg\" alt=\"2000W Be\u0161epet\u0117 Elektrin\u0117 Kampin\u0117 \u0160lifuokl\u0117, 125mm Auksin\u0117 Metalo ir Med\u017eio \u0160lifavimo bei Poliravimo \u012eranki\u0173 Rinkinys, Tinka Bald\u0173 Dekoravimui, Pramonin\u0117ms Kiem\u0173 Erdv\u0117ms, Belaid\u0117 Elektrin\u0117 Kampin\u0117 \u0160lifuokl\u0117 Poliruokl\u0117, Suderinama su YOFIDRA Baterijomis\"><img decoding=\"async\" src=\"https:\/\/img.kwcdn.com\/product\/fancy\/f7831593-48fb-4944-8524-10f04679ed87.jpg\" alt=\"2000W Be\u0161epet\u0117 Elektrin\u0117 Kampin\u0117 \u0160lifuokl\u0117, 125mm Auksin\u0117 Metalo ir Med\u017eio \u0160lifavimo bei Poliravimo \u012eranki\u0173 Rinkinys, Tinka Bald\u0173 Dekoravimui, Pramonin\u0117ms Kiem\u0173 Erdv\u0117ms, Belaid\u0117 Elektrin\u0117 Kampin\u0117 \u0160lifuokl\u0117 Poliruokl\u0117, Suderinama su YOFIDRA Baterijomis\"><img decoding=\"async\" src=\"https:\/\/img.kwcdn.com\/product\/fancy\/fd21b054-ef3e-4be9-b53e-073fe5f766fe.jpg\" alt=\"2000W Be\u0161epet\u0117 Elektrin\u0117 Kampin\u0117 \u0160lifuokl\u0117, 125mm Auksin\u0117 Metalo ir Med\u017eio \u0160lifavimo bei Poliravimo \u012eranki\u0173 Rinkinys, Tinka Bald\u0173 Dekoravimui, Pramonin\u0117ms Kiem\u0173 Erdv\u0117ms, Belaid\u0117 Elektrin\u0117 Kampin\u0117 \u0160lifuokl\u0117 Poliruokl\u0117, Suderinama su YOFIDRA Baterijomis\"><img decoding=\"async\" src=\"https:\/\/img.kwcdn.com\/product\/fancy\/487374d0-8431-4978-b62f-9d5296154297.jpg\" alt=\"2000W Be\u0161epet\u0117 Elektrin\u0117 Kampin\u0117 \u0160lifuokl\u0117, 125mm Auksin\u0117 Metalo ir Med\u017eio \u0160lifavimo bei Poliravimo \u012eranki\u0173 Rinkinys, Tinka Bald\u0173 Dekoravimui, Pramonin\u0117ms Kiem\u0173 Erdv\u0117ms, Belaid\u0117 Elektrin\u0117 Kampin\u0117 \u0160lifuokl\u0117 Poliruokl\u0117, Suderinama su YOFIDRA Baterijomis\"><img decoding=\"async\" src=\"https:\/\/img.kwcdn.com\/product\/fancy\/bfee2ceb-f7b9-45d1-8eff-867c30c27858.jpg\" alt=\"2000W Be\u0161epet\u0117 Elektrin\u0117 Kampin\u0117 \u0160lifuokl\u0117, 125mm Auksin\u0117 Metalo ir Med\u017eio \u0160lifavimo bei Poliravimo \u012eranki\u0173 Rinkinys, Tinka Bald\u0173 Dekoravimui, Pramonin\u0117ms Kiem\u0173 Erdv\u0117ms, Belaid\u0117 Elektrin\u0117 Kampin\u0117 \u0160lifuokl\u0117 Poliruokl\u0117, Suderinama su YOFIDRA Baterijomis\"><img decoding=\"async\" src=\"https:\/\/img.kwcdn.com\/product\/fancy\/77f8afb3-f869-4b1b-a030-7902be070efc.jpg\" alt=\"2000W Be\u0161epet\u0117 Elektrin\u0117 Kampin\u0117 \u0160lifuokl\u0117, 125mm Auksin\u0117 Metalo ir Med\u017eio \u0160lifavimo bei Poliravimo \u012eranki\u0173 Rinkinys, Tinka Bald\u0173 Dekoravimui, Pramonin\u0117ms Kiem\u0173 Erdv\u0117ms, Belaid\u0117 Elektrin\u0117 Kampin\u0117 \u0160lifuokl\u0117 Poliruokl\u0117, Suderinama su YOFIDRA Baterijomis\"><img decoding=\"async\" src=\"https:\/\/img.kwcdn.com\/product\/fancy\/de59dfc5-0e0a-4d26-83c0-0b38daeccbc4.jpg\" alt=\"2000W Be\u0161epet\u0117 Elektrin\u0117 Kampin\u0117 \u0160lifuokl\u0117, 125mm Auksin\u0117 Metalo ir Med\u017eio \u0160lifavimo bei Poliravimo \u012eranki\u0173 Rinkinys, Tinka Bald\u0173 Dekoravimui, Pramonin\u0117ms Kiem\u0173 Erdv\u0117ms, Belaid\u0117 Elektrin\u0117 Kampin\u0117 \u0160lifuokl\u0117 Poliruokl\u0117, Suderinama su YOFIDRA Baterijomis\"><img decoding=\"async\" src=\"https:\/\/img.kwcdn.com\/product\/fancy\/de55dde2-276d-4af9-81f4-32c51624a08b.jpg\" alt=\"2000W Be\u0161epet\u0117 Elektrin\u0117 Kampin\u0117 \u0160lifuokl\u0117, 125mm Auksin\u0117 Metalo ir Med\u017eio \u0160lifavimo bei Poliravimo \u012eranki\u0173 Rinkinys, Tinka Bald\u0173 Dekoravimui, Pramonin\u0117ms Kiem\u0173 Erdv\u0117ms, Belaid\u0117 Elektrin\u0117 Kampin\u0117 \u0160lifuokl\u0117 Poliruokl\u0117, Suderinama su YOFIDRA Baterijomis\"><img decoding=\"async\" src=\"https:\/\/img.kwcdn.com\/product\/fancy\/487374d0-8431-4978-b62f-9d5296154297.jpg\" alt=\"2000W Be\u0161epet\u0117 Elektrin\u0117 Kampin\u0117 \u0160lifuokl\u0117, 125mm Auksin\u0117 Metalo ir Med\u017eio \u0160lifavimo bei Poliravimo \u012eranki\u0173 Rinkinys, Tinka Bald\u0173 Dekoravimui, Pramonin\u0117ms Kiem\u0173 Erdv\u0117ms, Belaid\u0117 Elektrin\u0117 Kampin\u0117 \u0160lifuokl\u0117 Poliruokl\u0117, Suderinama su YOFIDRA Baterijomis\"><\/p>","protected":false},"excerpt":{"rendered":"<p>Savyb\u0117s: &#8211; \u0160epet\u0117lio variklis, didel\u0117 galia, apsauga nuo perkrovos, u\u017ekerta keli\u0105 perdegimui &#8211; Pa\u017eangus ekranas, realiuoju laiku rodomi gedim\u0173 prane\u0161imai &#8211; Kompakti\u0161ka rankena, nedidelis svoris, patogus darbas lauke- Nuimamas dang\u010dio tinklelis, kad b\u016bt\u0173 i\u0161vengta \u0161iuk\u0161li\u0173 patekimo ir pailgintas tarnavimo laikas- Puikus \u0161ilumos i\u0161sklaidymas, trimatis \u0161ilumos i\u0161sklaidymas, apsaugo varikl\u012f<\/p>","protected":false},"featured_media":2579,"comment_status":"open","ping_status":"closed","template":"","meta":[],"product_brand":[],"product_cat":[24],"product_tag":[],"class_list":{"0":"post-2578","1":"product","2":"type-product","3":"status-publish","4":"has-post-thumbnail","6":"product_cat-namu-apyvoka","8":"first","9":"instock","10":"sale","11":"shipping-taxable","12":"purchasable","13":"product-type-variable"},"_links":{"self":[{"href":"https:\/\/topsmart.store\/en\/wp-json\/wp\/v2\/product\/2578","targetHints":{"allow":["GET"]}}],"collection":[{"href":"https:\/\/topsmart.store\/en\/wp-json\/wp\/v2\/product"}],"about":[{"href":"https:\/\/topsmart.store\/en\/wp-json\/wp\/v2\/types\/product"}],"replies":[{"embeddable":true,"href":"https:\/\/topsmart.store\/en\/wp-json\/wp\/v2\/comments?post=2578"}],"wp:featuredmedia":[{"embeddable":true,"href":"https:\/\/topsmart.store\/en\/wp-json\/wp\/v2\/media\/2579"}],"wp:attachment":[{"href":"https:\/\/topsmart.store\/en\/wp-json\/wp\/v2\/media?parent=2578"}],"wp:term":[{"taxonomy":"product_brand","embeddable":true,"href":"https:\/\/topsmart.store\/en\/wp-json\/wp\/v2\/product_brand?post=2578"},{"taxonomy":"product_cat","embeddable":true,"href":"https:\/\/topsmart.store\/en\/wp-json\/wp\/v2\/product_cat?post=2578"},{"taxonomy":"product_tag","embeddable":true,"href":"https:\/\/topsmart.store\/en\/wp-json\/wp\/v2\/product_tag?post=2578"}],"curies":[{"name":"wp","href":"https:\/\/api.w.org\/{rel}","templated":true}]}}