{"id":2634,"date":"2026-04-18T12:43:51","date_gmt":"2026-04-18T10:43:51","guid":{"rendered":"https:\/\/topsmart.store\/product\/ismanioji-lauko-apsaugos-kamera-su-dvigubais-objektyvais-siulanti-355-ptz-vaizda-ai-zmogaus-aptikima-spalvota-naktini-matyma-suderinama-su-2-4-5g-wifi-turinti-automatinia-sekima-ir-mobilioj\/"},"modified":"2026-04-18T12:47:59","modified_gmt":"2026-04-18T10:47:59","slug":"ismanioji-lauko-apsaugos-kamera-su-dvigubais-objektyvais-siulanti-355-ptz-vaizda-ai-zmogaus-aptikima-spalvota-naktini-matyma-suderinama-su-2-4-5g-wifi-turinti-automatinia-sekima-ir-mobilioj","status":"publish","type":"product","link":"https:\/\/topsmart.store\/en\/product\/ismanioji-lauko-apsaugos-kamera-su-dvigubais-objektyvais-siulanti-355-ptz-vaizda-ai-zmogaus-aptikima-spalvota-naktini-matyma-suderinama-su-2-4-5g-wifi-turinti-automatinia-sekima-ir-mobilioj\/","title":{"rendered":"Smart outdoor security camera with dual lenses, offering 355\u00b0 PTZ view, AI human detection, color night vision, compatible with 2.4\/5G Wifi, with auto tracking and mobile app functions"},"content":{"rendered":"<p><img decoding=\"async\" src=\"https:\/\/img.kwcdn.com\/product\/fancy\/ec71a6e5-ea2b-432f-8c8c-5079563dae94.jpg\" alt=\"I\u0161manioji lauko apsaugos kamera su dvigubais objektyvais, si\u016blanti 355\u00b0 PTZ vaizd\u0105, AI \u017emogaus aptikim\u0105, spalvot\u0105 naktin\u012f matym\u0105, suderinama su 2.4\/5G Wifi, turinti automatini\u0105 sekim\u0105 ir mobiliojo aplikacijos funkcijas\"><img decoding=\"async\" src=\"https:\/\/img.kwcdn.com\/product\/fancy\/07712532-a20f-4aa5-9a92-cd0ec9815fd4.jpg\" alt=\"I\u0161manioji lauko apsaugos kamera su dvigubais objektyvais, si\u016blanti 355\u00b0 PTZ vaizd\u0105, AI \u017emogaus aptikim\u0105, spalvot\u0105 naktin\u012f matym\u0105, suderinama su 2.4\/5G Wifi, turinti automatini\u0105 sekim\u0105 ir mobiliojo aplikacijos funkcijas\"><img decoding=\"async\" src=\"https:\/\/img.kwcdn.com\/product\/fancy\/e2ee0042-2fa0-463e-bdb7-267d8e157b3a.jpg\" alt=\"I\u0161manioji lauko apsaugos kamera su dvigubais objektyvais, si\u016blanti 355\u00b0 PTZ vaizd\u0105, AI \u017emogaus aptikim\u0105, spalvot\u0105 naktin\u012f matym\u0105, suderinama su 2.4\/5G Wifi, turinti automatini\u0105 sekim\u0105 ir mobiliojo aplikacijos funkcijas\"><img decoding=\"async\" src=\"https:\/\/img.kwcdn.com\/product\/fancy\/6c447fbd-f5cc-4642-ac82-7e5a0405d50b.jpg\" alt=\"I\u0161manioji lauko apsaugos kamera su dvigubais objektyvais, si\u016blanti 355\u00b0 PTZ vaizd\u0105, AI \u017emogaus aptikim\u0105, spalvot\u0105 naktin\u012f matym\u0105, suderinama su 2.4\/5G Wifi, turinti automatini\u0105 sekim\u0105 ir mobiliojo aplikacijos funkcijas\"><img decoding=\"async\" src=\"https:\/\/img.kwcdn.com\/product\/fancy\/94ca4c1e-c5e0-4acc-969d-2e8b6ad8da44.jpg\" alt=\"I\u0161manioji lauko apsaugos kamera su dvigubais objektyvais, si\u016blanti 355\u00b0 PTZ vaizd\u0105, AI \u017emogaus aptikim\u0105, spalvot\u0105 naktin\u012f matym\u0105, suderinama su 2.4\/5G Wifi, turinti automatini\u0105 sekim\u0105 ir mobiliojo aplikacijos funkcijas\"><img decoding=\"async\" src=\"https:\/\/img.kwcdn.com\/product\/fancy\/fa29761f-b495-4b37-9b55-31d13bc91096.jpg\" alt=\"I\u0161manioji lauko apsaugos kamera su dvigubais objektyvais, si\u016blanti 355\u00b0 PTZ vaizd\u0105, AI \u017emogaus aptikim\u0105, spalvot\u0105 naktin\u012f matym\u0105, suderinama su 2.4\/5G Wifi, turinti automatini\u0105 sekim\u0105 ir mobiliojo aplikacijos funkcijas\"><img decoding=\"async\" src=\"https:\/\/img.kwcdn.com\/product\/fancy\/4bb07bd4-2c02-41ac-8a46-10bb5472cfa0.jpg\" alt=\"I\u0161manioji lauko apsaugos kamera su dvigubais objektyvais, si\u016blanti 355\u00b0 PTZ vaizd\u0105, AI \u017emogaus aptikim\u0105, spalvot\u0105 naktin\u012f matym\u0105, suderinama su 2.4\/5G Wifi, turinti automatini\u0105 sekim\u0105 ir mobiliojo aplikacijos funkcijas\"><\/p>","protected":false},"excerpt":{"rendered":"","protected":false},"featured_media":2635,"comment_status":"open","ping_status":"closed","template":"","meta":[],"product_brand":[],"product_cat":[24,23],"product_tag":[],"class_list":{"0":"post-2634","1":"product","2":"type-product","3":"status-publish","4":"has-post-thumbnail","6":"product_cat-namu-apyvoka","7":"product_cat-ismanieji-prietaisai","9":"first","10":"instock","11":"sale","12":"shipping-taxable","13":"purchasable","14":"product-type-variable"},"_links":{"self":[{"href":"https:\/\/topsmart.store\/en\/wp-json\/wp\/v2\/product\/2634","targetHints":{"allow":["GET"]}}],"collection":[{"href":"https:\/\/topsmart.store\/en\/wp-json\/wp\/v2\/product"}],"about":[{"href":"https:\/\/topsmart.store\/en\/wp-json\/wp\/v2\/types\/product"}],"replies":[{"embeddable":true,"href":"https:\/\/topsmart.store\/en\/wp-json\/wp\/v2\/comments?post=2634"}],"wp:featuredmedia":[{"embeddable":true,"href":"https:\/\/topsmart.store\/en\/wp-json\/wp\/v2\/media\/2635"}],"wp:attachment":[{"href":"https:\/\/topsmart.store\/en\/wp-json\/wp\/v2\/media?parent=2634"}],"wp:term":[{"taxonomy":"product_brand","embeddable":true,"href":"https:\/\/topsmart.store\/en\/wp-json\/wp\/v2\/product_brand?post=2634"},{"taxonomy":"product_cat","embeddable":true,"href":"https:\/\/topsmart.store\/en\/wp-json\/wp\/v2\/product_cat?post=2634"},{"taxonomy":"product_tag","embeddable":true,"href":"https:\/\/topsmart.store\/en\/wp-json\/wp\/v2\/product_tag?post=2634"}],"curies":[{"name":"wp","href":"https:\/\/api.w.org\/{rel}","templated":true}]}}