{"id":2673,"date":"2026-04-18T12:44:41","date_gmt":"2026-04-18T10:44:41","guid":{"rendered":"https:\/\/topsmart.store\/product\/15-daliu-profesionalus-virtuves-rinkinys-juodas-medinis-blokas-neslystanti-abs-rankena-anglinio-plieno-asmenys-4826-cm-asmenu-ilgis-naturalaus-juodo-medzio-blokas-skirtas-naudoti-seimose-ir-re\/"},"modified":"2026-04-18T12:48:11","modified_gmt":"2026-04-18T10:48:11","slug":"15-daliu-profesionalus-virtuves-rinkinys-juodas-medinis-blokas-neslystanti-abs-rankena-anglinio-plieno-asmenys-4826-cm-asmenu-ilgis-naturalaus-juodo-medzio-blokas-skirtas-naudoti-seimose-ir-re","status":"publish","type":"product","link":"https:\/\/topsmart.store\/en\/product\/15-daliu-profesionalus-virtuves-rinkinys-juodas-medinis-blokas-neslystanti-abs-rankena-anglinio-plieno-asmenys-4826-cm-asmenu-ilgis-naturalaus-juodo-medzio-blokas-skirtas-naudoti-seimose-ir-re\/","title":{"rendered":"15-Piece Professional Kitchen Set | Black Wooden Block, Non-Slip ABS Handle, Carbon Steel Blade, 48.26cm Blade Length, Natural Black Wood Block, For Family and Restaurant Use, Local Warehouse"},"content":{"rendered":"<p><img decoding=\"async\" src=\"https:\/\/img.kwcdn.com\/product\/fancy\/5c35adbc-f78a-4bf1-a64d-c042aba526f1.jpg\" alt=\"15 dali\u0173 profesionalus virtuv\u0117s rinkinys | Juodas medinis blokas, neslystanti ABS rankena, anglinio plieno a\u0161menys, 48,26 cm a\u0161men\u0173 ilgis, nat\u016bralaus juodo med\u017eio blokas, skirtas naudoti \u0161eimose ir restoranuose, vietinis sand\u0117lis\"><img decoding=\"async\" src=\"https:\/\/img.kwcdn.com\/product\/fancy\/cade6a91-cda2-421c-8b38-34dcc12283b3.jpg\" alt=\"15 dali\u0173 profesionalus virtuv\u0117s rinkinys | Juodas medinis blokas, neslystanti ABS rankena, anglinio plieno a\u0161menys, 48,26 cm a\u0161men\u0173 ilgis, nat\u016bralaus juodo med\u017eio blokas, skirtas naudoti \u0161eimose ir restoranuose, vietinis sand\u0117lis\"><img decoding=\"async\" src=\"https:\/\/img.kwcdn.com\/product\/fancy\/66eceeac-47ec-4e13-bc2b-87affac6edca.jpg\" alt=\"15 dali\u0173 profesionalus virtuv\u0117s rinkinys | Juodas medinis blokas, neslystanti ABS rankena, anglinio plieno a\u0161menys, 48,26 cm a\u0161men\u0173 ilgis, nat\u016bralaus juodo med\u017eio blokas, skirtas naudoti \u0161eimose ir restoranuose, vietinis sand\u0117lis\"><img decoding=\"async\" src=\"https:\/\/img.kwcdn.com\/product\/fancy\/9fd07b54-1aa2-42f6-86bd-94230f407152.jpg\" alt=\"15 dali\u0173 profesionalus virtuv\u0117s rinkinys | Juodas medinis blokas, neslystanti ABS rankena, anglinio plieno a\u0161menys, 48,26 cm a\u0161men\u0173 ilgis, nat\u016bralaus juodo med\u017eio blokas, skirtas naudoti \u0161eimose ir restoranuose, vietinis sand\u0117lis\"><img decoding=\"async\" src=\"https:\/\/img.kwcdn.com\/product\/fancy\/d5aafc05-579c-42cc-a75b-c4348dc3e8fd.jpg\" alt=\"15 dali\u0173 profesionalus virtuv\u0117s rinkinys | Juodas medinis blokas, neslystanti ABS rankena, anglinio plieno a\u0161menys, 48,26 cm a\u0161men\u0173 ilgis, nat\u016bralaus juodo med\u017eio blokas, skirtas naudoti \u0161eimose ir restoranuose, vietinis sand\u0117lis\"><\/p>","protected":false},"excerpt":{"rendered":"","protected":false},"featured_media":2674,"comment_status":"open","ping_status":"closed","template":"","meta":[],"product_brand":[],"product_cat":[24],"product_tag":[],"class_list":{"0":"post-2673","1":"product","2":"type-product","3":"status-publish","4":"has-post-thumbnail","6":"product_cat-namu-apyvoka","8":"first","9":"instock","10":"sale","11":"shipping-taxable","12":"purchasable","13":"product-type-simple"},"_links":{"self":[{"href":"https:\/\/topsmart.store\/en\/wp-json\/wp\/v2\/product\/2673","targetHints":{"allow":["GET"]}}],"collection":[{"href":"https:\/\/topsmart.store\/en\/wp-json\/wp\/v2\/product"}],"about":[{"href":"https:\/\/topsmart.store\/en\/wp-json\/wp\/v2\/types\/product"}],"replies":[{"embeddable":true,"href":"https:\/\/topsmart.store\/en\/wp-json\/wp\/v2\/comments?post=2673"}],"wp:featuredmedia":[{"embeddable":true,"href":"https:\/\/topsmart.store\/en\/wp-json\/wp\/v2\/media\/2674"}],"wp:attachment":[{"href":"https:\/\/topsmart.store\/en\/wp-json\/wp\/v2\/media?parent=2673"}],"wp:term":[{"taxonomy":"product_brand","embeddable":true,"href":"https:\/\/topsmart.store\/en\/wp-json\/wp\/v2\/product_brand?post=2673"},{"taxonomy":"product_cat","embeddable":true,"href":"https:\/\/topsmart.store\/en\/wp-json\/wp\/v2\/product_cat?post=2673"},{"taxonomy":"product_tag","embeddable":true,"href":"https:\/\/topsmart.store\/en\/wp-json\/wp\/v2\/product_tag?post=2673"}],"curies":[{"name":"wp","href":"https:\/\/api.w.org\/{rel}","templated":true}]}}