{"id":2680,"date":"2026-04-18T12:44:55","date_gmt":"2026-04-18T10:44:55","guid":{"rendered":"https:\/\/topsmart.store\/product\/vienas-rinkinys-reikalauja-instrukciju-tik-anglu-kalba-specifikacijos-stilingas-juodas-triju-aukstu-prieskoniu-lentyna-ir-irankiu-laikiklis-50-cm-be-grezimo-dizainas-daugiafunkcinis-stalvirsio-pa\/"},"modified":"2026-04-18T12:47:25","modified_gmt":"2026-04-18T10:47:25","slug":"vienas-rinkinys-reikalauja-instrukciju-tik-anglu-kalba-specifikacijos-stilingas-juodas-triju-aukstu-prieskoniu-lentyna-ir-irankiu-laikiklis-50-cm-be-grezimo-dizainas-daugiafunkcinis-stalvirsio-pa","status":"publish","type":"product","link":"https:\/\/topsmart.store\/en\/product\/vienas-rinkinys-reikalauja-instrukciju-tik-anglu-kalba-specifikacijos-stilingas-juodas-triju-aukstu-prieskoniu-lentyna-ir-irankiu-laikiklis-50-cm-be-grezimo-dizainas-daugiafunkcinis-stalvirsio-pa\/","title":{"rendered":"One set requires instructions in English only. Specifications: Stylish black three-tier spice rack and utensil holder, 50 cm, no-drill design, multi-functional countertop tray for paddles and knives, multi-layer kitchen cabinet accessory"},"content":{"rendered":"<p>3 pakop\u0173 prieskoni\u0173 lentyna, prieskoni\u0173 stovas, virtuv\u0117s organizatorius, prieskoni\u0173 laikiklis, 45 kg talpos atviras modelis: \u0161i lentyna pasi\u017eymi atvira konstrukcija ir didele talpa, leid\u017eian\u010dia visus virtuv\u0117s reikmenis matyti ir lengvai pasiekti i\u0161 anksto. Be to, \u0161i konstrukcija apsaugo nuo dr\u0117gm\u0117s, kvap\u0173 ir kit\u0173 problem\u0173, kurios kyla tradicin\u0117se u\u017edarose saugyklose, u\u017etikrinant, kad virtuv\u0117s reikmenys i\u0161likt\u0173 \u0161var\u016bs ir higieni\u0161ki.<\/p>\n<p>Anglinio plieno med\u017eiaga su daugiasluoksniu apsaugos nuo r\u016bd\u017ei\u0173 apdorojimu: lentyna yra pagaminta i\u0161 anglinio plieno ir apdorota daugiasluoksniu apsaugos nuo r\u016bd\u017ei\u0173 procesu, kad efektyviai apsaugot\u0173 nuo r\u016bd\u017ei\u0173 ir korozijos, tod\u0117l prailgina jos tarnavimo laik\u0105. Be to, anglinis plienas pasi\u017eymi geresne apkrovos talpa, maks. 45 kg, tod\u0117l lentynos yra stabilios ir tvirtos.<\/p>\n<p>Saugus ir prakti\u0161kas peili\u0173 i\u0161\u0117mimo dizainas: stovo galin\u0117 peili\u0173 lizdo pozicija sukurta taip, kad peili\u0173 laikymas b\u016bt\u0173 saugesnis ir patogesnis. Jums nereikia jaudintis, kad peiliai nesu\u017eeist\u0173 pir\u0161t\u0173, taip u\u017etikrinant j\u016bs\u0173 saugum\u0105. Taip pat \u0161is dizainas padeda i\u0161vengti saugumo rizikos, susijusios su atsitiktiniu peili\u0173 pad\u0117jimu.<\/p>\n<p>Lankstus reguliavimas ir stabilus laikymas: lentyn\u0117l\u0117 pasi\u017eymi tvirta kop\u0117\u010di\u0173 konstrukcija, u\u017etikrinan\u010dia, kad laikiklis neslyst\u0173, garantuojan\u010dia daikt\u0173 saugum\u0105 ir stabilum\u0105. D\u0117l reguliuojam\u0173 kojeli\u0173 lentyn\u0105 galima pritaikyti prie nelygi\u0173 grind\u0173, kad j\u0105 b\u016bt\u0173 lengva pastatyti. Be to, lentynos kair\u0117s ir de\u0161in\u0117s pus\u0117s pad\u0117t\u012f galima laisvai reguliuoti pagal savo poreikius.<\/p>\n<p>Skirta \u012fvairiems saugojimo poreikiams. Komplekt\u0105 sudaro: 1 * prieskoni\u0173 indelis 1 * instrukcija angl\u0173 kalba<\/p>\n<p><img decoding=\"async\" src=\"https:\/\/img.kwcdn.com\/product\/open\/22985e383ba74c04980459f1feea7ff6-goods.jpeg\" alt=\"Vienas rinkinys reikalauja instrukcij\u0173 tik angl\u0173 kalba. Specifikacijos: stilingas juodas trij\u0173 auk\u0161t\u0173 prieskoni\u0173 lentyna ir \u012franki\u0173 laikiklis, 50 cm, be gr\u0119\u017eimo dizainas, daugiafunkcinis stalvir\u0161io pad\u0117klas irkliukams ir peiliams, daugiasluoksnis virtuv\u0117s spinteli\u0173 priedas\"><img decoding=\"async\" src=\"https:\/\/img.kwcdn.com\/product\/open\/67a248086aa7443a909e177cc5da2cc4-goods.jpeg\" alt=\"Vienas rinkinys reikalauja instrukcij\u0173 tik angl\u0173 kalba. Specifikacijos: stilingas juodas trij\u0173 auk\u0161t\u0173 prieskoni\u0173 lentyna ir \u012franki\u0173 laikiklis, 50 cm, be gr\u0119\u017eimo dizainas, daugiafunkcinis stalvir\u0161io pad\u0117klas irkliukams ir peiliams, daugiasluoksnis virtuv\u0117s spinteli\u0173 priedas\"><img decoding=\"async\" src=\"https:\/\/img.kwcdn.com\/product\/open\/d93575e68eb843b8a5578961a66b5bce-goods.jpeg\" alt=\"Vienas rinkinys reikalauja instrukcij\u0173 tik angl\u0173 kalba. Specifikacijos: stilingas juodas trij\u0173 auk\u0161t\u0173 prieskoni\u0173 lentyna ir \u012franki\u0173 laikiklis, 50 cm, be gr\u0119\u017eimo dizainas, daugiafunkcinis stalvir\u0161io pad\u0117klas irkliukams ir peiliams, daugiasluoksnis virtuv\u0117s spinteli\u0173 priedas\"><img decoding=\"async\" src=\"https:\/\/img.kwcdn.com\/product\/open\/8348406e879d4db7bfbc94a6f64a4ac7-goods.jpeg\" alt=\"Vienas rinkinys reikalauja instrukcij\u0173 tik angl\u0173 kalba. Specifikacijos: stilingas juodas trij\u0173 auk\u0161t\u0173 prieskoni\u0173 lentyna ir \u012franki\u0173 laikiklis, 50 cm, be gr\u0119\u017eimo dizainas, daugiafunkcinis stalvir\u0161io pad\u0117klas irkliukams ir peiliams, daugiasluoksnis virtuv\u0117s spinteli\u0173 priedas\"><\/p>","protected":false},"excerpt":{"rendered":"<p>3 pakop\u0173 prieskoni\u0173 lentyna, prieskoni\u0173 stovas, virtuv\u0117s organizatorius, prieskoni\u0173 laikiklis, 45 kg talpos atviras modelis: \u0161i lentyna pasi\u017eymi atvira konstrukcija ir didele talpa, leid\u017eian\u010dia visus virtuv\u0117s reikmenis matyti ir lengvai pasiekti i\u0161 anksto. Be to, \u0161i konstrukcija apsaugo nuo dr\u0117gm\u0117s, kvap\u0173 ir kit\u0173 problem\u0173, kurios kyla tradicin\u0117se u\u017edarose saugyklose, u\u017etikrinant, kad virtuv\u0117s reikmenys i\u0161likt\u0173 \u0161var\u016bs [&hellip;]<\/p>\n","protected":false},"featured_media":2682,"comment_status":"open","ping_status":"closed","template":"","meta":[],"product_brand":[],"product_cat":[24],"product_tag":[],"class_list":{"0":"post-2680","1":"product","2":"type-product","3":"status-publish","4":"has-post-thumbnail","6":"product_cat-namu-apyvoka","8":"first","9":"instock","10":"sale","11":"shipping-taxable","12":"purchasable","13":"product-type-simple"},"_links":{"self":[{"href":"https:\/\/topsmart.store\/en\/wp-json\/wp\/v2\/product\/2680","targetHints":{"allow":["GET"]}}],"collection":[{"href":"https:\/\/topsmart.store\/en\/wp-json\/wp\/v2\/product"}],"about":[{"href":"https:\/\/topsmart.store\/en\/wp-json\/wp\/v2\/types\/product"}],"replies":[{"embeddable":true,"href":"https:\/\/topsmart.store\/en\/wp-json\/wp\/v2\/comments?post=2680"}],"wp:featuredmedia":[{"embeddable":true,"href":"https:\/\/topsmart.store\/en\/wp-json\/wp\/v2\/media\/2682"}],"wp:attachment":[{"href":"https:\/\/topsmart.store\/en\/wp-json\/wp\/v2\/media?parent=2680"}],"wp:term":[{"taxonomy":"product_brand","embeddable":true,"href":"https:\/\/topsmart.store\/en\/wp-json\/wp\/v2\/product_brand?post=2680"},{"taxonomy":"product_cat","embeddable":true,"href":"https:\/\/topsmart.store\/en\/wp-json\/wp\/v2\/product_cat?post=2680"},{"taxonomy":"product_tag","embeddable":true,"href":"https:\/\/topsmart.store\/en\/wp-json\/wp\/v2\/product_tag?post=2680"}],"curies":[{"name":"wp","href":"https:\/\/api.w.org\/{rel}","templated":true}]}}