{"id":2700,"date":"2026-04-20T12:27:37","date_gmt":"2026-04-20T10:27:37","guid":{"rendered":"https:\/\/topsmart.store\/product\/2026-naujas-laceil-dream-pukinis-antklodes-uzpildas-ziemai-3d-sandelis-u-klases-pukuotas-liocele-grynai-baltos-spalvos-didelis-puku-kiekis-ir-aukstas-aukstis\/"},"modified":"2026-04-20T12:39:18","modified_gmt":"2026-04-20T10:39:18","slug":"2026-naujas-laceil-dream-pukinis-antklodes-uzpildas-ziemai-3d-sandelis-u-klases-pukuotas-liocele-grynai-baltos-spalvos-didelis-puku-kiekis-ir-aukstas-aukstis","status":"publish","type":"product","link":"https:\/\/topsmart.store\/en\/product\/2026-naujas-laceil-dream-pukinis-antklodes-uzpildas-ziemai-3d-sandelis-u-klases-pukuotas-liocele-grynai-baltos-spalvos-didelis-puku-kiekis-ir-aukstas-aukstis\/","title":{"rendered":"2026 Naujas Laceil Dream P\u016bkinis Antklod\u0117s U\u017epildas \u017diemai, 3D Sand\u0117lis\/U-Klas\u0117s P\u016bkuotas Liocele, Grynai Baltos Spalvos, Didelis P\u016bk\u0173 Kiekis ir Auk\u0161tas Auk\u0161tis"},"content":{"rendered":"<p><img decoding=\"async\" src=\"https:\/\/img.kwcdn.com\/product\/open\/e0a78bc9b4724abf860f1e4066f84b0b-goods.jpeg\" alt=\"2026 Naujas Laceil Dream P\u016bkinis Antklod\u0117s U\u017epildas \u017diemai, 3D Sand\u0117lis\/U-Klas\u0117s P\u016bkuotas Liocele, Grynai Baltos Spalvos, Didelis P\u016bk\u0173 Kiekis ir Auk\u0161tas Auk\u0161tis\" \/><img decoding=\"async\" src=\"https:\/\/img.kwcdn.com\/product\/open\/4e6a0984987f47de9699de452235b5db-goods.jpeg\" alt=\"2026 Naujas Laceil Dream P\u016bkinis Antklod\u0117s U\u017epildas \u017diemai, 3D Sand\u0117lis\/U-Klas\u0117s P\u016bkuotas Liocele, Grynai Baltos Spalvos, Didelis P\u016bk\u0173 Kiekis ir Auk\u0161tas Auk\u0161tis\" \/><img decoding=\"async\" src=\"https:\/\/img.kwcdn.com\/product\/open\/5e5082443dca429cab4584e9deb1fc60-goods.jpeg\" alt=\"2026 Naujas Laceil Dream P\u016bkinis Antklod\u0117s U\u017epildas \u017diemai, 3D Sand\u0117lis\/U-Klas\u0117s P\u016bkuotas Liocele, Grynai Baltos Spalvos, Didelis P\u016bk\u0173 Kiekis ir Auk\u0161tas Auk\u0161tis\" \/><img decoding=\"async\" src=\"https:\/\/img.kwcdn.com\/product\/open\/d9a5702867844b9181cc86098f42b0b6-goods.jpeg\" alt=\"2026 Naujas Laceil Dream P\u016bkinis Antklod\u0117s U\u017epildas \u017diemai, 3D Sand\u0117lis\/U-Klas\u0117s P\u016bkuotas Liocele, Grynai Baltos Spalvos, Didelis P\u016bk\u0173 Kiekis ir Auk\u0161tas Auk\u0161tis\" \/><img decoding=\"async\" src=\"https:\/\/img.kwcdn.com\/product\/open\/c97881a16fef46a2b8fd5c94c69f282c-goods.jpeg\" alt=\"2026 Naujas Laceil Dream P\u016bkinis Antklod\u0117s U\u017epildas \u017diemai, 3D Sand\u0117lis\/U-Klas\u0117s P\u016bkuotas Liocele, Grynai Baltos Spalvos, Didelis P\u016bk\u0173 Kiekis ir Auk\u0161tas Auk\u0161tis\" \/><img decoding=\"async\" src=\"https:\/\/img.kwcdn.com\/product\/open\/62bc05a40c99402b853c8d0dc99ec277-goods.jpeg\" alt=\"2026 Naujas Laceil Dream P\u016bkinis Antklod\u0117s U\u017epildas \u017diemai, 3D Sand\u0117lis\/U-Klas\u0117s P\u016bkuotas Liocele, Grynai Baltos Spalvos, Didelis P\u016bk\u0173 Kiekis ir Auk\u0161tas Auk\u0161tis\" \/><img decoding=\"async\" src=\"https:\/\/img.kwcdn.com\/product\/open\/0a693b44ca274c94aca2885b1694ef0d-goods.jpeg\" alt=\"2026 Naujas Laceil Dream P\u016bkinis Antklod\u0117s U\u017epildas \u017diemai, 3D Sand\u0117lis\/U-Klas\u0117s P\u016bkuotas Liocele, Grynai Baltos Spalvos, Didelis P\u016bk\u0173 Kiekis ir Auk\u0161tas Auk\u0161tis\" \/><img decoding=\"async\" src=\"https:\/\/img.kwcdn.com\/product\/open\/8710f009db20443eb6ef4c7d6406e4c5-goods.jpeg\" alt=\"2026 Naujas Laceil Dream P\u016bkinis Antklod\u0117s U\u017epildas \u017diemai, 3D Sand\u0117lis\/U-Klas\u0117s P\u016bkuotas Liocele, Grynai Baltos Spalvos, Didelis P\u016bk\u0173 Kiekis ir Auk\u0161tas Auk\u0161tis\" \/><img decoding=\"async\" src=\"https:\/\/img.kwcdn.com\/product\/open\/8dee365324414367b9a8d99aaeb9b79b-goods.jpeg\" alt=\"2026 Naujas Laceil Dream P\u016bkinis Antklod\u0117s U\u017epildas \u017diemai, 3D Sand\u0117lis\/U-Klas\u0117s P\u016bkuotas Liocele, Grynai Baltos Spalvos, Didelis P\u016bk\u0173 Kiekis ir Auk\u0161tas Auk\u0161tis\" \/><img decoding=\"async\" src=\"https:\/\/img.kwcdn.com\/product\/open\/ff8dd8faa9534291824a092ecfaaa6e9-goods.jpeg\" alt=\"2026 Naujas Laceil Dream P\u016bkinis Antklod\u0117s U\u017epildas \u017diemai, 3D Sand\u0117lis\/U-Klas\u0117s P\u016bkuotas Liocele, Grynai Baltos Spalvos, Didelis P\u016bk\u0173 Kiekis ir Auk\u0161tas Auk\u0161tis\" \/><img decoding=\"async\" src=\"https:\/\/img.kwcdn.com\/product\/open\/d1d60902fff349d3a335055fb1380956-goods.jpeg\" alt=\"2026 Naujas Laceil Dream P\u016bkinis Antklod\u0117s U\u017epildas \u017diemai, 3D Sand\u0117lis\/U-Klas\u0117s P\u016bkuotas Liocele, Grynai Baltos Spalvos, Didelis P\u016bk\u0173 Kiekis ir Auk\u0161tas Auk\u0161tis\" \/><img decoding=\"async\" src=\"https:\/\/img.kwcdn.com\/product\/open\/97acd5a1cad14505b9ac829dfc107dd5-goods.jpeg\" alt=\"2026 Naujas Laceil Dream P\u016bkinis Antklod\u0117s U\u017epildas \u017diemai, 3D Sand\u0117lis\/U-Klas\u0117s P\u016bkuotas Liocele, Grynai Baltos Spalvos, Didelis P\u016bk\u0173 Kiekis ir Auk\u0161tas Auk\u0161tis\" \/><img decoding=\"async\" src=\"https:\/\/img.kwcdn.com\/product\/open\/cb8fe82e4b48425a844a7e0802670e4a-goods.jpeg\" alt=\"2026 Naujas Laceil Dream P\u016bkinis Antklod\u0117s U\u017epildas \u017diemai, 3D Sand\u0117lis\/U-Klas\u0117s P\u016bkuotas Liocele, Grynai Baltos Spalvos, Didelis P\u016bk\u0173 Kiekis ir Auk\u0161tas Auk\u0161tis\" \/><img decoding=\"async\" src=\"https:\/\/img.kwcdn.com\/product\/open\/4244f44a378e453fa8d69de168cb580d-goods.jpeg\" alt=\"2026 Naujas Laceil Dream P\u016bkinis Antklod\u0117s U\u017epildas \u017diemai, 3D Sand\u0117lis\/U-Klas\u0117s P\u016bkuotas Liocele, Grynai Baltos Spalvos, Didelis P\u016bk\u0173 Kiekis ir Auk\u0161tas Auk\u0161tis\" \/><img decoding=\"async\" src=\"https:\/\/img.kwcdn.com\/product\/open\/dd9f8f6d3a584aed84ab8878c7525bf4-goods.jpeg\" alt=\"2026 Naujas Laceil Dream P\u016bkinis Antklod\u0117s U\u017epildas \u017diemai, 3D Sand\u0117lis\/U-Klas\u0117s P\u016bkuotas Liocele, Grynai Baltos Spalvos, Didelis P\u016bk\u0173 Kiekis ir Auk\u0161tas Auk\u0161tis\" \/><\/p>","protected":false},"excerpt":{"rendered":"","protected":false},"featured_media":2701,"comment_status":"open","ping_status":"closed","template":"","meta":[],"product_brand":[],"product_cat":[24],"product_tag":[],"class_list":{"0":"post-2700","1":"product","2":"type-product","3":"status-publish","4":"has-post-thumbnail","6":"product_cat-namu-apyvoka","8":"first","9":"instock","10":"sale","11":"shipping-taxable","12":"purchasable","13":"product-type-variable"},"_links":{"self":[{"href":"https:\/\/topsmart.store\/en\/wp-json\/wp\/v2\/product\/2700","targetHints":{"allow":["GET"]}}],"collection":[{"href":"https:\/\/topsmart.store\/en\/wp-json\/wp\/v2\/product"}],"about":[{"href":"https:\/\/topsmart.store\/en\/wp-json\/wp\/v2\/types\/product"}],"replies":[{"embeddable":true,"href":"https:\/\/topsmart.store\/en\/wp-json\/wp\/v2\/comments?post=2700"}],"wp:featuredmedia":[{"embeddable":true,"href":"https:\/\/topsmart.store\/en\/wp-json\/wp\/v2\/media\/2701"}],"wp:attachment":[{"href":"https:\/\/topsmart.store\/en\/wp-json\/wp\/v2\/media?parent=2700"}],"wp:term":[{"taxonomy":"product_brand","embeddable":true,"href":"https:\/\/topsmart.store\/en\/wp-json\/wp\/v2\/product_brand?post=2700"},{"taxonomy":"product_cat","embeddable":true,"href":"https:\/\/topsmart.store\/en\/wp-json\/wp\/v2\/product_cat?post=2700"},{"taxonomy":"product_tag","embeddable":true,"href":"https:\/\/topsmart.store\/en\/wp-json\/wp\/v2\/product_tag?post=2700"}],"curies":[{"name":"wp","href":"https:\/\/api.w.org\/{rel}","templated":true}]}}