{"id":2709,"date":"2026-04-20T12:27:50","date_gmt":"2026-04-20T10:27:50","guid":{"rendered":"https:\/\/topsmart.store\/product\/chef-peiliu-rinkinys-6-vnt-virtuves-peiliu-rinkinys-auksto-angies-nerudijancio-plieno-itin-astrus-peiliu-rinkiniai-profesionalus-peiliu-rinkiniai-su-abs-rankena\/"},"modified":"2026-04-20T12:40:53","modified_gmt":"2026-04-20T10:40:53","slug":"chef-peiliu-rinkinys-6-vnt-virtuves-peiliu-rinkinys-auksto-angies-nerudijancio-plieno-itin-astrus-peiliu-rinkiniai-profesionalus-peiliu-rinkiniai-su-abs-rankena","status":"publish","type":"product","link":"https:\/\/topsmart.store\/en\/product\/chef-peiliu-rinkinys-6-vnt-virtuves-peiliu-rinkinys-auksto-angies-nerudijancio-plieno-itin-astrus-peiliu-rinkiniai-profesionalus-peiliu-rinkiniai-su-abs-rankena\/","title":{"rendered":"Chef peili\u0173 rinkinys, 6 vnt. virtuv\u0117s peili\u0173 rinkinys, auk\u0161to angies ner\u016bdijan\u010dio plieno, itin a\u0161tr\u016bs peili\u0173 rinkiniai, profesional\u016bs peili\u0173 rinkiniai su ABS rankena"},"content":{"rendered":"<p><img decoding=\"async\" src=\"https:\/\/img.kwcdn.com\/product\/fancy\/760b360c-ec55-40a5-a89f-d3ff5609c7c2.jpg\" alt=\"Chef peili\u0173 rinkinys, 6 vnt. virtuv\u0117s peili\u0173 rinkinys, auk\u0161to angies ner\u016bdijan\u010dio plieno, itin a\u0161tr\u016bs peili\u0173 rinkiniai, profesional\u016bs peili\u0173 rinkiniai su ABS rankena\"><img decoding=\"async\" src=\"https:\/\/img.kwcdn.com\/product\/fancy\/ecbc3802-9dd9-469f-b3a4-290e9298331a.jpg\" alt=\"Chef peili\u0173 rinkinys, 6 vnt. virtuv\u0117s peili\u0173 rinkinys, auk\u0161to angies ner\u016bdijan\u010dio plieno, itin a\u0161tr\u016bs peili\u0173 rinkiniai, profesional\u016bs peili\u0173 rinkiniai su ABS rankena\"><img decoding=\"async\" src=\"https:\/\/img.kwcdn.com\/product\/fancy\/1e1e0816-423a-461c-9257-dbb00be03dd1.jpg\" alt=\"Chef peili\u0173 rinkinys, 6 vnt. virtuv\u0117s peili\u0173 rinkinys, auk\u0161to angies ner\u016bdijan\u010dio plieno, itin a\u0161tr\u016bs peili\u0173 rinkiniai, profesional\u016bs peili\u0173 rinkiniai su ABS rankena\"><img decoding=\"async\" src=\"https:\/\/img.kwcdn.com\/product\/fancy\/1626e80f-98cd-478e-b0b8-f46f4a80e861.jpg\" alt=\"Chef peili\u0173 rinkinys, 6 vnt. virtuv\u0117s peili\u0173 rinkinys, auk\u0161to angies ner\u016bdijan\u010dio plieno, itin a\u0161tr\u016bs peili\u0173 rinkiniai, profesional\u016bs peili\u0173 rinkiniai su ABS rankena\"><img decoding=\"async\" src=\"https:\/\/img.kwcdn.com\/product\/fancy\/86b7c295-50be-4bed-af9f-a21a384fa3fa.jpg\" alt=\"Chef peili\u0173 rinkinys, 6 vnt. virtuv\u0117s peili\u0173 rinkinys, auk\u0161to angies ner\u016bdijan\u010dio plieno, itin a\u0161tr\u016bs peili\u0173 rinkiniai, profesional\u016bs peili\u0173 rinkiniai su ABS rankena\"><img decoding=\"async\" src=\"https:\/\/img.kwcdn.com\/product\/fancy\/4b0f53eb-3f35-45c1-a670-1827ebf481ef.jpg\" alt=\"Chef peili\u0173 rinkinys, 6 vnt. virtuv\u0117s peili\u0173 rinkinys, auk\u0161to angies ner\u016bdijan\u010dio plieno, itin a\u0161tr\u016bs peili\u0173 rinkiniai, profesional\u016bs peili\u0173 rinkiniai su ABS rankena\"><img decoding=\"async\" src=\"https:\/\/img.kwcdn.com\/product\/fancy\/f363bc14-e205-410c-94be-3bda9fa7babb.jpg\" alt=\"Chef peili\u0173 rinkinys, 6 vnt. virtuv\u0117s peili\u0173 rinkinys, auk\u0161to angies ner\u016bdijan\u010dio plieno, itin a\u0161tr\u016bs peili\u0173 rinkiniai, profesional\u016bs peili\u0173 rinkiniai su ABS rankena\"><img decoding=\"async\" src=\"https:\/\/img.kwcdn.com\/product\/fancy\/d69d76dd-5bc4-4b66-a5b5-395370c37045.jpg\" alt=\"Chef peili\u0173 rinkinys, 6 vnt. virtuv\u0117s peili\u0173 rinkinys, auk\u0161to angies ner\u016bdijan\u010dio plieno, itin a\u0161tr\u016bs peili\u0173 rinkiniai, profesional\u016bs peili\u0173 rinkiniai su ABS rankena\"><img decoding=\"async\" src=\"https:\/\/img.kwcdn.com\/product\/fancy\/3471e827-7bcc-463a-b504-80b257553e49.jpg\" alt=\"Chef peili\u0173 rinkinys, 6 vnt. virtuv\u0117s peili\u0173 rinkinys, auk\u0161to angies ner\u016bdijan\u010dio plieno, itin a\u0161tr\u016bs peili\u0173 rinkiniai, profesional\u016bs peili\u0173 rinkiniai su ABS rankena\"><\/p>","protected":false},"excerpt":{"rendered":"","protected":false},"featured_media":2710,"comment_status":"open","ping_status":"closed","template":"","meta":[],"product_brand":[],"product_cat":[24],"product_tag":[],"class_list":{"0":"post-2709","1":"product","2":"type-product","3":"status-publish","4":"has-post-thumbnail","6":"product_cat-namu-apyvoka","8":"first","9":"instock","10":"sale","11":"shipping-taxable","12":"purchasable","13":"product-type-simple"},"_links":{"self":[{"href":"https:\/\/topsmart.store\/en\/wp-json\/wp\/v2\/product\/2709","targetHints":{"allow":["GET"]}}],"collection":[{"href":"https:\/\/topsmart.store\/en\/wp-json\/wp\/v2\/product"}],"about":[{"href":"https:\/\/topsmart.store\/en\/wp-json\/wp\/v2\/types\/product"}],"replies":[{"embeddable":true,"href":"https:\/\/topsmart.store\/en\/wp-json\/wp\/v2\/comments?post=2709"}],"wp:featuredmedia":[{"embeddable":true,"href":"https:\/\/topsmart.store\/en\/wp-json\/wp\/v2\/media\/2710"}],"wp:attachment":[{"href":"https:\/\/topsmart.store\/en\/wp-json\/wp\/v2\/media?parent=2709"}],"wp:term":[{"taxonomy":"product_brand","embeddable":true,"href":"https:\/\/topsmart.store\/en\/wp-json\/wp\/v2\/product_brand?post=2709"},{"taxonomy":"product_cat","embeddable":true,"href":"https:\/\/topsmart.store\/en\/wp-json\/wp\/v2\/product_cat?post=2709"},{"taxonomy":"product_tag","embeddable":true,"href":"https:\/\/topsmart.store\/en\/wp-json\/wp\/v2\/product_tag?post=2709"}],"curies":[{"name":"wp","href":"https:\/\/api.w.org\/{rel}","templated":true}]}}