{"id":2727,"date":"2026-04-20T12:28:23","date_gmt":"2026-04-20T10:28:23","guid":{"rendered":"https:\/\/topsmart.store\/product\/8-coliu-besepetelinis-aukstu-saku-pjuklas-ir-genejimo-zirkles-rinkinys-3-in-1-nesiojamas-teleskopinis-elektrinis-aukstu-saku-grandininis-pjuklas-ir-genejimo-zirkles-tinkamos-sakoms-geneti-lauko-kiem\/"},"modified":"2026-04-20T12:40:19","modified_gmt":"2026-04-20T10:40:19","slug":"8-coliu-besepetelinis-aukstu-saku-pjuklas-ir-genejimo-zirkles-rinkinys-3-in-1-nesiojamas-teleskopinis-elektrinis-aukstu-saku-grandininis-pjuklas-ir-genejimo-zirkles-tinkamos-sakoms-geneti-lauko-kiem","status":"publish","type":"product","link":"https:\/\/topsmart.store\/en\/product\/8-coliu-besepetelinis-aukstu-saku-pjuklas-ir-genejimo-zirkles-rinkinys-3-in-1-nesiojamas-teleskopinis-elektrinis-aukstu-saku-grandininis-pjuklas-ir-genejimo-zirkles-tinkamos-sakoms-geneti-lauko-kiem\/","title":{"rendered":"8 coli\u0173 be\u0161epet\u0117linis auk\u0161t\u0173 \u0161ak\u0173 pj\u016bklas ir gen\u0117jimo \u017eirkl\u0117s rinkinys, 3-in-1 ne\u0161iojamas teleskopinis elektrinis auk\u0161t\u0173 \u0161ak\u0173 grandininis pj\u016bklas ir gen\u0117jimo \u017eirkl\u0117s, tinkamos \u0161akoms gen\u0117ti lauko kiemuose ir soduose, suderinamos su OENVAN baterijomis"},"content":{"rendered":"<p>Charakteristika:<\/p>\n<p>\u201e- Didel\u0117 galia, didelis pjovimo greitis, didesnis na\u0161umas.<\/p>\n<p><img decoding=\"async\" src=\"https:\/\/img.kwcdn.com\/product\/fancy\/665c96a2-5ea8-4ddb-9630-66d498cf9992.jpg\" alt=\"8 coli\u0173 be\u0161epet\u0117linis auk\u0161t\u0173 \u0161ak\u0173 pj\u016bklas ir gen\u0117jimo \u017eirkl\u0117s rinkinys, 3-in-1 ne\u0161iojamas teleskopinis elektrinis auk\u0161t\u0173 \u0161ak\u0173 grandininis pj\u016bklas ir gen\u0117jimo \u017eirkl\u0117s, tinkamos \u0161akoms gen\u0117ti lauko kiemuose ir soduose, suderinamos su OENVAN baterijomis\"><img decoding=\"async\" src=\"https:\/\/img.kwcdn.com\/product\/fancy\/578d8042-3f7e-4c90-9004-0edbd5f09cff.jpg\" alt=\"8 coli\u0173 be\u0161epet\u0117linis auk\u0161t\u0173 \u0161ak\u0173 pj\u016bklas ir gen\u0117jimo \u017eirkl\u0117s rinkinys, 3-in-1 ne\u0161iojamas teleskopinis elektrinis auk\u0161t\u0173 \u0161ak\u0173 grandininis pj\u016bklas ir gen\u0117jimo \u017eirkl\u0117s, tinkamos \u0161akoms gen\u0117ti lauko kiemuose ir soduose, suderinamos su OENVAN baterijomis\"><img decoding=\"async\" src=\"https:\/\/img.kwcdn.com\/product\/fancy\/cbfea869-e7ae-4f85-97bd-3c74db17f4e2.jpg\" alt=\"8 coli\u0173 be\u0161epet\u0117linis auk\u0161t\u0173 \u0161ak\u0173 pj\u016bklas ir gen\u0117jimo \u017eirkl\u0117s rinkinys, 3-in-1 ne\u0161iojamas teleskopinis elektrinis auk\u0161t\u0173 \u0161ak\u0173 grandininis pj\u016bklas ir gen\u0117jimo \u017eirkl\u0117s, tinkamos \u0161akoms gen\u0117ti lauko kiemuose ir soduose, suderinamos su OENVAN baterijomis\"><img decoding=\"async\" src=\"https:\/\/img.kwcdn.com\/product\/fancy\/0731b3f6-5884-406e-a383-26c18c5b5a14.jpg\" alt=\"8 coli\u0173 be\u0161epet\u0117linis auk\u0161t\u0173 \u0161ak\u0173 pj\u016bklas ir gen\u0117jimo \u017eirkl\u0117s rinkinys, 3-in-1 ne\u0161iojamas teleskopinis elektrinis auk\u0161t\u0173 \u0161ak\u0173 grandininis pj\u016bklas ir gen\u0117jimo \u017eirkl\u0117s, tinkamos \u0161akoms gen\u0117ti lauko kiemuose ir soduose, suderinamos su OENVAN baterijomis\"><img decoding=\"async\" src=\"https:\/\/img.kwcdn.com\/product\/fancy\/e0c8a816-5662-40cd-872f-43c86b82df3c.jpg\" alt=\"8 coli\u0173 be\u0161epet\u0117linis auk\u0161t\u0173 \u0161ak\u0173 pj\u016bklas ir gen\u0117jimo \u017eirkl\u0117s rinkinys, 3-in-1 ne\u0161iojamas teleskopinis elektrinis auk\u0161t\u0173 \u0161ak\u0173 grandininis pj\u016bklas ir gen\u0117jimo \u017eirkl\u0117s, tinkamos \u0161akoms gen\u0117ti lauko kiemuose ir soduose, suderinamos su OENVAN baterijomis\"><img decoding=\"async\" src=\"https:\/\/img.kwcdn.com\/product\/fancy\/91eb80dc-a527-4aec-99c0-a1f5a178cb96.jpg\" alt=\"8 coli\u0173 be\u0161epet\u0117linis auk\u0161t\u0173 \u0161ak\u0173 pj\u016bklas ir gen\u0117jimo \u017eirkl\u0117s rinkinys, 3-in-1 ne\u0161iojamas teleskopinis elektrinis auk\u0161t\u0173 \u0161ak\u0173 grandininis pj\u016bklas ir gen\u0117jimo \u017eirkl\u0117s, tinkamos \u0161akoms gen\u0117ti lauko kiemuose ir soduose, suderinamos su OENVAN baterijomis\"><\/p>","protected":false},"excerpt":{"rendered":"<p>Charakteristika: \u201e- Didel\u0117 galia, didelis pjovimo greitis, didesnis na\u0161umas.<\/p>","protected":false},"featured_media":2728,"comment_status":"open","ping_status":"closed","template":"","meta":[],"product_brand":[],"product_cat":[24],"product_tag":[],"class_list":{"0":"post-2727","1":"product","2":"type-product","3":"status-publish","4":"has-post-thumbnail","6":"product_cat-namu-apyvoka","8":"first","9":"instock","10":"sale","11":"shipping-taxable","12":"purchasable","13":"product-type-variable"},"_links":{"self":[{"href":"https:\/\/topsmart.store\/en\/wp-json\/wp\/v2\/product\/2727","targetHints":{"allow":["GET"]}}],"collection":[{"href":"https:\/\/topsmart.store\/en\/wp-json\/wp\/v2\/product"}],"about":[{"href":"https:\/\/topsmart.store\/en\/wp-json\/wp\/v2\/types\/product"}],"replies":[{"embeddable":true,"href":"https:\/\/topsmart.store\/en\/wp-json\/wp\/v2\/comments?post=2727"}],"wp:featuredmedia":[{"embeddable":true,"href":"https:\/\/topsmart.store\/en\/wp-json\/wp\/v2\/media\/2728"}],"wp:attachment":[{"href":"https:\/\/topsmart.store\/en\/wp-json\/wp\/v2\/media?parent=2727"}],"wp:term":[{"taxonomy":"product_brand","embeddable":true,"href":"https:\/\/topsmart.store\/en\/wp-json\/wp\/v2\/product_brand?post=2727"},{"taxonomy":"product_cat","embeddable":true,"href":"https:\/\/topsmart.store\/en\/wp-json\/wp\/v2\/product_cat?post=2727"},{"taxonomy":"product_tag","embeddable":true,"href":"https:\/\/topsmart.store\/en\/wp-json\/wp\/v2\/product_tag?post=2727"}],"curies":[{"name":"wp","href":"https:\/\/api.w.org\/{rel}","templated":true}]}}