{"id":2734,"date":"2026-04-20T12:28:32","date_gmt":"2026-04-20T10:28:32","guid":{"rendered":"https:\/\/topsmart.store\/product\/82cm-ilgio-gyvatvoriu-zirkles-800w-22-coliu-belaides-rankines-zirkles-1200rpm-besepetelines-gyvatvoriu-zirkles\/"},"modified":"2026-04-20T12:40:27","modified_gmt":"2026-04-20T10:40:27","slug":"82cm-ilgio-gyvatvoriu-zirkles-800w-22-coliu-belaides-rankines-zirkles-1200rpm-besepetelines-gyvatvoriu-zirkles","status":"publish","type":"product","link":"https:\/\/topsmart.store\/en\/product\/82cm-ilgio-gyvatvoriu-zirkles-800w-22-coliu-belaides-rankines-zirkles-1200rpm-besepetelines-gyvatvoriu-zirkles\/","title":{"rendered":"82CM ilgio gyvatvori\u0173 \u017eirkl\u0117s, 800W 22 coli\u0173 belaid\u0117s rankin\u0117s \u017eirkl\u0117s, 1200RPM, be\u0161epet\u0117lin\u0117s gyvatvori\u0173 \u017eirkl\u0117s"},"content":{"rendered":"<p><img decoding=\"async\" src=\"https:\/\/img-eu.kwcdn.com\/local-goods-img\/211a2a470d0\/28912693-3fa9-41df-9edc-677ca69d2996_2048x2048.jpeg.format.jpg\" alt=\"82CM ilgio gyvatvori\u0173 \u017eirkl\u0117s, 800W 22 coli\u0173 belaid\u0117s rankin\u0117s \u017eirkl\u0117s, 1200RPM, be\u0161epet\u0117lin\u0117s gyvatvori\u0173 \u017eirkl\u0117s\"><img decoding=\"async\" src=\"https:\/\/img-eu.kwcdn.com\/local-goods-img\/211a2a470d0\/53752c14-fb27-473c-9641-f05b0bed3a91_1000x1000.jpeg.format.jpg\" alt=\"82CM ilgio gyvatvori\u0173 \u017eirkl\u0117s, 800W 22 coli\u0173 belaid\u0117s rankin\u0117s \u017eirkl\u0117s, 1200RPM, be\u0161epet\u0117lin\u0117s gyvatvori\u0173 \u017eirkl\u0117s\"><img decoding=\"async\" src=\"https:\/\/img-eu.kwcdn.com\/local-goods-img\/211a2a470d0\/0231e5c5-aa09-4038-9080-ab98a360dce4_1000x1000.jpeg.format.jpg\" alt=\"82CM ilgio gyvatvori\u0173 \u017eirkl\u0117s, 800W 22 coli\u0173 belaid\u0117s rankin\u0117s \u017eirkl\u0117s, 1200RPM, be\u0161epet\u0117lin\u0117s gyvatvori\u0173 \u017eirkl\u0117s\"><img decoding=\"async\" src=\"https:\/\/img-eu.kwcdn.com\/local-goods-img\/211a2a470d0\/cd1d9358-8ee4-49ff-9638-2a3963b4484e_1000x1000.jpeg.format.jpg\" alt=\"82CM ilgio gyvatvori\u0173 \u017eirkl\u0117s, 800W 22 coli\u0173 belaid\u0117s rankin\u0117s \u017eirkl\u0117s, 1200RPM, be\u0161epet\u0117lin\u0117s gyvatvori\u0173 \u017eirkl\u0117s\"><img decoding=\"async\" src=\"https:\/\/img-eu.kwcdn.com\/local-goods-img\/211a2a470d0\/c59cd7e4-c553-4df5-956b-171c9f1e650a_1000x1000.jpeg.format.jpg\" alt=\"82CM ilgio gyvatvori\u0173 \u017eirkl\u0117s, 800W 22 coli\u0173 belaid\u0117s rankin\u0117s \u017eirkl\u0117s, 1200RPM, be\u0161epet\u0117lin\u0117s gyvatvori\u0173 \u017eirkl\u0117s\"><\/p>","protected":false},"excerpt":{"rendered":"","protected":false},"featured_media":2736,"comment_status":"open","ping_status":"closed","template":"","meta":[],"product_brand":[],"product_cat":[24],"product_tag":[],"class_list":{"0":"post-2734","1":"product","2":"type-product","3":"status-publish","4":"has-post-thumbnail","6":"product_cat-namu-apyvoka","8":"first","9":"instock","10":"sale","11":"shipping-taxable","12":"purchasable","13":"product-type-simple"},"_links":{"self":[{"href":"https:\/\/topsmart.store\/en\/wp-json\/wp\/v2\/product\/2734","targetHints":{"allow":["GET"]}}],"collection":[{"href":"https:\/\/topsmart.store\/en\/wp-json\/wp\/v2\/product"}],"about":[{"href":"https:\/\/topsmart.store\/en\/wp-json\/wp\/v2\/types\/product"}],"replies":[{"embeddable":true,"href":"https:\/\/topsmart.store\/en\/wp-json\/wp\/v2\/comments?post=2734"}],"wp:featuredmedia":[{"embeddable":true,"href":"https:\/\/topsmart.store\/en\/wp-json\/wp\/v2\/media\/2736"}],"wp:attachment":[{"href":"https:\/\/topsmart.store\/en\/wp-json\/wp\/v2\/media?parent=2734"}],"wp:term":[{"taxonomy":"product_brand","embeddable":true,"href":"https:\/\/topsmart.store\/en\/wp-json\/wp\/v2\/product_brand?post=2734"},{"taxonomy":"product_cat","embeddable":true,"href":"https:\/\/topsmart.store\/en\/wp-json\/wp\/v2\/product_cat?post=2734"},{"taxonomy":"product_tag","embeddable":true,"href":"https:\/\/topsmart.store\/en\/wp-json\/wp\/v2\/product_tag?post=2734"}],"curies":[{"name":"wp","href":"https:\/\/api.w.org\/{rel}","templated":true}]}}