{"id":2750,"date":"2026-04-20T12:28:48","date_gmt":"2026-04-20T10:28:48","guid":{"rendered":"https:\/\/topsmart.store\/product\/genejimo-pjuklu-rinkinys-su-8-coliu-besepeteliniu-auksto-sakos-pjuklu-turintis-teleskopini-stulbriu-kurio-ilgis-reguliuojamas-trimis-budais-ir-galvute-kurios-rotacija-180-sis-nesiojamas-deri\/"},"modified":"2026-04-20T12:40:59","modified_gmt":"2026-04-20T10:40:59","slug":"genejimo-pjuklu-rinkinys-su-8-coliu-besepeteliniu-auksto-sakos-pjuklu-turintis-teleskopini-stulbriu-kurio-ilgis-reguliuojamas-trimis-budais-ir-galvute-kurios-rotacija-180-sis-nesiojamas-deri","status":"publish","type":"product","link":"https:\/\/topsmart.store\/en\/product\/genejimo-pjuklu-rinkinys-su-8-coliu-besepeteliniu-auksto-sakos-pjuklu-turintis-teleskopini-stulbriu-kurio-ilgis-reguliuojamas-trimis-budais-ir-galvute-kurios-rotacija-180-sis-nesiojamas-deri\/","title":{"rendered":"Gen\u0117jimo pj\u016bkl\u0173 rinkinys su 8 coli\u0173 be\u0161epet\u0117liniu auk\u0161to \u0161akos pj\u016bklu, turintis teleskopin\u012f stulbriu, kurio ilgis reguliuojamas trimis b\u016bdais ir galvute, kurios rotacija 180\u00b0. \u0160is ne\u0161iojamas derinys idealiai tinka \u0161akoms gen\u0117ti soduose ir lauko erdv\u0117se."},"content":{"rendered":"<p>Charakteristika: &#8211; \u0160is efektyvus \u012frenginys, \u012frengtas tvirtu be\u0161epet\u0117liu varikliu, u\u017etikrina pastov\u0173 veikim\u0105 ir patikimum\u0105. &#8211; Jame yra grandininio pj\u016bklo saugos u\u017eraktas, padidinantis naudotojo saugum\u0105. &#8211; \u0160is elektrinis grandininis pj\u016bklas yra \u012fkraunamas, lengvas, patogus ne\u0161iotis, turi ilgai veikian\u010di\u0105 baterij\u0105 ir yra \u0161velnus med\u017ei\u0173 \u017eievei. &#8211; Rankena padengta neslystan\u010dia guma, leid\u017eianti naudoti ilgai be diskomforto. &#8211; U\u017etikrina galing\u0105 veikim\u0105, didinant\u012f na\u0161um\u0105. &#8211; Komplekte yra auk\u0161tos kokyb\u0117s grei\u010dio reguliavimo jungiklis, leid\u017eiantis skland\u017eiai reguliuoti.<\/p>\n<p>I\u0161manusis grandin\u0117s valdymo skydelis su apsaugos nuo perkrovos funkcijomis, atitinkantis \u012fvairius statybos reikalavimus. Patvari vadovo grandin\u0117 su giliu gr\u016bdintuvu, u\u017etikrinan\u010dia didesn\u012f atsparum\u0105 dilimui ir skland\u017ei\u0105 pjovimo veikim\u0105.<\/p>\n<p><img decoding=\"async\" src=\"https:\/\/img.kwcdn.com\/product\/fancy\/8e95f45a-4282-47cf-8dd6-57da8a804edd.jpg\" alt=\"Gen\u0117jimo pj\u016bkl\u0173 rinkinys su 8 coli\u0173 be\u0161epet\u0117liniu auk\u0161to \u0161akos pj\u016bklu, turintis teleskopin\u012f stulbriu, kurio ilgis reguliuojamas trimis b\u016bdais ir galvute, kurios rotacija 180\u00b0. \u0160is ne\u0161iojamas derinys idealiai tinka \u0161akoms gen\u0117ti soduose ir lauko erdv\u0117se.\"><img decoding=\"async\" src=\"https:\/\/img.kwcdn.com\/product\/fancy\/5df74b2c-714a-4e55-b67e-512fd5615e01.jpg\" alt=\"Gen\u0117jimo pj\u016bkl\u0173 rinkinys su 8 coli\u0173 be\u0161epet\u0117liniu auk\u0161to \u0161akos pj\u016bklu, turintis teleskopin\u012f stulbriu, kurio ilgis reguliuojamas trimis b\u016bdais ir galvute, kurios rotacija 180\u00b0. \u0160is ne\u0161iojamas derinys idealiai tinka \u0161akoms gen\u0117ti soduose ir lauko erdv\u0117se.\"><img decoding=\"async\" src=\"https:\/\/img.kwcdn.com\/product\/fancy\/880c68fe-d901-4225-b880-af4970f4e99e.jpg\" alt=\"Gen\u0117jimo pj\u016bkl\u0173 rinkinys su 8 coli\u0173 be\u0161epet\u0117liniu auk\u0161to \u0161akos pj\u016bklu, turintis teleskopin\u012f stulbriu, kurio ilgis reguliuojamas trimis b\u016bdais ir galvute, kurios rotacija 180\u00b0. \u0160is ne\u0161iojamas derinys idealiai tinka \u0161akoms gen\u0117ti soduose ir lauko erdv\u0117se.\"><img decoding=\"async\" src=\"https:\/\/img.kwcdn.com\/product\/fancy\/ab3ca835-ba6b-4b6d-bd4b-8b977d18a524.jpg\" alt=\"Gen\u0117jimo pj\u016bkl\u0173 rinkinys su 8 coli\u0173 be\u0161epet\u0117liniu auk\u0161to \u0161akos pj\u016bklu, turintis teleskopin\u012f stulbriu, kurio ilgis reguliuojamas trimis b\u016bdais ir galvute, kurios rotacija 180\u00b0. \u0160is ne\u0161iojamas derinys idealiai tinka \u0161akoms gen\u0117ti soduose ir lauko erdv\u0117se.\"><img decoding=\"async\" src=\"https:\/\/img.kwcdn.com\/product\/fancy\/814c714b-658b-4a7f-8cfa-a4fbe86666e1.jpg\" alt=\"Gen\u0117jimo pj\u016bkl\u0173 rinkinys su 8 coli\u0173 be\u0161epet\u0117liniu auk\u0161to \u0161akos pj\u016bklu, turintis teleskopin\u012f stulbriu, kurio ilgis reguliuojamas trimis b\u016bdais ir galvute, kurios rotacija 180\u00b0. \u0160is ne\u0161iojamas derinys idealiai tinka \u0161akoms gen\u0117ti soduose ir lauko erdv\u0117se.\"><\/p>\n<p>8 coli\u0173<\/p>\n<p><img decoding=\"async\" src=\"https:\/\/img.kwcdn.com\/product\/fancy\/4ca4669e-5a27-4252-862d-54ff6615d565.jpg\" alt=\"Gen\u0117jimo pj\u016bkl\u0173 rinkinys su 8 coli\u0173 be\u0161epet\u0117liniu auk\u0161to \u0161akos pj\u016bklu, turintis teleskopin\u012f stulbriu, kurio ilgis reguliuojamas trimis b\u016bdais ir galvute, kurios rotacija 180\u00b0. \u0160is ne\u0161iojamas derinys idealiai tinka \u0161akoms gen\u0117ti soduose ir lauko erdv\u0117se.\"><img decoding=\"async\" src=\"https:\/\/img.kwcdn.com\/product\/fancy\/7e800f1c-7f43-4e8e-bb1f-b486e5d76654.jpg\" alt=\"Gen\u0117jimo pj\u016bkl\u0173 rinkinys su 8 coli\u0173 be\u0161epet\u0117liniu auk\u0161to \u0161akos pj\u016bklu, turintis teleskopin\u012f stulbriu, kurio ilgis reguliuojamas trimis b\u016bdais ir galvute, kurios rotacija 180\u00b0. \u0160is ne\u0161iojamas derinys idealiai tinka \u0161akoms gen\u0117ti soduose ir lauko erdv\u0117se.\"><img decoding=\"async\" src=\"https:\/\/img.kwcdn.com\/product\/fancy\/31a06e02-cfad-406b-b3db-7fe1c82faeac.jpg\" alt=\"Gen\u0117jimo pj\u016bkl\u0173 rinkinys su 8 coli\u0173 be\u0161epet\u0117liniu auk\u0161to \u0161akos pj\u016bklu, turintis teleskopin\u012f stulbriu, kurio ilgis reguliuojamas trimis b\u016bdais ir galvute, kurios rotacija 180\u00b0. \u0160is ne\u0161iojamas derinys idealiai tinka \u0161akoms gen\u0117ti soduose ir lauko erdv\u0117se.\"><img decoding=\"async\" src=\"https:\/\/img.kwcdn.com\/product\/fancy\/07944cd8-233d-47bf-8bf6-4033ab29d1d3.jpg\" alt=\"Gen\u0117jimo pj\u016bkl\u0173 rinkinys su 8 coli\u0173 be\u0161epet\u0117liniu auk\u0161to \u0161akos pj\u016bklu, turintis teleskopin\u012f stulbriu, kurio ilgis reguliuojamas trimis b\u016bdais ir galvute, kurios rotacija 180\u00b0. \u0160is ne\u0161iojamas derinys idealiai tinka \u0161akoms gen\u0117ti soduose ir lauko erdv\u0117se.\"><img decoding=\"async\" src=\"https:\/\/img.kwcdn.com\/product\/fancy\/dd4fc5cd-a1cb-4654-b819-b73e5e4c0742.jpg\" alt=\"Gen\u0117jimo pj\u016bkl\u0173 rinkinys su 8 coli\u0173 be\u0161epet\u0117liniu auk\u0161to \u0161akos pj\u016bklu, turintis teleskopin\u012f stulbriu, kurio ilgis reguliuojamas trimis b\u016bdais ir galvute, kurios rotacija 180\u00b0. \u0160is ne\u0161iojamas derinys idealiai tinka \u0161akoms gen\u0117ti soduose ir lauko erdv\u0117se.\"><\/p>","protected":false},"excerpt":{"rendered":"<p>Charakteristika: &#8211; \u0160is efektyvus \u012frenginys, \u012frengtas tvirtu be\u0161epet\u0117liu varikliu, u\u017etikrina pastov\u0173 veikim\u0105 ir patikimum\u0105. &#8211; Jame yra grandininio pj\u016bklo saugos u\u017eraktas, padidinantis naudotojo saugum\u0105. &#8211; \u0160is elektrinis grandininis pj\u016bklas yra \u012fkraunamas, lengvas, patogus ne\u0161iotis, turi ilgai veikian\u010di\u0105 baterij\u0105 ir yra \u0161velnus med\u017ei\u0173 \u017eievei. &#8211; Rankena padengta neslystan\u010dia guma, leid\u017eianti naudoti ilgai be diskomforto. &#8211; U\u017etikrina [&hellip;]<\/p>\n","protected":false},"featured_media":2751,"comment_status":"open","ping_status":"closed","template":"","meta":[],"product_brand":[],"product_cat":[24],"product_tag":[],"class_list":{"0":"post-2750","1":"product","2":"type-product","3":"status-publish","4":"has-post-thumbnail","6":"product_cat-namu-apyvoka","8":"first","9":"instock","10":"sale","11":"shipping-taxable","12":"purchasable","13":"product-type-variable"},"_links":{"self":[{"href":"https:\/\/topsmart.store\/en\/wp-json\/wp\/v2\/product\/2750","targetHints":{"allow":["GET"]}}],"collection":[{"href":"https:\/\/topsmart.store\/en\/wp-json\/wp\/v2\/product"}],"about":[{"href":"https:\/\/topsmart.store\/en\/wp-json\/wp\/v2\/types\/product"}],"replies":[{"embeddable":true,"href":"https:\/\/topsmart.store\/en\/wp-json\/wp\/v2\/comments?post=2750"}],"wp:featuredmedia":[{"embeddable":true,"href":"https:\/\/topsmart.store\/en\/wp-json\/wp\/v2\/media\/2751"}],"wp:attachment":[{"href":"https:\/\/topsmart.store\/en\/wp-json\/wp\/v2\/media?parent=2750"}],"wp:term":[{"taxonomy":"product_brand","embeddable":true,"href":"https:\/\/topsmart.store\/en\/wp-json\/wp\/v2\/product_brand?post=2750"},{"taxonomy":"product_cat","embeddable":true,"href":"https:\/\/topsmart.store\/en\/wp-json\/wp\/v2\/product_cat?post=2750"},{"taxonomy":"product_tag","embeddable":true,"href":"https:\/\/topsmart.store\/en\/wp-json\/wp\/v2\/product_tag?post=2750"}],"curies":[{"name":"wp","href":"https:\/\/api.w.org\/{rel}","templated":true}]}}