{"id":2765,"date":"2026-04-20T12:29:05","date_gmt":"2026-04-20T10:29:05","guid":{"rendered":"https:\/\/topsmart.store\/product\/automatine-zarnu-rite-automobiliu-plovimui-auksto-slegio-vandens-pistoletas-sodo-irankis-automobiliu-plovimo-iranga-zarnu-rite-su-20-m-zarna-sienine-plastikine-teleskopine-zarnu-rite-tinka-namu\/"},"modified":"2026-04-20T12:40:31","modified_gmt":"2026-04-20T10:40:31","slug":"automatine-zarnu-rite-automobiliu-plovimui-auksto-slegio-vandens-pistoletas-sodo-irankis-automobiliu-plovimo-iranga-zarnu-rite-su-20-m-zarna-sienine-plastikine-teleskopine-zarnu-rite-tinka-namu","status":"publish","type":"product","link":"https:\/\/topsmart.store\/en\/product\/automatine-zarnu-rite-automobiliu-plovimui-auksto-slegio-vandens-pistoletas-sodo-irankis-automobiliu-plovimo-iranga-zarnu-rite-su-20-m-zarna-sienine-plastikine-teleskopine-zarnu-rite-tinka-namu\/","title":{"rendered":"Automatin\u0117 \u017earn\u0173 rit\u0117 automobili\u0173 plovimui, auk\u0161to sl\u0117gio vandens pistoletas, sodo \u012frankis, automobili\u0173 plovimo \u012franga, \u017earn\u0173 rit\u0117 su 20 m \u017earna, sienin\u0117 plastikin\u0117 teleskopin\u0117 \u017earn\u0173 rit\u0117, tinka nam\u0173 laistymui, augal\u0173 laistymui ir automobili\u0173 plovimui"},"content":{"rendered":"<p><img decoding=\"async\" src=\"https:\/\/img.kwcdn.com\/product\/fancy\/9435c33f-8ed5-4641-bd3f-3cc972150585.jpg\" alt=\"Automatin\u0117 \u017earn\u0173 rit\u0117 automobili\u0173 plovimui, auk\u0161to sl\u0117gio vandens pistoletas, sodo \u012frankis, automobili\u0173 plovimo \u012franga, \u017earn\u0173 rit\u0117 su 20 m \u017earna, sienin\u0117 plastikin\u0117 teleskopin\u0117 \u017earn\u0173 rit\u0117, tinka nam\u0173 laistymui, augal\u0173 laistymui ir automobili\u0173 plovimui\"><img decoding=\"async\" src=\"https:\/\/img.kwcdn.com\/product\/fancy\/3e116791-3208-4b55-b22b-c647295befc7.jpg\" alt=\"Automatin\u0117 \u017earn\u0173 rit\u0117 automobili\u0173 plovimui, auk\u0161to sl\u0117gio vandens pistoletas, sodo \u012frankis, automobili\u0173 plovimo \u012franga, \u017earn\u0173 rit\u0117 su 20 m \u017earna, sienin\u0117 plastikin\u0117 teleskopin\u0117 \u017earn\u0173 rit\u0117, tinka nam\u0173 laistymui, augal\u0173 laistymui ir automobili\u0173 plovimui\"><img decoding=\"async\" src=\"https:\/\/img.kwcdn.com\/product\/fancy\/009a5f57-7339-493b-8101-0950bbdd48b5.jpg\" alt=\"Automatin\u0117 \u017earn\u0173 rit\u0117 automobili\u0173 plovimui, auk\u0161to sl\u0117gio vandens pistoletas, sodo \u012frankis, automobili\u0173 plovimo \u012franga, \u017earn\u0173 rit\u0117 su 20 m \u017earna, sienin\u0117 plastikin\u0117 teleskopin\u0117 \u017earn\u0173 rit\u0117, tinka nam\u0173 laistymui, augal\u0173 laistymui ir automobili\u0173 plovimui\"><img decoding=\"async\" src=\"https:\/\/img.kwcdn.com\/product\/fancy\/4c4a2963-cd0c-4d5b-85bc-b154629e9397.jpg\" alt=\"Automatin\u0117 \u017earn\u0173 rit\u0117 automobili\u0173 plovimui, auk\u0161to sl\u0117gio vandens pistoletas, sodo \u012frankis, automobili\u0173 plovimo \u012franga, \u017earn\u0173 rit\u0117 su 20 m \u017earna, sienin\u0117 plastikin\u0117 teleskopin\u0117 \u017earn\u0173 rit\u0117, tinka nam\u0173 laistymui, augal\u0173 laistymui ir automobili\u0173 plovimui\"><\/p>","protected":false},"excerpt":{"rendered":"","protected":false},"featured_media":2766,"comment_status":"open","ping_status":"closed","template":"","meta":[],"product_brand":[],"product_cat":[24],"product_tag":[],"class_list":{"0":"post-2765","1":"product","2":"type-product","3":"status-publish","4":"has-post-thumbnail","6":"product_cat-namu-apyvoka","8":"first","9":"instock","10":"sale","11":"shipping-taxable","12":"purchasable","13":"product-type-simple"},"_links":{"self":[{"href":"https:\/\/topsmart.store\/en\/wp-json\/wp\/v2\/product\/2765","targetHints":{"allow":["GET"]}}],"collection":[{"href":"https:\/\/topsmart.store\/en\/wp-json\/wp\/v2\/product"}],"about":[{"href":"https:\/\/topsmart.store\/en\/wp-json\/wp\/v2\/types\/product"}],"replies":[{"embeddable":true,"href":"https:\/\/topsmart.store\/en\/wp-json\/wp\/v2\/comments?post=2765"}],"wp:featuredmedia":[{"embeddable":true,"href":"https:\/\/topsmart.store\/en\/wp-json\/wp\/v2\/media\/2766"}],"wp:attachment":[{"href":"https:\/\/topsmart.store\/en\/wp-json\/wp\/v2\/media?parent=2765"}],"wp:term":[{"taxonomy":"product_brand","embeddable":true,"href":"https:\/\/topsmart.store\/en\/wp-json\/wp\/v2\/product_brand?post=2765"},{"taxonomy":"product_cat","embeddable":true,"href":"https:\/\/topsmart.store\/en\/wp-json\/wp\/v2\/product_cat?post=2765"},{"taxonomy":"product_tag","embeddable":true,"href":"https:\/\/topsmart.store\/en\/wp-json\/wp\/v2\/product_tag?post=2765"}],"curies":[{"name":"wp","href":"https:\/\/api.w.org\/{rel}","templated":true}]}}