{"id":2782,"date":"2026-04-20T12:29:21","date_gmt":"2026-04-20T10:29:21","guid":{"rendered":"https:\/\/topsmart.store\/product\/profesionalios-be-laidu-elektrines-genejimo-zirkles-su-akumuliatoriumi-medziu-saku-genejimo-zirkles-su-2-vnt-ikraunamomis-licio-baterijomis\/"},"modified":"2026-04-20T12:41:25","modified_gmt":"2026-04-20T10:41:25","slug":"profesionalios-be-laidu-elektrines-genejimo-zirkles-su-akumuliatoriumi-medziu-saku-genejimo-zirkles-su-2-vnt-ikraunamomis-licio-baterijomis","status":"publish","type":"product","link":"https:\/\/topsmart.store\/en\/product\/profesionalios-be-laidu-elektrines-genejimo-zirkles-su-akumuliatoriumi-medziu-saku-genejimo-zirkles-su-2-vnt-ikraunamomis-licio-baterijomis\/","title":{"rendered":"Profesionalios be laid\u0173 elektrin\u0117s gen\u0117jimo \u017eirkl\u0117s su akumuliatoriumi, med\u017ei\u0173 \u0161ak\u0173 gen\u0117jimo \u017eirkl\u0117s su 2 vnt. \u012fkraunamomis li\u010dio baterijomis"},"content":{"rendered":"<p><img decoding=\"async\" src=\"https:\/\/img.kwcdn.com\/product\/fancy\/840c646e-8984-4ffb-9197-5df7601932fa.jpg\" alt=\"Profesionalios be laid\u0173 elektrin\u0117s gen\u0117jimo \u017eirkl\u0117s su akumuliatoriumi, med\u017ei\u0173 \u0161ak\u0173 gen\u0117jimo \u017eirkl\u0117s su 2 vnt. \u012fkraunamomis li\u010dio baterijomis\"><img decoding=\"async\" src=\"https:\/\/img.kwcdn.com\/product\/fancy\/bee9761e-5eb9-4791-be8f-6eba01c373f2.jpg\" alt=\"Profesionalios be laid\u0173 elektrin\u0117s gen\u0117jimo \u017eirkl\u0117s su akumuliatoriumi, med\u017ei\u0173 \u0161ak\u0173 gen\u0117jimo \u017eirkl\u0117s su 2 vnt. \u012fkraunamomis li\u010dio baterijomis\"><img decoding=\"async\" src=\"https:\/\/img.kwcdn.com\/product\/fancy\/75e41372-5e63-4818-9306-0946f17411c3.jpg\" alt=\"Profesionalios be laid\u0173 elektrin\u0117s gen\u0117jimo \u017eirkl\u0117s su akumuliatoriumi, med\u017ei\u0173 \u0161ak\u0173 gen\u0117jimo \u017eirkl\u0117s su 2 vnt. \u012fkraunamomis li\u010dio baterijomis\"><img decoding=\"async\" src=\"https:\/\/img.kwcdn.com\/product\/fancy\/6e3720e3-a6c4-433f-bbef-62460cd1da2b.jpg\" alt=\"Profesionalios be laid\u0173 elektrin\u0117s gen\u0117jimo \u017eirkl\u0117s su akumuliatoriumi, med\u017ei\u0173 \u0161ak\u0173 gen\u0117jimo \u017eirkl\u0117s su 2 vnt. \u012fkraunamomis li\u010dio baterijomis\"><img decoding=\"async\" src=\"https:\/\/img.kwcdn.com\/product\/fancy\/bdb62d92-2502-4377-8f65-04164e4a5d52.jpg\" alt=\"Profesionalios be laid\u0173 elektrin\u0117s gen\u0117jimo \u017eirkl\u0117s su akumuliatoriumi, med\u017ei\u0173 \u0161ak\u0173 gen\u0117jimo \u017eirkl\u0117s su 2 vnt. \u012fkraunamomis li\u010dio baterijomis\"><\/p>","protected":false},"excerpt":{"rendered":"","protected":false},"featured_media":2783,"comment_status":"open","ping_status":"closed","template":"","meta":[],"product_brand":[],"product_cat":[24],"product_tag":[],"class_list":{"0":"post-2782","1":"product","2":"type-product","3":"status-publish","4":"has-post-thumbnail","6":"product_cat-namu-apyvoka","8":"first","9":"instock","10":"sale","11":"shipping-taxable","12":"purchasable","13":"product-type-simple"},"_links":{"self":[{"href":"https:\/\/topsmart.store\/en\/wp-json\/wp\/v2\/product\/2782","targetHints":{"allow":["GET"]}}],"collection":[{"href":"https:\/\/topsmart.store\/en\/wp-json\/wp\/v2\/product"}],"about":[{"href":"https:\/\/topsmart.store\/en\/wp-json\/wp\/v2\/types\/product"}],"replies":[{"embeddable":true,"href":"https:\/\/topsmart.store\/en\/wp-json\/wp\/v2\/comments?post=2782"}],"wp:featuredmedia":[{"embeddable":true,"href":"https:\/\/topsmart.store\/en\/wp-json\/wp\/v2\/media\/2783"}],"wp:attachment":[{"href":"https:\/\/topsmart.store\/en\/wp-json\/wp\/v2\/media?parent=2782"}],"wp:term":[{"taxonomy":"product_brand","embeddable":true,"href":"https:\/\/topsmart.store\/en\/wp-json\/wp\/v2\/product_brand?post=2782"},{"taxonomy":"product_cat","embeddable":true,"href":"https:\/\/topsmart.store\/en\/wp-json\/wp\/v2\/product_cat?post=2782"},{"taxonomy":"product_tag","embeddable":true,"href":"https:\/\/topsmart.store\/en\/wp-json\/wp\/v2\/product_tag?post=2782"}],"curies":[{"name":"wp","href":"https:\/\/api.w.org\/{rel}","templated":true}]}}