{"id":2802,"date":"2026-04-20T12:29:36","date_gmt":"2026-04-20T10:29:36","guid":{"rendered":"https:\/\/topsmart.store\/product\/istraukiamas-medziu-genetuvas-su-astriu-plieniniu-asmeniu-sakoms-karpoti-su-lengva-aliuminio-lydinio-rankena\/"},"modified":"2026-04-20T12:41:04","modified_gmt":"2026-04-20T10:41:04","slug":"istraukiamas-medziu-genetuvas-su-astriu-plieniniu-asmeniu-sakoms-karpoti-su-lengva-aliuminio-lydinio-rankena","status":"publish","type":"product","link":"https:\/\/topsmart.store\/en\/product\/istraukiamas-medziu-genetuvas-su-astriu-plieniniu-asmeniu-sakoms-karpoti-su-lengva-aliuminio-lydinio-rankena\/","title":{"rendered":"I\u0161traukiamas med\u017ei\u0173 gen\u0117tuvas su a\u0161triu plieniniu a\u0161meniu \u0161akoms karpoti, su lengva aliuminio lydinio rankena"},"content":{"rendered":"<p><img decoding=\"async\" src=\"https:\/\/img.kwcdn.com\/product\/fancy\/8eda4dbf-40f2-4b29-94bf-151378402be4.jpg\" alt=\"I\u0161traukiamas med\u017ei\u0173 gen\u0117tuvas su a\u0161triu plieniniu a\u0161meniu \u0161akoms karpoti, su lengva aliuminio lydinio rankena\"><img decoding=\"async\" src=\"https:\/\/img.kwcdn.com\/product\/fancy\/4eb44592-4dcd-4964-8542-979ccb68c056.jpg\" alt=\"I\u0161traukiamas med\u017ei\u0173 gen\u0117tuvas su a\u0161triu plieniniu a\u0161meniu \u0161akoms karpoti, su lengva aliuminio lydinio rankena\"><img decoding=\"async\" src=\"https:\/\/img.kwcdn.com\/product\/fancy\/bccbe54d-8115-4f98-8ffc-4fb08fbf56b1.jpg\" alt=\"I\u0161traukiamas med\u017ei\u0173 gen\u0117tuvas su a\u0161triu plieniniu a\u0161meniu \u0161akoms karpoti, su lengva aliuminio lydinio rankena\"><img decoding=\"async\" src=\"https:\/\/img.kwcdn.com\/product\/fancy\/332ae0cd-cfe1-45a9-9c8f-e7e8dfdaa684.jpg\" alt=\"I\u0161traukiamas med\u017ei\u0173 gen\u0117tuvas su a\u0161triu plieniniu a\u0161meniu \u0161akoms karpoti, su lengva aliuminio lydinio rankena\"><img decoding=\"async\" src=\"https:\/\/img.kwcdn.com\/product\/fancy\/ab2fa055-3ebe-4a79-baf5-c9099825311a.jpg\" alt=\"I\u0161traukiamas med\u017ei\u0173 gen\u0117tuvas su a\u0161triu plieniniu a\u0161meniu \u0161akoms karpoti, su lengva aliuminio lydinio rankena\"><img decoding=\"async\" src=\"https:\/\/img.kwcdn.com\/product\/fancy\/dea1f984-7681-4bea-a2da-f8491f423182.jpg\" alt=\"I\u0161traukiamas med\u017ei\u0173 gen\u0117tuvas su a\u0161triu plieniniu a\u0161meniu \u0161akoms karpoti, su lengva aliuminio lydinio rankena\"><img decoding=\"async\" src=\"https:\/\/img.kwcdn.com\/product\/fancy\/fde0b0be-614d-483e-a8ca-f5d83db78d2a.jpg\" alt=\"I\u0161traukiamas med\u017ei\u0173 gen\u0117tuvas su a\u0161triu plieniniu a\u0161meniu \u0161akoms karpoti, su lengva aliuminio lydinio rankena\"><img decoding=\"async\" src=\"https:\/\/img.kwcdn.com\/product\/fancy\/c1b30976-21e3-4270-8465-c4bff5c2b5c0.jpg\" alt=\"I\u0161traukiamas med\u017ei\u0173 gen\u0117tuvas su a\u0161triu plieniniu a\u0161meniu \u0161akoms karpoti, su lengva aliuminio lydinio rankena\"><img decoding=\"async\" src=\"https:\/\/img.kwcdn.com\/product\/fancy\/3aff9eee-2817-4dfc-9855-043eecf7ba09.jpg\" alt=\"I\u0161traukiamas med\u017ei\u0173 gen\u0117tuvas su a\u0161triu plieniniu a\u0161meniu \u0161akoms karpoti, su lengva aliuminio lydinio rankena\"><img decoding=\"async\" src=\"https:\/\/img.kwcdn.com\/product\/fancy\/f6687e3e-c686-4dfb-9b72-0ec9badb4306.jpg\" alt=\"I\u0161traukiamas med\u017ei\u0173 gen\u0117tuvas su a\u0161triu plieniniu a\u0161meniu \u0161akoms karpoti, su lengva aliuminio lydinio rankena\"><\/p>","protected":false},"excerpt":{"rendered":"","protected":false},"featured_media":2803,"comment_status":"open","ping_status":"closed","template":"","meta":[],"product_brand":[],"product_cat":[24],"product_tag":[],"class_list":{"0":"post-2802","1":"product","2":"type-product","3":"status-publish","4":"has-post-thumbnail","6":"product_cat-namu-apyvoka","8":"first","9":"instock","10":"sale","11":"shipping-taxable","12":"purchasable","13":"product-type-simple"},"_links":{"self":[{"href":"https:\/\/topsmart.store\/en\/wp-json\/wp\/v2\/product\/2802","targetHints":{"allow":["GET"]}}],"collection":[{"href":"https:\/\/topsmart.store\/en\/wp-json\/wp\/v2\/product"}],"about":[{"href":"https:\/\/topsmart.store\/en\/wp-json\/wp\/v2\/types\/product"}],"replies":[{"embeddable":true,"href":"https:\/\/topsmart.store\/en\/wp-json\/wp\/v2\/comments?post=2802"}],"wp:featuredmedia":[{"embeddable":true,"href":"https:\/\/topsmart.store\/en\/wp-json\/wp\/v2\/media\/2803"}],"wp:attachment":[{"href":"https:\/\/topsmart.store\/en\/wp-json\/wp\/v2\/media?parent=2802"}],"wp:term":[{"taxonomy":"product_brand","embeddable":true,"href":"https:\/\/topsmart.store\/en\/wp-json\/wp\/v2\/product_brand?post=2802"},{"taxonomy":"product_cat","embeddable":true,"href":"https:\/\/topsmart.store\/en\/wp-json\/wp\/v2\/product_cat?post=2802"},{"taxonomy":"product_tag","embeddable":true,"href":"https:\/\/topsmart.store\/en\/wp-json\/wp\/v2\/product_tag?post=2802"}],"curies":[{"name":"wp","href":"https:\/\/api.w.org\/{rel}","templated":true}]}}