{"id":2807,"date":"2026-04-20T12:29:42","date_gmt":"2026-04-20T10:29:42","guid":{"rendered":"https:\/\/topsmart.store\/product\/sulankstomas-sodo-staliukas-su-teleskopiniu-sedyne-ir-irankiu-rinkiniu-pagamintas-is-tvirto-plieno-lengvai-laikomas-ir-pasizymi-patogiu-eva-putomis\/"},"modified":"2026-04-20T12:41:41","modified_gmt":"2026-04-20T10:41:41","slug":"sulankstomas-sodo-staliukas-su-teleskopiniu-sedyne-ir-irankiu-rinkiniu-pagamintas-is-tvirto-plieno-lengvai-laikomas-ir-pasizymi-patogiu-eva-putomis","status":"publish","type":"product","link":"https:\/\/topsmart.store\/en\/product\/sulankstomas-sodo-staliukas-su-teleskopiniu-sedyne-ir-irankiu-rinkiniu-pagamintas-is-tvirto-plieno-lengvai-laikomas-ir-pasizymi-patogiu-eva-putomis\/","title":{"rendered":"Sulankstomas sodo staliukas su teleskopiniu s\u0117dyne ir \u012franki\u0173 rinkiniu, pagamintas i\u0161 tvirto plieno, lengvai laikomas ir pasi\u017eymi patogiu EVA putomis"},"content":{"rendered":"<p><img decoding=\"async\" src=\"https:\/\/img.kwcdn.com\/product\/fancy\/a86bfb02-fab3-487e-a651-0ec0fd081578.jpg\" alt=\"Sulankstomas sodo staliukas su teleskopiniu s\u0117dyne ir \u012franki\u0173 rinkiniu, pagamintas i\u0161 tvirto plieno, lengvai laikomas ir pasi\u017eymi patogiu EVA putomis\"><img decoding=\"async\" src=\"https:\/\/img.kwcdn.com\/product\/fancy\/2c301677-54bb-4bc0-a438-42613b613949.jpg\" alt=\"Sulankstomas sodo staliukas su teleskopiniu s\u0117dyne ir \u012franki\u0173 rinkiniu, pagamintas i\u0161 tvirto plieno, lengvai laikomas ir pasi\u017eymi patogiu EVA putomis\"><img decoding=\"async\" src=\"https:\/\/img.kwcdn.com\/product\/fancy\/7c435e74-f6e9-4224-ac5b-87352f328294.jpg\" alt=\"Sulankstomas sodo staliukas su teleskopiniu s\u0117dyne ir \u012franki\u0173 rinkiniu, pagamintas i\u0161 tvirto plieno, lengvai laikomas ir pasi\u017eymi patogiu EVA putomis\"><img decoding=\"async\" src=\"https:\/\/img.kwcdn.com\/product\/fancy\/77bec393-63bd-4818-9414-601f862193d8.jpg\" alt=\"Sulankstomas sodo staliukas su teleskopiniu s\u0117dyne ir \u012franki\u0173 rinkiniu, pagamintas i\u0161 tvirto plieno, lengvai laikomas ir pasi\u017eymi patogiu EVA putomis\"><img decoding=\"async\" src=\"https:\/\/img.kwcdn.com\/product\/fancy\/011255d6-ec8d-4211-a0c2-af4546469d07.jpg\" alt=\"Sulankstomas sodo staliukas su teleskopiniu s\u0117dyne ir \u012franki\u0173 rinkiniu, pagamintas i\u0161 tvirto plieno, lengvai laikomas ir pasi\u017eymi patogiu EVA putomis\"><img decoding=\"async\" src=\"https:\/\/img.kwcdn.com\/product\/fancy\/005e202c-ca99-4505-9d2b-962537a7010d.jpg\" alt=\"Sulankstomas sodo staliukas su teleskopiniu s\u0117dyne ir \u012franki\u0173 rinkiniu, pagamintas i\u0161 tvirto plieno, lengvai laikomas ir pasi\u017eymi patogiu EVA putomis\"><img decoding=\"async\" src=\"https:\/\/img.kwcdn.com\/product\/fancy\/be36b7cd-09e3-49bb-a9fa-c5233dafbf98.jpg\" alt=\"Sulankstomas sodo staliukas su teleskopiniu s\u0117dyne ir \u012franki\u0173 rinkiniu, pagamintas i\u0161 tvirto plieno, lengvai laikomas ir pasi\u017eymi patogiu EVA putomis\"><\/p>","protected":false},"excerpt":{"rendered":"","protected":false},"featured_media":2808,"comment_status":"open","ping_status":"closed","template":"","meta":[],"product_brand":[],"product_cat":[24],"product_tag":[],"class_list":{"0":"post-2807","1":"product","2":"type-product","3":"status-publish","4":"has-post-thumbnail","6":"product_cat-namu-apyvoka","8":"first","9":"instock","10":"sale","11":"shipping-taxable","12":"purchasable","13":"product-type-simple"},"_links":{"self":[{"href":"https:\/\/topsmart.store\/en\/wp-json\/wp\/v2\/product\/2807","targetHints":{"allow":["GET"]}}],"collection":[{"href":"https:\/\/topsmart.store\/en\/wp-json\/wp\/v2\/product"}],"about":[{"href":"https:\/\/topsmart.store\/en\/wp-json\/wp\/v2\/types\/product"}],"replies":[{"embeddable":true,"href":"https:\/\/topsmart.store\/en\/wp-json\/wp\/v2\/comments?post=2807"}],"wp:featuredmedia":[{"embeddable":true,"href":"https:\/\/topsmart.store\/en\/wp-json\/wp\/v2\/media\/2808"}],"wp:attachment":[{"href":"https:\/\/topsmart.store\/en\/wp-json\/wp\/v2\/media?parent=2807"}],"wp:term":[{"taxonomy":"product_brand","embeddable":true,"href":"https:\/\/topsmart.store\/en\/wp-json\/wp\/v2\/product_brand?post=2807"},{"taxonomy":"product_cat","embeddable":true,"href":"https:\/\/topsmart.store\/en\/wp-json\/wp\/v2\/product_cat?post=2807"},{"taxonomy":"product_tag","embeddable":true,"href":"https:\/\/topsmart.store\/en\/wp-json\/wp\/v2\/product_tag?post=2807"}],"curies":[{"name":"wp","href":"https:\/\/api.w.org\/{rel}","templated":true}]}}