{"id":2815,"date":"2026-04-20T12:29:50","date_gmt":"2026-04-20T10:29:50","guid":{"rendered":"https:\/\/topsmart.store\/product\/4-in-1-sodininko-rinkinys-su-grandininiu-pjuklu-skustuvu-pustuvu-ir-krumapjove-komplekte-yra-2-baterijos-visas-komplektas-genejimui-pjovimui-ir-sodo-valymui\/"},"modified":"2026-04-20T12:40:10","modified_gmt":"2026-04-20T10:40:10","slug":"4-in-1-sodininko-rinkinys-su-grandininiu-pjuklu-skustuvu-pustuvu-ir-krumapjove-komplekte-yra-2-baterijos-visas-komplektas-genejimui-pjovimui-ir-sodo-valymui","status":"publish","type":"product","link":"https:\/\/topsmart.store\/en\/product\/4-in-1-sodininko-rinkinys-su-grandininiu-pjuklu-skustuvu-pustuvu-ir-krumapjove-komplekte-yra-2-baterijos-visas-komplektas-genejimui-pjovimui-ir-sodo-valymui\/","title":{"rendered":"4-in-1 Sodininko rinkinys su grandininiu pj\u016bklu, skustuvu, p\u016bstuvu ir kr\u016bmapjove, komplekte yra 2 baterijos \u2013 Visas komplektas gen\u0117jimui, pjovimui ir sodo valymui"},"content":{"rendered":"<p>\u201e4-in-1\u201c sodininko \u012franki\u0173 rinkinys \u2013 tai i\u0161samus ir universalus sprendimas tiems, kurie siekia efektyvumo ir patogumo gen\u0117jimo, pjovimo bei sodo prie\u017ei\u016bros darbuose. \u0160is rinkinys apima 6 coli\u0173 elektrin\u0119 grandinin\u0119 pj\u016bkl\u0105, elektrines \u017eirkles (gen\u0117jimo \u017eirkles), p\u016btuv\u0105 ir kr\u016bmapjov\u0119, kurie visi maitinami dviem galingomis li\u010dio baterijomis, u\u017etikrinan\u010diomis ilgalaik\u012f, be laid\u0173 naudojim\u0105<br \/>\nGrandininis pj\u016bklas yra kompakti\u0161kas ir galingas, puikiai tinkamas ma\u017e\u0173 ir vidutinio dyd\u017eio \u0161ak\u0173 pjovimui, o elektrin\u0117s gen\u0117jimo \u017eirkl\u0117s su reguliuojamu teleskopiniu stiebu leid\u017eia tiksliai apipjaustyti net sunkiai pasiekiamose vietose. Abu \u012frankiai yra lengvi ir prakti\u0161ki, tod\u0117l puikiai tinka naudoti net tiems, kurie turi ma\u017eiau fizin\u0117s j\u0117gos<br \/>\nElektrinis p\u016bstuvas sukurtas u\u017etikrinti galing\u0105 ir reguliuojam\u0105 oro sraut\u0105, kurio maksimalus greitis yra 60 m\/s, o be\u0161epet\u0117lis variklis veikia 150 000 aps.\/min. Jis efektyviai ir tyliai pa\u0161alina lapus, dulkes ir \u0161iuk\u0161les nuo bet kokio pavir\u0161iaus<br \/>\nBaterijomis varomas kr\u016bmapjov\u0117s komplektas u\u017ebaigia rinkin\u012f su auk\u0161tu na\u0161umu ir saugumu: jis<\/p>\n<p>turi trij\u0173 tip\u0173 kei\u010diamus peilius (plastinius, metalinius ir pj\u016bklo rat\u0105), dvigubo mygtuko saugos sistem\u0105 ir reguliuojam\u0105 ranken\u0105, kad atitikt\u0173 visus poreikius. Savyb\u0117s: 4-in-1 sodininkyst\u0117s rinkinys, pilnas komplektas gen\u0117jimui, pjovimui ir sodo valymui<br \/>\nDvi li\u010dio baterijos nenutr\u016bkstamam, be laid\u0173 naudojimui<br \/>\nKompakti\u0161ka ir galinga grandinin\u0117 pj\u016bkl\u0117 ma\u017eoms ir vidutinio dyd\u017eio \u0161akoms<br \/>\nTikslios gen\u0117jimo \u017eirkl\u0117s<br \/>\nDidelio grei\u010dio p\u016bstuvas<br \/>\nLengvas kr\u016bmapjov\u0117 su reguliuojama rankena<br \/>\nPatog\u016bs ir lengvai naudojami \u012frankiai<br \/>\nSu pir\u0161tin\u0117mis ir apsauginiais akiniais<br \/>\nMatmenys: Grandininis pj\u016bklas: ma\u017edaug 40x11x7 cm<br \/>\nMatmenys: Gen\u0117jimo \u017eirkl\u0117s: ma\u017edaug 30x4x7 cm<br \/>\nP\u016btimo matmenys: ma\u017edaug 15x26x8 cm<br \/>\n\u0160ienapjov\u0117s matmenys: 82x9x13<br \/>\nI\u0161pl\u0117stinio \u0161epet\u0117lio pjoviklio matmenys 118x9x13<br \/>\nMed\u017eiaga: ABS<br \/>\nSpalva: M\u0117lyna ir juoda (atsitiktinai) \u012etraukta: 1x 6 coli\u0173 grandininis pj\u016bklas<br \/>\n1x Elektrin\u0117s \u017eirkl\u0117s<br \/>\n1x P\u016bstuvas<br \/>\n1x kr\u016bmapjov\u0117<br \/>\n2x baterijos<br \/>\n1x raktas akies kabliukui<br \/>\n1x alyvos pipet\u0117<br \/>\n1x gal\u0105stuvas akmuo<br \/>\n1x akiniai<br \/>\n2x pir\u0161tin\u0117s<br \/>\n2x metaliniai peiliai<br \/>\n5x plastikiniai peiliai<br \/>\n5 a\u0161menys<\/p>\n<p><img decoding=\"async\" src=\"https:\/\/img-eu.kwcdn.com\/local-goods-img\/2019505c8f8\/9143f1c6-2b3f-4134-acfc-845531160da2_2048x2048.png\" alt=\"4-in-1 Sodininko rinkinys su grandininiu pj\u016bklu, skustuvu, p\u016bstuvu ir kr\u016bmapjove, komplekte yra 2 baterijos \u2013 Visas komplektas gen\u0117jimui, pjovimui ir sodo valymui\"><img decoding=\"async\" src=\"https:\/\/img-eu.kwcdn.com\/local-goods-img\/20add70255\/a1afc155-a106-472b-b30e-781e33dcf85d_1000x1000.jpeg.format.jpg\" alt=\"4-in-1 Sodininko rinkinys su grandininiu pj\u016bklu, skustuvu, p\u016bstuvu ir kr\u016bmapjove, komplekte yra 2 baterijos \u2013 Visas komplektas gen\u0117jimui, pjovimui ir sodo valymui\"><img decoding=\"async\" src=\"https:\/\/img-eu.kwcdn.com\/local-goods-img\/20add70255\/05693e52-9891-491e-83f5-e6c9b7caeccc_1000x1000.jpeg.format.jpg\" alt=\"4-in-1 Sodininko rinkinys su grandininiu pj\u016bklu, skustuvu, p\u016bstuvu ir kr\u016bmapjove, komplekte yra 2 baterijos \u2013 Visas komplektas gen\u0117jimui, pjovimui ir sodo valymui\"><img decoding=\"async\" src=\"https:\/\/img-eu.kwcdn.com\/local-goods-img\/20add70255\/fe7287e1-bae8-4fbb-bc04-56785a845a09_1000x1000.jpeg.format.jpg\" alt=\"4-in-1 Sodininko rinkinys su grandininiu pj\u016bklu, skustuvu, p\u016bstuvu ir kr\u016bmapjove, komplekte yra 2 baterijos \u2013 Visas komplektas gen\u0117jimui, pjovimui ir sodo valymui\"><img decoding=\"async\" src=\"https:\/\/img-eu.kwcdn.com\/local-goods-img\/20add70255\/ed90c77f-f922-4be5-9d2a-a0af3fdde589_1000x1000.jpeg.format.jpg\" alt=\"4-in-1 Sodininko rinkinys su grandininiu pj\u016bklu, skustuvu, p\u016bstuvu ir kr\u016bmapjove, komplekte yra 2 baterijos \u2013 Visas komplektas gen\u0117jimui, pjovimui ir sodo valymui\"><img decoding=\"async\" src=\"https:\/\/img-eu.kwcdn.com\/local-goods-img\/20add70255\/2ea18425-1591-4403-a59b-bbc6da5e5d47_2000x2000.jpeg.format.jpg\" alt=\"4-in-1 Sodininko rinkinys su grandininiu pj\u016bklu, skustuvu, p\u016bstuvu ir kr\u016bmapjove, komplekte yra 2 baterijos \u2013 Visas komplektas gen\u0117jimui, pjovimui ir sodo valymui\"><img decoding=\"async\" src=\"https:\/\/img-eu.kwcdn.com\/local-goods-img\/20add70255\/ff0038fd-acd5-4af5-9dd2-126896e89905_1000x1000.jpeg.format.jpg\" alt=\"4-in-1 Sodininko rinkinys su grandininiu pj\u016bklu, skustuvu, p\u016bstuvu ir kr\u016bmapjove, komplekte yra 2 baterijos \u2013 Visas komplektas gen\u0117jimui, pjovimui ir sodo valymui\"><img decoding=\"async\" src=\"https:\/\/img-eu.kwcdn.com\/local-goods-img\/20add70255\/4b5c8ead-2d26-407d-b27d-1c638c48e9f2_2000x2000.jpeg.format.jpg\" alt=\"4-in-1 Sodininko rinkinys su grandininiu pj\u016bklu, skustuvu, p\u016bstuvu ir kr\u016bmapjove, komplekte yra 2 baterijos \u2013 Visas komplektas gen\u0117jimui, pjovimui ir sodo valymui\"><img decoding=\"async\" src=\"https:\/\/img-eu.kwcdn.com\/local-goods-img\/20add70255\/2249ee96-3e4a-4ff3-8f79-3b7662f51acc_1000x1000.jpeg.format.jpg\" alt=\"4-in-1 Sodininko rinkinys su grandininiu pj\u016bklu, skustuvu, p\u016bstuvu ir kr\u016bmapjove, komplekte yra 2 baterijos \u2013 Visas komplektas gen\u0117jimui, pjovimui ir sodo valymui\"><img decoding=\"async\" src=\"https:\/\/img-eu.kwcdn.com\/local-goods-img\/20add70255\/350d7568-a92b-4709-9af5-e932fa0dd440_1000x1000.jpeg.format.jpg\" alt=\"4-in-1 Sodininko rinkinys su grandininiu pj\u016bklu, skustuvu, p\u016bstuvu ir kr\u016bmapjove, komplekte yra 2 baterijos \u2013 Visas komplektas gen\u0117jimui, pjovimui ir sodo valymui\"><\/p>","protected":false},"excerpt":{"rendered":"<p>\u201e4-in-1\u201c sodininko \u012franki\u0173 rinkinys \u2013 tai i\u0161samus ir universalus sprendimas tiems, kurie siekia efektyvumo ir patogumo gen\u0117jimo, pjovimo bei sodo prie\u017ei\u016bros darbuose. \u0160is rinkinys apima 6 coli\u0173 elektrin\u0119 grandinin\u0119 pj\u016bkl\u0105, elektrines \u017eirkles (gen\u0117jimo \u017eirkles), p\u016btuv\u0105 ir kr\u016bmapjov\u0119, kurie visi maitinami dviem galingomis li\u010dio baterijomis, u\u017etikrinan\u010diomis ilgalaik\u012f, be laid\u0173 naudojim\u0105 Grandininis pj\u016bklas yra kompakti\u0161kas ir galingas, [&hellip;]<\/p>\n","protected":false},"featured_media":2816,"comment_status":"open","ping_status":"closed","template":"","meta":[],"product_brand":[],"product_cat":[24],"product_tag":[],"class_list":{"0":"post-2815","1":"product","2":"type-product","3":"status-publish","4":"has-post-thumbnail","6":"product_cat-namu-apyvoka","8":"first","9":"instock","10":"sale","11":"shipping-taxable","12":"purchasable","13":"product-type-variable"},"_links":{"self":[{"href":"https:\/\/topsmart.store\/en\/wp-json\/wp\/v2\/product\/2815","targetHints":{"allow":["GET"]}}],"collection":[{"href":"https:\/\/topsmart.store\/en\/wp-json\/wp\/v2\/product"}],"about":[{"href":"https:\/\/topsmart.store\/en\/wp-json\/wp\/v2\/types\/product"}],"replies":[{"embeddable":true,"href":"https:\/\/topsmart.store\/en\/wp-json\/wp\/v2\/comments?post=2815"}],"wp:featuredmedia":[{"embeddable":true,"href":"https:\/\/topsmart.store\/en\/wp-json\/wp\/v2\/media\/2816"}],"wp:attachment":[{"href":"https:\/\/topsmart.store\/en\/wp-json\/wp\/v2\/media?parent=2815"}],"wp:term":[{"taxonomy":"product_brand","embeddable":true,"href":"https:\/\/topsmart.store\/en\/wp-json\/wp\/v2\/product_brand?post=2815"},{"taxonomy":"product_cat","embeddable":true,"href":"https:\/\/topsmart.store\/en\/wp-json\/wp\/v2\/product_cat?post=2815"},{"taxonomy":"product_tag","embeddable":true,"href":"https:\/\/topsmart.store\/en\/wp-json\/wp\/v2\/product_tag?post=2815"}],"curies":[{"name":"wp","href":"https:\/\/api.w.org\/{rel}","templated":true}]}}