{"id":2912,"date":"2026-04-20T12:33:00","date_gmt":"2026-04-20T10:33:00","guid":{"rendered":"https:\/\/topsmart.store\/product\/4-vnt-100-medvilnes-patalynes-komplektas-minksta-ir-kvepuojanti-antklodes-uzvalkalu-rinkinys-su-1-antklodes-uzvalkalu-2-pagalveciu-uzvalkalais-ir-1-ploksciu-paklode-miegamajam-namams-viesbuciui-i\/"},"modified":"2026-04-20T12:40:04","modified_gmt":"2026-04-20T10:40:04","slug":"4-vnt-100-medvilnes-patalynes-komplektas-minksta-ir-kvepuojanti-antklodes-uzvalkalu-rinkinys-su-1-antklodes-uzvalkalu-2-pagalveciu-uzvalkalais-ir-1-ploksciu-paklode-miegamajam-namams-viesbuciui-i","status":"publish","type":"product","link":"https:\/\/topsmart.store\/en\/product\/4-vnt-100-medvilnes-patalynes-komplektas-minksta-ir-kvepuojanti-antklodes-uzvalkalu-rinkinys-su-1-antklodes-uzvalkalu-2-pagalveciu-uzvalkalais-ir-1-ploksciu-paklode-miegamajam-namams-viesbuciui-i\/","title":{"rendered":"4 vnt. 100% medviln\u0117s patalyn\u0117s komplektas, mink\u0161ta ir kv\u0117puojanti antklod\u0117s u\u017evalkal\u0173 rinkinys su 1 antklod\u0117s u\u017evalkalu, 2 pagalv\u0117\u010di\u0173 u\u017evalkalais ir 1 plok\u0161\u010diu paklode miegamajam, namams, vie\u0161bu\u010diui ir nuomojamoms patalpoms"},"content":{"rendered":"<p><img decoding=\"async\" src=\"https:\/\/img.kwcdn.com\/product\/open\/4921193c8a84438ca53891d929700a47-goods.jpeg\" alt=\"4 vnt. 100% medviln\u0117s patalyn\u0117s komplektas, mink\u0161ta ir kv\u0117puojanti antklod\u0117s u\u017evalkal\u0173 rinkinys su 1 antklod\u0117s u\u017evalkalu, 2 pagalv\u0117\u010di\u0173 u\u017evalkalais ir 1 plok\u0161\u010diu paklode miegamajam, namams, vie\u0161bu\u010diui ir nuomojamoms patalpoms\"><img decoding=\"async\" src=\"https:\/\/img.kwcdn.com\/product\/open\/37de5aba080643d6ab282b9ff5f651f2-goods.jpeg\" alt=\"4 vnt. 100% medviln\u0117s patalyn\u0117s komplektas, mink\u0161ta ir kv\u0117puojanti antklod\u0117s u\u017evalkal\u0173 rinkinys su 1 antklod\u0117s u\u017evalkalu, 2 pagalv\u0117\u010di\u0173 u\u017evalkalais ir 1 plok\u0161\u010diu paklode miegamajam, namams, vie\u0161bu\u010diui ir nuomojamoms patalpoms\"><img decoding=\"async\" src=\"https:\/\/img.kwcdn.com\/product\/open\/3b01cb9b7df54e43bf1b137377cae0f1-goods.jpeg\" alt=\"4 vnt. 100% medviln\u0117s patalyn\u0117s komplektas, mink\u0161ta ir kv\u0117puojanti antklod\u0117s u\u017evalkal\u0173 rinkinys su 1 antklod\u0117s u\u017evalkalu, 2 pagalv\u0117\u010di\u0173 u\u017evalkalais ir 1 plok\u0161\u010diu paklode miegamajam, namams, vie\u0161bu\u010diui ir nuomojamoms patalpoms\"><img decoding=\"async\" src=\"https:\/\/img.kwcdn.com\/product\/open\/12c786dd921c4362bbff8508318064a2-goods.jpeg\" alt=\"4 vnt. 100% medviln\u0117s patalyn\u0117s komplektas, mink\u0161ta ir kv\u0117puojanti antklod\u0117s u\u017evalkal\u0173 rinkinys su 1 antklod\u0117s u\u017evalkalu, 2 pagalv\u0117\u010di\u0173 u\u017evalkalais ir 1 plok\u0161\u010diu paklode miegamajam, namams, vie\u0161bu\u010diui ir nuomojamoms patalpoms\"><img decoding=\"async\" src=\"https:\/\/img.kwcdn.com\/product\/open\/ad31baf4c5dd411090f334135e9ac3e1-goods.jpeg\" alt=\"4 vnt. 100% medviln\u0117s patalyn\u0117s komplektas, mink\u0161ta ir kv\u0117puojanti antklod\u0117s u\u017evalkal\u0173 rinkinys su 1 antklod\u0117s u\u017evalkalu, 2 pagalv\u0117\u010di\u0173 u\u017evalkalais ir 1 plok\u0161\u010diu paklode miegamajam, namams, vie\u0161bu\u010diui ir nuomojamoms patalpoms\"><img decoding=\"async\" src=\"https:\/\/img.kwcdn.com\/product\/open\/2c23a92156f04420964686a963e94ea2-goods.jpeg\" alt=\"4 vnt. 100% medviln\u0117s patalyn\u0117s komplektas, mink\u0161ta ir kv\u0117puojanti antklod\u0117s u\u017evalkal\u0173 rinkinys su 1 antklod\u0117s u\u017evalkalu, 2 pagalv\u0117\u010di\u0173 u\u017evalkalais ir 1 plok\u0161\u010diu paklode miegamajam, namams, vie\u0161bu\u010diui ir nuomojamoms patalpoms\"><img decoding=\"async\" src=\"https:\/\/img.kwcdn.com\/product\/open\/4faebf4a79884b1fa14e3265904dbe8f-goods.jpeg\" alt=\"4 vnt. 100% medviln\u0117s patalyn\u0117s komplektas, mink\u0161ta ir kv\u0117puojanti antklod\u0117s u\u017evalkal\u0173 rinkinys su 1 antklod\u0117s u\u017evalkalu, 2 pagalv\u0117\u010di\u0173 u\u017evalkalais ir 1 plok\u0161\u010diu paklode miegamajam, namams, vie\u0161bu\u010diui ir nuomojamoms patalpoms\"><img decoding=\"async\" src=\"https:\/\/img.kwcdn.com\/product\/open\/cf2bbb7e720440a8a9bb11b50ae81b29-goods.jpeg\" alt=\"4 vnt. 100% medviln\u0117s patalyn\u0117s komplektas, mink\u0161ta ir kv\u0117puojanti antklod\u0117s u\u017evalkal\u0173 rinkinys su 1 antklod\u0117s u\u017evalkalu, 2 pagalv\u0117\u010di\u0173 u\u017evalkalais ir 1 plok\u0161\u010diu paklode miegamajam, namams, vie\u0161bu\u010diui ir nuomojamoms patalpoms\"><img decoding=\"async\" src=\"https:\/\/img.kwcdn.com\/product\/open\/f87ae8e9c631457ead0e29385266cf66-goods.jpeg\" alt=\"4 vnt. 100% medviln\u0117s patalyn\u0117s komplektas, mink\u0161ta ir kv\u0117puojanti antklod\u0117s u\u017evalkal\u0173 rinkinys su 1 antklod\u0117s u\u017evalkalu, 2 pagalv\u0117\u010di\u0173 u\u017evalkalais ir 1 plok\u0161\u010diu paklode miegamajam, namams, vie\u0161bu\u010diui ir nuomojamoms patalpoms\"><img decoding=\"async\" src=\"https:\/\/img.kwcdn.com\/product\/open\/54db0d70ce7d45e485bc68f7e408eaf0-goods.jpeg\" alt=\"4 vnt. 100% medviln\u0117s patalyn\u0117s komplektas, mink\u0161ta ir kv\u0117puojanti antklod\u0117s u\u017evalkal\u0173 rinkinys su 1 antklod\u0117s u\u017evalkalu, 2 pagalv\u0117\u010di\u0173 u\u017evalkalais ir 1 plok\u0161\u010diu paklode miegamajam, namams, vie\u0161bu\u010diui ir nuomojamoms patalpoms\"><\/p>","protected":false},"excerpt":{"rendered":"","protected":false},"featured_media":2913,"comment_status":"open","ping_status":"closed","template":"","meta":[],"product_brand":[],"product_cat":[24],"product_tag":[],"class_list":{"0":"post-2912","1":"product","2":"type-product","3":"status-publish","4":"has-post-thumbnail","6":"product_cat-namu-apyvoka","8":"first","9":"instock","10":"sale","11":"shipping-taxable","12":"purchasable","13":"product-type-variable"},"_links":{"self":[{"href":"https:\/\/topsmart.store\/en\/wp-json\/wp\/v2\/product\/2912","targetHints":{"allow":["GET"]}}],"collection":[{"href":"https:\/\/topsmart.store\/en\/wp-json\/wp\/v2\/product"}],"about":[{"href":"https:\/\/topsmart.store\/en\/wp-json\/wp\/v2\/types\/product"}],"replies":[{"embeddable":true,"href":"https:\/\/topsmart.store\/en\/wp-json\/wp\/v2\/comments?post=2912"}],"wp:featuredmedia":[{"embeddable":true,"href":"https:\/\/topsmart.store\/en\/wp-json\/wp\/v2\/media\/2913"}],"wp:attachment":[{"href":"https:\/\/topsmart.store\/en\/wp-json\/wp\/v2\/media?parent=2912"}],"wp:term":[{"taxonomy":"product_brand","embeddable":true,"href":"https:\/\/topsmart.store\/en\/wp-json\/wp\/v2\/product_brand?post=2912"},{"taxonomy":"product_cat","embeddable":true,"href":"https:\/\/topsmart.store\/en\/wp-json\/wp\/v2\/product_cat?post=2912"},{"taxonomy":"product_tag","embeddable":true,"href":"https:\/\/topsmart.store\/en\/wp-json\/wp\/v2\/product_tag?post=2912"}],"curies":[{"name":"wp","href":"https:\/\/api.w.org\/{rel}","templated":true}]}}