{"id":2919,"date":"2026-04-20T12:33:12","date_gmt":"2026-04-20T10:33:12","guid":{"rendered":"https:\/\/topsmart.store\/product\/4-daliu-grynos-medvilnes-patalyne-1-antklodes-uzvalkalas-1-paklode-2-pagalviu-uzvalkalai-svelni-ir-patogi-odai-tinkama-miegamiesiems-sveciu-kambariams-ir-bendrabuciams-butina-visais-metu-laika\/"},"modified":"2026-04-20T12:39:49","modified_gmt":"2026-04-20T10:39:49","slug":"4-daliu-grynos-medvilnes-patalyne-1-antklodes-uzvalkalas-1-paklode-2-pagalviu-uzvalkalai-svelni-ir-patogi-odai-tinkama-miegamiesiems-sveciu-kambariams-ir-bendrabuciams-butina-visais-metu-laika","status":"publish","type":"product","link":"https:\/\/topsmart.store\/en\/product\/4-daliu-grynos-medvilnes-patalyne-1-antklodes-uzvalkalas-1-paklode-2-pagalviu-uzvalkalai-svelni-ir-patogi-odai-tinkama-miegamiesiems-sveciu-kambariams-ir-bendrabuciams-butina-visais-metu-laika\/","title":{"rendered":"4 dali\u0173 grynos medviln\u0117s patalyn\u0117 (1 antklod\u0117s u\u017evalkalas, 1 paklod\u0117, 2 pagalvi\u0173 u\u017evalkalai), \u0161velni ir patogi odai, tinkama miegamiesiems, sve\u010di\u0173 kambariams ir bendrabu\u010diams, b\u016btina visais met\u0173 laikais, galima skalbti skalbimo ma\u0161inoje"},"content":{"rendered":"<p><img decoding=\"async\" src=\"https:\/\/img.kwcdn.com\/product\/open\/9e49180381c848959f3af95f846c0d4a-goods.jpeg\" alt=\"4 dali\u0173 grynos medviln\u0117s patalyn\u0117 (1 antklod\u0117s u\u017evalkalas, 1 paklod\u0117, 2 pagalvi\u0173 u\u017evalkalai), \u0161velni ir patogi odai, tinkama miegamiesiems, sve\u010di\u0173 kambariams ir bendrabu\u010diams, b\u016btina visais met\u0173 laikais, galima skalbti skalbimo ma\u0161inoje\"><img decoding=\"async\" src=\"https:\/\/img.kwcdn.com\/product\/open\/cbaed2018ef34f42a052f6c1a17bffa7-goods.jpeg\" alt=\"4 dali\u0173 grynos medviln\u0117s patalyn\u0117 (1 antklod\u0117s u\u017evalkalas, 1 paklod\u0117, 2 pagalvi\u0173 u\u017evalkalai), \u0161velni ir patogi odai, tinkama miegamiesiems, sve\u010di\u0173 kambariams ir bendrabu\u010diams, b\u016btina visais met\u0173 laikais, galima skalbti skalbimo ma\u0161inoje\"><img decoding=\"async\" src=\"https:\/\/img.kwcdn.com\/product\/open\/57d5912caf8a48578c390e94201ac3a2-goods.jpeg\" alt=\"4 dali\u0173 grynos medviln\u0117s patalyn\u0117 (1 antklod\u0117s u\u017evalkalas, 1 paklod\u0117, 2 pagalvi\u0173 u\u017evalkalai), \u0161velni ir patogi odai, tinkama miegamiesiems, sve\u010di\u0173 kambariams ir bendrabu\u010diams, b\u016btina visais met\u0173 laikais, galima skalbti skalbimo ma\u0161inoje\"><img decoding=\"async\" src=\"https:\/\/img.kwcdn.com\/product\/open\/e091208aea82452dae1289df6837008c-goods.jpeg\" alt=\"4 dali\u0173 grynos medviln\u0117s patalyn\u0117 (1 antklod\u0117s u\u017evalkalas, 1 paklod\u0117, 2 pagalvi\u0173 u\u017evalkalai), \u0161velni ir patogi odai, tinkama miegamiesiems, sve\u010di\u0173 kambariams ir bendrabu\u010diams, b\u016btina visais met\u0173 laikais, galima skalbti skalbimo ma\u0161inoje\"><img decoding=\"async\" src=\"https:\/\/img.kwcdn.com\/product\/open\/d4d7972570ac4014b10ef71eeb256037-goods.jpeg\" alt=\"4 dali\u0173 grynos medviln\u0117s patalyn\u0117 (1 antklod\u0117s u\u017evalkalas, 1 paklod\u0117, 2 pagalvi\u0173 u\u017evalkalai), \u0161velni ir patogi odai, tinkama miegamiesiems, sve\u010di\u0173 kambariams ir bendrabu\u010diams, b\u016btina visais met\u0173 laikais, galima skalbti skalbimo ma\u0161inoje\"><img decoding=\"async\" src=\"https:\/\/img.kwcdn.com\/product\/open\/319ea3c6a7d44138b0d01eb921059d8a-goods.jpeg\" alt=\"4 dali\u0173 grynos medviln\u0117s patalyn\u0117 (1 antklod\u0117s u\u017evalkalas, 1 paklod\u0117, 2 pagalvi\u0173 u\u017evalkalai), \u0161velni ir patogi odai, tinkama miegamiesiems, sve\u010di\u0173 kambariams ir bendrabu\u010diams, b\u016btina visais met\u0173 laikais, galima skalbti skalbimo ma\u0161inoje\"><img decoding=\"async\" src=\"https:\/\/img.kwcdn.com\/product\/open\/49d276319521485694167c10a6c894fc-goods.jpeg\" alt=\"4 dali\u0173 grynos medviln\u0117s patalyn\u0117 (1 antklod\u0117s u\u017evalkalas, 1 paklod\u0117, 2 pagalvi\u0173 u\u017evalkalai), \u0161velni ir patogi odai, tinkama miegamiesiems, sve\u010di\u0173 kambariams ir bendrabu\u010diams, b\u016btina visais met\u0173 laikais, galima skalbti skalbimo ma\u0161inoje\"><img decoding=\"async\" src=\"https:\/\/img.kwcdn.com\/product\/open\/84e0a212120b4c40be4b06ddd1df2b17-goods.jpeg\" alt=\"4 dali\u0173 grynos medviln\u0117s patalyn\u0117 (1 antklod\u0117s u\u017evalkalas, 1 paklod\u0117, 2 pagalvi\u0173 u\u017evalkalai), \u0161velni ir patogi odai, tinkama miegamiesiems, sve\u010di\u0173 kambariams ir bendrabu\u010diams, b\u016btina visais met\u0173 laikais, galima skalbti skalbimo ma\u0161inoje\"><img decoding=\"async\" src=\"https:\/\/img.kwcdn.com\/product\/open\/af0bb82cf3624fdbb179377a209d5c78-goods.jpeg\" alt=\"4 dali\u0173 grynos medviln\u0117s patalyn\u0117 (1 antklod\u0117s u\u017evalkalas, 1 paklod\u0117, 2 pagalvi\u0173 u\u017evalkalai), \u0161velni ir patogi odai, tinkama miegamiesiems, sve\u010di\u0173 kambariams ir bendrabu\u010diams, b\u016btina visais met\u0173 laikais, galima skalbti skalbimo ma\u0161inoje\"><img decoding=\"async\" src=\"https:\/\/img.kwcdn.com\/product\/open\/85887f39be7949b2a5ff21000d1502b7-goods.jpeg\" alt=\"4 dali\u0173 grynos medviln\u0117s patalyn\u0117 (1 antklod\u0117s u\u017evalkalas, 1 paklod\u0117, 2 pagalvi\u0173 u\u017evalkalai), \u0161velni ir patogi odai, tinkama miegamiesiems, sve\u010di\u0173 kambariams ir bendrabu\u010diams, b\u016btina visais met\u0173 laikais, galima skalbti skalbimo ma\u0161inoje\"><\/p>","protected":false},"excerpt":{"rendered":"","protected":false},"featured_media":2921,"comment_status":"open","ping_status":"closed","template":"","meta":[],"product_brand":[],"product_cat":[24],"product_tag":[],"class_list":{"0":"post-2919","1":"product","2":"type-product","3":"status-publish","4":"has-post-thumbnail","6":"product_cat-namu-apyvoka","8":"first","9":"instock","10":"sale","11":"shipping-taxable","12":"purchasable","13":"product-type-simple"},"_links":{"self":[{"href":"https:\/\/topsmart.store\/en\/wp-json\/wp\/v2\/product\/2919","targetHints":{"allow":["GET"]}}],"collection":[{"href":"https:\/\/topsmart.store\/en\/wp-json\/wp\/v2\/product"}],"about":[{"href":"https:\/\/topsmart.store\/en\/wp-json\/wp\/v2\/types\/product"}],"replies":[{"embeddable":true,"href":"https:\/\/topsmart.store\/en\/wp-json\/wp\/v2\/comments?post=2919"}],"wp:featuredmedia":[{"embeddable":true,"href":"https:\/\/topsmart.store\/en\/wp-json\/wp\/v2\/media\/2921"}],"wp:attachment":[{"href":"https:\/\/topsmart.store\/en\/wp-json\/wp\/v2\/media?parent=2919"}],"wp:term":[{"taxonomy":"product_brand","embeddable":true,"href":"https:\/\/topsmart.store\/en\/wp-json\/wp\/v2\/product_brand?post=2919"},{"taxonomy":"product_cat","embeddable":true,"href":"https:\/\/topsmart.store\/en\/wp-json\/wp\/v2\/product_cat?post=2919"},{"taxonomy":"product_tag","embeddable":true,"href":"https:\/\/topsmart.store\/en\/wp-json\/wp\/v2\/product_tag?post=2919"}],"curies":[{"name":"wp","href":"https:\/\/api.w.org\/{rel}","templated":true}]}}