{"id":2923,"date":"2026-04-20T12:33:15","date_gmt":"2026-04-20T10:33:15","guid":{"rendered":"https:\/\/topsmart.store\/product\/4-daliu-naujo-2025-metu-rudens-ir-ziemos-didelio-tankio-pieno-aksomo-daugiasluoksnes-marles-patalynes-komplektas-paklodes-ir-antklodes-siltas-ir-grazus-aukstos-kokybes-patogus-miegas-ti\/"},"modified":"2026-04-20T12:40:00","modified_gmt":"2026-04-20T10:40:00","slug":"4-daliu-naujo-2025-metu-rudens-ir-ziemos-didelio-tankio-pieno-aksomo-daugiasluoksnes-marles-patalynes-komplektas-paklodes-ir-antklodes-siltas-ir-grazus-aukstos-kokybes-patogus-miegas-ti","status":"publish","type":"product","link":"https:\/\/topsmart.store\/en\/product\/4-daliu-naujo-2025-metu-rudens-ir-ziemos-didelio-tankio-pieno-aksomo-daugiasluoksnes-marles-patalynes-komplektas-paklodes-ir-antklodes-siltas-ir-grazus-aukstos-kokybes-patogus-miegas-ti\/","title":{"rendered":"4 dali\u0173 naujo 2025 met\u0173 rudens ir \u017eiemos didelio tankio pieno aksomo daugiasluoksn\u0117s marl\u0117s patalyn\u0117s komplektas (paklod\u0117s ir antklod\u0117s) \u2013 \u0161iltas ir gra\u017eus, auk\u0161tos kokyb\u0117s, patogus miegas, tinkamas naudoti namuose, galimas 2 spalv\u0173 variantai"},"content":{"rendered":"<p><img decoding=\"async\" src=\"https:\/\/img.kwcdn.com\/product\/open\/95e3a82dd305454784bee3e385943019-goods.jpeg\" alt=\"4 dali\u0173 naujo 2025 met\u0173 rudens ir \u017eiemos didelio tankio pieno aksomo daugiasluoksn\u0117s marl\u0117s patalyn\u0117s komplektas (paklod\u0117s ir antklod\u0117s) \u2013 \u0161iltas ir gra\u017eus, auk\u0161tos kokyb\u0117s, patogus miegas, tinkamas naudoti namuose, galimas 2 spalv\u0173 variantai\"><img decoding=\"async\" src=\"https:\/\/img.kwcdn.com\/product\/open\/86bbed3cdc1e46efb98d172706692aef-goods.jpeg\" alt=\"4 dali\u0173 naujo 2025 met\u0173 rudens ir \u017eiemos didelio tankio pieno aksomo daugiasluoksn\u0117s marl\u0117s patalyn\u0117s komplektas (paklod\u0117s ir antklod\u0117s) \u2013 \u0161iltas ir gra\u017eus, auk\u0161tos kokyb\u0117s, patogus miegas, tinkamas naudoti namuose, galimas 2 spalv\u0173 variantai\"><img decoding=\"async\" src=\"https:\/\/img.kwcdn.com\/product\/open\/4398da6f37094e35a89887cf2547288b-goods.jpeg\" alt=\"4 dali\u0173 naujo 2025 met\u0173 rudens ir \u017eiemos didelio tankio pieno aksomo daugiasluoksn\u0117s marl\u0117s patalyn\u0117s komplektas (paklod\u0117s ir antklod\u0117s) \u2013 \u0161iltas ir gra\u017eus, auk\u0161tos kokyb\u0117s, patogus miegas, tinkamas naudoti namuose, galimas 2 spalv\u0173 variantai\"><img decoding=\"async\" src=\"https:\/\/img.kwcdn.com\/product\/open\/8523ef949c1842febe58cd4be125a8bc-goods.jpeg\" alt=\"4 dali\u0173 naujo 2025 met\u0173 rudens ir \u017eiemos didelio tankio pieno aksomo daugiasluoksn\u0117s marl\u0117s patalyn\u0117s komplektas (paklod\u0117s ir antklod\u0117s) \u2013 \u0161iltas ir gra\u017eus, auk\u0161tos kokyb\u0117s, patogus miegas, tinkamas naudoti namuose, galimas 2 spalv\u0173 variantai\"><img decoding=\"async\" src=\"https:\/\/img.kwcdn.com\/product\/open\/c8ceaf5a095b42318c9e49625fde0036-goods.jpeg\" alt=\"4 dali\u0173 naujo 2025 met\u0173 rudens ir \u017eiemos didelio tankio pieno aksomo daugiasluoksn\u0117s marl\u0117s patalyn\u0117s komplektas (paklod\u0117s ir antklod\u0117s) \u2013 \u0161iltas ir gra\u017eus, auk\u0161tos kokyb\u0117s, patogus miegas, tinkamas naudoti namuose, galimas 2 spalv\u0173 variantai\"><img decoding=\"async\" src=\"https:\/\/img.kwcdn.com\/product\/open\/74de68974a694c9485408e443a840f7a-goods.jpeg\" alt=\"4 dali\u0173 naujo 2025 met\u0173 rudens ir \u017eiemos didelio tankio pieno aksomo daugiasluoksn\u0117s marl\u0117s patalyn\u0117s komplektas (paklod\u0117s ir antklod\u0117s) \u2013 \u0161iltas ir gra\u017eus, auk\u0161tos kokyb\u0117s, patogus miegas, tinkamas naudoti namuose, galimas 2 spalv\u0173 variantai\"><img decoding=\"async\" src=\"https:\/\/img.kwcdn.com\/product\/open\/d17c1ac85de743fb93406126e578cd92-goods.jpeg\" alt=\"4 dali\u0173 naujo 2025 met\u0173 rudens ir \u017eiemos didelio tankio pieno aksomo daugiasluoksn\u0117s marl\u0117s patalyn\u0117s komplektas (paklod\u0117s ir antklod\u0117s) \u2013 \u0161iltas ir gra\u017eus, auk\u0161tos kokyb\u0117s, patogus miegas, tinkamas naudoti namuose, galimas 2 spalv\u0173 variantai\"><img decoding=\"async\" src=\"https:\/\/img.kwcdn.com\/product\/open\/5ae610f151cf4795ba1f929356d05c68-goods.jpeg\" alt=\"4 dali\u0173 naujo 2025 met\u0173 rudens ir \u017eiemos didelio tankio pieno aksomo daugiasluoksn\u0117s marl\u0117s patalyn\u0117s komplektas (paklod\u0117s ir antklod\u0117s) \u2013 \u0161iltas ir gra\u017eus, auk\u0161tos kokyb\u0117s, patogus miegas, tinkamas naudoti namuose, galimas 2 spalv\u0173 variantai\"><img decoding=\"async\" src=\"https:\/\/img.kwcdn.com\/product\/open\/660a14e5a65d40959c7798470954f0d1-goods.jpeg\" alt=\"4 dali\u0173 naujo 2025 met\u0173 rudens ir \u017eiemos didelio tankio pieno aksomo daugiasluoksn\u0117s marl\u0117s patalyn\u0117s komplektas (paklod\u0117s ir antklod\u0117s) \u2013 \u0161iltas ir gra\u017eus, auk\u0161tos kokyb\u0117s, patogus miegas, tinkamas naudoti namuose, galimas 2 spalv\u0173 variantai\"><img decoding=\"async\" src=\"https:\/\/img.kwcdn.com\/product\/open\/4842eef7bd8a4b599bab04bb6752f709-goods.jpeg\" alt=\"4 dali\u0173 naujo 2025 met\u0173 rudens ir \u017eiemos didelio tankio pieno aksomo daugiasluoksn\u0117s marl\u0117s patalyn\u0117s komplektas (paklod\u0117s ir antklod\u0117s) \u2013 \u0161iltas ir gra\u017eus, auk\u0161tos kokyb\u0117s, patogus miegas, tinkamas naudoti namuose, galimas 2 spalv\u0173 variantai\"><img decoding=\"async\" src=\"https:\/\/img.kwcdn.com\/product\/open\/cf9a8cfa9bcd4450b06b671bf594bc13-goods.jpeg\" alt=\"4 dali\u0173 naujo 2025 met\u0173 rudens ir \u017eiemos didelio tankio pieno aksomo daugiasluoksn\u0117s marl\u0117s patalyn\u0117s komplektas (paklod\u0117s ir antklod\u0117s) \u2013 \u0161iltas ir gra\u017eus, auk\u0161tos kokyb\u0117s, patogus miegas, tinkamas naudoti namuose, galimas 2 spalv\u0173 variantai\"><img decoding=\"async\" src=\"https:\/\/img.kwcdn.com\/product\/open\/1a2ff8d67e3a4ac984fda295b80ee2db-goods.jpeg\" alt=\"4 dali\u0173 naujo 2025 met\u0173 rudens ir \u017eiemos didelio tankio pieno aksomo daugiasluoksn\u0117s marl\u0117s patalyn\u0117s komplektas (paklod\u0117s ir antklod\u0117s) \u2013 \u0161iltas ir gra\u017eus, auk\u0161tos kokyb\u0117s, patogus miegas, tinkamas naudoti namuose, galimas 2 spalv\u0173 variantai\"><img decoding=\"async\" src=\"https:\/\/img.kwcdn.com\/product\/open\/f409c43fad554b29bb49e767fbe712c2-goods.jpeg\" alt=\"4 dali\u0173 naujo 2025 met\u0173 rudens ir \u017eiemos didelio tankio pieno aksomo daugiasluoksn\u0117s marl\u0117s patalyn\u0117s komplektas (paklod\u0117s ir antklod\u0117s) \u2013 \u0161iltas ir gra\u017eus, auk\u0161tos kokyb\u0117s, patogus miegas, tinkamas naudoti namuose, galimas 2 spalv\u0173 variantai\"><img decoding=\"async\" src=\"https:\/\/img.kwcdn.com\/product\/open\/d19e361d73b043b390ad41ced1ba65a2-goods.jpeg\" alt=\"4 dali\u0173 naujo 2025 met\u0173 rudens ir \u017eiemos didelio tankio pieno aksomo daugiasluoksn\u0117s marl\u0117s patalyn\u0117s komplektas (paklod\u0117s ir antklod\u0117s) \u2013 \u0161iltas ir gra\u017eus, auk\u0161tos kokyb\u0117s, patogus miegas, tinkamas naudoti namuose, galimas 2 spalv\u0173 variantai\"><img decoding=\"async\" src=\"https:\/\/img.kwcdn.com\/product\/open\/2983f67442f84b7d99bf158c5bba8d7d-goods.jpeg\" alt=\"4 dali\u0173 naujo 2025 met\u0173 rudens ir \u017eiemos didelio tankio pieno aksomo daugiasluoksn\u0117s marl\u0117s patalyn\u0117s komplektas (paklod\u0117s ir antklod\u0117s) \u2013 \u0161iltas ir gra\u017eus, auk\u0161tos kokyb\u0117s, patogus miegas, tinkamas naudoti namuose, galimas 2 spalv\u0173 variantai\"><img decoding=\"async\" src=\"https:\/\/img.kwcdn.com\/product\/open\/d770dbe7d9574fd7ab43fc2a7cade5db-goods.jpeg\" alt=\"4 dali\u0173 naujo 2025 met\u0173 rudens ir \u017eiemos didelio tankio pieno aksomo daugiasluoksn\u0117s marl\u0117s patalyn\u0117s komplektas (paklod\u0117s ir antklod\u0117s) \u2013 \u0161iltas ir gra\u017eus, auk\u0161tos kokyb\u0117s, patogus miegas, tinkamas naudoti namuose, galimas 2 spalv\u0173 variantai\"><img decoding=\"async\" src=\"https:\/\/img.kwcdn.com\/product\/open\/2230b5414dc24f1aaccdcf3af1011f4a-goods.jpeg\" alt=\"4 dali\u0173 naujo 2025 met\u0173 rudens ir \u017eiemos didelio tankio pieno aksomo daugiasluoksn\u0117s marl\u0117s patalyn\u0117s komplektas (paklod\u0117s ir antklod\u0117s) \u2013 \u0161iltas ir gra\u017eus, auk\u0161tos kokyb\u0117s, patogus miegas, tinkamas naudoti namuose, galimas 2 spalv\u0173 variantai\"><img decoding=\"async\" src=\"https:\/\/img.kwcdn.com\/product\/open\/aca3be104c4b4735b6619ad912a62969-goods.jpeg\" alt=\"4 dali\u0173 naujo 2025 met\u0173 rudens ir \u017eiemos didelio tankio pieno aksomo daugiasluoksn\u0117s marl\u0117s patalyn\u0117s komplektas (paklod\u0117s ir antklod\u0117s) \u2013 \u0161iltas ir gra\u017eus, auk\u0161tos kokyb\u0117s, patogus miegas, tinkamas naudoti namuose, galimas 2 spalv\u0173 variantai\"><img decoding=\"async\" src=\"https:\/\/img.kwcdn.com\/product\/open\/bd4acbab07ae4d4f8073158806ebf0e1-goods.jpeg\" alt=\"4 dali\u0173 naujo 2025 met\u0173 rudens ir \u017eiemos didelio tankio pieno aksomo daugiasluoksn\u0117s marl\u0117s patalyn\u0117s komplektas (paklod\u0117s ir antklod\u0117s) \u2013 \u0161iltas ir gra\u017eus, auk\u0161tos kokyb\u0117s, patogus miegas, tinkamas naudoti namuose, galimas 2 spalv\u0173 variantai\"><img decoding=\"async\" src=\"https:\/\/img.kwcdn.com\/product\/open\/13e7dfb38efb4525910d3364cfaf2d34-goods.jpeg\" alt=\"4 dali\u0173 naujo 2025 met\u0173 rudens ir \u017eiemos didelio tankio pieno aksomo daugiasluoksn\u0117s marl\u0117s patalyn\u0117s komplektas (paklod\u0117s ir antklod\u0117s) \u2013 \u0161iltas ir gra\u017eus, auk\u0161tos kokyb\u0117s, patogus miegas, tinkamas naudoti namuose, galimas 2 spalv\u0173 variantai\"><img decoding=\"async\" src=\"https:\/\/img.kwcdn.com\/product\/open\/f487bb29c36c4a0e9ec8fd5ef338634e-goods.jpeg\" alt=\"4 dali\u0173 naujo 2025 met\u0173 rudens ir \u017eiemos didelio tankio pieno aksomo daugiasluoksn\u0117s marl\u0117s patalyn\u0117s komplektas (paklod\u0117s ir antklod\u0117s) \u2013 \u0161iltas ir gra\u017eus, auk\u0161tos kokyb\u0117s, patogus miegas, tinkamas naudoti namuose, galimas 2 spalv\u0173 variantai\"><img decoding=\"async\" src=\"https:\/\/img.kwcdn.com\/product\/open\/c326f5a272ac496f9ac1f4349f6e98c4-goods.jpeg\" alt=\"4 dali\u0173 naujo 2025 met\u0173 rudens ir \u017eiemos didelio tankio pieno aksomo daugiasluoksn\u0117s marl\u0117s patalyn\u0117s komplektas (paklod\u0117s ir antklod\u0117s) \u2013 \u0161iltas ir gra\u017eus, auk\u0161tos kokyb\u0117s, patogus miegas, tinkamas naudoti namuose, galimas 2 spalv\u0173 variantai\"><img decoding=\"async\" src=\"https:\/\/img.kwcdn.com\/product\/open\/ab36998d9c984dd49154d62b4f1ff2d8-goods.jpeg\" alt=\"4 dali\u0173 naujo 2025 met\u0173 rudens ir \u017eiemos didelio tankio pieno aksomo daugiasluoksn\u0117s marl\u0117s patalyn\u0117s komplektas (paklod\u0117s ir antklod\u0117s) \u2013 \u0161iltas ir gra\u017eus, auk\u0161tos kokyb\u0117s, patogus miegas, tinkamas naudoti namuose, galimas 2 spalv\u0173 variantai\"><img decoding=\"async\" src=\"https:\/\/img.kwcdn.com\/product\/open\/328ebefd2a9a484190744eaca35d3011-goods.jpeg\" alt=\"4 dali\u0173 naujo 2025 met\u0173 rudens ir \u017eiemos didelio tankio pieno aksomo daugiasluoksn\u0117s marl\u0117s patalyn\u0117s komplektas (paklod\u0117s ir antklod\u0117s) \u2013 \u0161iltas ir gra\u017eus, auk\u0161tos kokyb\u0117s, patogus miegas, tinkamas naudoti namuose, galimas 2 spalv\u0173 variantai\"><img decoding=\"async\" src=\"https:\/\/img.kwcdn.com\/product\/open\/b4e7fd141d9948488560fccf3bd7b4cf-goods.jpeg\" alt=\"4 dali\u0173 naujo 2025 met\u0173 rudens ir \u017eiemos didelio tankio pieno aksomo daugiasluoksn\u0117s marl\u0117s patalyn\u0117s komplektas (paklod\u0117s ir antklod\u0117s) \u2013 \u0161iltas ir gra\u017eus, auk\u0161tos kokyb\u0117s, patogus miegas, tinkamas naudoti namuose, galimas 2 spalv\u0173 variantai\"><img decoding=\"async\" src=\"https:\/\/img.kwcdn.com\/product\/open\/d974aa3be171467fa730129ff1a54b19-goods.jpeg\" alt=\"4 dali\u0173 naujo 2025 met\u0173 rudens ir \u017eiemos didelio tankio pieno aksomo daugiasluoksn\u0117s marl\u0117s patalyn\u0117s komplektas (paklod\u0117s ir antklod\u0117s) \u2013 \u0161iltas ir gra\u017eus, auk\u0161tos kokyb\u0117s, patogus miegas, tinkamas naudoti namuose, galimas 2 spalv\u0173 variantai\"><img decoding=\"async\" src=\"https:\/\/img.kwcdn.com\/product\/open\/4698a45c9d99457ca63437c97f77b726-goods.jpeg\" alt=\"4 dali\u0173 naujo 2025 met\u0173 rudens ir \u017eiemos didelio tankio pieno aksomo daugiasluoksn\u0117s marl\u0117s patalyn\u0117s komplektas (paklod\u0117s ir antklod\u0117s) \u2013 \u0161iltas ir gra\u017eus, auk\u0161tos kokyb\u0117s, patogus miegas, tinkamas naudoti namuose, galimas 2 spalv\u0173 variantai\"><img decoding=\"async\" src=\"https:\/\/img.kwcdn.com\/product\/open\/b769e384855d49fbbf74d7f433c00b6f-goods.jpeg\" alt=\"4 dali\u0173 naujo 2025 met\u0173 rudens ir \u017eiemos didelio tankio pieno aksomo daugiasluoksn\u0117s marl\u0117s patalyn\u0117s komplektas (paklod\u0117s ir antklod\u0117s) \u2013 \u0161iltas ir gra\u017eus, auk\u0161tos kokyb\u0117s, patogus miegas, tinkamas naudoti namuose, galimas 2 spalv\u0173 variantai\"><img decoding=\"async\" src=\"https:\/\/img.kwcdn.com\/product\/open\/84b7b1ae09ba401fbe318f07a97b86d5-goods.jpeg\" alt=\"4 dali\u0173 naujo 2025 met\u0173 rudens ir \u017eiemos didelio tankio pieno aksomo daugiasluoksn\u0117s marl\u0117s patalyn\u0117s komplektas (paklod\u0117s ir antklod\u0117s) \u2013 \u0161iltas ir gra\u017eus, auk\u0161tos kokyb\u0117s, patogus miegas, tinkamas naudoti namuose, galimas 2 spalv\u0173 variantai\"><img decoding=\"async\" src=\"https:\/\/img.kwcdn.com\/product\/open\/cb8d301d4afe481d8d5c17c5f0403c27-goods.jpeg\" alt=\"4 dali\u0173 naujo 2025 met\u0173 rudens ir \u017eiemos didelio tankio pieno aksomo daugiasluoksn\u0117s marl\u0117s patalyn\u0117s komplektas (paklod\u0117s ir antklod\u0117s) \u2013 \u0161iltas ir gra\u017eus, auk\u0161tos kokyb\u0117s, patogus miegas, tinkamas naudoti namuose, galimas 2 spalv\u0173 variantai\"><img decoding=\"async\" src=\"https:\/\/img.kwcdn.com\/product\/open\/50f513971eff48b79478cadb83b23d56-goods.jpeg\" alt=\"4 dali\u0173 naujo 2025 met\u0173 rudens ir \u017eiemos didelio tankio pieno aksomo daugiasluoksn\u0117s marl\u0117s patalyn\u0117s komplektas (paklod\u0117s ir antklod\u0117s) \u2013 \u0161iltas ir gra\u017eus, auk\u0161tos kokyb\u0117s, patogus miegas, tinkamas naudoti namuose, galimas 2 spalv\u0173 variantai\"><img decoding=\"async\" src=\"https:\/\/img.kwcdn.com\/product\/open\/5afd310840864beeaf8ebea23a1f804a-goods.jpeg\" alt=\"4 dali\u0173 naujo 2025 met\u0173 rudens ir \u017eiemos didelio tankio pieno aksomo daugiasluoksn\u0117s marl\u0117s patalyn\u0117s komplektas (paklod\u0117s ir antklod\u0117s) \u2013 \u0161iltas ir gra\u017eus, auk\u0161tos kokyb\u0117s, patogus miegas, tinkamas naudoti namuose, galimas 2 spalv\u0173 variantai\"><img decoding=\"async\" src=\"https:\/\/img.kwcdn.com\/product\/open\/221044a4c35a46ca800ac7f4598c3919-goods.jpeg\" alt=\"4 dali\u0173 naujo 2025 met\u0173 rudens ir \u017eiemos didelio tankio pieno aksomo daugiasluoksn\u0117s marl\u0117s patalyn\u0117s komplektas (paklod\u0117s ir antklod\u0117s) \u2013 \u0161iltas ir gra\u017eus, auk\u0161tos kokyb\u0117s, patogus miegas, tinkamas naudoti namuose, galimas 2 spalv\u0173 variantai\"><img decoding=\"async\" src=\"https:\/\/img.kwcdn.com\/product\/open\/21c77f90a1674f2fbb9920a8469455e8-goods.jpeg\" alt=\"4 dali\u0173 naujo 2025 met\u0173 rudens ir \u017eiemos didelio tankio pieno aksomo daugiasluoksn\u0117s marl\u0117s patalyn\u0117s komplektas (paklod\u0117s ir antklod\u0117s) \u2013 \u0161iltas ir gra\u017eus, auk\u0161tos kokyb\u0117s, patogus miegas, tinkamas naudoti namuose, galimas 2 spalv\u0173 variantai\"><img decoding=\"async\" src=\"https:\/\/img.kwcdn.com\/product\/open\/74e6731ca50f4459969ccf7a972f366e-goods.jpeg\" alt=\"4 dali\u0173 naujo 2025 met\u0173 rudens ir \u017eiemos didelio tankio pieno aksomo daugiasluoksn\u0117s marl\u0117s patalyn\u0117s komplektas (paklod\u0117s ir antklod\u0117s) \u2013 \u0161iltas ir gra\u017eus, auk\u0161tos kokyb\u0117s, patogus miegas, tinkamas naudoti namuose, galimas 2 spalv\u0173 variantai\"><img decoding=\"async\" src=\"https:\/\/img.kwcdn.com\/product\/open\/7a15117f0f6245a998c4c11e9e78ad7f-goods.jpeg\" alt=\"4 dali\u0173 naujo 2025 met\u0173 rudens ir \u017eiemos didelio tankio pieno aksomo daugiasluoksn\u0117s marl\u0117s patalyn\u0117s komplektas (paklod\u0117s ir antklod\u0117s) \u2013 \u0161iltas ir gra\u017eus, auk\u0161tos kokyb\u0117s, patogus miegas, tinkamas naudoti namuose, galimas 2 spalv\u0173 variantai\"><img decoding=\"async\" src=\"https:\/\/img.kwcdn.com\/product\/open\/d15d8c9b26284740a43352bcbe3f40ba-goods.jpeg\" alt=\"4 dali\u0173 naujo 2025 met\u0173 rudens ir \u017eiemos didelio tankio pieno aksomo daugiasluoksn\u0117s marl\u0117s patalyn\u0117s komplektas (paklod\u0117s ir antklod\u0117s) \u2013 \u0161iltas ir gra\u017eus, auk\u0161tos kokyb\u0117s, patogus miegas, tinkamas naudoti namuose, galimas 2 spalv\u0173 variantai\"><img decoding=\"async\" src=\"https:\/\/img.kwcdn.com\/product\/open\/ee3a6d09a73a4c279f8e4302b2f113de-goods.jpeg\" alt=\"4 dali\u0173 naujo 2025 met\u0173 rudens ir \u017eiemos didelio tankio pieno aksomo daugiasluoksn\u0117s marl\u0117s patalyn\u0117s komplektas (paklod\u0117s ir antklod\u0117s) \u2013 \u0161iltas ir gra\u017eus, auk\u0161tos kokyb\u0117s, patogus miegas, tinkamas naudoti namuose, galimas 2 spalv\u0173 variantai\"><img decoding=\"async\" src=\"https:\/\/img.kwcdn.com\/product\/open\/dcc7929ac3754a7d928501149e8d1812-goods.jpeg\" alt=\"4 dali\u0173 naujo 2025 met\u0173 rudens ir \u017eiemos didelio tankio pieno aksomo daugiasluoksn\u0117s marl\u0117s patalyn\u0117s komplektas (paklod\u0117s ir antklod\u0117s) \u2013 \u0161iltas ir gra\u017eus, auk\u0161tos kokyb\u0117s, patogus miegas, tinkamas naudoti namuose, galimas 2 spalv\u0173 variantai\"><img decoding=\"async\" src=\"https:\/\/img.kwcdn.com\/product\/open\/315d071f09b44029b7907a64a51fe088-goods.jpeg\" alt=\"4 dali\u0173 naujo 2025 met\u0173 rudens ir \u017eiemos didelio tankio pieno aksomo daugiasluoksn\u0117s marl\u0117s patalyn\u0117s komplektas (paklod\u0117s ir antklod\u0117s) \u2013 \u0161iltas ir gra\u017eus, auk\u0161tos kokyb\u0117s, patogus miegas, tinkamas naudoti namuose, galimas 2 spalv\u0173 variantai\"><img decoding=\"async\" src=\"https:\/\/img.kwcdn.com\/product\/open\/fc1c5e13f1994362a6c1465e859bd119-goods.jpeg\" alt=\"4 dali\u0173 naujo 2025 met\u0173 rudens ir \u017eiemos didelio tankio pieno aksomo daugiasluoksn\u0117s marl\u0117s patalyn\u0117s komplektas (paklod\u0117s ir antklod\u0117s) \u2013 \u0161iltas ir gra\u017eus, auk\u0161tos kokyb\u0117s, patogus miegas, tinkamas naudoti namuose, galimas 2 spalv\u0173 variantai\"><img decoding=\"async\" src=\"https:\/\/img.kwcdn.com\/product\/open\/7ab374c0069440c4af4801cff73db5e9-goods.jpeg\" alt=\"4 dali\u0173 naujo 2025 met\u0173 rudens ir \u017eiemos didelio tankio pieno aksomo daugiasluoksn\u0117s marl\u0117s patalyn\u0117s komplektas (paklod\u0117s ir antklod\u0117s) \u2013 \u0161iltas ir gra\u017eus, auk\u0161tos kokyb\u0117s, patogus miegas, tinkamas naudoti namuose, galimas 2 spalv\u0173 variantai\"><img decoding=\"async\" src=\"https:\/\/img.kwcdn.com\/product\/open\/e078cd6037a54ead8f2c16d909fadac4-goods.jpeg\" alt=\"4 dali\u0173 naujo 2025 met\u0173 rudens ir \u017eiemos didelio tankio pieno aksomo daugiasluoksn\u0117s marl\u0117s patalyn\u0117s komplektas (paklod\u0117s ir antklod\u0117s) \u2013 \u0161iltas ir gra\u017eus, auk\u0161tos kokyb\u0117s, patogus miegas, tinkamas naudoti namuose, galimas 2 spalv\u0173 variantai\"><img decoding=\"async\" src=\"https:\/\/img.kwcdn.com\/product\/open\/0d7e2603127d4ee485d04cea1d4713f7-goods.jpeg\" alt=\"4 dali\u0173 naujo 2025 met\u0173 rudens ir \u017eiemos didelio tankio pieno aksomo daugiasluoksn\u0117s marl\u0117s patalyn\u0117s komplektas (paklod\u0117s ir antklod\u0117s) \u2013 \u0161iltas ir gra\u017eus, auk\u0161tos kokyb\u0117s, patogus miegas, tinkamas naudoti namuose, galimas 2 spalv\u0173 variantai\"><img decoding=\"async\" src=\"https:\/\/img.kwcdn.com\/product\/open\/315b97e38e304a6caf494b18af75d1c6-goods.jpeg\" alt=\"4 dali\u0173 naujo 2025 met\u0173 rudens ir \u017eiemos didelio tankio pieno aksomo daugiasluoksn\u0117s marl\u0117s patalyn\u0117s komplektas (paklod\u0117s ir antklod\u0117s) \u2013 \u0161iltas ir gra\u017eus, auk\u0161tos kokyb\u0117s, patogus miegas, tinkamas naudoti namuose, galimas 2 spalv\u0173 variantai\"><img decoding=\"async\" src=\"https:\/\/img.kwcdn.com\/product\/open\/180166fc4042447f8b648e5552deb1ca-goods.jpeg\" alt=\"4 dali\u0173 naujo 2025 met\u0173 rudens ir \u017eiemos didelio tankio pieno aksomo daugiasluoksn\u0117s marl\u0117s patalyn\u0117s komplektas (paklod\u0117s ir antklod\u0117s) \u2013 \u0161iltas ir gra\u017eus, auk\u0161tos kokyb\u0117s, patogus miegas, tinkamas naudoti namuose, galimas 2 spalv\u0173 variantai\"><img decoding=\"async\" src=\"https:\/\/img.kwcdn.com\/product\/open\/bf3a172696334459bfad97086e46fae2-goods.jpeg\" alt=\"4 dali\u0173 naujo 2025 met\u0173 rudens ir \u017eiemos didelio tankio pieno aksomo daugiasluoksn\u0117s marl\u0117s patalyn\u0117s komplektas (paklod\u0117s ir antklod\u0117s) \u2013 \u0161iltas ir gra\u017eus, auk\u0161tos kokyb\u0117s, patogus miegas, tinkamas naudoti namuose, galimas 2 spalv\u0173 variantai\"><img decoding=\"async\" src=\"https:\/\/img.kwcdn.com\/product\/open\/228e5376a045479ab8837d89f188060f-goods.jpeg\" alt=\"4 dali\u0173 naujo 2025 met\u0173 rudens ir \u017eiemos didelio tankio pieno aksomo daugiasluoksn\u0117s marl\u0117s patalyn\u0117s komplektas (paklod\u0117s ir antklod\u0117s) \u2013 \u0161iltas ir gra\u017eus, auk\u0161tos kokyb\u0117s, patogus miegas, tinkamas naudoti namuose, galimas 2 spalv\u0173 variantai\"><img decoding=\"async\" src=\"https:\/\/img.kwcdn.com\/product\/open\/fbeb692a6fa444b5a55b9b4fae604e8a-goods.jpeg\" alt=\"4 dali\u0173 naujo 2025 met\u0173 rudens ir \u017eiemos didelio tankio pieno aksomo daugiasluoksn\u0117s marl\u0117s patalyn\u0117s komplektas (paklod\u0117s ir antklod\u0117s) \u2013 \u0161iltas ir gra\u017eus, auk\u0161tos kokyb\u0117s, patogus miegas, tinkamas naudoti namuose, galimas 2 spalv\u0173 variantai\"><\/p>","protected":false},"excerpt":{"rendered":"","protected":false},"featured_media":2924,"comment_status":"open","ping_status":"closed","template":"","meta":[],"product_brand":[],"product_cat":[24],"product_tag":[],"class_list":{"0":"post-2923","1":"product","2":"type-product","3":"status-publish","4":"has-post-thumbnail","6":"product_cat-namu-apyvoka","8":"first","9":"instock","10":"sale","11":"shipping-taxable","12":"purchasable","13":"product-type-variable"},"_links":{"self":[{"href":"https:\/\/topsmart.store\/en\/wp-json\/wp\/v2\/product\/2923","targetHints":{"allow":["GET"]}}],"collection":[{"href":"https:\/\/topsmart.store\/en\/wp-json\/wp\/v2\/product"}],"about":[{"href":"https:\/\/topsmart.store\/en\/wp-json\/wp\/v2\/types\/product"}],"replies":[{"embeddable":true,"href":"https:\/\/topsmart.store\/en\/wp-json\/wp\/v2\/comments?post=2923"}],"wp:featuredmedia":[{"embeddable":true,"href":"https:\/\/topsmart.store\/en\/wp-json\/wp\/v2\/media\/2924"}],"wp:attachment":[{"href":"https:\/\/topsmart.store\/en\/wp-json\/wp\/v2\/media?parent=2923"}],"wp:term":[{"taxonomy":"product_brand","embeddable":true,"href":"https:\/\/topsmart.store\/en\/wp-json\/wp\/v2\/product_brand?post=2923"},{"taxonomy":"product_cat","embeddable":true,"href":"https:\/\/topsmart.store\/en\/wp-json\/wp\/v2\/product_cat?post=2923"},{"taxonomy":"product_tag","embeddable":true,"href":"https:\/\/topsmart.store\/en\/wp-json\/wp\/v2\/product_tag?post=2923"}],"curies":[{"name":"wp","href":"https:\/\/api.w.org\/{rel}","templated":true}]}}