{"id":2958,"date":"2026-04-20T12:33:28","date_gmt":"2026-04-20T10:33:28","guid":{"rendered":"https:\/\/topsmart.store\/product\/4-daliu-medvilnine-patalyne-1-antklodes-uzvalkalas-2-pagalviu-uzvalkalai-1-paklode-minksta-patogi-pralaidi-orui-ir-svelni-odai-galima-skalbti-skalbimo-masinoje-tinkama-visiems-sezo\/"},"modified":"2026-04-20T12:39:55","modified_gmt":"2026-04-20T10:39:55","slug":"4-daliu-medvilnine-patalyne-1-antklodes-uzvalkalas-2-pagalviu-uzvalkalai-1-paklode-minksta-patogi-pralaidi-orui-ir-svelni-odai-galima-skalbti-skalbimo-masinoje-tinkama-visiems-sezo","status":"publish","type":"product","link":"https:\/\/topsmart.store\/en\/product\/4-daliu-medvilnine-patalyne-1-antklodes-uzvalkalas-2-pagalviu-uzvalkalai-1-paklode-minksta-patogi-pralaidi-orui-ir-svelni-odai-galima-skalbti-skalbimo-masinoje-tinkama-visiems-sezo\/","title":{"rendered":"4 dali\u0173 medvilnin\u0117 patalyn\u0117 (1 antklod\u0117s u\u017evalkalas + 2 pagalvi\u0173 u\u017evalkalai + 1 paklod\u0117) \u2013 mink\u0161ta, patogi, pralaidi orui ir \u0161velni odai. Galima skalbti skalbimo ma\u0161inoje, tinkama visiems sezonams, puikiai tinka \u012fvairiems bendrabu\u010di\u0173 ir miegamojo patalynei reikmims."},"content":{"rendered":"<p><img decoding=\"async\" src=\"https:\/\/img.kwcdn.com\/product\/open\/350b0631495f4258a634fdc7ffedb4bd-goods.jpeg\" alt=\"4 dali\u0173 medvilnin\u0117 patalyn\u0117 (1 antklod\u0117s u\u017evalkalas + 2 pagalvi\u0173 u\u017evalkalai + 1 paklod\u0117) \u2013 mink\u0161ta, patogi, pralaidi orui ir \u0161velni odai. Galima skalbti skalbimo ma\u0161inoje, tinkama visiems sezonams, puikiai tinka \u012fvairiems bendrabu\u010di\u0173 ir miegamojo patalynei reikmims.\"><img decoding=\"async\" src=\"https:\/\/img.kwcdn.com\/product\/open\/db2ae7c8f8cf4e0a8079e5810e743b84-goods.jpeg\" alt=\"4 dali\u0173 medvilnin\u0117 patalyn\u0117 (1 antklod\u0117s u\u017evalkalas + 2 pagalvi\u0173 u\u017evalkalai + 1 paklod\u0117) \u2013 mink\u0161ta, patogi, pralaidi orui ir \u0161velni odai. Galima skalbti skalbimo ma\u0161inoje, tinkama visiems sezonams, puikiai tinka \u012fvairiems bendrabu\u010di\u0173 ir miegamojo patalynei reikmims.\"><img decoding=\"async\" src=\"https:\/\/img.kwcdn.com\/product\/open\/653e8a81c5d043738f1233847855dcc6-goods.jpeg\" alt=\"4 dali\u0173 medvilnin\u0117 patalyn\u0117 (1 antklod\u0117s u\u017evalkalas + 2 pagalvi\u0173 u\u017evalkalai + 1 paklod\u0117) \u2013 mink\u0161ta, patogi, pralaidi orui ir \u0161velni odai. Galima skalbti skalbimo ma\u0161inoje, tinkama visiems sezonams, puikiai tinka \u012fvairiems bendrabu\u010di\u0173 ir miegamojo patalynei reikmims.\"><img decoding=\"async\" src=\"https:\/\/img.kwcdn.com\/product\/open\/8a2754a37cfd4fc290646d91dbc5a34f-goods.jpeg\" alt=\"4 dali\u0173 medvilnin\u0117 patalyn\u0117 (1 antklod\u0117s u\u017evalkalas + 2 pagalvi\u0173 u\u017evalkalai + 1 paklod\u0117) \u2013 mink\u0161ta, patogi, pralaidi orui ir \u0161velni odai. Galima skalbti skalbimo ma\u0161inoje, tinkama visiems sezonams, puikiai tinka \u012fvairiems bendrabu\u010di\u0173 ir miegamojo patalynei reikmims.\"><img decoding=\"async\" src=\"https:\/\/img.kwcdn.com\/product\/open\/d69301439bf84eceb3a790f5a7f95be0-goods.jpeg\" alt=\"4 dali\u0173 medvilnin\u0117 patalyn\u0117 (1 antklod\u0117s u\u017evalkalas + 2 pagalvi\u0173 u\u017evalkalai + 1 paklod\u0117) \u2013 mink\u0161ta, patogi, pralaidi orui ir \u0161velni odai. Galima skalbti skalbimo ma\u0161inoje, tinkama visiems sezonams, puikiai tinka \u012fvairiems bendrabu\u010di\u0173 ir miegamojo patalynei reikmims.\"><img decoding=\"async\" src=\"https:\/\/img.kwcdn.com\/product\/open\/140d1f744859470486bbf18dc3e2b2a0-goods.jpeg\" alt=\"4 dali\u0173 medvilnin\u0117 patalyn\u0117 (1 antklod\u0117s u\u017evalkalas + 2 pagalvi\u0173 u\u017evalkalai + 1 paklod\u0117) \u2013 mink\u0161ta, patogi, pralaidi orui ir \u0161velni odai. Galima skalbti skalbimo ma\u0161inoje, tinkama visiems sezonams, puikiai tinka \u012fvairiems bendrabu\u010di\u0173 ir miegamojo patalynei reikmims.\"><img decoding=\"async\" src=\"https:\/\/img.kwcdn.com\/product\/open\/b6ca4939bc66410a9adcc423ef16f545-goods.jpeg\" alt=\"4 dali\u0173 medvilnin\u0117 patalyn\u0117 (1 antklod\u0117s u\u017evalkalas + 2 pagalvi\u0173 u\u017evalkalai + 1 paklod\u0117) \u2013 mink\u0161ta, patogi, pralaidi orui ir \u0161velni odai. Galima skalbti skalbimo ma\u0161inoje, tinkama visiems sezonams, puikiai tinka \u012fvairiems bendrabu\u010di\u0173 ir miegamojo patalynei reikmims.\"><img decoding=\"async\" src=\"https:\/\/img.kwcdn.com\/product\/open\/d979abfa8f6d430080309c888f244276-goods.jpeg\" alt=\"4 dali\u0173 medvilnin\u0117 patalyn\u0117 (1 antklod\u0117s u\u017evalkalas + 2 pagalvi\u0173 u\u017evalkalai + 1 paklod\u0117) \u2013 mink\u0161ta, patogi, pralaidi orui ir \u0161velni odai. Galima skalbti skalbimo ma\u0161inoje, tinkama visiems sezonams, puikiai tinka \u012fvairiems bendrabu\u010di\u0173 ir miegamojo patalynei reikmims.\"><img decoding=\"async\" src=\"https:\/\/img.kwcdn.com\/product\/open\/86bf32b66a36413ca77e1a8e94bff827-goods.jpeg\" alt=\"4 dali\u0173 medvilnin\u0117 patalyn\u0117 (1 antklod\u0117s u\u017evalkalas + 2 pagalvi\u0173 u\u017evalkalai + 1 paklod\u0117) \u2013 mink\u0161ta, patogi, pralaidi orui ir \u0161velni odai. Galima skalbti skalbimo ma\u0161inoje, tinkama visiems sezonams, puikiai tinka \u012fvairiems bendrabu\u010di\u0173 ir miegamojo patalynei reikmims.\"><img decoding=\"async\" src=\"https:\/\/img.kwcdn.com\/product\/open\/b9a56a11fc9948878075a65967617c98-goods.jpeg\" alt=\"4 dali\u0173 medvilnin\u0117 patalyn\u0117 (1 antklod\u0117s u\u017evalkalas + 2 pagalvi\u0173 u\u017evalkalai + 1 paklod\u0117) \u2013 mink\u0161ta, patogi, pralaidi orui ir \u0161velni odai. Galima skalbti skalbimo ma\u0161inoje, tinkama visiems sezonams, puikiai tinka \u012fvairiems bendrabu\u010di\u0173 ir miegamojo patalynei reikmims.\"><\/p>","protected":false},"excerpt":{"rendered":"","protected":false},"featured_media":2959,"comment_status":"open","ping_status":"closed","template":"","meta":[],"product_brand":[],"product_cat":[24],"product_tag":[],"class_list":{"0":"post-2958","1":"product","2":"type-product","3":"status-publish","4":"has-post-thumbnail","6":"product_cat-namu-apyvoka","8":"first","9":"instock","10":"sale","11":"shipping-taxable","12":"purchasable","13":"product-type-variable"},"_links":{"self":[{"href":"https:\/\/topsmart.store\/en\/wp-json\/wp\/v2\/product\/2958","targetHints":{"allow":["GET"]}}],"collection":[{"href":"https:\/\/topsmart.store\/en\/wp-json\/wp\/v2\/product"}],"about":[{"href":"https:\/\/topsmart.store\/en\/wp-json\/wp\/v2\/types\/product"}],"replies":[{"embeddable":true,"href":"https:\/\/topsmart.store\/en\/wp-json\/wp\/v2\/comments?post=2958"}],"wp:featuredmedia":[{"embeddable":true,"href":"https:\/\/topsmart.store\/en\/wp-json\/wp\/v2\/media\/2959"}],"wp:attachment":[{"href":"https:\/\/topsmart.store\/en\/wp-json\/wp\/v2\/media?parent=2958"}],"wp:term":[{"taxonomy":"product_brand","embeddable":true,"href":"https:\/\/topsmart.store\/en\/wp-json\/wp\/v2\/product_brand?post=2958"},{"taxonomy":"product_cat","embeddable":true,"href":"https:\/\/topsmart.store\/en\/wp-json\/wp\/v2\/product_cat?post=2958"},{"taxonomy":"product_tag","embeddable":true,"href":"https:\/\/topsmart.store\/en\/wp-json\/wp\/v2\/product_tag?post=2958"}],"curies":[{"name":"wp","href":"https:\/\/api.w.org\/{rel}","templated":true}]}}