{"id":3121,"date":"2026-04-20T12:35:50","date_gmt":"2026-04-20T10:35:50","guid":{"rendered":"https:\/\/topsmart.store\/product\/4-daliu-medvilnine-patalyne-1-antklodes-uzvalkalas-2-pagalviu-uzvalkalai-1-paklode-minksta-patogi-pralaidi-orui-ir-svelni-odai-galima-skalbti-skalbimo-masinoje-tinkama-visiems-sezo-2\/"},"modified":"2026-04-20T12:39:52","modified_gmt":"2026-04-20T10:39:52","slug":"4-daliu-medvilnine-patalyne-1-antklodes-uzvalkalas-2-pagalviu-uzvalkalai-1-paklode-minksta-patogi-pralaidi-orui-ir-svelni-odai-galima-skalbti-skalbimo-masinoje-tinkama-visiems-sezo-2","status":"publish","type":"product","link":"https:\/\/topsmart.store\/en\/product\/4-daliu-medvilnine-patalyne-1-antklodes-uzvalkalas-2-pagalviu-uzvalkalai-1-paklode-minksta-patogi-pralaidi-orui-ir-svelni-odai-galima-skalbti-skalbimo-masinoje-tinkama-visiems-sezo-2\/","title":{"rendered":"4 dali\u0173 medvilnin\u0117 patalyn\u0117 (1 antklod\u0117s u\u017evalkalas + 2 pagalvi\u0173 u\u017evalkalai + 1 paklod\u0117) \u2013 mink\u0161ta, patogi, pralaidi orui ir \u0161velni odai. Galima skalbti skalbimo ma\u0161inoje, tinkama visiems sezonams, puikiai tinka \u012fvairiems bendrabu\u010di\u0173 ir miegamojo patalynei reikmims."},"content":{"rendered":"<p><img decoding=\"async\" src=\"https:\/\/img.kwcdn.com\/product\/open\/1e3fc97875224ab49aa5a38999d210a7-goods.jpeg\" alt=\"4 dali\u0173 medvilnin\u0117 patalyn\u0117 (1 antklod\u0117s u\u017evalkalas + 2 pagalvi\u0173 u\u017evalkalai + 1 paklod\u0117) \u2013 mink\u0161ta, patogi, pralaidi orui ir \u0161velni odai. Galima skalbti skalbimo ma\u0161inoje, tinkama visiems sezonams, puikiai tinka \u012fvairiems bendrabu\u010di\u0173 ir miegamojo patalynei reikmims.\"><img decoding=\"async\" src=\"https:\/\/img.kwcdn.com\/product\/open\/adfcd5c076884e86a46bed84f2bcea1e-goods.jpeg\" alt=\"4 dali\u0173 medvilnin\u0117 patalyn\u0117 (1 antklod\u0117s u\u017evalkalas + 2 pagalvi\u0173 u\u017evalkalai + 1 paklod\u0117) \u2013 mink\u0161ta, patogi, pralaidi orui ir \u0161velni odai. Galima skalbti skalbimo ma\u0161inoje, tinkama visiems sezonams, puikiai tinka \u012fvairiems bendrabu\u010di\u0173 ir miegamojo patalynei reikmims.\"><img decoding=\"async\" src=\"https:\/\/img.kwcdn.com\/product\/open\/653e8a81c5d043738f1233847855dcc6-goods.jpeg\" alt=\"4 dali\u0173 medvilnin\u0117 patalyn\u0117 (1 antklod\u0117s u\u017evalkalas + 2 pagalvi\u0173 u\u017evalkalai + 1 paklod\u0117) \u2013 mink\u0161ta, patogi, pralaidi orui ir \u0161velni odai. Galima skalbti skalbimo ma\u0161inoje, tinkama visiems sezonams, puikiai tinka \u012fvairiems bendrabu\u010di\u0173 ir miegamojo patalynei reikmims.\"><img decoding=\"async\" src=\"https:\/\/img.kwcdn.com\/product\/open\/2eb1987a2c3f4974a00a3fbeccf74ee1-goods.jpeg\" alt=\"4 dali\u0173 medvilnin\u0117 patalyn\u0117 (1 antklod\u0117s u\u017evalkalas + 2 pagalvi\u0173 u\u017evalkalai + 1 paklod\u0117) \u2013 mink\u0161ta, patogi, pralaidi orui ir \u0161velni odai. Galima skalbti skalbimo ma\u0161inoje, tinkama visiems sezonams, puikiai tinka \u012fvairiems bendrabu\u010di\u0173 ir miegamojo patalynei reikmims.\"><img decoding=\"async\" src=\"https:\/\/img.kwcdn.com\/product\/open\/43a49fdad438436998a4b866d662f9cb-goods.jpeg\" alt=\"4 dali\u0173 medvilnin\u0117 patalyn\u0117 (1 antklod\u0117s u\u017evalkalas + 2 pagalvi\u0173 u\u017evalkalai + 1 paklod\u0117) \u2013 mink\u0161ta, patogi, pralaidi orui ir \u0161velni odai. Galima skalbti skalbimo ma\u0161inoje, tinkama visiems sezonams, puikiai tinka \u012fvairiems bendrabu\u010di\u0173 ir miegamojo patalynei reikmims.\"><img decoding=\"async\" src=\"https:\/\/img.kwcdn.com\/product\/open\/cea1dee0e05942139abe4fdc4c56ec2a-goods.jpeg\" alt=\"4 dali\u0173 medvilnin\u0117 patalyn\u0117 (1 antklod\u0117s u\u017evalkalas + 2 pagalvi\u0173 u\u017evalkalai + 1 paklod\u0117) \u2013 mink\u0161ta, patogi, pralaidi orui ir \u0161velni odai. Galima skalbti skalbimo ma\u0161inoje, tinkama visiems sezonams, puikiai tinka \u012fvairiems bendrabu\u010di\u0173 ir miegamojo patalynei reikmims.\"><img decoding=\"async\" src=\"https:\/\/img.kwcdn.com\/product\/open\/71a969ba5de547b78d70e304b002e60f-goods.jpeg\" alt=\"4 dali\u0173 medvilnin\u0117 patalyn\u0117 (1 antklod\u0117s u\u017evalkalas + 2 pagalvi\u0173 u\u017evalkalai + 1 paklod\u0117) \u2013 mink\u0161ta, patogi, pralaidi orui ir \u0161velni odai. Galima skalbti skalbimo ma\u0161inoje, tinkama visiems sezonams, puikiai tinka \u012fvairiems bendrabu\u010di\u0173 ir miegamojo patalynei reikmims.\"><img decoding=\"async\" src=\"https:\/\/img.kwcdn.com\/product\/open\/7b57250f69fb4d8aa8edc39bc880f31c-goods.jpeg\" alt=\"4 dali\u0173 medvilnin\u0117 patalyn\u0117 (1 antklod\u0117s u\u017evalkalas + 2 pagalvi\u0173 u\u017evalkalai + 1 paklod\u0117) \u2013 mink\u0161ta, patogi, pralaidi orui ir \u0161velni odai. Galima skalbti skalbimo ma\u0161inoje, tinkama visiems sezonams, puikiai tinka \u012fvairiems bendrabu\u010di\u0173 ir miegamojo patalynei reikmims.\"><img decoding=\"async\" src=\"https:\/\/img.kwcdn.com\/product\/open\/5e550fb566234dbcb84fc7e4d6179f74-goods.jpeg\" alt=\"4 dali\u0173 medvilnin\u0117 patalyn\u0117 (1 antklod\u0117s u\u017evalkalas + 2 pagalvi\u0173 u\u017evalkalai + 1 paklod\u0117) \u2013 mink\u0161ta, patogi, pralaidi orui ir \u0161velni odai. Galima skalbti skalbimo ma\u0161inoje, tinkama visiems sezonams, puikiai tinka \u012fvairiems bendrabu\u010di\u0173 ir miegamojo patalynei reikmims.\"><img decoding=\"async\" src=\"https:\/\/img.kwcdn.com\/product\/open\/be9ed34b02574c83b867bf6899f78d75-goods.jpeg\" alt=\"4 dali\u0173 medvilnin\u0117 patalyn\u0117 (1 antklod\u0117s u\u017evalkalas + 2 pagalvi\u0173 u\u017evalkalai + 1 paklod\u0117) \u2013 mink\u0161ta, patogi, pralaidi orui ir \u0161velni odai. Galima skalbti skalbimo ma\u0161inoje, tinkama visiems sezonams, puikiai tinka \u012fvairiems bendrabu\u010di\u0173 ir miegamojo patalynei reikmims.\"><\/p>","protected":false},"excerpt":{"rendered":"","protected":false},"featured_media":3122,"comment_status":"open","ping_status":"closed","template":"","meta":[],"product_brand":[],"product_cat":[24],"product_tag":[],"class_list":{"0":"post-3121","1":"product","2":"type-product","3":"status-publish","4":"has-post-thumbnail","6":"product_cat-namu-apyvoka","8":"first","9":"instock","10":"sale","11":"shipping-taxable","12":"purchasable","13":"product-type-simple"},"_links":{"self":[{"href":"https:\/\/topsmart.store\/en\/wp-json\/wp\/v2\/product\/3121","targetHints":{"allow":["GET"]}}],"collection":[{"href":"https:\/\/topsmart.store\/en\/wp-json\/wp\/v2\/product"}],"about":[{"href":"https:\/\/topsmart.store\/en\/wp-json\/wp\/v2\/types\/product"}],"replies":[{"embeddable":true,"href":"https:\/\/topsmart.store\/en\/wp-json\/wp\/v2\/comments?post=3121"}],"wp:featuredmedia":[{"embeddable":true,"href":"https:\/\/topsmart.store\/en\/wp-json\/wp\/v2\/media\/3122"}],"wp:attachment":[{"href":"https:\/\/topsmart.store\/en\/wp-json\/wp\/v2\/media?parent=3121"}],"wp:term":[{"taxonomy":"product_brand","embeddable":true,"href":"https:\/\/topsmart.store\/en\/wp-json\/wp\/v2\/product_brand?post=3121"},{"taxonomy":"product_cat","embeddable":true,"href":"https:\/\/topsmart.store\/en\/wp-json\/wp\/v2\/product_cat?post=3121"},{"taxonomy":"product_tag","embeddable":true,"href":"https:\/\/topsmart.store\/en\/wp-json\/wp\/v2\/product_tag?post=3121"}],"curies":[{"name":"wp","href":"https:\/\/api.w.org\/{rel}","templated":true}]}}