{"id":3127,"date":"2026-04-20T12:35:56","date_gmt":"2026-04-20T10:35:56","guid":{"rendered":"https:\/\/topsmart.store\/product\/bingyu-2026-naujas-vienodos-spalvos-4-vnt-rinkinys-100-vienetu-didelio-siulu-skaiciaus-visiskai-medvilninis-svelnus-ir-odai-draugiskas-lengvas-prabangos-miegamojo-patalyne-kokybiskas-namu-pasirin\/"},"modified":"2026-04-20T12:40:43","modified_gmt":"2026-04-20T10:40:43","slug":"bingyu-2026-naujas-vienodos-spalvos-4-vnt-rinkinys-100-vienetu-didelio-siulu-skaiciaus-visiskai-medvilninis-svelnus-ir-odai-draugiskas-lengvas-prabangos-miegamojo-patalyne-kokybiskas-namu-pasirin","status":"publish","type":"product","link":"https:\/\/topsmart.store\/en\/product\/bingyu-2026-naujas-vienodos-spalvos-4-vnt-rinkinys-100-vienetu-didelio-siulu-skaiciaus-visiskai-medvilninis-svelnus-ir-odai-draugiskas-lengvas-prabangos-miegamojo-patalyne-kokybiskas-namu-pasirin\/","title":{"rendered":"Bingyu 2026 New Solid Color 4-Piece Set, 100 Pieces High Thread Count All Cotton, Soft and Skin-Friendly, Lightweight Luxury Bedroom Bedding, Quality Home Choice"},"content":{"rendered":"<p><img decoding=\"async\" src=\"https:\/\/img.kwcdn.com\/product\/open\/be1d4fc8d66342c4b92f0c28cb977a00-goods.jpeg\" alt=\"Bingyu 2026 Naujas Vienodos Spalvos 4 vnt. Rinkinys, 100 Vienet\u0173 Didelio Si\u016bl\u0173 Skai\u010diaus Visi\u0161kai Medvilninis, \u0160velnus ir Odai Draugi\u0161kas, Lengvas Prabangos Miegamojo Patalyn\u0117, Kokybi\u0161kas Nam\u0173 Pasirinkimas\"><\/p>","protected":false},"excerpt":{"rendered":"","protected":false},"featured_media":3128,"comment_status":"open","ping_status":"closed","template":"","meta":[],"product_brand":[],"product_cat":[24],"product_tag":[],"class_list":{"0":"post-3127","1":"product","2":"type-product","3":"status-publish","4":"has-post-thumbnail","6":"product_cat-namu-apyvoka","8":"first","9":"instock","10":"sale","11":"shipping-taxable","12":"purchasable","13":"product-type-variable"},"_links":{"self":[{"href":"https:\/\/topsmart.store\/en\/wp-json\/wp\/v2\/product\/3127","targetHints":{"allow":["GET"]}}],"collection":[{"href":"https:\/\/topsmart.store\/en\/wp-json\/wp\/v2\/product"}],"about":[{"href":"https:\/\/topsmart.store\/en\/wp-json\/wp\/v2\/types\/product"}],"replies":[{"embeddable":true,"href":"https:\/\/topsmart.store\/en\/wp-json\/wp\/v2\/comments?post=3127"}],"wp:featuredmedia":[{"embeddable":true,"href":"https:\/\/topsmart.store\/en\/wp-json\/wp\/v2\/media\/3128"}],"wp:attachment":[{"href":"https:\/\/topsmart.store\/en\/wp-json\/wp\/v2\/media?parent=3127"}],"wp:term":[{"taxonomy":"product_brand","embeddable":true,"href":"https:\/\/topsmart.store\/en\/wp-json\/wp\/v2\/product_brand?post=3127"},{"taxonomy":"product_cat","embeddable":true,"href":"https:\/\/topsmart.store\/en\/wp-json\/wp\/v2\/product_cat?post=3127"},{"taxonomy":"product_tag","embeddable":true,"href":"https:\/\/topsmart.store\/en\/wp-json\/wp\/v2\/product_tag?post=3127"}],"curies":[{"name":"wp","href":"https:\/\/api.w.org\/{rel}","templated":true}]}}