{"id":3191,"date":"2026-04-20T12:36:08","date_gmt":"2026-04-20T10:36:08","guid":{"rendered":"https:\/\/topsmart.store\/product\/baltas-kvepuojantis-ciuzinio-uzvalkalas-su-uzvalkalu-6-cm-ciuzinio-uzdangalas-nuimamas-dizainas-lengvai-valomas-ir-laikomas-tinkamas-viesbuciams-ir-miegamiesiems-galimi-ivairus-dydziai\/"},"modified":"2026-04-20T12:40:33","modified_gmt":"2026-04-20T10:40:33","slug":"baltas-kvepuojantis-ciuzinio-uzvalkalas-su-uzvalkalu-6-cm-ciuzinio-uzdangalas-nuimamas-dizainas-lengvai-valomas-ir-laikomas-tinkamas-viesbuciams-ir-miegamiesiems-galimi-ivairus-dydziai","status":"publish","type":"product","link":"https:\/\/topsmart.store\/en\/product\/baltas-kvepuojantis-ciuzinio-uzvalkalas-su-uzvalkalu-6-cm-ciuzinio-uzdangalas-nuimamas-dizainas-lengvai-valomas-ir-laikomas-tinkamas-viesbuciams-ir-miegamiesiems-galimi-ivairus-dydziai\/","title":{"rendered":"Baltas kv\u0117puojantis \u010diu\u017einio u\u017evalkalas su u\u017evalkalu, 6 cm \u010diu\u017einio u\u017edangalas, nuimamas dizainas, lengvai valomas ir laikomas, tinkamas vie\u0161bu\u010diams ir miegamiesiems, galimi \u012fvair\u016bs dyd\u017eiai"},"content":{"rendered":"<p><img decoding=\"async\" src=\"https:\/\/img.kwcdn.com\/product\/fancy\/15ab112c-1a84-4b40-9faf-168790d359fc.jpg\" alt=\"Baltas kv\u0117puojantis \u010diu\u017einio u\u017evalkalas su u\u017evalkalu, 6 cm \u010diu\u017einio u\u017edangalas, nuimamas dizainas, lengvai valomas ir laikomas, tinkamas vie\u0161bu\u010diams ir miegamiesiems, galimi \u012fvair\u016bs dyd\u017eiai\"><img decoding=\"async\" src=\"https:\/\/img.kwcdn.com\/product\/fancy\/f3b4a015-bc83-4b9b-8347-a075dd1f80be.jpg\" alt=\"Baltas kv\u0117puojantis \u010diu\u017einio u\u017evalkalas su u\u017evalkalu, 6 cm \u010diu\u017einio u\u017edangalas, nuimamas dizainas, lengvai valomas ir laikomas, tinkamas vie\u0161bu\u010diams ir miegamiesiems, galimi \u012fvair\u016bs dyd\u017eiai\"><img decoding=\"async\" src=\"https:\/\/img.kwcdn.com\/product\/fancy\/5e5baaa5-ee2c-4352-9e25-d7f53a7103f0.jpg\" alt=\"Baltas kv\u0117puojantis \u010diu\u017einio u\u017evalkalas su u\u017evalkalu, 6 cm \u010diu\u017einio u\u017edangalas, nuimamas dizainas, lengvai valomas ir laikomas, tinkamas vie\u0161bu\u010diams ir miegamiesiems, galimi \u012fvair\u016bs dyd\u017eiai\"><img decoding=\"async\" src=\"https:\/\/img.kwcdn.com\/product\/fancy\/a484fb6c-ae23-4dd6-8c02-b6d6a177b1f9.jpg\" alt=\"Baltas kv\u0117puojantis \u010diu\u017einio u\u017evalkalas su u\u017evalkalu, 6 cm \u010diu\u017einio u\u017edangalas, nuimamas dizainas, lengvai valomas ir laikomas, tinkamas vie\u0161bu\u010diams ir miegamiesiems, galimi \u012fvair\u016bs dyd\u017eiai\"><img decoding=\"async\" src=\"https:\/\/img.kwcdn.com\/product\/fancy\/0a7e2fd2-1b15-4085-ab19-ce1546073c61.jpg\" alt=\"Baltas kv\u0117puojantis \u010diu\u017einio u\u017evalkalas su u\u017evalkalu, 6 cm \u010diu\u017einio u\u017edangalas, nuimamas dizainas, lengvai valomas ir laikomas, tinkamas vie\u0161bu\u010diams ir miegamiesiems, galimi \u012fvair\u016bs dyd\u017eiai\"><img decoding=\"async\" src=\"https:\/\/img.kwcdn.com\/product\/fancy\/5b306685-5925-40c8-991f-ac47efbf51a7.jpg\" alt=\"Baltas kv\u0117puojantis \u010diu\u017einio u\u017evalkalas su u\u017evalkalu, 6 cm \u010diu\u017einio u\u017edangalas, nuimamas dizainas, lengvai valomas ir laikomas, tinkamas vie\u0161bu\u010diams ir miegamiesiems, galimi \u012fvair\u016bs dyd\u017eiai\"><img decoding=\"async\" src=\"https:\/\/img.kwcdn.com\/product\/fancy\/bdac51ac-4b0b-403d-854f-ff7c029a6b60.jpg\" alt=\"Baltas kv\u0117puojantis \u010diu\u017einio u\u017evalkalas su u\u017evalkalu, 6 cm \u010diu\u017einio u\u017edangalas, nuimamas dizainas, lengvai valomas ir laikomas, tinkamas vie\u0161bu\u010diams ir miegamiesiems, galimi \u012fvair\u016bs dyd\u017eiai\"><\/p>","protected":false},"excerpt":{"rendered":"","protected":false},"featured_media":3192,"comment_status":"open","ping_status":"closed","template":"","meta":[],"product_brand":[],"product_cat":[24],"product_tag":[],"class_list":{"0":"post-3191","1":"product","2":"type-product","3":"status-publish","4":"has-post-thumbnail","6":"product_cat-namu-apyvoka","8":"first","9":"instock","10":"sale","11":"shipping-taxable","12":"purchasable","13":"product-type-variable"},"_links":{"self":[{"href":"https:\/\/topsmart.store\/en\/wp-json\/wp\/v2\/product\/3191","targetHints":{"allow":["GET"]}}],"collection":[{"href":"https:\/\/topsmart.store\/en\/wp-json\/wp\/v2\/product"}],"about":[{"href":"https:\/\/topsmart.store\/en\/wp-json\/wp\/v2\/types\/product"}],"replies":[{"embeddable":true,"href":"https:\/\/topsmart.store\/en\/wp-json\/wp\/v2\/comments?post=3191"}],"wp:featuredmedia":[{"embeddable":true,"href":"https:\/\/topsmart.store\/en\/wp-json\/wp\/v2\/media\/3192"}],"wp:attachment":[{"href":"https:\/\/topsmart.store\/en\/wp-json\/wp\/v2\/media?parent=3191"}],"wp:term":[{"taxonomy":"product_brand","embeddable":true,"href":"https:\/\/topsmart.store\/en\/wp-json\/wp\/v2\/product_brand?post=3191"},{"taxonomy":"product_cat","embeddable":true,"href":"https:\/\/topsmart.store\/en\/wp-json\/wp\/v2\/product_cat?post=3191"},{"taxonomy":"product_tag","embeddable":true,"href":"https:\/\/topsmart.store\/en\/wp-json\/wp\/v2\/product_tag?post=3191"}],"curies":[{"name":"wp","href":"https:\/\/api.w.org\/{rel}","templated":true}]}}