{"id":3253,"date":"2026-04-20T12:36:40","date_gmt":"2026-04-20T10:36:40","guid":{"rendered":"https:\/\/topsmart.store\/product\/100-grynos-medvilnes-iridacinis-blizgantis-2d-plokscias-antklodes-uzvalkalu-komplektas-su-1-antklodes-uzvalkalu-ir-1-arba-2-pagalviu-uzvalkalais-puikiai-tinkantis-patogiam-ir-kvepuojanciam-patalynes\/"},"modified":"2026-04-20T12:39:08","modified_gmt":"2026-04-20T10:39:08","slug":"100-grynos-medvilnes-iridacinis-blizgantis-2d-plokscias-antklodes-uzvalkalu-komplektas-su-1-antklodes-uzvalkalu-ir-1-arba-2-pagalviu-uzvalkalais-puikiai-tinkantis-patogiam-ir-kvepuojanciam-patalynes","status":"publish","type":"product","link":"https:\/\/topsmart.store\/en\/product\/100-grynos-medvilnes-iridacinis-blizgantis-2d-plokscias-antklodes-uzvalkalu-komplektas-su-1-antklodes-uzvalkalu-ir-1-arba-2-pagalviu-uzvalkalais-puikiai-tinkantis-patogiam-ir-kvepuojanciam-patalynes\/","title":{"rendered":"100% grynos medviln\u0117s iridacinis blizgantis 2D plok\u0161\u010dias antklod\u0117s u\u017evalkal\u0173 komplektas su 1 antklod\u0117s u\u017evalkalu ir 1 arba 2 pagalvi\u0173 u\u017evalkalais, puikiai tinkantis patogiam ir kv\u0117puojan\u010diam patalyn\u0117s poj\u016b\u010diui pavasar\u012f ir vasar\u0105, tinkamas King arba Queen dyd\u017eio lovoms"},"content":{"rendered":"<p>\u00b7 Pagamintas i\u0161 100 % medviln\u0117s, u\u017etikrinan\u010dios maksimal\u0173 komfort\u0105: \u0161is audinys yra mink\u0161tas ir kv\u0117puojantis, suteikiantis malon\u0173 ir jauk\u0173 poj\u016bt\u012f ant odos bei u\u017etikrinantis ram\u0173 naktin\u012f mieg\u0105. \u00b7 Oro ir v\u0117sus: puikus v\u0117dinimas padeda pa\u0161alinti dr\u0117gm\u0119 ir kontroliuoti k\u016bno \u0161ilum\u0105, u\u017etikrinant patog\u0173 ir saug\u0173 poils\u012f visus metus. \u00b7 Paprastos prie\u017ei\u016bros instrukcijos: tiesiog skalbkite skalbimo ma\u0161inoje \u0161altame vandenyje \u0161velniu ciklu, kad i\u0161likt\u0173 gaivus ir mink\u0161tas. \u00b7 Ilgalaik\u0117 kokyb\u0117: auk\u0161tos kokyb\u0117s medviln\u0117 yra tvirta ir atspari, apsauganti nuo p\u016bkeli\u0173 ir spalvos i\u0161blukimo, u\u017etikrinanti ilgalaik\u012f naudojim\u0105.<\/p>\n<p><img decoding=\"async\" src=\"https:\/\/img.kwcdn.com\/product\/212a0c35d4\/9bda5575-ab9b-4ea9-a483-de68a4805b7a_1000x1000.jpeg\" alt=\"100% grynos medviln\u0117s iridacinis blizgantis 2D plok\u0161\u010dias antklod\u0117s u\u017evalkal\u0173 komplektas su 1 antklod\u0117s u\u017evalkalu ir 1 arba 2 pagalvi\u0173 u\u017evalkalais, puikiai tinkantis patogiam ir kv\u0117puojan\u010diam patalyn\u0117s poj\u016b\u010diui pavasar\u012f ir vasar\u0105, tinkamas King arba Queen dyd\u017eio lovoms\"><img decoding=\"async\" src=\"https:\/\/img.kwcdn.com\/product\/212a0c35d4\/087e61a5-5e58-44c4-ab31-b6d950203139_1000x1000.jpeg\" alt=\"100% grynos medviln\u0117s iridacinis blizgantis 2D plok\u0161\u010dias antklod\u0117s u\u017evalkal\u0173 komplektas su 1 antklod\u0117s u\u017evalkalu ir 1 arba 2 pagalvi\u0173 u\u017evalkalais, puikiai tinkantis patogiam ir kv\u0117puojan\u010diam patalyn\u0117s poj\u016b\u010diui pavasar\u012f ir vasar\u0105, tinkamas King arba Queen dyd\u017eio lovoms\"><img decoding=\"async\" src=\"https:\/\/img.kwcdn.com\/product\/212a0c35d4\/4b352f7b-8414-4946-83c9-3298cae1c787_1000x1000.jpeg\" alt=\"100% grynos medviln\u0117s iridacinis blizgantis 2D plok\u0161\u010dias antklod\u0117s u\u017evalkal\u0173 komplektas su 1 antklod\u0117s u\u017evalkalu ir 1 arba 2 pagalvi\u0173 u\u017evalkalais, puikiai tinkantis patogiam ir kv\u0117puojan\u010diam patalyn\u0117s poj\u016b\u010diui pavasar\u012f ir vasar\u0105, tinkamas King arba Queen dyd\u017eio lovoms\"><img decoding=\"async\" src=\"https:\/\/img.kwcdn.com\/product\/212a0c35d4\/6f2b9a91-0059-434b-ab12-7eb8aa083b74_1000x1000.jpeg\" alt=\"100% grynos medviln\u0117s iridacinis blizgantis 2D plok\u0161\u010dias antklod\u0117s u\u017evalkal\u0173 komplektas su 1 antklod\u0117s u\u017evalkalu ir 1 arba 2 pagalvi\u0173 u\u017evalkalais, puikiai tinkantis patogiam ir kv\u0117puojan\u010diam patalyn\u0117s poj\u016b\u010diui pavasar\u012f ir vasar\u0105, tinkamas King arba Queen dyd\u017eio lovoms\"><img decoding=\"async\" src=\"https:\/\/img.kwcdn.com\/product\/212a0c35d4\/4ca2f99e-da46-4fe4-893c-3482740d94fb_1000x1000.jpeg\" alt=\"100% grynos medviln\u0117s iridacinis blizgantis 2D plok\u0161\u010dias antklod\u0117s u\u017evalkal\u0173 komplektas su 1 antklod\u0117s u\u017evalkalu ir 1 arba 2 pagalvi\u0173 u\u017evalkalais, puikiai tinkantis patogiam ir kv\u0117puojan\u010diam patalyn\u0117s poj\u016b\u010diui pavasar\u012f ir vasar\u0105, tinkamas King arba Queen dyd\u017eio lovoms\"><img decoding=\"async\" src=\"https:\/\/img.kwcdn.com\/product\/212a0c35d4\/e6379738-e5d2-4145-9b43-5a8343f791c7_1000x1000.jpeg\" alt=\"100% grynos medviln\u0117s iridacinis blizgantis 2D plok\u0161\u010dias antklod\u0117s u\u017evalkal\u0173 komplektas su 1 antklod\u0117s u\u017evalkalu ir 1 arba 2 pagalvi\u0173 u\u017evalkalais, puikiai tinkantis patogiam ir kv\u0117puojan\u010diam patalyn\u0117s poj\u016b\u010diui pavasar\u012f ir vasar\u0105, tinkamas King arba Queen dyd\u017eio lovoms\"><img decoding=\"async\" src=\"https:\/\/img.kwcdn.com\/product\/212a0c35d4\/d24a08a6-74d3-4e86-a281-0886591b675a_1000x1000.jpeg\" alt=\"100% grynos medviln\u0117s iridacinis blizgantis 2D plok\u0161\u010dias antklod\u0117s u\u017evalkal\u0173 komplektas su 1 antklod\u0117s u\u017evalkalu ir 1 arba 2 pagalvi\u0173 u\u017evalkalais, puikiai tinkantis patogiam ir kv\u0117puojan\u010diam patalyn\u0117s poj\u016b\u010diui pavasar\u012f ir vasar\u0105, tinkamas King arba Queen dyd\u017eio lovoms\"><\/p>","protected":false},"excerpt":{"rendered":"<p>\u00b7 Pagamintas i\u0161 100 % medviln\u0117s, u\u017etikrinan\u010dios maksimal\u0173 komfort\u0105: \u0161is audinys yra mink\u0161tas ir kv\u0117puojantis, suteikiantis malon\u0173 ir jauk\u0173 poj\u016bt\u012f ant odos bei u\u017etikrinantis ram\u0173 naktin\u012f mieg\u0105. \u00b7 Oro ir v\u0117sus: puikus v\u0117dinimas padeda pa\u0161alinti dr\u0117gm\u0119 ir kontroliuoti k\u016bno \u0161ilum\u0105, u\u017etikrinant patog\u0173 ir saug\u0173 poils\u012f visus metus. \u00b7 Paprastos prie\u017ei\u016bros instrukcijos: tiesiog skalbkite skalbimo ma\u0161inoje [&hellip;]<\/p>\n","protected":false},"featured_media":3254,"comment_status":"open","ping_status":"closed","template":"","meta":[],"product_brand":[],"product_cat":[24],"product_tag":[],"class_list":{"0":"post-3253","1":"product","2":"type-product","3":"status-publish","4":"has-post-thumbnail","6":"product_cat-namu-apyvoka","8":"first","9":"instock","10":"sale","11":"shipping-taxable","12":"purchasable","13":"product-type-variable"},"_links":{"self":[{"href":"https:\/\/topsmart.store\/en\/wp-json\/wp\/v2\/product\/3253","targetHints":{"allow":["GET"]}}],"collection":[{"href":"https:\/\/topsmart.store\/en\/wp-json\/wp\/v2\/product"}],"about":[{"href":"https:\/\/topsmart.store\/en\/wp-json\/wp\/v2\/types\/product"}],"replies":[{"embeddable":true,"href":"https:\/\/topsmart.store\/en\/wp-json\/wp\/v2\/comments?post=3253"}],"wp:featuredmedia":[{"embeddable":true,"href":"https:\/\/topsmart.store\/en\/wp-json\/wp\/v2\/media\/3254"}],"wp:attachment":[{"href":"https:\/\/topsmart.store\/en\/wp-json\/wp\/v2\/media?parent=3253"}],"wp:term":[{"taxonomy":"product_brand","embeddable":true,"href":"https:\/\/topsmart.store\/en\/wp-json\/wp\/v2\/product_brand?post=3253"},{"taxonomy":"product_cat","embeddable":true,"href":"https:\/\/topsmart.store\/en\/wp-json\/wp\/v2\/product_cat?post=3253"},{"taxonomy":"product_tag","embeddable":true,"href":"https:\/\/topsmart.store\/en\/wp-json\/wp\/v2\/product_tag?post=3253"}],"curies":[{"name":"wp","href":"https:\/\/api.w.org\/{rel}","templated":true}]}}