{"id":3272,"date":"2026-04-20T12:36:47","date_gmt":"2026-04-20T10:36:47","guid":{"rendered":"https:\/\/topsmart.store\/product\/puku-antklode-puku-ir-plunksnu-uzpildas-pavasario-ir-vasaros-sezonine-antklode-puku-antklode-135x200-155x220-200x200-220x240-240x260-skalbiama-skalbimo-masinoje-viesbucio-kokybes-puku-pataly\/"},"modified":"2026-04-20T12:41:29","modified_gmt":"2026-04-20T10:41:29","slug":"puku-antklode-puku-ir-plunksnu-uzpildas-pavasario-ir-vasaros-sezonine-antklode-puku-antklode-135x200-155x220-200x200-220x240-240x260-skalbiama-skalbimo-masinoje-viesbucio-kokybes-puku-pataly","status":"publish","type":"product","link":"https:\/\/topsmart.store\/en\/product\/puku-antklode-puku-ir-plunksnu-uzpildas-pavasario-ir-vasaros-sezonine-antklode-puku-antklode-135x200-155x220-200x200-220x240-240x260-skalbiama-skalbimo-masinoje-viesbucio-kokybes-puku-pataly\/","title":{"rendered":"P\u016bk\u0173 antklod\u0117 - p\u016bk\u0173 ir plunksn\u0173 u\u017epildas, pavasario ir vasaros sezonin\u0117 antklod\u0117, p\u016bk\u0173 antklod\u0117 135X200, 155X220, 200X200, 220X240, 240X260, skalbiama skalbimo ma\u0161inoje, vie\u0161bu\u010dio kokyb\u0117s p\u016bk\u0173 patalyn\u0117"},"content":{"rendered":"<p><img decoding=\"async\" src=\"https:\/\/img.kwcdn.com\/product\/fancy\/dc0b1eb7-b1d2-4189-ab67-0e1ff63e8d0d.jpg\" alt=\"P\u016bk\u0173 antklod\u0117 - p\u016bk\u0173 ir plunksn\u0173 u\u017epildas, pavasario ir vasaros sezonin\u0117 antklod\u0117, p\u016bk\u0173 antklod\u0117 135X200, 155X220, 200X200, 220X240, 240X260, skalbiama skalbimo ma\u0161inoje, vie\u0161bu\u010dio kokyb\u0117s p\u016bk\u0173 patalyn\u0117\"><\/p>","protected":false},"excerpt":{"rendered":"","protected":false},"featured_media":3273,"comment_status":"open","ping_status":"closed","template":"","meta":[],"product_brand":[],"product_cat":[24],"product_tag":[],"class_list":{"0":"post-3272","1":"product","2":"type-product","3":"status-publish","4":"has-post-thumbnail","6":"product_cat-namu-apyvoka","8":"first","9":"instock","10":"sale","11":"shipping-taxable","12":"purchasable","13":"product-type-variable"},"_links":{"self":[{"href":"https:\/\/topsmart.store\/en\/wp-json\/wp\/v2\/product\/3272","targetHints":{"allow":["GET"]}}],"collection":[{"href":"https:\/\/topsmart.store\/en\/wp-json\/wp\/v2\/product"}],"about":[{"href":"https:\/\/topsmart.store\/en\/wp-json\/wp\/v2\/types\/product"}],"replies":[{"embeddable":true,"href":"https:\/\/topsmart.store\/en\/wp-json\/wp\/v2\/comments?post=3272"}],"wp:featuredmedia":[{"embeddable":true,"href":"https:\/\/topsmart.store\/en\/wp-json\/wp\/v2\/media\/3273"}],"wp:attachment":[{"href":"https:\/\/topsmart.store\/en\/wp-json\/wp\/v2\/media?parent=3272"}],"wp:term":[{"taxonomy":"product_brand","embeddable":true,"href":"https:\/\/topsmart.store\/en\/wp-json\/wp\/v2\/product_brand?post=3272"},{"taxonomy":"product_cat","embeddable":true,"href":"https:\/\/topsmart.store\/en\/wp-json\/wp\/v2\/product_cat?post=3272"},{"taxonomy":"product_tag","embeddable":true,"href":"https:\/\/topsmart.store\/en\/wp-json\/wp\/v2\/product_tag?post=3272"}],"curies":[{"name":"wp","href":"https:\/\/api.w.org\/{rel}","templated":true}]}}