{"id":3328,"date":"2026-04-20T12:37:04","date_gmt":"2026-04-20T10:37:04","guid":{"rendered":"https:\/\/topsmart.store\/product\/ergonomiska-lovos-pagalve-su-aksomo-medvilnes-uzvalkalu-skalbiama-skaitymo-pagalve-180-cm-lovoms-ir-sofoms-daugiapozicinis-atramas-bendrabuciams-ir-maziems-erdvems-nesunkanti-dizainas-b\/"},"modified":"2026-04-20T12:40:55","modified_gmt":"2026-04-20T10:40:55","slug":"ergonomiska-lovos-pagalve-su-aksomo-medvilnes-uzvalkalu-skalbiama-skaitymo-pagalve-180-cm-lovoms-ir-sofoms-daugiapozicinis-atramas-bendrabuciams-ir-maziems-erdvems-nesunkanti-dizainas-b","status":"publish","type":"product","link":"https:\/\/topsmart.store\/en\/product\/ergonomiska-lovos-pagalve-su-aksomo-medvilnes-uzvalkalu-skalbiama-skaitymo-pagalve-180-cm-lovoms-ir-sofoms-daugiapozicinis-atramas-bendrabuciams-ir-maziems-erdvems-nesunkanti-dizainas-b\/","title":{"rendered":"Ergonomi\u0161ka lovos pagalv\u0117 su aksomo-medviln\u0117s u\u017evalkalu \u2013 Skalbiama skaitymo pagalv\u0117 180 cm lovoms ir sofoms | Daugiapozicinis atramas bendrabu\u010diams ir ma\u017eiems erdv\u0117ms | Nesunkanti dizainas, Bendrabu\u010dio kambario b\u016btiniausi daiktai,Auk\u0161tos kokyb\u0117s audinys,Knyg\u0173 M\u0117g\u0117jai"},"content":{"rendered":"<p><img decoding=\"async\" src=\"https:\/\/img.kwcdn.com\/product\/fancy\/27472991-016d-4b58-ac90-43fbbdcf2ed4.jpg\" alt=\"Ergonomi\u0161ka lovos pagalv\u0117 su aksomo-medviln\u0117s u\u017evalkalu \u2013 Skalbiama skaitymo pagalv\u0117 180 cm lovoms ir sofoms | Daugiapozicinis atramas bendrabu\u010diams ir ma\u017eiems erdv\u0117ms | Nesunkanti dizainas, Bendrabu\u010dio kambario b\u016btiniausi daiktai,Auk\u0161tos kokyb\u0117s audinys,Knyg\u0173 M\u0117g\u0117jai\"><img decoding=\"async\" src=\"https:\/\/img.kwcdn.com\/product\/fancy\/f0fb4a6e-a69c-432b-a82d-dec37db7953d.jpg\" alt=\"Ergonomi\u0161ka lovos pagalv\u0117 su aksomo-medviln\u0117s u\u017evalkalu \u2013 Skalbiama skaitymo pagalv\u0117 180 cm lovoms ir sofoms | Daugiapozicinis atramas bendrabu\u010diams ir ma\u017eiems erdv\u0117ms | Nesunkanti dizainas, Bendrabu\u010dio kambario b\u016btiniausi daiktai,Auk\u0161tos kokyb\u0117s audinys,Knyg\u0173 M\u0117g\u0117jai\"><img decoding=\"async\" src=\"https:\/\/img.kwcdn.com\/product\/fancy\/049b2ab9-52f0-459e-8871-6bc66de7576d.jpg\" alt=\"Ergonomi\u0161ka lovos pagalv\u0117 su aksomo-medviln\u0117s u\u017evalkalu \u2013 Skalbiama skaitymo pagalv\u0117 180 cm lovoms ir sofoms | Daugiapozicinis atramas bendrabu\u010diams ir ma\u017eiems erdv\u0117ms | Nesunkanti dizainas, Bendrabu\u010dio kambario b\u016btiniausi daiktai,Auk\u0161tos kokyb\u0117s audinys,Knyg\u0173 M\u0117g\u0117jai\"><img decoding=\"async\" src=\"https:\/\/img.kwcdn.com\/product\/fancy\/1ccec947-ecd4-4fec-b68f-0c3a559e987c.jpg\" alt=\"Ergonomi\u0161ka lovos pagalv\u0117 su aksomo-medviln\u0117s u\u017evalkalu \u2013 Skalbiama skaitymo pagalv\u0117 180 cm lovoms ir sofoms | Daugiapozicinis atramas bendrabu\u010diams ir ma\u017eiems erdv\u0117ms | Nesunkanti dizainas, Bendrabu\u010dio kambario b\u016btiniausi daiktai,Auk\u0161tos kokyb\u0117s audinys,Knyg\u0173 M\u0117g\u0117jai\"><img decoding=\"async\" src=\"https:\/\/img.kwcdn.com\/product\/algo_framework\/ImageCm2InAlgo\/dfa82698-abed-11f0-a07c-0a580aa88d74.jpg\" alt=\"Ergonomi\u0161ka lovos pagalv\u0117 su aksomo-medviln\u0117s u\u017evalkalu \u2013 Skalbiama skaitymo pagalv\u0117 180 cm lovoms ir sofoms | Daugiapozicinis atramas bendrabu\u010diams ir ma\u017eiems erdv\u0117ms | Nesunkanti dizainas, Bendrabu\u010dio kambario b\u016btiniausi daiktai,Auk\u0161tos kokyb\u0117s audinys,Knyg\u0173 M\u0117g\u0117jai\"><\/p>","protected":false},"excerpt":{"rendered":"","protected":false},"featured_media":3329,"comment_status":"open","ping_status":"closed","template":"","meta":[],"product_brand":[],"product_cat":[24],"product_tag":[],"class_list":{"0":"post-3328","1":"product","2":"type-product","3":"status-publish","4":"has-post-thumbnail","6":"product_cat-namu-apyvoka","8":"first","9":"instock","10":"sale","11":"shipping-taxable","12":"purchasable","13":"product-type-simple"},"_links":{"self":[{"href":"https:\/\/topsmart.store\/en\/wp-json\/wp\/v2\/product\/3328","targetHints":{"allow":["GET"]}}],"collection":[{"href":"https:\/\/topsmart.store\/en\/wp-json\/wp\/v2\/product"}],"about":[{"href":"https:\/\/topsmart.store\/en\/wp-json\/wp\/v2\/types\/product"}],"replies":[{"embeddable":true,"href":"https:\/\/topsmart.store\/en\/wp-json\/wp\/v2\/comments?post=3328"}],"wp:featuredmedia":[{"embeddable":true,"href":"https:\/\/topsmart.store\/en\/wp-json\/wp\/v2\/media\/3329"}],"wp:attachment":[{"href":"https:\/\/topsmart.store\/en\/wp-json\/wp\/v2\/media?parent=3328"}],"wp:term":[{"taxonomy":"product_brand","embeddable":true,"href":"https:\/\/topsmart.store\/en\/wp-json\/wp\/v2\/product_brand?post=3328"},{"taxonomy":"product_cat","embeddable":true,"href":"https:\/\/topsmart.store\/en\/wp-json\/wp\/v2\/product_cat?post=3328"},{"taxonomy":"product_tag","embeddable":true,"href":"https:\/\/topsmart.store\/en\/wp-json\/wp\/v2\/product_tag?post=3328"}],"curies":[{"name":"wp","href":"https:\/\/api.w.org\/{rel}","templated":true}]}}