{"id":3573,"date":"2026-04-20T19:54:38","date_gmt":"2026-04-20T17:54:38","guid":{"rendered":"https:\/\/topsmart.store\/product\/prabangos-didelio-dydzio-18090-cm-gryno-medvilnes-vonios-ranksluostis-2-vnt-rinkinys-labai-sugeriantis-be-pukeliu-greitai-dziustantis-storintas-pailgintas-ir-didelis-vonios-ranksluostis-rudeni\/"},"modified":"2026-04-20T20:45:40","modified_gmt":"2026-04-20T18:45:40","slug":"prabangos-didelio-dydzio-18090-cm-gryno-medvilnes-vonios-ranksluostis-2-vnt-rinkinys-labai-sugeriantis-be-pukeliu-greitai-dziustantis-storintas-pailgintas-ir-didelis-vonios-ranksluostis-rudeni","status":"publish","type":"product","link":"https:\/\/topsmart.store\/en\/product\/prabangos-didelio-dydzio-18090-cm-gryno-medvilnes-vonios-ranksluostis-2-vnt-rinkinys-labai-sugeriantis-be-pukeliu-greitai-dziustantis-storintas-pailgintas-ir-didelis-vonios-ranksluostis-rudeni\/","title":{"rendered":"Prabangos didelio dyd\u017eio 180*90 cm gryno medviln\u0117s vonios rank\u0161luostis, 2 vnt. rinkinys. Labai sugeriantis, be p\u016bkeli\u0173, greitai d\u017ei\u016bstantis. Storintas, pailgintas ir didelis vonios rank\u0161luostis rudeniui ir \u017eiemai. Vonios kambario rinkinys, \u0161eimos didelis paketas. Tinka Kal\u0117doms, Helovinui, Pad\u0117kos"},"content":{"rendered":"<p><img decoding=\"async\" src=\"https:\/\/img.kwcdn.com\/product\/fancy\/d06f5141-a77d-4e98-a9fc-9fb0b84c0ad6.jpg\" alt=\"Prabangos didelio dyd\u017eio 180*90 cm gryno medviln\u0117s vonios rank\u0161luostis, 2 vnt. rinkinys. Labai sugeriantis, be p\u016bkeli\u0173, greitai d\u017ei\u016bstantis. Storintas, pailgintas ir didelis vonios rank\u0161luostis rudeniui ir \u017eiemai. Vonios kambario rinkinys, \u0161eimos didelis paketas. Tinka Kal\u0117doms, Helovinui, Pad\u0117kos\" \/><img decoding=\"async\" src=\"https:\/\/img.kwcdn.com\/product\/fancy\/708bb066-8d40-4f15-9bf4-a7742609ec9c.jpg\" alt=\"Prabangos didelio dyd\u017eio 180*90 cm gryno medviln\u0117s vonios rank\u0161luostis, 2 vnt. rinkinys. Labai sugeriantis, be p\u016bkeli\u0173, greitai d\u017ei\u016bstantis. Storintas, pailgintas ir didelis vonios rank\u0161luostis rudeniui ir \u017eiemai. Vonios kambario rinkinys, \u0161eimos didelis paketas. Tinka Kal\u0117doms, Helovinui, Pad\u0117kos\" \/><img decoding=\"async\" src=\"https:\/\/img.kwcdn.com\/product\/fancy\/f790a389-be29-4eef-974d-58548806aa83.jpg\" alt=\"Prabangos didelio dyd\u017eio 180*90 cm gryno medviln\u0117s vonios rank\u0161luostis, 2 vnt. rinkinys. Labai sugeriantis, be p\u016bkeli\u0173, greitai d\u017ei\u016bstantis. Storintas, pailgintas ir didelis vonios rank\u0161luostis rudeniui ir \u017eiemai. Vonios kambario rinkinys, \u0161eimos didelis paketas. Tinka Kal\u0117doms, Helovinui, Pad\u0117kos\" \/><img decoding=\"async\" src=\"https:\/\/img.kwcdn.com\/product\/fancy\/1f05be96-375c-4ce4-9c17-e31b6935eda7.jpg\" alt=\"Prabangos didelio dyd\u017eio 180*90 cm gryno medviln\u0117s vonios rank\u0161luostis, 2 vnt. rinkinys. Labai sugeriantis, be p\u016bkeli\u0173, greitai d\u017ei\u016bstantis. Storintas, pailgintas ir didelis vonios rank\u0161luostis rudeniui ir \u017eiemai. Vonios kambario rinkinys, \u0161eimos didelis paketas. Tinka Kal\u0117doms, Helovinui, Pad\u0117kos\" \/><img decoding=\"async\" src=\"https:\/\/img.kwcdn.com\/product\/fancy\/04954a26-3ef9-4ef0-b633-11e52a8347bb.jpg\" alt=\"Prabangos didelio dyd\u017eio 180*90 cm gryno medviln\u0117s vonios rank\u0161luostis, 2 vnt. rinkinys. Labai sugeriantis, be p\u016bkeli\u0173, greitai d\u017ei\u016bstantis. Storintas, pailgintas ir didelis vonios rank\u0161luostis rudeniui ir \u017eiemai. Vonios kambario rinkinys, \u0161eimos didelis paketas. Tinka Kal\u0117doms, Helovinui, Pad\u0117kos\" \/><img decoding=\"async\" src=\"https:\/\/img.kwcdn.com\/product\/fancy\/1f05be96-375c-4ce4-9c17-e31b6935eda7.jpg\" alt=\"Prabangos didelio dyd\u017eio 180*90 cm gryno medviln\u0117s vonios rank\u0161luostis, 2 vnt. rinkinys. Labai sugeriantis, be p\u016bkeli\u0173, greitai d\u017ei\u016bstantis. Storintas, pailgintas ir didelis vonios rank\u0161luostis rudeniui ir \u017eiemai. Vonios kambario rinkinys, \u0161eimos didelis paketas. Tinka Kal\u0117doms, Helovinui, Pad\u0117kos\" \/><img decoding=\"async\" src=\"https:\/\/img.kwcdn.com\/product\/fancy\/f5d225a4-3cbd-403e-bb2b-e60681d18a55.jpg\" alt=\"Prabangos didelio dyd\u017eio 180*90 cm gryno medviln\u0117s vonios rank\u0161luostis, 2 vnt. rinkinys. Labai sugeriantis, be p\u016bkeli\u0173, greitai d\u017ei\u016bstantis. Storintas, pailgintas ir didelis vonios rank\u0161luostis rudeniui ir \u017eiemai. Vonios kambario rinkinys, \u0161eimos didelis paketas. Tinka Kal\u0117doms, Helovinui, Pad\u0117kos\" \/><img decoding=\"async\" src=\"https:\/\/img.kwcdn.com\/product\/fancy\/be216dd3-8725-45f1-89f8-7bff5a4ce05b.jpg\" alt=\"Prabangos didelio dyd\u017eio 180*90 cm gryno medviln\u0117s vonios rank\u0161luostis, 2 vnt. rinkinys. Labai sugeriantis, be p\u016bkeli\u0173, greitai d\u017ei\u016bstantis. Storintas, pailgintas ir didelis vonios rank\u0161luostis rudeniui ir \u017eiemai. Vonios kambario rinkinys, \u0161eimos didelis paketas. Tinka Kal\u0117doms, Helovinui, Pad\u0117kos\" \/><img decoding=\"async\" src=\"https:\/\/img.kwcdn.com\/product\/fancy\/af4c6447-5aec-4ce6-b01f-22ee67dc624d.jpg\" alt=\"Prabangos didelio dyd\u017eio 180*90 cm gryno medviln\u0117s vonios rank\u0161luostis, 2 vnt. rinkinys. Labai sugeriantis, be p\u016bkeli\u0173, greitai d\u017ei\u016bstantis. Storintas, pailgintas ir didelis vonios rank\u0161luostis rudeniui ir \u017eiemai. Vonios kambario rinkinys, \u0161eimos didelis paketas. Tinka Kal\u0117doms, Helovinui, Pad\u0117kos\" \/><img decoding=\"async\" src=\"https:\/\/img.kwcdn.com\/product\/fancy\/6dbb8992-dcba-46ef-8892-c2b244472216.jpg\" alt=\"Prabangos didelio dyd\u017eio 180*90 cm gryno medviln\u0117s vonios rank\u0161luostis, 2 vnt. rinkinys. Labai sugeriantis, be p\u016bkeli\u0173, greitai d\u017ei\u016bstantis. Storintas, pailgintas ir didelis vonios rank\u0161luostis rudeniui ir \u017eiemai. Vonios kambario rinkinys, \u0161eimos didelis paketas. Tinka Kal\u0117doms, Helovinui, Pad\u0117kos\" \/><img decoding=\"async\" src=\"https:\/\/img.kwcdn.com\/product\/fancy\/44c6c804-52ff-44ee-ad3a-737835796ee4.jpg\" alt=\"Prabangos didelio dyd\u017eio 180*90 cm gryno medviln\u0117s vonios rank\u0161luostis, 2 vnt. rinkinys. Labai sugeriantis, be p\u016bkeli\u0173, greitai d\u017ei\u016bstantis. Storintas, pailgintas ir didelis vonios rank\u0161luostis rudeniui ir \u017eiemai. Vonios kambario rinkinys, \u0161eimos didelis paketas. Tinka Kal\u0117doms, Helovinui, Pad\u0117kos\" \/><img decoding=\"async\" src=\"https:\/\/img.kwcdn.com\/product\/fancy\/bc2ed32f-5e28-46c6-992f-fcf1150ad7d7.jpg\" alt=\"Prabangos didelio dyd\u017eio 180*90 cm gryno medviln\u0117s vonios rank\u0161luostis, 2 vnt. rinkinys. Labai sugeriantis, be p\u016bkeli\u0173, greitai d\u017ei\u016bstantis. Storintas, pailgintas ir didelis vonios rank\u0161luostis rudeniui ir \u017eiemai. Vonios kambario rinkinys, \u0161eimos didelis paketas. Tinka Kal\u0117doms, Helovinui, Pad\u0117kos\" \/><img decoding=\"async\" src=\"https:\/\/img.kwcdn.com\/product\/fancy\/4299bb13-940e-484c-9c30-3a2fed4bd199.jpg\" alt=\"Prabangos didelio dyd\u017eio 180*90 cm gryno medviln\u0117s vonios rank\u0161luostis, 2 vnt. rinkinys. Labai sugeriantis, be p\u016bkeli\u0173, greitai d\u017ei\u016bstantis. Storintas, pailgintas ir didelis vonios rank\u0161luostis rudeniui ir \u017eiemai. Vonios kambario rinkinys, \u0161eimos didelis paketas. Tinka Kal\u0117doms, Helovinui, Pad\u0117kos\" \/><\/p>","protected":false},"excerpt":{"rendered":"","protected":false},"featured_media":3574,"comment_status":"open","ping_status":"closed","template":"","meta":[],"product_brand":[],"product_cat":[25],"product_tag":[],"class_list":{"0":"post-3573","1":"product","2":"type-product","3":"status-publish","4":"has-post-thumbnail","6":"product_cat-grozis-ir-sveikata","8":"first","9":"instock","10":"sale","11":"shipping-taxable","12":"purchasable","13":"product-type-variable"},"_links":{"self":[{"href":"https:\/\/topsmart.store\/en\/wp-json\/wp\/v2\/product\/3573","targetHints":{"allow":["GET"]}}],"collection":[{"href":"https:\/\/topsmart.store\/en\/wp-json\/wp\/v2\/product"}],"about":[{"href":"https:\/\/topsmart.store\/en\/wp-json\/wp\/v2\/types\/product"}],"replies":[{"embeddable":true,"href":"https:\/\/topsmart.store\/en\/wp-json\/wp\/v2\/comments?post=3573"}],"wp:featuredmedia":[{"embeddable":true,"href":"https:\/\/topsmart.store\/en\/wp-json\/wp\/v2\/media\/3574"}],"wp:attachment":[{"href":"https:\/\/topsmart.store\/en\/wp-json\/wp\/v2\/media?parent=3573"}],"wp:term":[{"taxonomy":"product_brand","embeddable":true,"href":"https:\/\/topsmart.store\/en\/wp-json\/wp\/v2\/product_brand?post=3573"},{"taxonomy":"product_cat","embeddable":true,"href":"https:\/\/topsmart.store\/en\/wp-json\/wp\/v2\/product_cat?post=3573"},{"taxonomy":"product_tag","embeddable":true,"href":"https:\/\/topsmart.store\/en\/wp-json\/wp\/v2\/product_tag?post=3573"}],"curies":[{"name":"wp","href":"https:\/\/api.w.org\/{rel}","templated":true}]}}