{"id":3586,"date":"2026-04-20T19:54:59","date_gmt":"2026-04-20T17:54:59","guid":{"rendered":"https:\/\/topsmart.store\/product\/7-daliu-karunos-siuvinejimo-didelio-dydzio-ranksluosciu-rinkinys-15-7-x-31-5-col-40-x-80-cm-medvilnes-medziagos-vienspalvis-pastorintas-ranksluostis-tinkamas-vonios-kambariui-sporto-salei-viesbu\/"},"modified":"2026-04-20T20:44:47","modified_gmt":"2026-04-20T18:44:47","slug":"7-daliu-karunos-siuvinejimo-didelio-dydzio-ranksluosciu-rinkinys-15-7-x-31-5-col-40-x-80-cm-medvilnes-medziagos-vienspalvis-pastorintas-ranksluostis-tinkamas-vonios-kambariui-sporto-salei-viesbu","status":"publish","type":"product","link":"https:\/\/topsmart.store\/en\/product\/7-daliu-karunos-siuvinejimo-didelio-dydzio-ranksluosciu-rinkinys-15-7-x-31-5-col-40-x-80-cm-medvilnes-medziagos-vienspalvis-pastorintas-ranksluostis-tinkamas-vonios-kambariui-sporto-salei-viesbu\/","title":{"rendered":"7-piece crown embroidery large size towel set (15.7 X 31.5 inches\/40 X 80 cm) cotton material solid color thickened towel, suitable for bathroom, gym, hotel, various colors to choose from (suitable for Japan, Korea, Europe thickened towel)"},"content":{"rendered":"<p><img decoding=\"async\" src=\"https:\/\/img.kwcdn.com\/product\/fancy\/830f0f53-6e15-4503-aa03-8b7089d4102e.jpg\" alt=\"7 dali\u0173 kar\u016bnos siuvin\u0117jimo didelio dyd\u017eio rank\u0161luos\u010di\u0173 rinkinys (15.7 X 31.5 col.\/40 X 80 cm) medviln\u0117s med\u017eiagos vienspalvis pastorintas rank\u0161luostis, tinkamas vonios kambariui, sporto salei, vie\u0161bu\u010diui, \u012fvairi\u0173 spalv\u0173 pasirinkimas (tinka Japonijai, Kor\u0117jai, Europai pastorintas rank\u0161luostis)\"><img decoding=\"async\" src=\"https:\/\/img.kwcdn.com\/product\/fancy\/6b82e1b8-7b1f-4fe1-90b9-f17452583b2c.jpg\" alt=\"7 dali\u0173 kar\u016bnos siuvin\u0117jimo didelio dyd\u017eio rank\u0161luos\u010di\u0173 rinkinys (15.7 X 31.5 col.\/40 X 80 cm) medviln\u0117s med\u017eiagos vienspalvis pastorintas rank\u0161luostis, tinkamas vonios kambariui, sporto salei, vie\u0161bu\u010diui, \u012fvairi\u0173 spalv\u0173 pasirinkimas (tinka Japonijai, Kor\u0117jai, Europai pastorintas rank\u0161luostis)\"><img decoding=\"async\" src=\"https:\/\/img.kwcdn.com\/product\/fancy\/4f8f1163-a7f1-4dc3-a40a-6f45401631f5.jpg\" alt=\"7 dali\u0173 kar\u016bnos siuvin\u0117jimo didelio dyd\u017eio rank\u0161luos\u010di\u0173 rinkinys (15.7 X 31.5 col.\/40 X 80 cm) medviln\u0117s med\u017eiagos vienspalvis pastorintas rank\u0161luostis, tinkamas vonios kambariui, sporto salei, vie\u0161bu\u010diui, \u012fvairi\u0173 spalv\u0173 pasirinkimas (tinka Japonijai, Kor\u0117jai, Europai pastorintas rank\u0161luostis)\"><img decoding=\"async\" src=\"https:\/\/img.kwcdn.com\/product\/fancy\/1e060542-a27d-4a5d-a3e4-c6c17754618c.jpg\" alt=\"7 dali\u0173 kar\u016bnos siuvin\u0117jimo didelio dyd\u017eio rank\u0161luos\u010di\u0173 rinkinys (15.7 X 31.5 col.\/40 X 80 cm) medviln\u0117s med\u017eiagos vienspalvis pastorintas rank\u0161luostis, tinkamas vonios kambariui, sporto salei, vie\u0161bu\u010diui, \u012fvairi\u0173 spalv\u0173 pasirinkimas (tinka Japonijai, Kor\u0117jai, Europai pastorintas rank\u0161luostis)\"><img decoding=\"async\" src=\"https:\/\/img.kwcdn.com\/product\/fancy\/fea8d9d4-8a70-4187-97bc-ca0a4cd4b026.jpg\" alt=\"7 dali\u0173 kar\u016bnos siuvin\u0117jimo didelio dyd\u017eio rank\u0161luos\u010di\u0173 rinkinys (15.7 X 31.5 col.\/40 X 80 cm) medviln\u0117s med\u017eiagos vienspalvis pastorintas rank\u0161luostis, tinkamas vonios kambariui, sporto salei, vie\u0161bu\u010diui, \u012fvairi\u0173 spalv\u0173 pasirinkimas (tinka Japonijai, Kor\u0117jai, Europai pastorintas rank\u0161luostis)\"><img decoding=\"async\" src=\"https:\/\/img.kwcdn.com\/product\/fancy\/dcc44f0a-159f-472f-aaeb-5b0c75f92133.jpg\" alt=\"7 dali\u0173 kar\u016bnos siuvin\u0117jimo didelio dyd\u017eio rank\u0161luos\u010di\u0173 rinkinys (15.7 X 31.5 col.\/40 X 80 cm) medviln\u0117s med\u017eiagos vienspalvis pastorintas rank\u0161luostis, tinkamas vonios kambariui, sporto salei, vie\u0161bu\u010diui, \u012fvairi\u0173 spalv\u0173 pasirinkimas (tinka Japonijai, Kor\u0117jai, Europai pastorintas rank\u0161luostis)\"><img decoding=\"async\" src=\"https:\/\/img.kwcdn.com\/product\/fancy\/9850a4d3-46d8-48a9-ab3b-18eaf4cebe91.jpg\" alt=\"7 dali\u0173 kar\u016bnos siuvin\u0117jimo didelio dyd\u017eio rank\u0161luos\u010di\u0173 rinkinys (15.7 X 31.5 col.\/40 X 80 cm) medviln\u0117s med\u017eiagos vienspalvis pastorintas rank\u0161luostis, tinkamas vonios kambariui, sporto salei, vie\u0161bu\u010diui, \u012fvairi\u0173 spalv\u0173 pasirinkimas (tinka Japonijai, Kor\u0117jai, Europai pastorintas rank\u0161luostis)\"><img decoding=\"async\" src=\"https:\/\/img.kwcdn.com\/product\/fancy\/b15fec9d-08f1-4064-9d64-95447f8ed258.jpg\" alt=\"7 dali\u0173 kar\u016bnos siuvin\u0117jimo didelio dyd\u017eio rank\u0161luos\u010di\u0173 rinkinys (15.7 X 31.5 col.\/40 X 80 cm) medviln\u0117s med\u017eiagos vienspalvis pastorintas rank\u0161luostis, tinkamas vonios kambariui, sporto salei, vie\u0161bu\u010diui, \u012fvairi\u0173 spalv\u0173 pasirinkimas (tinka Japonijai, Kor\u0117jai, Europai pastorintas rank\u0161luostis)\"><img decoding=\"async\" src=\"https:\/\/img.kwcdn.com\/product\/fancy\/089c21f6-4a48-49e4-b542-5b10508f7f5e.jpg\" alt=\"7 dali\u0173 kar\u016bnos siuvin\u0117jimo didelio dyd\u017eio rank\u0161luos\u010di\u0173 rinkinys (15.7 X 31.5 col.\/40 X 80 cm) medviln\u0117s med\u017eiagos vienspalvis pastorintas rank\u0161luostis, tinkamas vonios kambariui, sporto salei, vie\u0161bu\u010diui, \u012fvairi\u0173 spalv\u0173 pasirinkimas (tinka Japonijai, Kor\u0117jai, Europai pastorintas rank\u0161luostis)\"><img decoding=\"async\" src=\"https:\/\/img.kwcdn.com\/product\/fancy\/3cb14de1-a0f4-49b7-baac-9170f458ac9d.jpg\" alt=\"7 dali\u0173 kar\u016bnos siuvin\u0117jimo didelio dyd\u017eio rank\u0161luos\u010di\u0173 rinkinys (15.7 X 31.5 col.\/40 X 80 cm) medviln\u0117s med\u017eiagos vienspalvis pastorintas rank\u0161luostis, tinkamas vonios kambariui, sporto salei, vie\u0161bu\u010diui, \u012fvairi\u0173 spalv\u0173 pasirinkimas (tinka Japonijai, Kor\u0117jai, Europai pastorintas rank\u0161luostis)\"><img decoding=\"async\" src=\"https:\/\/img.kwcdn.com\/product\/fancy\/d83b0408-77d9-4e15-96e7-7887621bb7d7.jpg\" alt=\"7 dali\u0173 kar\u016bnos siuvin\u0117jimo didelio dyd\u017eio rank\u0161luos\u010di\u0173 rinkinys (15.7 X 31.5 col.\/40 X 80 cm) medviln\u0117s med\u017eiagos vienspalvis pastorintas rank\u0161luostis, tinkamas vonios kambariui, sporto salei, vie\u0161bu\u010diui, \u012fvairi\u0173 spalv\u0173 pasirinkimas (tinka Japonijai, Kor\u0117jai, Europai pastorintas rank\u0161luostis)\"><img decoding=\"async\" src=\"https:\/\/img.kwcdn.com\/product\/fancy\/a4f3b580-ee96-4491-8ff3-6b6d8383dc4c.jpg\" alt=\"7 dali\u0173 kar\u016bnos siuvin\u0117jimo didelio dyd\u017eio rank\u0161luos\u010di\u0173 rinkinys (15.7 X 31.5 col.\/40 X 80 cm) medviln\u0117s med\u017eiagos vienspalvis pastorintas rank\u0161luostis, tinkamas vonios kambariui, sporto salei, vie\u0161bu\u010diui, \u012fvairi\u0173 spalv\u0173 pasirinkimas (tinka Japonijai, Kor\u0117jai, Europai pastorintas rank\u0161luostis)\"><img decoding=\"async\" src=\"https:\/\/img.kwcdn.com\/product\/fancy\/a610bcb1-e20f-4453-b6d8-97ca8337cde5.jpg\" alt=\"7 dali\u0173 kar\u016bnos siuvin\u0117jimo didelio dyd\u017eio rank\u0161luos\u010di\u0173 rinkinys (15.7 X 31.5 col.\/40 X 80 cm) medviln\u0117s med\u017eiagos vienspalvis pastorintas rank\u0161luostis, tinkamas vonios kambariui, sporto salei, vie\u0161bu\u010diui, \u012fvairi\u0173 spalv\u0173 pasirinkimas (tinka Japonijai, Kor\u0117jai, Europai pastorintas rank\u0161luostis)\"><img decoding=\"async\" src=\"https:\/\/img.kwcdn.com\/product\/fancy\/97fc7d94-28f6-45c8-9838-5ea3924a5832.jpg\" alt=\"7 dali\u0173 kar\u016bnos siuvin\u0117jimo didelio dyd\u017eio rank\u0161luos\u010di\u0173 rinkinys (15.7 X 31.5 col.\/40 X 80 cm) medviln\u0117s med\u017eiagos vienspalvis pastorintas rank\u0161luostis, tinkamas vonios kambariui, sporto salei, vie\u0161bu\u010diui, \u012fvairi\u0173 spalv\u0173 pasirinkimas (tinka Japonijai, Kor\u0117jai, Europai pastorintas rank\u0161luostis)\"><\/p>","protected":false},"excerpt":{"rendered":"","protected":false},"featured_media":3587,"comment_status":"open","ping_status":"closed","template":"","meta":[],"product_brand":[],"product_cat":[25],"product_tag":[],"class_list":{"0":"post-3586","1":"product","2":"type-product","3":"status-publish","4":"has-post-thumbnail","6":"product_cat-grozis-ir-sveikata","8":"first","9":"instock","10":"sale","11":"shipping-taxable","12":"purchasable","13":"product-type-variable"},"_links":{"self":[{"href":"https:\/\/topsmart.store\/en\/wp-json\/wp\/v2\/product\/3586","targetHints":{"allow":["GET"]}}],"collection":[{"href":"https:\/\/topsmart.store\/en\/wp-json\/wp\/v2\/product"}],"about":[{"href":"https:\/\/topsmart.store\/en\/wp-json\/wp\/v2\/types\/product"}],"replies":[{"embeddable":true,"href":"https:\/\/topsmart.store\/en\/wp-json\/wp\/v2\/comments?post=3586"}],"wp:featuredmedia":[{"embeddable":true,"href":"https:\/\/topsmart.store\/en\/wp-json\/wp\/v2\/media\/3587"}],"wp:attachment":[{"href":"https:\/\/topsmart.store\/en\/wp-json\/wp\/v2\/media?parent=3586"}],"wp:term":[{"taxonomy":"product_brand","embeddable":true,"href":"https:\/\/topsmart.store\/en\/wp-json\/wp\/v2\/product_brand?post=3586"},{"taxonomy":"product_cat","embeddable":true,"href":"https:\/\/topsmart.store\/en\/wp-json\/wp\/v2\/product_cat?post=3586"},{"taxonomy":"product_tag","embeddable":true,"href":"https:\/\/topsmart.store\/en\/wp-json\/wp\/v2\/product_tag?post=3586"}],"curies":[{"name":"wp","href":"https:\/\/api.w.org\/{rel}","templated":true}]}}