{"id":3645,"date":"2026-04-20T19:55:35","date_gmt":"2026-04-20T17:55:35","guid":{"rendered":"https:\/\/topsmart.store\/product\/8-vnt-prabangaus-viesbucio-auksciausios-kokybes-ranksluosciu-rinkinys-iskaitant-2-vonios-ranksluoscius-2-ranku-ranksluoscius-4-veido-ranksluoscius-minksti-odai-draugiski-gerai-sugeriantys-puik\/"},"modified":"2026-04-20T20:44:55","modified_gmt":"2026-04-20T18:44:55","slug":"8-vnt-prabangaus-viesbucio-auksciausios-kokybes-ranksluosciu-rinkinys-iskaitant-2-vonios-ranksluoscius-2-ranku-ranksluoscius-4-veido-ranksluoscius-minksti-odai-draugiski-gerai-sugeriantys-puik","status":"publish","type":"product","link":"https:\/\/topsmart.store\/en\/product\/8-vnt-prabangaus-viesbucio-auksciausios-kokybes-ranksluosciu-rinkinys-iskaitant-2-vonios-ranksluoscius-2-ranku-ranksluoscius-4-veido-ranksluoscius-minksti-odai-draugiski-gerai-sugeriantys-puik\/","title":{"rendered":"8pcs Luxury Hotel Premium Towel Set, Including 2 Bath Towels, 2 Hand Towels, 4 Face Towels, Soft, Skin-Friendly, Highly Absorbent, Perfect for Bathrooms, Hotels, with Crown Embroidery"},"content":{"rendered":"<p><img decoding=\"async\" src=\"https:\/\/img.kwcdn.com\/product\/fancy\/a267f1f9-eed6-40a5-8813-b4fa5962f9a2.jpg\" alt=\"8 vnt. Prabangaus vie\u0161bu\u010dio auk\u0161\u010diausios kokyb\u0117s rank\u0161luos\u010di\u0173 rinkinys, \u012fskaitant 2 vonios rank\u0161luos\u010dius, 2 rank\u0173 rank\u0161luos\u010dius, 4 veido rank\u0161luos\u010dius, mink\u0161ti, odai draugi\u0161ki, gerai sugeriantys, puikiai tinkami vonios kambariams, vie\u0161bu\u010diams, su kar\u016bnos siuvin\u0117jimu\"><img decoding=\"async\" src=\"https:\/\/img.kwcdn.com\/product\/fancy\/3ab848c1-2a33-4e87-8412-500f32eb182e.jpg\" alt=\"8 vnt. Prabangaus vie\u0161bu\u010dio auk\u0161\u010diausios kokyb\u0117s rank\u0161luos\u010di\u0173 rinkinys, \u012fskaitant 2 vonios rank\u0161luos\u010dius, 2 rank\u0173 rank\u0161luos\u010dius, 4 veido rank\u0161luos\u010dius, mink\u0161ti, odai draugi\u0161ki, gerai sugeriantys, puikiai tinkami vonios kambariams, vie\u0161bu\u010diams, su kar\u016bnos siuvin\u0117jimu\"><img decoding=\"async\" src=\"https:\/\/img.kwcdn.com\/product\/fancy\/12de842a-e839-432b-b973-96001004787d.jpg\" alt=\"8 vnt. Prabangaus vie\u0161bu\u010dio auk\u0161\u010diausios kokyb\u0117s rank\u0161luos\u010di\u0173 rinkinys, \u012fskaitant 2 vonios rank\u0161luos\u010dius, 2 rank\u0173 rank\u0161luos\u010dius, 4 veido rank\u0161luos\u010dius, mink\u0161ti, odai draugi\u0161ki, gerai sugeriantys, puikiai tinkami vonios kambariams, vie\u0161bu\u010diams, su kar\u016bnos siuvin\u0117jimu\"><img decoding=\"async\" src=\"https:\/\/img.kwcdn.com\/product\/fancy\/ec8db116-b4b7-4b5b-aa6a-8c4e895f8499.jpg\" alt=\"8 vnt. Prabangaus vie\u0161bu\u010dio auk\u0161\u010diausios kokyb\u0117s rank\u0161luos\u010di\u0173 rinkinys, \u012fskaitant 2 vonios rank\u0161luos\u010dius, 2 rank\u0173 rank\u0161luos\u010dius, 4 veido rank\u0161luos\u010dius, mink\u0161ti, odai draugi\u0161ki, gerai sugeriantys, puikiai tinkami vonios kambariams, vie\u0161bu\u010diams, su kar\u016bnos siuvin\u0117jimu\"><img decoding=\"async\" src=\"https:\/\/img.kwcdn.com\/product\/fancy\/84f7a044-a93f-4b6d-85df-a27c1334836b.jpg\" alt=\"8 vnt. Prabangaus vie\u0161bu\u010dio auk\u0161\u010diausios kokyb\u0117s rank\u0161luos\u010di\u0173 rinkinys, \u012fskaitant 2 vonios rank\u0161luos\u010dius, 2 rank\u0173 rank\u0161luos\u010dius, 4 veido rank\u0161luos\u010dius, mink\u0161ti, odai draugi\u0161ki, gerai sugeriantys, puikiai tinkami vonios kambariams, vie\u0161bu\u010diams, su kar\u016bnos siuvin\u0117jimu\"><img decoding=\"async\" src=\"https:\/\/img.kwcdn.com\/product\/fancy\/f9792adb-cd96-424e-8bda-e4a0fd9150b4.jpg\" alt=\"8 vnt. Prabangaus vie\u0161bu\u010dio auk\u0161\u010diausios kokyb\u0117s rank\u0161luos\u010di\u0173 rinkinys, \u012fskaitant 2 vonios rank\u0161luos\u010dius, 2 rank\u0173 rank\u0161luos\u010dius, 4 veido rank\u0161luos\u010dius, mink\u0161ti, odai draugi\u0161ki, gerai sugeriantys, puikiai tinkami vonios kambariams, vie\u0161bu\u010diams, su kar\u016bnos siuvin\u0117jimu\"><img decoding=\"async\" src=\"https:\/\/img.kwcdn.com\/product\/fancy\/cf2b995d-edee-446d-9b4f-6b4a112b948d.jpg\" alt=\"8 vnt. Prabangaus vie\u0161bu\u010dio auk\u0161\u010diausios kokyb\u0117s rank\u0161luos\u010di\u0173 rinkinys, \u012fskaitant 2 vonios rank\u0161luos\u010dius, 2 rank\u0173 rank\u0161luos\u010dius, 4 veido rank\u0161luos\u010dius, mink\u0161ti, odai draugi\u0161ki, gerai sugeriantys, puikiai tinkami vonios kambariams, vie\u0161bu\u010diams, su kar\u016bnos siuvin\u0117jimu\"><img decoding=\"async\" src=\"https:\/\/img.kwcdn.com\/product\/fancy\/284f1e9b-de02-49e1-90e9-981bf74f8e34.jpg\" alt=\"8 vnt. Prabangaus vie\u0161bu\u010dio auk\u0161\u010diausios kokyb\u0117s rank\u0161luos\u010di\u0173 rinkinys, \u012fskaitant 2 vonios rank\u0161luos\u010dius, 2 rank\u0173 rank\u0161luos\u010dius, 4 veido rank\u0161luos\u010dius, mink\u0161ti, odai draugi\u0161ki, gerai sugeriantys, puikiai tinkami vonios kambariams, vie\u0161bu\u010diams, su kar\u016bnos siuvin\u0117jimu\"><img decoding=\"async\" src=\"https:\/\/img.kwcdn.com\/product\/fancy\/04e9daf4-94a1-48f0-b35f-1322408c839f.jpg\" alt=\"8 vnt. Prabangaus vie\u0161bu\u010dio auk\u0161\u010diausios kokyb\u0117s rank\u0161luos\u010di\u0173 rinkinys, \u012fskaitant 2 vonios rank\u0161luos\u010dius, 2 rank\u0173 rank\u0161luos\u010dius, 4 veido rank\u0161luos\u010dius, mink\u0161ti, odai draugi\u0161ki, gerai sugeriantys, puikiai tinkami vonios kambariams, vie\u0161bu\u010diams, su kar\u016bnos siuvin\u0117jimu\"><img decoding=\"async\" src=\"https:\/\/img.kwcdn.com\/product\/fancy\/e090f649-b86a-42f5-ad0e-5ba0f83498d3.jpg\" alt=\"8 vnt. Prabangaus vie\u0161bu\u010dio auk\u0161\u010diausios kokyb\u0117s rank\u0161luos\u010di\u0173 rinkinys, \u012fskaitant 2 vonios rank\u0161luos\u010dius, 2 rank\u0173 rank\u0161luos\u010dius, 4 veido rank\u0161luos\u010dius, mink\u0161ti, odai draugi\u0161ki, gerai sugeriantys, puikiai tinkami vonios kambariams, vie\u0161bu\u010diams, su kar\u016bnos siuvin\u0117jimu\"><img decoding=\"async\" src=\"https:\/\/img.kwcdn.com\/product\/fancy\/9bbfae80-332f-452d-887b-10b3e9dbe5c4.jpg\" alt=\"8 vnt. Prabangaus vie\u0161bu\u010dio auk\u0161\u010diausios kokyb\u0117s rank\u0161luos\u010di\u0173 rinkinys, \u012fskaitant 2 vonios rank\u0161luos\u010dius, 2 rank\u0173 rank\u0161luos\u010dius, 4 veido rank\u0161luos\u010dius, mink\u0161ti, odai draugi\u0161ki, gerai sugeriantys, puikiai tinkami vonios kambariams, vie\u0161bu\u010diams, su kar\u016bnos siuvin\u0117jimu\"><\/p>","protected":false},"excerpt":{"rendered":"","protected":false},"featured_media":3646,"comment_status":"open","ping_status":"closed","template":"","meta":[],"product_brand":[],"product_cat":[24,25],"product_tag":[],"class_list":{"0":"post-3645","1":"product","2":"type-product","3":"status-publish","4":"has-post-thumbnail","6":"product_cat-namu-apyvoka","7":"product_cat-grozis-ir-sveikata","9":"first","10":"instock","11":"sale","12":"shipping-taxable","13":"purchasable","14":"product-type-variable"},"_links":{"self":[{"href":"https:\/\/topsmart.store\/en\/wp-json\/wp\/v2\/product\/3645","targetHints":{"allow":["GET"]}}],"collection":[{"href":"https:\/\/topsmart.store\/en\/wp-json\/wp\/v2\/product"}],"about":[{"href":"https:\/\/topsmart.store\/en\/wp-json\/wp\/v2\/types\/product"}],"replies":[{"embeddable":true,"href":"https:\/\/topsmart.store\/en\/wp-json\/wp\/v2\/comments?post=3645"}],"wp:featuredmedia":[{"embeddable":true,"href":"https:\/\/topsmart.store\/en\/wp-json\/wp\/v2\/media\/3646"}],"wp:attachment":[{"href":"https:\/\/topsmart.store\/en\/wp-json\/wp\/v2\/media?parent=3645"}],"wp:term":[{"taxonomy":"product_brand","embeddable":true,"href":"https:\/\/topsmart.store\/en\/wp-json\/wp\/v2\/product_brand?post=3645"},{"taxonomy":"product_cat","embeddable":true,"href":"https:\/\/topsmart.store\/en\/wp-json\/wp\/v2\/product_cat?post=3645"},{"taxonomy":"product_tag","embeddable":true,"href":"https:\/\/topsmart.store\/en\/wp-json\/wp\/v2\/product_tag?post=3645"}],"curies":[{"name":"wp","href":"https:\/\/api.w.org\/{rel}","templated":true}]}}