{"id":3672,"date":"2026-04-20T19:55:59","date_gmt":"2026-04-20T17:55:59","guid":{"rendered":"https:\/\/topsmart.store\/product\/keturi-prabangus-vonios-ranksluosciai-kuriu-matmenys-90170-cm-35-467-col-su-karunos-dizainu-pagaminti-is-itin-minkstos-ir-smulkaus-mikropluosto-jie-yra-minksti-patogus-labai-gerai-sugeriantys\/"},"modified":"2026-04-20T20:45:25","modified_gmt":"2026-04-20T18:45:25","slug":"keturi-prabangus-vonios-ranksluosciai-kuriu-matmenys-90170-cm-35-467-col-su-karunos-dizainu-pagaminti-is-itin-minkstos-ir-smulkaus-mikropluosto-jie-yra-minksti-patogus-labai-gerai-sugeriantys","status":"publish","type":"product","link":"https:\/\/topsmart.store\/en\/product\/keturi-prabangus-vonios-ranksluosciai-kuriu-matmenys-90170-cm-35-467-col-su-karunos-dizainu-pagaminti-is-itin-minkstos-ir-smulkaus-mikropluosto-jie-yra-minksti-patogus-labai-gerai-sugeriantys\/","title":{"rendered":"Keturi prabang\u016bs vonios rank\u0161luos\u010diai, kuri\u0173 matmenys 90*170 cm\/35.4*67 col., su kar\u016bnos dizainu, pagaminti i\u0161 itin mink\u0161tos ir smulkaus mikropluo\u0161to. Jie yra mink\u0161ti, patog\u016bs, labai gerai sugeriantys dr\u0117gm\u0119 ir tinkami naudoti nam\u0173 du\u0161uose, vie\u0161bu\u010diuose, pirtimis ir SPA centruose."},"content":{"rendered":"<p><img decoding=\"async\" src=\"https:\/\/img.kwcdn.com\/product\/fancy\/baa5892e-e233-4ae4-a5da-42e0df5ca093.jpg\" alt=\"Keturi prabang\u016bs vonios rank\u0161luos\u010diai, kuri\u0173 matmenys 90*170 cm\/35.4*67 col., su kar\u016bnos dizainu, pagaminti i\u0161 itin mink\u0161tos ir smulkaus mikropluo\u0161to. Jie yra mink\u0161ti, patog\u016bs, labai gerai sugeriantys dr\u0117gm\u0119 ir tinkami naudoti nam\u0173 du\u0161uose, vie\u0161bu\u010diuose, pirtimis ir SPA centruose.\"><img decoding=\"async\" src=\"https:\/\/img.kwcdn.com\/product\/fancy\/030316a1-a3aa-4457-acba-faac2114ab11.jpg\" alt=\"Keturi prabang\u016bs vonios rank\u0161luos\u010diai, kuri\u0173 matmenys 90*170 cm\/35.4*67 col., su kar\u016bnos dizainu, pagaminti i\u0161 itin mink\u0161tos ir smulkaus mikropluo\u0161to. Jie yra mink\u0161ti, patog\u016bs, labai gerai sugeriantys dr\u0117gm\u0119 ir tinkami naudoti nam\u0173 du\u0161uose, vie\u0161bu\u010diuose, pirtimis ir SPA centruose.\"><img decoding=\"async\" src=\"https:\/\/img.kwcdn.com\/product\/fancy\/65fa88ee-8b0b-4e84-a33e-b6fa9583fea4.jpg\" alt=\"Keturi prabang\u016bs vonios rank\u0161luos\u010diai, kuri\u0173 matmenys 90*170 cm\/35.4*67 col., su kar\u016bnos dizainu, pagaminti i\u0161 itin mink\u0161tos ir smulkaus mikropluo\u0161to. Jie yra mink\u0161ti, patog\u016bs, labai gerai sugeriantys dr\u0117gm\u0119 ir tinkami naudoti nam\u0173 du\u0161uose, vie\u0161bu\u010diuose, pirtimis ir SPA centruose.\"><img decoding=\"async\" src=\"https:\/\/img.kwcdn.com\/product\/fancy\/9458fd7d-267d-430f-a938-2659cf240e0a.jpg\" alt=\"Keturi prabang\u016bs vonios rank\u0161luos\u010diai, kuri\u0173 matmenys 90*170 cm\/35.4*67 col., su kar\u016bnos dizainu, pagaminti i\u0161 itin mink\u0161tos ir smulkaus mikropluo\u0161to. Jie yra mink\u0161ti, patog\u016bs, labai gerai sugeriantys dr\u0117gm\u0119 ir tinkami naudoti nam\u0173 du\u0161uose, vie\u0161bu\u010diuose, pirtimis ir SPA centruose.\"><img decoding=\"async\" src=\"https:\/\/img.kwcdn.com\/product\/fancy\/3c39d2bb-cfaa-4da9-98d8-b180ecba378d.jpg\" alt=\"Keturi prabang\u016bs vonios rank\u0161luos\u010diai, kuri\u0173 matmenys 90*170 cm\/35.4*67 col., su kar\u016bnos dizainu, pagaminti i\u0161 itin mink\u0161tos ir smulkaus mikropluo\u0161to. Jie yra mink\u0161ti, patog\u016bs, labai gerai sugeriantys dr\u0117gm\u0119 ir tinkami naudoti nam\u0173 du\u0161uose, vie\u0161bu\u010diuose, pirtimis ir SPA centruose.\"><img decoding=\"async\" src=\"https:\/\/img.kwcdn.com\/product\/fancy\/597d9066-7bf6-439c-ba31-5a74ac850616.jpg\" alt=\"Keturi prabang\u016bs vonios rank\u0161luos\u010diai, kuri\u0173 matmenys 90*170 cm\/35.4*67 col., su kar\u016bnos dizainu, pagaminti i\u0161 itin mink\u0161tos ir smulkaus mikropluo\u0161to. Jie yra mink\u0161ti, patog\u016bs, labai gerai sugeriantys dr\u0117gm\u0119 ir tinkami naudoti nam\u0173 du\u0161uose, vie\u0161bu\u010diuose, pirtimis ir SPA centruose.\"><img decoding=\"async\" src=\"https:\/\/img.kwcdn.com\/product\/fancy\/39f79eec-35ce-40fa-8304-c0d7825a18a2.jpg\" alt=\"Keturi prabang\u016bs vonios rank\u0161luos\u010diai, kuri\u0173 matmenys 90*170 cm\/35.4*67 col., su kar\u016bnos dizainu, pagaminti i\u0161 itin mink\u0161tos ir smulkaus mikropluo\u0161to. Jie yra mink\u0161ti, patog\u016bs, labai gerai sugeriantys dr\u0117gm\u0119 ir tinkami naudoti nam\u0173 du\u0161uose, vie\u0161bu\u010diuose, pirtimis ir SPA centruose.\"><img decoding=\"async\" src=\"https:\/\/img.kwcdn.com\/product\/fancy\/2c3f9976-27a4-4ba1-b248-997a385ec9c4.jpg\" alt=\"Keturi prabang\u016bs vonios rank\u0161luos\u010diai, kuri\u0173 matmenys 90*170 cm\/35.4*67 col., su kar\u016bnos dizainu, pagaminti i\u0161 itin mink\u0161tos ir smulkaus mikropluo\u0161to. Jie yra mink\u0161ti, patog\u016bs, labai gerai sugeriantys dr\u0117gm\u0119 ir tinkami naudoti nam\u0173 du\u0161uose, vie\u0161bu\u010diuose, pirtimis ir SPA centruose.\"><img decoding=\"async\" src=\"https:\/\/img.kwcdn.com\/product\/fancy\/e085b909-9120-46f2-bf4d-6e028c05de43.jpg\" alt=\"Keturi prabang\u016bs vonios rank\u0161luos\u010diai, kuri\u0173 matmenys 90*170 cm\/35.4*67 col., su kar\u016bnos dizainu, pagaminti i\u0161 itin mink\u0161tos ir smulkaus mikropluo\u0161to. Jie yra mink\u0161ti, patog\u016bs, labai gerai sugeriantys dr\u0117gm\u0119 ir tinkami naudoti nam\u0173 du\u0161uose, vie\u0161bu\u010diuose, pirtimis ir SPA centruose.\"><\/p>","protected":false},"excerpt":{"rendered":"","protected":false},"featured_media":3674,"comment_status":"open","ping_status":"closed","template":"","meta":[],"product_brand":[],"product_cat":[24,25],"product_tag":[],"class_list":{"0":"post-3672","1":"product","2":"type-product","3":"status-publish","4":"has-post-thumbnail","6":"product_cat-namu-apyvoka","7":"product_cat-grozis-ir-sveikata","9":"first","10":"instock","11":"sale","12":"shipping-taxable","13":"purchasable","14":"product-type-variable"},"_links":{"self":[{"href":"https:\/\/topsmart.store\/en\/wp-json\/wp\/v2\/product\/3672","targetHints":{"allow":["GET"]}}],"collection":[{"href":"https:\/\/topsmart.store\/en\/wp-json\/wp\/v2\/product"}],"about":[{"href":"https:\/\/topsmart.store\/en\/wp-json\/wp\/v2\/types\/product"}],"replies":[{"embeddable":true,"href":"https:\/\/topsmart.store\/en\/wp-json\/wp\/v2\/comments?post=3672"}],"wp:featuredmedia":[{"embeddable":true,"href":"https:\/\/topsmart.store\/en\/wp-json\/wp\/v2\/media\/3674"}],"wp:attachment":[{"href":"https:\/\/topsmart.store\/en\/wp-json\/wp\/v2\/media?parent=3672"}],"wp:term":[{"taxonomy":"product_brand","embeddable":true,"href":"https:\/\/topsmart.store\/en\/wp-json\/wp\/v2\/product_brand?post=3672"},{"taxonomy":"product_cat","embeddable":true,"href":"https:\/\/topsmart.store\/en\/wp-json\/wp\/v2\/product_cat?post=3672"},{"taxonomy":"product_tag","embeddable":true,"href":"https:\/\/topsmart.store\/en\/wp-json\/wp\/v2\/product_tag?post=3672"}],"curies":[{"name":"wp","href":"https:\/\/api.w.org\/{rel}","templated":true}]}}