{"id":3684,"date":"2026-04-20T19:56:06","date_gmt":"2026-04-20T17:56:06","guid":{"rendered":"https:\/\/topsmart.store\/product\/300w-ismanusis-vibracinis-plokstele-magnetinis-gilus-masazas-integruota-muzika-120-liestinio-valdymo-lygiu-tyli-variklis-maksimali-apkrova-200-kg-itrauktos-atsparumo-juostos-viso-kuno-sv\/"},"modified":"2026-04-20T20:44:25","modified_gmt":"2026-04-20T18:44:25","slug":"300w-ismanusis-vibracinis-plokstele-magnetinis-gilus-masazas-integruota-muzika-120-liestinio-valdymo-lygiu-tyli-variklis-maksimali-apkrova-200-kg-itrauktos-atsparumo-juostos-viso-kuno-sv","status":"publish","type":"product","link":"https:\/\/topsmart.store\/en\/product\/300w-ismanusis-vibracinis-plokstele-magnetinis-gilus-masazas-integruota-muzika-120-liestinio-valdymo-lygiu-tyli-variklis-maksimali-apkrova-200-kg-itrauktos-atsparumo-juostos-viso-kuno-sv\/","title":{"rendered":"300W Smart Vibration Plate + Magnetic Deep Massage | Built-in Music + 120 Touch Control Levels | Quiet Motor | Max Load 200 kg | Resistance Bands Included | Full Body Weight Loss Workout | Slimming &amp; Toning | Dual Mode for Home\/Gym"},"content":{"rendered":"<p>SVEIKATA PIRMA: Vibracin\u0117s plok\u0161t\u0117s suteikia veiksmingas, \u0161velnias vibracijas visame k\u016bne, atgaivindamos raumenis ir gerindamos kraujotak\u0105 juose. Jos ramina jau nuo pirmojo naudojimo, o nuolatinis, reguliarus naudojimas padidina raumen\u0173 tonus\u0105 ir suteikia platesn\u012f judesi\u0173 amplitud\u0119<\/p>\n<p><img decoding=\"async\" src=\"https:\/\/img.kwcdn.com\/product\/fancy\/a00bd495-1946-4f62-ab9f-547a9f143dcf.jpg\" alt=\"300W I\u0161manusis Vibracinis Plok\u0161tel\u0117 + Magnetinis Gilus Masa\u017eas | Integruota Muzika + 120 Liestinio Valdymo Lygi\u0173 | Tyli Variklis | Maksimali Apkrova 200 kg | \u012etrauktos Atsparumo Juostos | Viso K\u016bno Svorio Metimo Treniruot\u0117 | Liekninimas ir Tonizavimas | Dvigubas Re\u017eimas Namams\/Sporto Sal\u0117ms\"><\/p>\n<p>SUFORMUOKITE SAVO TOBUL\u0104 K\u016aN\u0104: U\u017elipkite ant vibracin\u0117s plok\u0161t\u0117s ir akimirksniu suformuokite savo ideal\u0173 k\u016bn\u0105. Vibracin\u0117s plok\u0161t\u0117s stimuliuoja raumenis auk\u0161to da\u017enio vibracijomis, skatindamos papildom\u0105 raumen\u0173 susitraukim\u0105 ir aktyvavim\u0105. Tai palengvina greit\u0105 kalorij\u0173 ir riebal\u0173 deginim\u0105, padeda grei\u010diau atsikratyti nepageidaujam\u0173 kilogram\u0173 nei b\u0117gant ir leid\u017eia greitai pasiekti savo fizinio pasirengimo tikslus<\/p>\n<p><img decoding=\"async\" src=\"https:\/\/img.kwcdn.com\/product\/fancy\/87742636-a981-4c27-a1f3-a11ec196a96d.jpg\" alt=\"300W I\u0161manusis Vibracinis Plok\u0161tel\u0117 + Magnetinis Gilus Masa\u017eas | Integruota Muzika + 120 Liestinio Valdymo Lygi\u0173 | Tyli Variklis | Maksimali Apkrova 200 kg | \u012etrauktos Atsparumo Juostos | Viso K\u016bno Svorio Metimo Treniruot\u0117 | Liekninimas ir Tonizavimas | Dvigubas Re\u017eimas Namams\/Sporto Sal\u0117ms\"><\/p>\n<p>Universalumas suteikia daugiau pasirinkimo: reguliuojamas vibracijos greitis su 2 pasiprie\u0161inimo treniruo\u010di\u0173 juostomis, skirtomis vir\u0161utin\u0117s ir apatin\u0117s k\u016bno dalies treniruot\u0117ms. Si\u016blo \u012fvairius treniruo\u010di\u0173 re\u017eimus, kad gal\u0117tum\u0117te i\u0161bandyti skirtingus vibracijos pratimus. Rekomenduojama naudoti ne ma\u017eiau kaip 10 minu\u010di\u0173 vienu metu. B\u016bsite geresn\u0117s formos ir tur\u0117site efektyvesn\u0119 treniruot\u0119<\/p>\n<p><img decoding=\"async\" src=\"https:\/\/img.kwcdn.com\/product\/fancy\/f32cfb7c-b9b5-4501-bebf-bf5ecf0a2048.jpg\" alt=\"300W I\u0161manusis Vibracinis Plok\u0161tel\u0117 + Magnetinis Gilus Masa\u017eas | Integruota Muzika + 120 Liestinio Valdymo Lygi\u0173 | Tyli Variklis | Maksimali Apkrova 200 kg | \u012etrauktos Atsparumo Juostos | Viso K\u016bno Svorio Metimo Treniruot\u0117 | Liekninimas ir Tonizavimas | Dvigubas Re\u017eimas Namams\/Sporto Sal\u0117ms\"><\/p>\n<p>LENGVA NAUDOJIMAS IR LAIKYMAS: Vibracin\u0117 plok\u0161t\u0117 palaiko nuotolinio valdymo operacijas, o LED ekranas ai\u0161kiai rodo laik\u0105 ir greit\u012f, leid\u017eiantis vis\u0105 laik\u0105 steb\u0117ti savo treniruot\u0117s eig\u0105. Neslystantis dizainas ir tvirtas ABS korpusas u\u017etikrina prietaiso stabilum\u0105 ir ilgaam\u017ei\u0161kum\u0105. Tai u\u017ekerta keli\u0105 slydimui ir suma\u017eina treniruot\u0117s triuk\u0161m\u0105, u\u017etikrinant, kad nepatogumai treniruot\u0117s metu b\u016bt\u0173 minimal\u016bs. Kompakti\u0161kas dydis leid\u017eia lengvai transportuoti ir laikyti<\/p>","protected":false},"excerpt":{"rendered":"<p>SVEIKATA PIRMA: Vibracin\u0117s plok\u0161t\u0117s suteikia veiksmingas, \u0161velnias vibracijas visame k\u016bne, atgaivindamos raumenis ir gerindamos kraujotak\u0105 juose. Jos ramina jau nuo pirmojo naudojimo, o nuolatinis, reguliarus naudojimas padidina raumen\u0173 tonus\u0105 ir suteikia platesn\u012f judesi\u0173 amplitud\u0119 SUFORMUOKITE SAVO TOBUL\u0104 K\u016aN\u0104: U\u017elipkite ant vibracin\u0117s plok\u0161t\u0117s ir akimirksniu suformuokite savo ideal\u0173 k\u016bn\u0105. Vibracin\u0117s plok\u0161t\u0117s stimuliuoja raumenis auk\u0161to da\u017enio vibracijomis, [&hellip;]<\/p>\n","protected":false},"featured_media":3685,"comment_status":"open","ping_status":"closed","template":"","meta":[],"product_brand":[],"product_cat":[25],"product_tag":[],"class_list":{"0":"post-3684","1":"product","2":"type-product","3":"status-publish","4":"has-post-thumbnail","6":"product_cat-grozis-ir-sveikata","8":"first","9":"instock","10":"sale","11":"shipping-taxable","12":"purchasable","13":"product-type-simple"},"_links":{"self":[{"href":"https:\/\/topsmart.store\/en\/wp-json\/wp\/v2\/product\/3684","targetHints":{"allow":["GET"]}}],"collection":[{"href":"https:\/\/topsmart.store\/en\/wp-json\/wp\/v2\/product"}],"about":[{"href":"https:\/\/topsmart.store\/en\/wp-json\/wp\/v2\/types\/product"}],"replies":[{"embeddable":true,"href":"https:\/\/topsmart.store\/en\/wp-json\/wp\/v2\/comments?post=3684"}],"wp:featuredmedia":[{"embeddable":true,"href":"https:\/\/topsmart.store\/en\/wp-json\/wp\/v2\/media\/3685"}],"wp:attachment":[{"href":"https:\/\/topsmart.store\/en\/wp-json\/wp\/v2\/media?parent=3684"}],"wp:term":[{"taxonomy":"product_brand","embeddable":true,"href":"https:\/\/topsmart.store\/en\/wp-json\/wp\/v2\/product_brand?post=3684"},{"taxonomy":"product_cat","embeddable":true,"href":"https:\/\/topsmart.store\/en\/wp-json\/wp\/v2\/product_cat?post=3684"},{"taxonomy":"product_tag","embeddable":true,"href":"https:\/\/topsmart.store\/en\/wp-json\/wp\/v2\/product_tag?post=3684"}],"curies":[{"name":"wp","href":"https:\/\/api.w.org\/{rel}","templated":true}]}}