{"id":3705,"date":"2026-04-20T19:56:21","date_gmt":"2026-04-20T17:56:21","guid":{"rendered":"https:\/\/topsmart.store\/product\/4-vnt-100-medvilnes-juosteliniai-vonios-ranksluosciai-70140-cm-275551-col-400-gsm-greitai-dziustantys-itin-sugeriantys-minksti-vonios-ranksluosciai-daugiafunkciniai-staciakampiai-ranksluo\/"},"modified":"2026-04-20T20:44:29","modified_gmt":"2026-04-20T18:44:29","slug":"4-vnt-100-medvilnes-juosteliniai-vonios-ranksluosciai-70140-cm-275551-col-400-gsm-greitai-dziustantys-itin-sugeriantys-minksti-vonios-ranksluosciai-daugiafunkciniai-staciakampiai-ranksluo","status":"publish","type":"product","link":"https:\/\/topsmart.store\/en\/product\/4-vnt-100-medvilnes-juosteliniai-vonios-ranksluosciai-70140-cm-275551-col-400-gsm-greitai-dziustantys-itin-sugeriantys-minksti-vonios-ranksluosciai-daugiafunkciniai-staciakampiai-ranksluo\/","title":{"rendered":"4pcs 100 % Cotton Striped Bath Towels, 70*140cm\/27.5*55.1inch, 400gsm, Quick Drying, Super Absorbent, Soft Bath Towels, Multifunctional Rectangular Towels, Available in Various Colors, Suitable for Home Use and Bathroom Decoration"},"content":{"rendered":"<p><img decoding=\"async\" src=\"https:\/\/img.kwcdn.com\/product\/fancy\/5f88ce74-cb6f-4f76-9711-5478cdb58369.jpg\" alt=\"4 vnt. 100 % medviln\u0117s juosteliniai vonios rank\u0161luos\u010diai, 70*140 cm\/27,5*55,1 col., 400 gsm, greitai d\u017ei\u016bstantys, itin sugeriantys, mink\u0161ti vonios rank\u0161luos\u010diai, daugiafunkciniai sta\u010diakampiai rank\u0161luos\u010diai, galimi \u012fvairi\u0173 spalv\u0173, tinkami nam\u0173 naudojimui ir vonios kambario dekoravimui\"><img decoding=\"async\" src=\"https:\/\/img.kwcdn.com\/product\/fancy\/db45cbf3-22b9-4b03-b76b-3ebebb7e2e8a.jpg\" alt=\"4 vnt. 100 % medviln\u0117s juosteliniai vonios rank\u0161luos\u010diai, 70*140 cm\/27,5*55,1 col., 400 gsm, greitai d\u017ei\u016bstantys, itin sugeriantys, mink\u0161ti vonios rank\u0161luos\u010diai, daugiafunkciniai sta\u010diakampiai rank\u0161luos\u010diai, galimi \u012fvairi\u0173 spalv\u0173, tinkami nam\u0173 naudojimui ir vonios kambario dekoravimui\"><img decoding=\"async\" src=\"https:\/\/img.kwcdn.com\/product\/fancy\/7e5572a4-32ef-46b7-93b0-942e04483f99.jpg\" alt=\"4 vnt. 100 % medviln\u0117s juosteliniai vonios rank\u0161luos\u010diai, 70*140 cm\/27,5*55,1 col., 400 gsm, greitai d\u017ei\u016bstantys, itin sugeriantys, mink\u0161ti vonios rank\u0161luos\u010diai, daugiafunkciniai sta\u010diakampiai rank\u0161luos\u010diai, galimi \u012fvairi\u0173 spalv\u0173, tinkami nam\u0173 naudojimui ir vonios kambario dekoravimui\"><img decoding=\"async\" src=\"https:\/\/img.kwcdn.com\/product\/fancy\/dc9ac3ac-b812-4b21-a0b2-5c715e84192c.jpg\" alt=\"4 vnt. 100 % medviln\u0117s juosteliniai vonios rank\u0161luos\u010diai, 70*140 cm\/27,5*55,1 col., 400 gsm, greitai d\u017ei\u016bstantys, itin sugeriantys, mink\u0161ti vonios rank\u0161luos\u010diai, daugiafunkciniai sta\u010diakampiai rank\u0161luos\u010diai, galimi \u012fvairi\u0173 spalv\u0173, tinkami nam\u0173 naudojimui ir vonios kambario dekoravimui\"><img decoding=\"async\" src=\"https:\/\/img.kwcdn.com\/product\/fancy\/af9143c1-26ef-4ef5-9aec-b742fdd33c21.jpg\" alt=\"4 vnt. 100 % medviln\u0117s juosteliniai vonios rank\u0161luos\u010diai, 70*140 cm\/27,5*55,1 col., 400 gsm, greitai d\u017ei\u016bstantys, itin sugeriantys, mink\u0161ti vonios rank\u0161luos\u010diai, daugiafunkciniai sta\u010diakampiai rank\u0161luos\u010diai, galimi \u012fvairi\u0173 spalv\u0173, tinkami nam\u0173 naudojimui ir vonios kambario dekoravimui\"><img decoding=\"async\" src=\"https:\/\/img.kwcdn.com\/product\/fancy\/3a08d1c7-82e1-41b4-b5e4-4d148b7e9a85.jpg\" alt=\"4 vnt. 100 % medviln\u0117s juosteliniai vonios rank\u0161luos\u010diai, 70*140 cm\/27,5*55,1 col., 400 gsm, greitai d\u017ei\u016bstantys, itin sugeriantys, mink\u0161ti vonios rank\u0161luos\u010diai, daugiafunkciniai sta\u010diakampiai rank\u0161luos\u010diai, galimi \u012fvairi\u0173 spalv\u0173, tinkami nam\u0173 naudojimui ir vonios kambario dekoravimui\"><img decoding=\"async\" src=\"https:\/\/img.kwcdn.com\/product\/fancy\/c310fa72-8fd2-4c7f-bb06-d260e6837a55.jpg\" alt=\"4 vnt. 100 % medviln\u0117s juosteliniai vonios rank\u0161luos\u010diai, 70*140 cm\/27,5*55,1 col., 400 gsm, greitai d\u017ei\u016bstantys, itin sugeriantys, mink\u0161ti vonios rank\u0161luos\u010diai, daugiafunkciniai sta\u010diakampiai rank\u0161luos\u010diai, galimi \u012fvairi\u0173 spalv\u0173, tinkami nam\u0173 naudojimui ir vonios kambario dekoravimui\"><img decoding=\"async\" src=\"https:\/\/img.kwcdn.com\/product\/fancy\/0e8a5845-4516-4d63-a43a-abf859377f3b.jpg\" alt=\"4 vnt. 100 % medviln\u0117s juosteliniai vonios rank\u0161luos\u010diai, 70*140 cm\/27,5*55,1 col., 400 gsm, greitai d\u017ei\u016bstantys, itin sugeriantys, mink\u0161ti vonios rank\u0161luos\u010diai, daugiafunkciniai sta\u010diakampiai rank\u0161luos\u010diai, galimi \u012fvairi\u0173 spalv\u0173, tinkami nam\u0173 naudojimui ir vonios kambario dekoravimui\"><img decoding=\"async\" src=\"https:\/\/img.kwcdn.com\/product\/fancy\/f39136f7-f5bb-4797-a3d1-4910ee13b588.jpg\" alt=\"4 vnt. 100 % medviln\u0117s juosteliniai vonios rank\u0161luos\u010diai, 70*140 cm\/27,5*55,1 col., 400 gsm, greitai d\u017ei\u016bstantys, itin sugeriantys, mink\u0161ti vonios rank\u0161luos\u010diai, daugiafunkciniai sta\u010diakampiai rank\u0161luos\u010diai, galimi \u012fvairi\u0173 spalv\u0173, tinkami nam\u0173 naudojimui ir vonios kambario dekoravimui\"><img decoding=\"async\" src=\"https:\/\/img.kwcdn.com\/product\/fancy\/f60b4f5c-3a65-4696-9f98-189a040da5d1.jpg\" alt=\"4 vnt. 100 % medviln\u0117s juosteliniai vonios rank\u0161luos\u010diai, 70*140 cm\/27,5*55,1 col., 400 gsm, greitai d\u017ei\u016bstantys, itin sugeriantys, mink\u0161ti vonios rank\u0161luos\u010diai, daugiafunkciniai sta\u010diakampiai rank\u0161luos\u010diai, galimi \u012fvairi\u0173 spalv\u0173, tinkami nam\u0173 naudojimui ir vonios kambario dekoravimui\"><img decoding=\"async\" src=\"https:\/\/img.kwcdn.com\/product\/fancy\/21d18c14-2053-4bad-a74b-0e3da8559e37.jpg\" alt=\"4 vnt. 100 % medviln\u0117s juosteliniai vonios rank\u0161luos\u010diai, 70*140 cm\/27,5*55,1 col., 400 gsm, greitai d\u017ei\u016bstantys, itin sugeriantys, mink\u0161ti vonios rank\u0161luos\u010diai, daugiafunkciniai sta\u010diakampiai rank\u0161luos\u010diai, galimi \u012fvairi\u0173 spalv\u0173, tinkami nam\u0173 naudojimui ir vonios kambario dekoravimui\"><img decoding=\"async\" src=\"https:\/\/img.kwcdn.com\/product\/fancy\/03088a4d-6e9d-4b12-b576-7c74fdc59d77.jpg\" alt=\"4 vnt. 100 % medviln\u0117s juosteliniai vonios rank\u0161luos\u010diai, 70*140 cm\/27,5*55,1 col., 400 gsm, greitai d\u017ei\u016bstantys, itin sugeriantys, mink\u0161ti vonios rank\u0161luos\u010diai, daugiafunkciniai sta\u010diakampiai rank\u0161luos\u010diai, galimi \u012fvairi\u0173 spalv\u0173, tinkami nam\u0173 naudojimui ir vonios kambario dekoravimui\"><img decoding=\"async\" src=\"https:\/\/img.kwcdn.com\/product\/fancy\/59e1dbe0-d448-4d36-954b-e4fe408e1e0d.jpg\" alt=\"4 vnt. 100 % medviln\u0117s juosteliniai vonios rank\u0161luos\u010diai, 70*140 cm\/27,5*55,1 col., 400 gsm, greitai d\u017ei\u016bstantys, itin sugeriantys, mink\u0161ti vonios rank\u0161luos\u010diai, daugiafunkciniai sta\u010diakampiai rank\u0161luos\u010diai, galimi \u012fvairi\u0173 spalv\u0173, tinkami nam\u0173 naudojimui ir vonios kambario dekoravimui\"><img decoding=\"async\" src=\"https:\/\/img.kwcdn.com\/product\/fancy\/53008bf7-31d4-42c4-a094-b98ad53ee491.jpg\" alt=\"4 vnt. 100 % medviln\u0117s juosteliniai vonios rank\u0161luos\u010diai, 70*140 cm\/27,5*55,1 col., 400 gsm, greitai d\u017ei\u016bstantys, itin sugeriantys, mink\u0161ti vonios rank\u0161luos\u010diai, daugiafunkciniai sta\u010diakampiai rank\u0161luos\u010diai, galimi \u012fvairi\u0173 spalv\u0173, tinkami nam\u0173 naudojimui ir vonios kambario dekoravimui\"><img decoding=\"async\" src=\"https:\/\/img.kwcdn.com\/product\/fancy\/57c98dc0-eec1-4e26-890f-f5a4a891fc03.jpg\" alt=\"4 vnt. 100 % medviln\u0117s juosteliniai vonios rank\u0161luos\u010diai, 70*140 cm\/27,5*55,1 col., 400 gsm, greitai d\u017ei\u016bstantys, itin sugeriantys, mink\u0161ti vonios rank\u0161luos\u010diai, daugiafunkciniai sta\u010diakampiai rank\u0161luos\u010diai, galimi \u012fvairi\u0173 spalv\u0173, tinkami nam\u0173 naudojimui ir vonios kambario dekoravimui\"><img decoding=\"async\" src=\"https:\/\/img.kwcdn.com\/product\/fancy\/51e84239-6fe2-4a3e-9592-e04a735666ac.jpg\" alt=\"4 vnt. 100 % medviln\u0117s juosteliniai vonios rank\u0161luos\u010diai, 70*140 cm\/27,5*55,1 col., 400 gsm, greitai d\u017ei\u016bstantys, itin sugeriantys, mink\u0161ti vonios rank\u0161luos\u010diai, daugiafunkciniai sta\u010diakampiai rank\u0161luos\u010diai, galimi \u012fvairi\u0173 spalv\u0173, tinkami nam\u0173 naudojimui ir vonios kambario dekoravimui\"><img decoding=\"async\" src=\"https:\/\/img.kwcdn.com\/product\/fancy\/6654114c-cc8e-4685-b7ea-f5aa28297ebf.jpg\" alt=\"4 vnt. 100 % medviln\u0117s juosteliniai vonios rank\u0161luos\u010diai, 70*140 cm\/27,5*55,1 col., 400 gsm, greitai d\u017ei\u016bstantys, itin sugeriantys, mink\u0161ti vonios rank\u0161luos\u010diai, daugiafunkciniai sta\u010diakampiai rank\u0161luos\u010diai, galimi \u012fvairi\u0173 spalv\u0173, tinkami nam\u0173 naudojimui ir vonios kambario dekoravimui\"><img decoding=\"async\" src=\"https:\/\/img.kwcdn.com\/product\/fancy\/40b838cf-3e3e-48f3-9caf-cec4fc76d0f2.jpg\" alt=\"4 vnt. 100 % medviln\u0117s juosteliniai vonios rank\u0161luos\u010diai, 70*140 cm\/27,5*55,1 col., 400 gsm, greitai d\u017ei\u016bstantys, itin sugeriantys, mink\u0161ti vonios rank\u0161luos\u010diai, daugiafunkciniai sta\u010diakampiai rank\u0161luos\u010diai, galimi \u012fvairi\u0173 spalv\u0173, tinkami nam\u0173 naudojimui ir vonios kambario dekoravimui\"><img decoding=\"async\" src=\"https:\/\/img.kwcdn.com\/product\/fancy\/37f958b3-f16b-4a60-b608-413f1c6bf2d3.jpg\" alt=\"4 vnt. 100 % medviln\u0117s juosteliniai vonios rank\u0161luos\u010diai, 70*140 cm\/27,5*55,1 col., 400 gsm, greitai d\u017ei\u016bstantys, itin sugeriantys, mink\u0161ti vonios rank\u0161luos\u010diai, daugiafunkciniai sta\u010diakampiai rank\u0161luos\u010diai, galimi \u012fvairi\u0173 spalv\u0173, tinkami nam\u0173 naudojimui ir vonios kambario dekoravimui\"><img decoding=\"async\" src=\"https:\/\/img.kwcdn.com\/product\/fancy\/544fd8c0-a0a3-4524-8157-b1a5b3160a11.jpg\" alt=\"4 vnt. 100 % medviln\u0117s juosteliniai vonios rank\u0161luos\u010diai, 70*140 cm\/27,5*55,1 col., 400 gsm, greitai d\u017ei\u016bstantys, itin sugeriantys, mink\u0161ti vonios rank\u0161luos\u010diai, daugiafunkciniai sta\u010diakampiai rank\u0161luos\u010diai, galimi \u012fvairi\u0173 spalv\u0173, tinkami nam\u0173 naudojimui ir vonios kambario dekoravimui\"><img decoding=\"async\" src=\"https:\/\/img.kwcdn.com\/product\/fancy\/51280f1e-47e8-4133-ae31-c187b3c171f8.jpg\" alt=\"4 vnt. 100 % medviln\u0117s juosteliniai vonios rank\u0161luos\u010diai, 70*140 cm\/27,5*55,1 col., 400 gsm, greitai d\u017ei\u016bstantys, itin sugeriantys, mink\u0161ti vonios rank\u0161luos\u010diai, daugiafunkciniai sta\u010diakampiai rank\u0161luos\u010diai, galimi \u012fvairi\u0173 spalv\u0173, tinkami nam\u0173 naudojimui ir vonios kambario dekoravimui\"><\/p>","protected":false},"excerpt":{"rendered":"","protected":false},"featured_media":3707,"comment_status":"open","ping_status":"closed","template":"","meta":[],"product_brand":[],"product_cat":[24,25],"product_tag":[],"class_list":{"0":"post-3705","1":"product","2":"type-product","3":"status-publish","4":"has-post-thumbnail","6":"product_cat-namu-apyvoka","7":"product_cat-grozis-ir-sveikata","9":"first","10":"instock","11":"sale","12":"shipping-taxable","13":"purchasable","14":"product-type-variable"},"_links":{"self":[{"href":"https:\/\/topsmart.store\/en\/wp-json\/wp\/v2\/product\/3705","targetHints":{"allow":["GET"]}}],"collection":[{"href":"https:\/\/topsmart.store\/en\/wp-json\/wp\/v2\/product"}],"about":[{"href":"https:\/\/topsmart.store\/en\/wp-json\/wp\/v2\/types\/product"}],"replies":[{"embeddable":true,"href":"https:\/\/topsmart.store\/en\/wp-json\/wp\/v2\/comments?post=3705"}],"wp:featuredmedia":[{"embeddable":true,"href":"https:\/\/topsmart.store\/en\/wp-json\/wp\/v2\/media\/3707"}],"wp:attachment":[{"href":"https:\/\/topsmart.store\/en\/wp-json\/wp\/v2\/media?parent=3705"}],"wp:term":[{"taxonomy":"product_brand","embeddable":true,"href":"https:\/\/topsmart.store\/en\/wp-json\/wp\/v2\/product_brand?post=3705"},{"taxonomy":"product_cat","embeddable":true,"href":"https:\/\/topsmart.store\/en\/wp-json\/wp\/v2\/product_cat?post=3705"},{"taxonomy":"product_tag","embeddable":true,"href":"https:\/\/topsmart.store\/en\/wp-json\/wp\/v2\/product_tag?post=3705"}],"curies":[{"name":"wp","href":"https:\/\/api.w.org\/{rel}","templated":true}]}}