{"id":3729,"date":"2026-04-20T19:56:27","date_gmt":"2026-04-20T17:56:27","guid":{"rendered":"https:\/\/topsmart.store\/product\/yunshaw-masazo-pagalvele-sofai-kedziu-masazuoklis-su-sildymu-patobulintos-sedynes-juosmens-traukimas-ir-atsipalaidavimas-9-vibracijos-varikliai-dvigubas-nugaros-sildymo-kilimelis-viso-kuno-masa\/"},"modified":"2026-04-20T20:45:55","modified_gmt":"2026-04-20T18:45:55","slug":"yunshaw-masazo-pagalvele-sofai-kedziu-masazuoklis-su-sildymu-patobulintos-sedynes-juosmens-traukimas-ir-atsipalaidavimas-9-vibracijos-varikliai-dvigubas-nugaros-sildymo-kilimelis-viso-kuno-masa","status":"publish","type":"product","link":"https:\/\/topsmart.store\/en\/product\/yunshaw-masazo-pagalvele-sofai-kedziu-masazuoklis-su-sildymu-patobulintos-sedynes-juosmens-traukimas-ir-atsipalaidavimas-9-vibracijos-varikliai-dvigubas-nugaros-sildymo-kilimelis-viso-kuno-masa\/","title":{"rendered":"YUNSHAW Massage Pillow for Sofa, Chair Massager with Heating, Enhanced Seats, Lumbar Traction and Relaxation, 9 Vibration Motors &amp; Dual Back Heating Mat, Full Body Massager for Back, Waist, Hips, Legs - Great Gift for Mom\/Dad\/Women\/Men"},"content":{"rendered":"<p><img decoding=\"async\" src=\"https:\/\/img.kwcdn.com\/product\/fancy\/1fc897c2-c098-48fd-a6ee-fd9bf2db2713.jpg\" alt=\"YUNSHAW Masa\u017eo Pagalv\u0117l\u0117 Sofai, K\u0117d\u017ei\u0173 Masa\u017euoklis su \u0160ildymu, Patobulintos S\u0117dyn\u0117s, Juosmens Traukimas ir Atsipalaidavimas, 9 Vibracijos Varikliai &amp; Dvigubas Nugaros \u0160ildymo Kilim\u0117lis, Viso K\u016bno Masa\u017eeris Nugarai, Liemenims, Klubams, Kojuoms \u2013 Puiki Dovana Mamai\/T\u0117\u010diui\/Moterims\/Vyrams\"><img decoding=\"async\" src=\"https:\/\/img.kwcdn.com\/product\/fancy\/4c1a6ff9-b148-449f-aaf0-8ac93518d799.jpg\" alt=\"YUNSHAW Masa\u017eo Pagalv\u0117l\u0117 Sofai, K\u0117d\u017ei\u0173 Masa\u017euoklis su \u0160ildymu, Patobulintos S\u0117dyn\u0117s, Juosmens Traukimas ir Atsipalaidavimas, 9 Vibracijos Varikliai &amp; Dvigubas Nugaros \u0160ildymo Kilim\u0117lis, Viso K\u016bno Masa\u017eeris Nugarai, Liemenims, Klubams, Kojuoms \u2013 Puiki Dovana Mamai\/T\u0117\u010diui\/Moterims\/Vyrams\"><img decoding=\"async\" src=\"https:\/\/img.kwcdn.com\/product\/fancy\/cf9b79fe-85bc-41fa-8dcf-2992a85165a1.jpg\" alt=\"YUNSHAW Masa\u017eo Pagalv\u0117l\u0117 Sofai, K\u0117d\u017ei\u0173 Masa\u017euoklis su \u0160ildymu, Patobulintos S\u0117dyn\u0117s, Juosmens Traukimas ir Atsipalaidavimas, 9 Vibracijos Varikliai &amp; Dvigubas Nugaros \u0160ildymo Kilim\u0117lis, Viso K\u016bno Masa\u017eeris Nugarai, Liemenims, Klubams, Kojuoms \u2013 Puiki Dovana Mamai\/T\u0117\u010diui\/Moterims\/Vyrams\"><img decoding=\"async\" src=\"https:\/\/img.kwcdn.com\/product\/fancy\/31e4c328-4068-494c-9fa9-9e4c128153e7.jpg\" alt=\"YUNSHAW Masa\u017eo Pagalv\u0117l\u0117 Sofai, K\u0117d\u017ei\u0173 Masa\u017euoklis su \u0160ildymu, Patobulintos S\u0117dyn\u0117s, Juosmens Traukimas ir Atsipalaidavimas, 9 Vibracijos Varikliai &amp; Dvigubas Nugaros \u0160ildymo Kilim\u0117lis, Viso K\u016bno Masa\u017eeris Nugarai, Liemenims, Klubams, Kojuoms \u2013 Puiki Dovana Mamai\/T\u0117\u010diui\/Moterims\/Vyrams\"><img decoding=\"async\" src=\"https:\/\/img.kwcdn.com\/product\/fancy\/173cd418-1e78-45f3-8a15-765b044765e1.jpg\" alt=\"YUNSHAW Masa\u017eo Pagalv\u0117l\u0117 Sofai, K\u0117d\u017ei\u0173 Masa\u017euoklis su \u0160ildymu, Patobulintos S\u0117dyn\u0117s, Juosmens Traukimas ir Atsipalaidavimas, 9 Vibracijos Varikliai &amp; Dvigubas Nugaros \u0160ildymo Kilim\u0117lis, Viso K\u016bno Masa\u017eeris Nugarai, Liemenims, Klubams, Kojuoms \u2013 Puiki Dovana Mamai\/T\u0117\u010diui\/Moterims\/Vyrams\"><\/p>","protected":false},"excerpt":{"rendered":"","protected":false},"featured_media":3731,"comment_status":"open","ping_status":"closed","template":"","meta":[],"product_brand":[],"product_cat":[26,24,25],"product_tag":[],"class_list":{"0":"post-3729","1":"product","2":"type-product","3":"status-publish","4":"has-post-thumbnail","6":"product_cat-pramogos-ir-sportas","7":"product_cat-namu-apyvoka","8":"product_cat-grozis-ir-sveikata","10":"first","11":"instock","12":"sale","13":"shipping-taxable","14":"purchasable","15":"product-type-simple"},"_links":{"self":[{"href":"https:\/\/topsmart.store\/en\/wp-json\/wp\/v2\/product\/3729","targetHints":{"allow":["GET"]}}],"collection":[{"href":"https:\/\/topsmart.store\/en\/wp-json\/wp\/v2\/product"}],"about":[{"href":"https:\/\/topsmart.store\/en\/wp-json\/wp\/v2\/types\/product"}],"replies":[{"embeddable":true,"href":"https:\/\/topsmart.store\/en\/wp-json\/wp\/v2\/comments?post=3729"}],"wp:featuredmedia":[{"embeddable":true,"href":"https:\/\/topsmart.store\/en\/wp-json\/wp\/v2\/media\/3731"}],"wp:attachment":[{"href":"https:\/\/topsmart.store\/en\/wp-json\/wp\/v2\/media?parent=3729"}],"wp:term":[{"taxonomy":"product_brand","embeddable":true,"href":"https:\/\/topsmart.store\/en\/wp-json\/wp\/v2\/product_brand?post=3729"},{"taxonomy":"product_cat","embeddable":true,"href":"https:\/\/topsmart.store\/en\/wp-json\/wp\/v2\/product_cat?post=3729"},{"taxonomy":"product_tag","embeddable":true,"href":"https:\/\/topsmart.store\/en\/wp-json\/wp\/v2\/product_tag?post=3729"}],"curies":[{"name":"wp","href":"https:\/\/api.w.org\/{rel}","templated":true}]}}